{"id":35322,"date":"2016-09-25T23:28:18","date_gmt":"2016-09-25T23:28:18","guid":{"rendered":"https:\/\/www.myaquastore.com\/product\/aquecedor-de-vidro-para-aquario-atman-300w-bt300\/"},"modified":"2025-03-16T08:37:11","modified_gmt":"2025-03-16T08:37:11","slug":"aquecedor-de-vidro-para-aquario-atman-300w-bt300","status":"publish","type":"product","link":"https:\/\/www.myaquastore.com\/pt-br\/produto\/aquecedor-de-vidro-para-aquario-atman-300w-bt300\/","title":{"rendered":"Aquecedor de vidro para aqu\u00e1rio Atman 300w BT300"},"content":{"rendered":"<article class=\"article richtext richtext-detail AE:disable\" id=\"richTextContainer\">\n<div style=\"clear:both\">\n<p><span style=\"font-family: 'times new roman', times;font-size: 24px\"> Aquecedor de vidro de aqu\u00e1rio Atman 300w BT300 <\/span><\/p>\n<p><span style=\"font-family: 'times new roman', times;font-size: 24px\">1. controlador digital de temperatura <\/span><br \/><span style=\"font-family: 'times new roman', times;font-size: 24px\">2. Garantindo uma opera\u00e7\u00e3o segura.<\/span><br \/><span style=\"font-family: 'times new roman', times;font-size: 24px\">3.Prote\u00e7\u00e3o m\u00e1xima de temperatura <\/span><\/p>\n<p><span style=\"font-family: 'times new roman', times;font-size: 24px\">4.Controlador de temperatura digital Microchip<\/span><\/p>\n<p><span style=\"font-family: 'times new roman', times;font-size: 24px\">5.Desligamento autom\u00e1tico operado sem \u00e1gua<\/span><\/p>\n<p><span style=\"font-family: 'times new roman', times;font-size: 24px\">6.Anti explos\u00e3o<\/span><\/p>\n<div style=\"clear:both\"><\/article>\n","protected":false},"excerpt":{"rendered":"<p>Aquecedor de vidro para aqu\u00e1rio Atman 300w BT300<\/p>\n","protected":false},"featured_media":4989,"comment_status":"open","ping_status":"closed","template":"","meta":[],"product_brand":[],"product_cat":[627],"product_tag":[],"class_list":{"0":"post-35322","1":"product","2":"type-product","3":"status-publish","4":"has-post-thumbnail","6":"product_cat-filtros-de-aquario","8":"first","9":"instock","10":"shipping-taxable","11":"purchasable","12":"product-type-simple"},"_links":{"self":[{"href":"https:\/\/www.myaquastore.com\/pt-br\/wp-json\/wp\/v2\/product\/35322","targetHints":{"allow":["GET"]}}],"collection":[{"href":"https:\/\/www.myaquastore.com\/pt-br\/wp-json\/wp\/v2\/product"}],"about":[{"href":"https:\/\/www.myaquastore.com\/pt-br\/wp-json\/wp\/v2\/types\/product"}],"replies":[{"embeddable":true,"href":"https:\/\/www.myaquastore.com\/pt-br\/wp-json\/wp\/v2\/comments?post=35322"}],"wp:featuredmedia":[{"embeddable":true,"href":"https:\/\/www.myaquastore.com\/pt-br\/wp-json\/wp\/v2\/media\/4989"}],"wp:attachment":[{"href":"https:\/\/www.myaquastore.com\/pt-br\/wp-json\/wp\/v2\/media?parent=35322"}],"wp:term":[{"taxonomy":"product_brand","embeddable":true,"href":"https:\/\/www.myaquastore.com\/pt-br\/wp-json\/wp\/v2\/product_brand?post=35322"},{"taxonomy":"product_cat","embeddable":true,"href":"https:\/\/www.myaquastore.com\/pt-br\/wp-json\/wp\/v2\/product_cat?post=35322"},{"taxonomy":"product_tag","embeddable":true,"href":"https:\/\/www.myaquastore.com\/pt-br\/wp-json\/wp\/v2\/product_tag?post=35322"}],"curies":[{"name":"wp","href":"https:\/\/api.w.org\/{rel}","templated":true}]}}