{"id":35347,"date":"2016-09-25T23:28:19","date_gmt":"2016-09-25T23:28:19","guid":{"rendered":"https:\/\/www.myaquastore.com\/product\/filtro-canister-externo-atman-de-28w-design-modular-para-uma-variedade-de-meios-filtrantes-configuracao-simples-e-facil-instalacao\/"},"modified":"2025-03-16T08:37:17","modified_gmt":"2025-03-16T08:37:17","slug":"filtro-canister-externo-atman-de-28w-design-modular-para-uma-variedade-de-meios-filtrantes-configuracao-simples-e-facil-instalacao","status":"publish","type":"product","link":"https:\/\/www.myaquastore.com\/pt-br\/produto\/filtro-canister-externo-atman-de-28w-design-modular-para-uma-variedade-de-meios-filtrantes-configuracao-simples-e-facil-instalacao\/","title":{"rendered":"Filtro canister externo Atman de 28W Design modular para uma variedade de meios filtrantes Configura\u00e7\u00e3o simples e f\u00e1cil instala\u00e7\u00e3o"},"content":{"rendered":"<article class=\"article richtext richtext-detail AE:disable\" id=\"richTextContainer\">\n<h2 class=\"article-title\">Especifica\u00e7\u00f5es<\/h2>\n<div style=\"clear:both\"> Filtro de recipiente externo Atman 28W <br \/>1Suit para sistema de circula\u00e7\u00e3o fora do tanque, n\u00e3o compartilha espa\u00e7o dentro do tanque <br \/>2 configura\u00e7\u00e3o f\u00e1cil <\/p>\n<div style=\"clear:both\">\n<p>28W Filtro canister externo Atman1 Distintivamente um sistema de filtragem superior, energeticamente eficiente e poderoso<br \/>2 Com fun\u00e7\u00e3o pneum\u00e1tica de suc\u00e7\u00e3o de \u00e1gua para opera\u00e7\u00e3o r\u00e1pida e f\u00e1cil.<\/p>\n<p>3 Configura\u00e7\u00e3o simples e f\u00e1cil instala\u00e7\u00e3o<\/p>\n<p>4 Distintivamente um sistema de filtragem superior<\/p>\n<p>5 Par\u00e2metros (220V ~ 240V 50Hz)<\/p>\n<p> 6 Adequado para sistema de circula\u00e7\u00e3o fora do tanque, que n\u00e3o compartilharia espa\u00e7o dentro do tanque.<\/p>\n<\/p>\n<div style=\"clear:both\"><\/article>\n","protected":false},"excerpt":{"rendered":"<p>Filtro canister externo Atman de 28W Design modular para uma variedade de meios filtrantes Configura\u00e7\u00e3o simples e f\u00e1cil instala\u00e7\u00e3o<\/p>\n","protected":false},"featured_media":5039,"comment_status":"open","ping_status":"closed","template":"","meta":[],"product_brand":[],"product_cat":[627],"product_tag":[],"class_list":{"0":"post-35347","1":"product","2":"type-product","3":"status-publish","4":"has-post-thumbnail","6":"product_cat-filtros-de-aquario","8":"first","9":"instock","10":"shipping-taxable","11":"purchasable","12":"product-type-simple"},"_links":{"self":[{"href":"https:\/\/www.myaquastore.com\/pt-br\/wp-json\/wp\/v2\/product\/35347","targetHints":{"allow":["GET"]}}],"collection":[{"href":"https:\/\/www.myaquastore.com\/pt-br\/wp-json\/wp\/v2\/product"}],"about":[{"href":"https:\/\/www.myaquastore.com\/pt-br\/wp-json\/wp\/v2\/types\/product"}],"replies":[{"embeddable":true,"href":"https:\/\/www.myaquastore.com\/pt-br\/wp-json\/wp\/v2\/comments?post=35347"}],"wp:featuredmedia":[{"embeddable":true,"href":"https:\/\/www.myaquastore.com\/pt-br\/wp-json\/wp\/v2\/media\/5039"}],"wp:attachment":[{"href":"https:\/\/www.myaquastore.com\/pt-br\/wp-json\/wp\/v2\/media?parent=35347"}],"wp:term":[{"taxonomy":"product_brand","embeddable":true,"href":"https:\/\/www.myaquastore.com\/pt-br\/wp-json\/wp\/v2\/product_brand?post=35347"},{"taxonomy":"product_cat","embeddable":true,"href":"https:\/\/www.myaquastore.com\/pt-br\/wp-json\/wp\/v2\/product_cat?post=35347"},{"taxonomy":"product_tag","embeddable":true,"href":"https:\/\/www.myaquastore.com\/pt-br\/wp-json\/wp\/v2\/product_tag?post=35347"}],"curies":[{"name":"wp","href":"https:\/\/api.w.org\/{rel}","templated":true}]}}