{"id":35353,"date":"2016-09-25T23:28:19","date_gmt":"2016-09-25T23:28:19","guid":{"rendered":"https:\/\/www.myaquastore.com\/product\/canister-de-filtro-externo-atman-cf3200-silencioso-eficiente-e-poderoso-facil-configuracao-design-modular-para-muitas-medianas-de-filtro\/"},"modified":"2025-03-16T08:37:19","modified_gmt":"2025-03-16T08:37:19","slug":"canister-de-filtro-externo-atman-cf3200-silencioso-eficiente-e-poderoso-facil-configuracao-design-modular-para-muitas-medianas-de-filtro","status":"publish","type":"product","link":"https:\/\/www.myaquastore.com\/pt-br\/produto\/canister-de-filtro-externo-atman-cf3200-silencioso-eficiente-e-poderoso-facil-configuracao-design-modular-para-muitas-medianas-de-filtro\/","title":{"rendered":"Canister de filtro externo Atman CF3200 Silencioso, eficiente e poderoso, f\u00e1cil configura\u00e7\u00e3o Design modular para muitas medianas de filtro"},"content":{"rendered":"<article class=\"article richtext richtext-detail AE:disable\" id=\"richTextContainer\">\n<h2 class=\"article-title\">Especifica\u00e7\u00f5es<\/h2>\n<div style=\"clear:both\"> Caixa de filtro externo Atman CF3200 <br \/>1 Silencioso, eficiente e poderoso <br \/>2 Design modular para muitas medianas de filtro <br \/>3 configura\u00e7\u00e3o f\u00e1cil <\/p>\n<div style=\"clear:both\">\n<p>Canister de filtro externo Atman CF3200<br \/>1 Distintivamente um sistema de filtragem superior, energeticamente eficiente e poderoso<br \/>2 Design modular para uma variedade de medianas de filtro<br \/>3 Configura\u00e7\u00e3o simples e f\u00e1cil instala\u00e7\u00e3o<\/p>\n<p>4 Distintivamente um sistema de filtragem superior<\/p>\n<p>5 Par\u00e2metros (220V ~ 240V 50Hz)<\/p>\n<p>6 Adequado para sistema de circula\u00e7\u00e3o fora do tanque, que n\u00e3o compartilharia espa\u00e7o dentro do tanque.<\/p>\n<p>7 Distintivamente, um sistema de filtragem superior<\/p>\n<div style=\"clear:both\"><\/article>\n","protected":false},"excerpt":{"rendered":"<p>Canister de filtro externo Atman CF3200 Silencioso, eficiente e poderoso, f\u00e1cil configura\u00e7\u00e3o Design modular para muitas medianas de filtro<\/p>\n","protected":false},"featured_media":5051,"comment_status":"open","ping_status":"closed","template":"","meta":[],"product_brand":[],"product_cat":[627],"product_tag":[],"class_list":{"0":"post-35353","1":"product","2":"type-product","3":"status-publish","4":"has-post-thumbnail","6":"product_cat-filtros-de-aquario","8":"first","9":"instock","10":"shipping-taxable","11":"purchasable","12":"product-type-simple"},"_links":{"self":[{"href":"https:\/\/www.myaquastore.com\/pt-br\/wp-json\/wp\/v2\/product\/35353","targetHints":{"allow":["GET"]}}],"collection":[{"href":"https:\/\/www.myaquastore.com\/pt-br\/wp-json\/wp\/v2\/product"}],"about":[{"href":"https:\/\/www.myaquastore.com\/pt-br\/wp-json\/wp\/v2\/types\/product"}],"replies":[{"embeddable":true,"href":"https:\/\/www.myaquastore.com\/pt-br\/wp-json\/wp\/v2\/comments?post=35353"}],"wp:featuredmedia":[{"embeddable":true,"href":"https:\/\/www.myaquastore.com\/pt-br\/wp-json\/wp\/v2\/media\/5051"}],"wp:attachment":[{"href":"https:\/\/www.myaquastore.com\/pt-br\/wp-json\/wp\/v2\/media?parent=35353"}],"wp:term":[{"taxonomy":"product_brand","embeddable":true,"href":"https:\/\/www.myaquastore.com\/pt-br\/wp-json\/wp\/v2\/product_brand?post=35353"},{"taxonomy":"product_cat","embeddable":true,"href":"https:\/\/www.myaquastore.com\/pt-br\/wp-json\/wp\/v2\/product_cat?post=35353"},{"taxonomy":"product_tag","embeddable":true,"href":"https:\/\/www.myaquastore.com\/pt-br\/wp-json\/wp\/v2\/product_tag?post=35353"}],"curies":[{"name":"wp","href":"https:\/\/api.w.org\/{rel}","templated":true}]}}