{"id":35357,"date":"2016-09-25T23:28:19","date_gmt":"2016-09-25T23:28:19","guid":{"rendered":"https:\/\/www.myaquastore.com\/product\/filtro-externo-para-aquario-atman-13w-ef-1-design-modular-para-muitas-medianas-de-filtro-silencioso-eficiente-em-termos-de-energia-e-poderoso\/"},"modified":"2025-03-16T08:37:20","modified_gmt":"2025-03-16T08:37:20","slug":"filtro-externo-para-aquario-atman-13w-ef-1-design-modular-para-muitas-medianas-de-filtro-silencioso-eficiente-em-termos-de-energia-e-poderoso","status":"publish","type":"product","link":"https:\/\/www.myaquastore.com\/pt-br\/produto\/filtro-externo-para-aquario-atman-13w-ef-1-design-modular-para-muitas-medianas-de-filtro-silencioso-eficiente-em-termos-de-energia-e-poderoso\/","title":{"rendered":"Filtro externo para aqu\u00e1rio Atman 13W EF-1 Design modular para muitas medianas de filtro Silencioso, eficiente em termos de energia e poderoso"},"content":{"rendered":"<article class=\"article richtext richtext-detail AE:disable\" id=\"richTextContainer\">\n<h2 class=\"article-title\">Especifica\u00e7\u00f5es<\/h2>\n<div style=\"clear:both\"> Filtro externo para aqu\u00e1rio Atman 13W EF-1 <br \/>1 Silencioso, eficiente e poderoso <br \/>2 Design modular para muitas medianas de filtro <br \/>3 Configura\u00e7\u00e3o simples <\/p>\n<div style=\"clear:both\">\n<p>Filtro externo para aqu\u00e1rio Atman 13W EF-1<br \/>1 Silencioso, energeticamente eficiente e poderoso<br \/>2 Design modular para uma variedade de medianas de filtro<br \/>3 Configura\u00e7\u00e3o simples e f\u00e1cil instala\u00e7\u00e3o<\/p>\n<p>4 Distintivamente um sistema de filtragem superior<\/p>\n<p>5 Par\u00e2metros (\/220V~240V 50Hz)<\/p>\n<div style=\"clear:both\"><\/article>\n","protected":false},"excerpt":{"rendered":"<p>Filtro externo para aqu\u00e1rio Atman 13W EF-1 Design modular para muitas medianas de filtro Silencioso, eficiente em termos de energia e poderoso<\/p>\n","protected":false},"featured_media":5059,"comment_status":"open","ping_status":"closed","template":"","meta":[],"product_brand":[],"product_cat":[627],"product_tag":[],"class_list":{"0":"post-35357","1":"product","2":"type-product","3":"status-publish","4":"has-post-thumbnail","6":"product_cat-filtros-de-aquario","8":"first","9":"instock","10":"shipping-taxable","11":"purchasable","12":"product-type-simple"},"_links":{"self":[{"href":"https:\/\/www.myaquastore.com\/pt-br\/wp-json\/wp\/v2\/product\/35357","targetHints":{"allow":["GET"]}}],"collection":[{"href":"https:\/\/www.myaquastore.com\/pt-br\/wp-json\/wp\/v2\/product"}],"about":[{"href":"https:\/\/www.myaquastore.com\/pt-br\/wp-json\/wp\/v2\/types\/product"}],"replies":[{"embeddable":true,"href":"https:\/\/www.myaquastore.com\/pt-br\/wp-json\/wp\/v2\/comments?post=35357"}],"wp:featuredmedia":[{"embeddable":true,"href":"https:\/\/www.myaquastore.com\/pt-br\/wp-json\/wp\/v2\/media\/5059"}],"wp:attachment":[{"href":"https:\/\/www.myaquastore.com\/pt-br\/wp-json\/wp\/v2\/media?parent=35357"}],"wp:term":[{"taxonomy":"product_brand","embeddable":true,"href":"https:\/\/www.myaquastore.com\/pt-br\/wp-json\/wp\/v2\/product_brand?post=35357"},{"taxonomy":"product_cat","embeddable":true,"href":"https:\/\/www.myaquastore.com\/pt-br\/wp-json\/wp\/v2\/product_cat?post=35357"},{"taxonomy":"product_tag","embeddable":true,"href":"https:\/\/www.myaquastore.com\/pt-br\/wp-json\/wp\/v2\/product_tag?post=35357"}],"curies":[{"name":"wp","href":"https:\/\/api.w.org\/{rel}","templated":true}]}}