{"id":35360,"date":"2016-09-25T23:28:19","date_gmt":"2016-09-25T23:28:19","guid":{"rendered":"https:\/\/www.myaquastore.com\/product\/aquecedor-de-vidro-para-aquario-atman-200w-at200-material-de-vedacao-dupla-garantindo-operacao-segura-temperaturas-de-ajuste-automatico\/"},"modified":"2025-03-16T08:37:21","modified_gmt":"2025-03-16T08:37:21","slug":"aquecedor-de-vidro-para-aquario-atman-200w-at200-material-de-vedacao-dupla-garantindo-operacao-segura-temperaturas-de-ajuste-automatico","status":"publish","type":"product","link":"https:\/\/www.myaquastore.com\/pt-br\/produto\/aquecedor-de-vidro-para-aquario-atman-200w-at200-material-de-vedacao-dupla-garantindo-operacao-segura-temperaturas-de-ajuste-automatico\/","title":{"rendered":"Aquecedor de vidro para aqu\u00e1rio Atman 200w AT200 Material de veda\u00e7\u00e3o dupla garantindo opera\u00e7\u00e3o segura Temperaturas de ajuste autom\u00e1tico"},"content":{"rendered":"<article class=\"article richtext richtext-detail AE:disable\" id=\"richTextContainer\">\n<div style=\"clear:both\">\n<p><span style=\"font-family: 'times new roman', times;font-size: 24px\"> Aquecedor de vidro de aqu\u00e1rio Atman 200w AT200<\/span><br \/><span style=\"font-family: 'times new roman', times\">1.Material de selo duplo.<\/span><br \/><span style=\"font-family: 'times new roman', times\">2. Garantindo uma opera\u00e7\u00e3o segura.<\/span><br \/><span style=\"font-family: 'times new roman', times;font-size: 24px\">3.Temperaturas de ajuste autom\u00e1tico.<\/span><br \/><span style=\"font-family: 'times new roman', times;font-size: 24px\">4.Totalmente submers\u00edvel<\/span><\/p>\n<p><span style=\"font-family: 'times new roman', vezes\">5.embalagem:36 pe\u00e7as por caixa<\/span><\/p>\n<div style=\"clear:both\"><\/article>\n","protected":false},"excerpt":{"rendered":"<p>Aquecedor de vidro para aqu\u00e1rio Atman 200w AT200 Material de veda\u00e7\u00e3o dupla garantindo opera\u00e7\u00e3o segura Temperaturas de ajuste autom\u00e1tico<\/p>\n","protected":false},"featured_media":5065,"comment_status":"open","ping_status":"closed","template":"","meta":[],"product_brand":[],"product_cat":[627],"product_tag":[],"class_list":{"0":"post-35360","1":"product","2":"type-product","3":"status-publish","4":"has-post-thumbnail","6":"product_cat-filtros-de-aquario","8":"first","9":"instock","10":"shipping-taxable","11":"purchasable","12":"product-type-simple"},"_links":{"self":[{"href":"https:\/\/www.myaquastore.com\/pt-br\/wp-json\/wp\/v2\/product\/35360","targetHints":{"allow":["GET"]}}],"collection":[{"href":"https:\/\/www.myaquastore.com\/pt-br\/wp-json\/wp\/v2\/product"}],"about":[{"href":"https:\/\/www.myaquastore.com\/pt-br\/wp-json\/wp\/v2\/types\/product"}],"replies":[{"embeddable":true,"href":"https:\/\/www.myaquastore.com\/pt-br\/wp-json\/wp\/v2\/comments?post=35360"}],"wp:featuredmedia":[{"embeddable":true,"href":"https:\/\/www.myaquastore.com\/pt-br\/wp-json\/wp\/v2\/media\/5065"}],"wp:attachment":[{"href":"https:\/\/www.myaquastore.com\/pt-br\/wp-json\/wp\/v2\/media?parent=35360"}],"wp:term":[{"taxonomy":"product_brand","embeddable":true,"href":"https:\/\/www.myaquastore.com\/pt-br\/wp-json\/wp\/v2\/product_brand?post=35360"},{"taxonomy":"product_cat","embeddable":true,"href":"https:\/\/www.myaquastore.com\/pt-br\/wp-json\/wp\/v2\/product_cat?post=35360"},{"taxonomy":"product_tag","embeddable":true,"href":"https:\/\/www.myaquastore.com\/pt-br\/wp-json\/wp\/v2\/product_tag?post=35360"}],"curies":[{"name":"wp","href":"https:\/\/api.w.org\/{rel}","templated":true}]}}