{"id":35362,"date":"2016-09-25T23:28:19","date_gmt":"2016-09-25T23:28:19","guid":{"rendered":"https:\/\/www.myaquastore.com\/product\/aquecedor-de-aquario-atman-at100-material-de-vedacao-dupla-garantindo-uma-operacao-segura-ajuste-automatico-de-temperaturas\/"},"modified":"2025-03-16T08:37:21","modified_gmt":"2025-03-16T08:37:21","slug":"aquecedor-de-aquario-atman-at100-material-de-vedacao-dupla-garantindo-uma-operacao-segura-ajuste-automatico-de-temperaturas","status":"publish","type":"product","link":"https:\/\/www.myaquastore.com\/pt-br\/produto\/aquecedor-de-aquario-atman-at100-material-de-vedacao-dupla-garantindo-uma-operacao-segura-ajuste-automatico-de-temperaturas\/","title":{"rendered":"Aquecedor de aqu\u00e1rio Atman AT100 Material de veda\u00e7\u00e3o dupla Garantindo uma opera\u00e7\u00e3o segura Ajuste autom\u00e1tico de temperaturas"},"content":{"rendered":"<article class=\"article richtext richtext-detail AE:disable\" id=\"richTextContainer\">\n<h2 class=\"article-title\">Especifica\u00e7\u00f5es<\/h2>\n<div style=\"clear:both\"> Aquecedor de aqu\u00e1rio Atman AT100 <br \/>1.Material de veda\u00e7\u00e3o dupla. <br \/>2. Garantindo uma opera\u00e7\u00e3o segura. <br \/>3.Ajuste autom\u00e1tico <\/p>\n<div style=\"clear:both\">\n<p> Aquecedor de aqu\u00e1rio Atman AT100<br \/>1.Material de veda\u00e7\u00e3o dupla.<br \/>2. Garantindo uma opera\u00e7\u00e3o segura.<br \/>3. Temperaturas de ajuste autom\u00e1tico.<br \/>4.Totalmente submers\u00edvel<\/p>\n<p>5.embalagem:36 pe\u00e7as por caixa<\/p>\n<\/p>\n<div style=\"clear:both\"><\/article>\n","protected":false},"excerpt":{"rendered":"<p>Aquecedor de aqu\u00e1rio Atman AT100 Material de veda\u00e7\u00e3o dupla Garantindo uma opera\u00e7\u00e3o segura Ajuste autom\u00e1tico de temperaturas<\/p>\n","protected":false},"featured_media":5069,"comment_status":"open","ping_status":"closed","template":"","meta":[],"product_brand":[],"product_cat":[627],"product_tag":[],"class_list":{"0":"post-35362","1":"product","2":"type-product","3":"status-publish","4":"has-post-thumbnail","6":"product_cat-filtros-de-aquario","8":"first","9":"instock","10":"shipping-taxable","11":"purchasable","12":"product-type-simple"},"_links":{"self":[{"href":"https:\/\/www.myaquastore.com\/pt-br\/wp-json\/wp\/v2\/product\/35362","targetHints":{"allow":["GET"]}}],"collection":[{"href":"https:\/\/www.myaquastore.com\/pt-br\/wp-json\/wp\/v2\/product"}],"about":[{"href":"https:\/\/www.myaquastore.com\/pt-br\/wp-json\/wp\/v2\/types\/product"}],"replies":[{"embeddable":true,"href":"https:\/\/www.myaquastore.com\/pt-br\/wp-json\/wp\/v2\/comments?post=35362"}],"wp:featuredmedia":[{"embeddable":true,"href":"https:\/\/www.myaquastore.com\/pt-br\/wp-json\/wp\/v2\/media\/5069"}],"wp:attachment":[{"href":"https:\/\/www.myaquastore.com\/pt-br\/wp-json\/wp\/v2\/media?parent=35362"}],"wp:term":[{"taxonomy":"product_brand","embeddable":true,"href":"https:\/\/www.myaquastore.com\/pt-br\/wp-json\/wp\/v2\/product_brand?post=35362"},{"taxonomy":"product_cat","embeddable":true,"href":"https:\/\/www.myaquastore.com\/pt-br\/wp-json\/wp\/v2\/product_cat?post=35362"},{"taxonomy":"product_tag","embeddable":true,"href":"https:\/\/www.myaquastore.com\/pt-br\/wp-json\/wp\/v2\/product_tag?post=35362"}],"curies":[{"name":"wp","href":"https:\/\/api.w.org\/{rel}","templated":true}]}}