{"id":35372,"date":"2016-09-25T23:28:19","date_gmt":"2016-09-25T23:28:19","guid":{"rendered":"https:\/\/www.myaquastore.com\/product\/atman-lagoa-bio-filtro-ef-3000uv-jardim-e-tanque-de-peixes-de-grande-porte-funcao-bidirecional-para-limpeza-automatica-de-sujeira\/"},"modified":"2025-03-16T08:37:24","modified_gmt":"2025-03-16T08:37:24","slug":"atman-lagoa-bio-filtro-ef-3000uv-jardim-e-tanque-de-peixes-de-grande-porte-funcao-bidirecional-para-limpeza-automatica-de-sujeira","status":"publish","type":"product","link":"https:\/\/www.myaquastore.com\/pt-br\/produto\/atman-lagoa-bio-filtro-ef-3000uv-jardim-e-tanque-de-peixes-de-grande-porte-funcao-bidirecional-para-limpeza-automatica-de-sujeira\/","title":{"rendered":"Atman lagoa bio filtro EF-3000UV jardim e tanque de peixes de grande porte fun\u00e7\u00e3o bidirecional para limpeza autom\u00e1tica de sujeira"},"content":{"rendered":"<article class=\"article richtext richtext-detail AE:disable\" id=\"richTextContainer\">\n<h2 class=\"article-title\">Especifica\u00e7\u00f5es<\/h2>\n<div style=\"clear:both\"> Filtro biol\u00f3gico para lagoa Atman EF-3000UV <br \/>1 fun\u00e7\u00e3o bidirecional para limpeza autom\u00e1tica de sujeira 2Aplic\u00e1vel \u00e0 filtragem de \u00e1gua na lagoa <\/p>\n<div style=\"clear:both\">\n<p> Atman Biofiltro para lago EF-3000UV<br \/>1 Biofiltro para lago Atman Com uma fun\u00e7\u00e3o bidirecional para limpeza autom\u00e1tica de sujeira<br \/>2 Biofiltro para lago Atman aplic\u00e1vel a projetos de filtragem de \u00e1gua em lagos, jardins e aqu\u00e1rios de grande porte<\/p>\n<p>3 Par\u00e2metros (220V ~ 240V 50Hz)<\/p>\n<p>4 Biofiltro para lago Atman Com um dispositivo de esteriliza\u00e7\u00e3o UV independente<\/p>\n<p>5 embalagem: 2 pe\u00e7as\/caixa<\/p>\n<\/p>\n<div style=\"clear:both\"><\/article>\n","protected":false},"excerpt":{"rendered":"<p>Atman lagoa bio filtro EF-3000UV jardim e tanque de peixes de grande porte fun\u00e7\u00e3o bidirecional para limpeza autom\u00e1tica de sujeira<\/p>\n","protected":false},"featured_media":5089,"comment_status":"open","ping_status":"closed","template":"","meta":[],"product_brand":[],"product_cat":[627],"product_tag":[],"class_list":{"0":"post-35372","1":"product","2":"type-product","3":"status-publish","4":"has-post-thumbnail","6":"product_cat-filtros-de-aquario","8":"first","9":"instock","10":"shipping-taxable","11":"purchasable","12":"product-type-simple"},"_links":{"self":[{"href":"https:\/\/www.myaquastore.com\/pt-br\/wp-json\/wp\/v2\/product\/35372","targetHints":{"allow":["GET"]}}],"collection":[{"href":"https:\/\/www.myaquastore.com\/pt-br\/wp-json\/wp\/v2\/product"}],"about":[{"href":"https:\/\/www.myaquastore.com\/pt-br\/wp-json\/wp\/v2\/types\/product"}],"replies":[{"embeddable":true,"href":"https:\/\/www.myaquastore.com\/pt-br\/wp-json\/wp\/v2\/comments?post=35372"}],"wp:featuredmedia":[{"embeddable":true,"href":"https:\/\/www.myaquastore.com\/pt-br\/wp-json\/wp\/v2\/media\/5089"}],"wp:attachment":[{"href":"https:\/\/www.myaquastore.com\/pt-br\/wp-json\/wp\/v2\/media?parent=35372"}],"wp:term":[{"taxonomy":"product_brand","embeddable":true,"href":"https:\/\/www.myaquastore.com\/pt-br\/wp-json\/wp\/v2\/product_brand?post=35372"},{"taxonomy":"product_cat","embeddable":true,"href":"https:\/\/www.myaquastore.com\/pt-br\/wp-json\/wp\/v2\/product_cat?post=35372"},{"taxonomy":"product_tag","embeddable":true,"href":"https:\/\/www.myaquastore.com\/pt-br\/wp-json\/wp\/v2\/product_tag?post=35372"}],"curies":[{"name":"wp","href":"https:\/\/api.w.org\/{rel}","templated":true}]}}