{"id":35378,"date":"2016-09-25T23:28:21","date_gmt":"2016-09-25T23:28:21","guid":{"rendered":"https:\/\/www.myaquastore.com\/product\/bomba-externa-para-lago-sunsun-3-5hp-650l-min-hl-350\/"},"modified":"2025-03-16T08:37:25","modified_gmt":"2025-03-16T08:37:25","slug":"bomba-externa-para-lago-sunsun-3-5hp-650l-min-hl-350","status":"publish","type":"product","link":"https:\/\/www.myaquastore.com\/pt-br\/produto\/bomba-externa-para-lago-sunsun-3-5hp-650l-min-hl-350\/","title":{"rendered":"Bomba externa para lago SUNSUN 3.5HP 650L\/min HL-350"},"content":{"rendered":"<div style=\"clear:both\"><\/div>\n<p><span style=\"font-size:24px;color:#000080\"><strong>SUNSUN 3.5HP 650L\/min Bomba externa para lago HL-350 <em><\/em><\/strong> <\/span><\/p>\n<\/p>\n<div id=\"ali-anchor-AliPostDhMb-su64e\" style=\"padding-top:8px\" data-section=\"AliPostDhMb-su64e\" data-section-title=\"Descri\u00e7\u00e3o do produto\">\n<div id=\"ali-title-AliPostDhMb-su64e\" style=\"border-bottom:#ddd 1px solid;padding-bottom:8px;padding-top:8px;padding-left:0px;padding-right:0px\"><span style=\"font-weight:bold;color:#333;padding-bottom:8px;padding-top:8px;padding-left:10px;line-height:12px;padding-right:10px;background-color:#ddd\">Descri\u00e7\u00e3o do produto<\/span><\/div>\n<div style=\"padding-bottom:10px;padding-top:10px;padding-left:0px;padding-right:0px\">\n<\/div>\n<\/div>\n<p><span style=\"font-size:12px\"><strong>Recursos:<\/strong><\/span><\/p>\n<div>\n<p>1. Esta bomba \u00e9 fabricada com part\u00edculas ABS altamente dur\u00e1veis \u200b\u200be de alta qualidade.<\/p>\n<p>2. O eixo \u00e9 fabricado com cer\u00e2mica \u00e0 prova de ferrugem de alta qualidade.<\/p>\n<p>3. Este modelo \u00e9 adequado apenas para uso externo.<\/p>\n<\/p>\n<p><strong>Especifica\u00e7\u00f5es<\/strong><\/p>\n<p>1. Di\u00e2metros do tubo de 63 mm\/60 mm<br \/>2. Altura m\u00e1xima: 20 metros<br \/>4. Taxa de fluxo: 39000L\/h (650L\/min)<br \/>5. Watt: 2,6KW, 3,5HP.<br \/>6. Equipado com cabo de 10 metros<br \/>7. Tens\u00e3o: 220-240V, 380V.<br \/>8. Medidas: 620 x 275 x 335 mm<br \/>9. Garantia de 12 meses<\/p>\n<p><span style=\"font-size:14px;color:#ff00ff\"><strong>Esta bomba externa \u00e9 adequada para uso em todos os lagos e piscinas de grande porte.<\/strong><\/span><\/p>\n<\/div>\n<p><span style=\"font-size:14px\"> <\/span><\/p>\n<p><span style=\"font-size:14px;color:#000080\"><strong>Par\u00e2metros de bombas externas de lago <\/strong><\/span><\/p>\n<table class=\"aliDataTable\" style=\"width:80%\" border=\"4\">\n<tbody>\n<tr>\n<td>Modelo<\/td>\n<td>Tens\u00e3o<\/td>\n<td>\n<p>Pot\u00eancia<\/p>\n<p>KW HP<\/p>\n<\/td>\n<td>Qmax<\/td>\n<td>Hmax<\/td>\n<td>Peso<\/td>\n<td>L<\/td>\n<td>W<\/td>\n<td>H<\/td>\n<\/tr>\n<tr>\n<td>HLB-100<\/td>\n<td>220V\/50Hz<\/td>\n<td>0,75 1,0<\/td>\n<td>285<\/td>\n<td>8<\/td>\n<td>12,2<\/td>\n<td>559<\/td>\n<td>240<\/td>\n<td>315<\/td>\n<\/tr>\n<tr>\n<td>HLB-150<\/td>\n<td>220V\/50Hz<\/td>\n<td>1,1 1,5<\/td>\n<td>360<\/td>\n<td>10<\/td>\n<td>14,6<\/td>\n<td>559<\/td>\n<td>240<\/td>\n<td>315<\/td>\n<\/tr>\n<tr>\n<td>HLB-200<\/td>\n<td>220V\/50Hz<\/td>\n<td>1,5 2,0<\/td>\n<td>400<\/td>\n<td>12<\/td>\n<td>14,8<\/td>\n<td>559<\/td>\n<td>240<\/td>\n<td>315<\/td>\n<\/tr>\n<tr>\n<td>HLB-300<\/td>\n<td>220V\/50Hz<\/td>\n<td>2,2 3,0<\/td>\n<td>430<\/td>\n<td>14<\/td>\n<td>15,8<\/td>\n<td>565<\/td>\n<td>240<\/td>\n<td>315<\/td>\n<\/tr>\n<tr>\n<td>HL-150<\/td>\n<td>220V\/380V\/50Hz<\/td>\n<td>1.1 1,5<\/td>\n<td>460<\/td>\n<td>17<\/td>\n<td>18,4\/18,2<\/td>\n<td>610<\/td>\n<td>275<\/td>\n<td>335<\/td>\n<\/tr>\n<tr>\n<td>HL-200<\/td>\n<td>220V\/380V\/50Hz<\/td>\n<td>1,5 2,0<\/td>\n<td>530<\/td>\n<td>16<\/td>\n<td>19,6\/17,9<\/td>\n<td>610<\/td>\n<td>275<\/td>\n<td>335<\/td>\n<\/tr>\n<tr>\n<td>HL-300<\/td>\n<td>220V\/380V\/50Hz<\/td>\n<td>2,2 3,0<\/td>\n<td>585<\/td>\n<td>18<\/td>\n<td>21,7\/19,5<\/td>\n<td>610<\/td>\n<td>275<\/td>\n<td>335<\/td>\n<\/tr>\n<tr>\n<td>HL-350<\/td>\n<td>220V\/380V\/50Hz<\/td>\n<td>2,6 3,5<\/td>\n<td>650<\/td>\n<td>20<\/td>\n<td>23,1\/21,7<\/td>\n<td>620<\/td>\n<td>275<\/td>\n<td>335<\/td>\n<\/tr>\n<tr>\n<td>HLA-300<\/td>\n<td>220V\/380V\/50Hz<\/td>\n<td>2,2 3,0<\/td>\n<td>460<\/td>\n<td>17<\/td>\n<td>18,5\/18,2<\/td>\n<td>610<\/td>\n<td>280<\/td>\n<td>335<\/td>\n<\/tr>\n<\/tbody>\n<\/table>\n<p><span style=\"font-size:14px;color:#000080\"><strong>Mostram bombas externas para lago<\/strong><\/span><\/p>\n<p><img decoding=\"async\" alt=\"SUNSUN 3.5HP 650L\/min Bomba externa para lago HL-350\" src=\"http:\/\/localhost\/media\/import\/detail\/562452822_854.jpg\"><img decoding=\"async\" alt=\"SUNSUN 3.5HP 650L\/min Bomba externa para lagoa HL-350\" src=\"http:\/\/localhost\/media\/import\/detail\/562452828_484.jpg\"><img decoding=\"async\" alt=\"SUNSUN 3.5HP 650L\/min externo Bomba para lagoa HL-350\" src=\"http:\/\/localhost\/media\/import\/detail\/562452833_981.jpg\"><img decoding=\"async\" alt=\"SUNSUN 3.5HP 650L\/min Bomba externa para lagoa HL-350\" src=\"http:\/\/localhost\/media\/import\/detail\/562452835_186.jpg\"><img decoding=\"async\" alt=\"SUNSUN 3.5HP 650L\/min Bomba externa para lagoa HL-350\" src=\"http:\/\/localhost\/media\/import\/detail\/562452837_167.jpg\"><img decoding=\"async\" alt=\"SUNSUN 3.5HP 650L\/min Bomba externa para lago HL-350\" src=\"http:\/\/localhost\/media\/import\/detail\/562452840_338.jpg\"><\/p>\n<p><img decoding=\"async\" alt=\"SUNSUN 3.5HP 650L\/min Bomba externa para lagoa HL-350\" src=\"http:\/\/localhost\/media\/import\/detail\/562453361_956.jpg\"><\/p>\n<p style=\"text-align:left\">\n<div id=\"ali-anchor-AliPostDhMb-6pmk2\" style=\"padding-top:8px\" data-section=\"AliPostDhMb-6pmk2\" data-section-title=\"Informa\u00e7\u00f5es da empresa\"> <\/div>\n<div style=\"clear:both\"><\/div>\n","protected":false},"excerpt":{"rendered":"<p>Bomba externa para lago SUNSUN 3.5HP 650L\/min HL-350<\/p>\n","protected":false},"featured_media":5102,"comment_status":"open","ping_status":"closed","template":"","meta":[],"product_brand":[],"product_cat":[1374],"product_tag":[],"class_list":{"0":"post-35378","1":"product","2":"type-product","3":"status-publish","4":"has-post-thumbnail","6":"product_cat-bombas-de-agua-e-cabecas-poderosas","8":"first","9":"instock","10":"shipping-taxable","11":"purchasable","12":"product-type-simple"},"_links":{"self":[{"href":"https:\/\/www.myaquastore.com\/pt-br\/wp-json\/wp\/v2\/product\/35378","targetHints":{"allow":["GET"]}}],"collection":[{"href":"https:\/\/www.myaquastore.com\/pt-br\/wp-json\/wp\/v2\/product"}],"about":[{"href":"https:\/\/www.myaquastore.com\/pt-br\/wp-json\/wp\/v2\/types\/product"}],"replies":[{"embeddable":true,"href":"https:\/\/www.myaquastore.com\/pt-br\/wp-json\/wp\/v2\/comments?post=35378"}],"wp:featuredmedia":[{"embeddable":true,"href":"https:\/\/www.myaquastore.com\/pt-br\/wp-json\/wp\/v2\/media\/5102"}],"wp:attachment":[{"href":"https:\/\/www.myaquastore.com\/pt-br\/wp-json\/wp\/v2\/media?parent=35378"}],"wp:term":[{"taxonomy":"product_brand","embeddable":true,"href":"https:\/\/www.myaquastore.com\/pt-br\/wp-json\/wp\/v2\/product_brand?post=35378"},{"taxonomy":"product_cat","embeddable":true,"href":"https:\/\/www.myaquastore.com\/pt-br\/wp-json\/wp\/v2\/product_cat?post=35378"},{"taxonomy":"product_tag","embeddable":true,"href":"https:\/\/www.myaquastore.com\/pt-br\/wp-json\/wp\/v2\/product_tag?post=35378"}],"curies":[{"name":"wp","href":"https:\/\/api.w.org\/{rel}","templated":true}]}}