{"id":35388,"date":"2016-09-25T23:28:21","date_gmt":"2016-09-25T23:28:21","guid":{"rendered":"https:\/\/www.myaquastore.com\/product\/bomba-de-reciclagem-de-agua-sunsun-special-45w-2-7m-2500l-h-chj-1501\/"},"modified":"2025-03-16T08:37:28","modified_gmt":"2025-03-16T08:37:28","slug":"bomba-de-reciclagem-de-agua-sunsun-special-45w-2-7m-2500l-h-chj-1501","status":"publish","type":"product","link":"https:\/\/www.myaquastore.com\/pt-br\/produto\/bomba-de-reciclagem-de-agua-sunsun-special-45w-2-7m-2500l-h-chj-1501\/","title":{"rendered":"Bomba de reciclagem de \u00e1gua SUNSUN Special 45W 2.7m 2500L\/h CHJ-1501"},"content":{"rendered":"<div style=\"clear:both\"><\/div>\n<p style=\"text-align:center\"><em><span style=\"color:#0000ff\"><span style=\"font-size:24px\"><strong><span style=\"background-color:#ffff00\"> Bomba de reciclagem de \u00e1gua SUNSUN Special 45W 2,7m 2500L\/h <\/span><\/strong><\/span><\/span><\/em><\/p>\n<p style=\"text-align:left\">\n<p style=\"text-align:left\">\n<p style=\"text-align:left\"><strong><span style=\"font-size:18px;color:#ff9900\">1. Descri\u00e7\u00e3o do produto<\/span><\/strong><\/p>\n<p style=\"text-align:left\">\n<p style=\"text-align:left\">\n<p><span style=\"font-size:16px;font-family:comic sans ms,sans-serif\">1.Aplicar em aqu\u00e1rio, tanque de frutos do mar com qwuipment de reciclagem de \u00e1gua <\/span><span style=\"font-size:16px;font-family:comic sans ms,sans-serif\">correspond\u00eancia.<\/span><\/p>\n<p style=\"text-align:left\">\n<p><span style=\"font-size:16px;font-family:comic sans ms,sans-serif\">2.Motor ass\u00edncrono padr\u00e3o de alto desempenho com novo design e energia <\/span><\/p>\n<p style=\"text-align:left\">\n<p><span style=\"font-size:16px;font-family:comic sans ms,sans-serif\"> salvando.<\/span><\/p>\n<p style=\"text-align:left\">\n<p><span style=\"font-size:16px;font-family:comic sans ms,sans-serif\">3.Selo duplo de resina e o anel de borracha tornam-no mais seguro para uso.<\/span><\/p>\n<p style=\"text-align:left\">\n<p><span style=\"font-size:16px;font-family:comic sans ms,sans-serif\">4. Eixo de cer\u00e2mica de alta qualidade e manga de eixo, dur\u00e1vel e de baixo ru\u00eddo. Bomba de reciclagem de \u00e1gua CHJ-1501 <\/span><\/strong> <\/p>\n<\/p>\n<p><img loading=\"lazy\" decoding=\"async\" alt=\"SUNSUN Special 45W 2,7m 2500L\/h Bomba de reciclagem de \u00e1gua\" src=\"http:\/\/localhost\/media\/import\/detail\/702487328_838.jpg\" width=\"603\" height=\"172\"><img decoding=\"async\" alt=\"SUNSUN Special 45W 2.7m 2500L\/h Bomba de reciclagem de \u00e1gua\" src=\"http:\/\/localhost\/media\/import\/detail\/690423536_754.jpg\"><\/p>\n<\/p>\n<div style=\"clear:both\"><\/div>\n","protected":false},"excerpt":{"rendered":"<p>Bomba de reciclagem de \u00e1gua SUNSUN Special 45W 2.7m 2500L\/h CHJ-1501<\/p>\n","protected":false},"featured_media":5122,"comment_status":"open","ping_status":"closed","template":"","meta":[],"product_brand":[],"product_cat":[1374],"product_tag":[],"class_list":{"0":"post-35388","1":"product","2":"type-product","3":"status-publish","4":"has-post-thumbnail","6":"product_cat-bombas-de-agua-e-cabecas-poderosas","8":"first","9":"instock","10":"shipping-taxable","11":"purchasable","12":"product-type-simple"},"_links":{"self":[{"href":"https:\/\/www.myaquastore.com\/pt-br\/wp-json\/wp\/v2\/product\/35388","targetHints":{"allow":["GET"]}}],"collection":[{"href":"https:\/\/www.myaquastore.com\/pt-br\/wp-json\/wp\/v2\/product"}],"about":[{"href":"https:\/\/www.myaquastore.com\/pt-br\/wp-json\/wp\/v2\/types\/product"}],"replies":[{"embeddable":true,"href":"https:\/\/www.myaquastore.com\/pt-br\/wp-json\/wp\/v2\/comments?post=35388"}],"wp:featuredmedia":[{"embeddable":true,"href":"https:\/\/www.myaquastore.com\/pt-br\/wp-json\/wp\/v2\/media\/5122"}],"wp:attachment":[{"href":"https:\/\/www.myaquastore.com\/pt-br\/wp-json\/wp\/v2\/media?parent=35388"}],"wp:term":[{"taxonomy":"product_brand","embeddable":true,"href":"https:\/\/www.myaquastore.com\/pt-br\/wp-json\/wp\/v2\/product_brand?post=35388"},{"taxonomy":"product_cat","embeddable":true,"href":"https:\/\/www.myaquastore.com\/pt-br\/wp-json\/wp\/v2\/product_cat?post=35388"},{"taxonomy":"product_tag","embeddable":true,"href":"https:\/\/www.myaquastore.com\/pt-br\/wp-json\/wp\/v2\/product_tag?post=35388"}],"curies":[{"name":"wp","href":"https:\/\/api.w.org\/{rel}","templated":true}]}}