{"id":35406,"date":"2016-09-25T23:28:21","date_gmt":"2016-09-25T23:28:21","guid":{"rendered":"https:\/\/www.myaquastore.com\/product\/filtro-de-lagoa-de-pressao-sunsun-com-clarificador-uv-de-11w-integrado-cegs-cpf380\/"},"modified":"2025-03-16T08:37:32","modified_gmt":"2025-03-16T08:37:32","slug":"filtro-de-lagoa-de-pressao-sunsun-com-clarificador-uv-de-11w-integrado-cegs-cpf380","status":"publish","type":"product","link":"https:\/\/www.myaquastore.com\/pt-br\/produto\/filtro-de-lagoa-de-pressao-sunsun-com-clarificador-uv-de-11w-integrado-cegs-cpf380\/","title":{"rendered":"Filtro de lagoa de press\u00e3o SUNSUN com clarificador UV de 11w integrado (CE,GS) CPF380"},"content":{"rendered":"<div style=\"clear:both\"><\/div>\n<p style=\"text-align:center\"><strong><span style=\"font-size:24px\"> <\/span><\/strong><\/p>\n<div id=\"ali-anchor-AliPostDhMb-6e31y\" style=\"padding-top:8px\" data-section=\"AliPostDhMb-6e31y\" data-section-title=\"name\">\n<div id=\"ali-title-AliPostDhMb-6e31y\" style=\"border-bottom:#ddd 1px solid;padding-bottom:8px;padding-top:8px;padding-left:0px;padding-right:0px\"><span style=\"font-weight:bold;color:#333;padding-bottom:8px;padding-top:8px;padding-left:10px;line-height:12px;padding-right:10px;background-color:#ddd\">nome<\/span><\/div>\n<div style=\"padding-bottom:10px;padding-top:10px;padding-left:0px;padding-right:0px\">\n<p><img decoding=\"async\" alt=\"Filtro de lagoa de press\u00e3o SUNSUN com clarificador UV de 11w integrado (CE,GS) CPF380\" src=\"http:\/\/localhost\/media\/import\/detail\/HTB11qiMJVXXXXXWXVXXq6xXFXXXQ.jpg\"><span> <\/span><\/p>\n<\/div>\n<\/div>\n<p style=\"text-align:center\">\n<p style=\"text-align:center\"><strong><span style=\"font-size:24px\">Filtro de lagoa de press\u00e3o SUNSUN com clarificador UV de 11w integrado (CE,GS) CPF380 <\/span><\/strong><\/p>\n<div id=\"ali-anchor-AliPostDhMb-pfdzc\" style=\"padding-top:8px\" data-section=\"AliPostDhMb-pfdzc\" data-section-title=\"Descri\u00e7\u00e3o do produto\">\n<div id=\"ali-title-AliPostDhMb-pfdzc\" style=\"border-bottom:#ddd 1px solid;padding-bottom:8px;padding-top:8px;padding-left:0px;padding-right:0px\"><span style=\"font-weight:bold;color:#333;padding-bottom:8px;padding-top:8px;padding-left:10px;line-height:12px;padding-right:10px;background-color:#ddd\">Descri\u00e7\u00e3o do produto<\/span><\/div>\n<div style=\"padding-bottom:10px;padding-top:10px;padding-left:0px;padding-right:0px\">\n<p><span style=\"color:#000000;background-color:#ff00ff\"><strong><span style=\"font-size:24px\">1.Caracter\u00edsticas:<\/span><\/strong><\/span><\/p>\n<\/div>\n<\/div>\n<p><span style=\"font-size:18px;font-family:comic sans ms,sans-serif\"> 1. Filtros de press\u00e3o eficazes com clarificador UVC integrado.<\/span><\/p>\n<p><span style=\"font-size:18px;font-family:comic sans ms,sans-serif\"> 2. Enxaguar com descarga em canal como cachoeira ou curso de \u00e1gua, pode ser operado mesmo se o filtro estiver enterrado <\/span><\/p>\n<p><span style=\"font-size:18px;font-family:comic sans ms,sans-serif\"> no solo.<\/span><\/p>\n<p><span style=\"font-size:18px;font-family:comic sans ms,sans-serif\"> 3. A \u00e1gua polu\u00edda \u00e9 bombeada para um sistema fechado e assentado, durante o qual uma press\u00e3o de trabalho de 3 m de altura de \u00e1gua <\/span><\/p>\n<p><span style=\"font-size:18px;font-family:comic sans ms,sans-serif\"> pode acumular.<\/span><\/p>\n<p><span style=\"font-size:18px;font-family:comic sans ms,sans-serif\"> 4. A tecnologia patenteada, torna a manuten\u00e7\u00e3o conveniente.<\/span><\/p>\n<p><span style=\"font-size:18px;font-family:comic sans ms,sans-serif\"> 5. O design mais recente torna a \u00e1rea de filtrado uma vez do que antes. Pode melhorar o efeito do filtrado no mais alto grau e estender o per\u00edodo de manuten\u00e7\u00e3o.<\/span><\/p>\n<\/p>\n<p> <img decoding=\"async\" alt=\"Filtro de lagoa de press\u00e3o SUNSUN com clarificador UV de 11w integrado (CE,GS) CPF380\" src=\"http:\/\/localhost\/media\/import\/detail\/721436481_342.jpg\"><\/p>\n<\/p>\n<p><span style=\"font-family:comic sans ms,sans-serif;background-color:#ff00ff\"><strong><span style=\"font-size:24px\">2.Par\u00e2metros:<\/span><\/strong><\/span><\/p>\n<table class=\"aliDataTable\" style=\"height:300px;width:598px\" cellpadding=\"0\" border=\"1\">\n<tbody>\n<tr style=\"height:15.6pt\">\n<td valign=\"top\">\n<p><span style=\"font-size:18px;font-family:comic sans ms,sans-serif\">1.Item<\/span><\/p>\n<\/td>\n<td style=\"width:197.05pt\" valign=\"top\">\n<p><span style=\"font-size:18px;font-family:comic sans ms,sans-serif\">Filtro de lagoa SUNSUN<\/span><\/p>\n<\/td>\n<\/tr>\n<tr style=\"height:15.6pt\">\n<td valign=\"top\">\n<p><span style=\"font-size:18px;font-family:comic sans ms,sans-serif\">2.Modelo<\/span><\/p>\n<\/td>\n<td style=\"width:197.05pt\" valign=\"top\">\n<p><span style=\"font-size:18px;font-family:comic sans ms,sans-serif\">CPF-380<\/span><\/p>\n<\/td>\n<\/tr>\n<tr style=\"height:15.6pt\" align=\"left\">\n<td valign=\"top\">\n<p><span style=\"font-size:18px;font-family:comic sans ms,sans-serif\">3.Poder do UV-C<\/span><\/p>\n<\/td>\n<td valign=\"top\">\n<p><span style=\"font-size:18px;font-family:comic sans ms,sans-serif\">11W<\/span><\/p>\n<\/td>\n<\/tr>\n<tr style=\"height:16.35pt\" align=\"left\">\n<td valign=\"top\">\n<p><span style=\"font-size:18px;font-family:comic sans ms,sans-serif\">4.Fluxo m\u00e1ximo<\/span><\/p>\n<\/td>\n<td valign=\"top\">\n<p><span style=\"font-size:18px;font-family:comic sans ms,sans-serif\">10000L\/h<\/span><\/p>\n<\/td>\n<\/tr>\n<tr style=\"height:15.6pt\" align=\"left\">\n<td valign=\"top\">\n<p><span style=\"font-size:18px;font-family:comic sans ms,sans-serif\">5.Superf\u00edcie do filtro<\/span><\/p>\n<\/td>\n<td valign=\"top\">\n<p><span style=\"font-size:18px;font-family:comic sans ms,sans-serif\"><span style=\"font-size:large\">20m?<\/span> <\/span><\/p>\n<\/td>\n<\/tr>\n<tr style=\"height:16.35pt\" align=\"left\">\n<td valign=\"top\">\n<p><span style=\"font-size:18px;font-family:comic sans ms,sans-serif\">6.Adequado para lagos com peixes<\/span><\/p>\n<\/td>\n<td valign=\"top\">\n<p><span style=\"font-size:18px;font-family:comic sans ms,sans-serif\"><span style=\"font-size:large\">6m?<\/span> <\/span><\/p>\n<\/td>\n<\/tr>\n<tr style=\"height:16.35pt\" align=\"left\">\n<td valign=\"top\">\n<p><span style=\"font-size:18px;font-family:comic sans ms,sans-serif\">7.Adequado para lagos decorativos <\/span><\/p>\n<\/td>\n<td valign=\"top\">\n<p><span style=\"font-size:large;font-family:comic sans ms,sans-serif\"><span style=\"font-size:large\"><span style=\"font-size:x-large\"><span style=\"font-size:large\">12<\/span>m?<\/span><\/span> <\/span><\/p>\n<\/td>\n<\/tr>\n<tr style=\"height:16.35pt\" align=\"left\">\n<td valign=\"top\">\n<p><span style=\"font-size:18px;font-family:comic sans ms,sans-serif\">8.Volume real<\/span><\/p>\n<\/td>\n<td valign=\"top\">\n<p><span style=\"font-size:18px;font-family:comic sans ms,sans-serif\">25L<\/span><\/p>\n<\/td>\n<\/tr>\n<tr style=\"height:16.35pt\" align=\"left\">\n<td valign=\"top\">\n<p><span style=\"font-size:18px;font-family:comic sans ms,sans-serif\">9.Dimens\u00f5es<\/span><\/p>\n<\/td>\n<td valign=\"top\">\n<p><span style=\"font-size:18px;font-family:comic sans ms,sans-serif\">380*380*530mm<\/span><\/p>\n<\/td>\n<\/tr>\n<tr style=\"height:17.25pt\" align=\"left\">\n<td valign=\"top\">\n<p><span style=\"font-size:18px;font-family:comic sans ms,sans-serif\">10.Marca<\/span><\/p>\n<\/td>\n<td valign=\"top\">\n<p><span style=\"font-size:18px;font-family:comic sans ms,sans-serif\">SUNSUN<\/span><\/p>\n<\/td>\n<\/tr>\n<tr style=\"height:4.6pt\" align=\"left\">\n<td valign=\"top\">\n<p><span style=\"font-size:18px;font-family:comic sans ms,sans-serif\">11.Ponto de venda <\/span><\/p>\n<\/td>\n<td valign=\"top\">\n<p><span style=\"font-size:18px;font-family:comic sans ms,sans-serif\">Marca registrada bem conhecida da China; seguro e confi\u00e1vel;Pond Bio Press Filter <\/span><\/p>\n<\/td>\n<\/tr>\n<\/tbody>\n<\/table>\n<p><span style=\"font-size:18px;font-family:times new roman,times\"> <\/span><\/p>\n<p><span style=\"font-family:comic sans ms,sans-serif;background-color:#ff00ff\"><strong><span style=\"font-size:24px\">3.Os usos:<\/span><\/strong><\/span><\/p>\n<\/p>\n<p><img loading=\"lazy\" decoding=\"async\" alt=\"Filtro de lagoa de press\u00e3o SUNSUN com clarificador UV de 11w integrado (CE,GS) CPF380\" src=\"http:\/\/localhost\/media\/import\/detail\/702245945_113.jpg\" width=\"600\" height=\"600\"> <\/p>\n<p><span style=\"font-size:18px\"><img loading=\"lazy\" decoding=\"async\" alt=\"Filtro de lagoa de press\u00e3o SUNSUN com clarificador UV de 11w integrado (CE,GS) CPF380\" src=\"http:\/\/localhost\/media\/import\/detail\/701879133_225.jpg\" width=\"600\" height=\"600\"><\/span><\/p>\n<\/p>\n<p><span style=\"font-family:comic sans ms,sans-serif;background-color:#ff00ff\"><strong><span style=\"font-size:24px\">4.Outros modelos:<\/span><\/strong> <\/span><\/p>\n<p><span style=\"background-color:#ff0000\"><strong><span style=\"font-size:24px;font-family:times new roman,times\"><img loading=\"lazy\" decoding=\"async\" alt=\"SUNSUN filtro de lagoa de press\u00e3o com clarificador UV de 11w integrado (CE,GS) CPF380\" src=\"http:\/\/localhost\/media\/import\/detail\/481484123_442.jpg\" width=\"573\" height=\"396\"><\/span><\/strong><\/span><\/p>\n<\/p>\n<p><span style=\"background-color:#ff0000\"><strong><span style=\"font-size:24px;font-family:times new roman,times\"><img loading=\"lazy\" decoding=\"async\" alt=\"SUNSUN filtro de lagoa de press\u00e3o com clarificador UV de 11w integrado (CE,GS) CPF380\" src=\"http:\/\/localhost\/media\/import\/detail\/481488111_541.jpg\" width=\"600\" height=\"336\"><\/span><\/strong><\/span><\/p>\n<p> <img decoding=\"async\" alt=\"SUNSUN filtro de lagoa de press\u00e3o com clarificador UV de 11w integrado (CE,GS) CPF380\" src=\"http:\/\/localhost\/media\/import\/detail\/721438871_184.jpg\"><\/p>\n<\/p>\n<p> <img decoding=\"async\" alt=\"SUNSUN filtro de lagoa de press\u00e3o com clarificador UV de 11w integrado (CE,GS) CPF380\" src=\"http:\/\/localhost\/media\/import\/detail\/721439570_938.jpg\"><\/p>\n<\/p>\n<\/p>\n<p style=\"text-align:center\">\n<p style=\"text-align:center\"><span style=\"font-size:18px;font-family:comic sans ms,sans-serif;color:#ff00ff\"><strong><span style=\"font-style:italic\"><\/span><\/strong><\/span><\/p><\/p>\n","protected":false},"excerpt":{"rendered":"<p>Filtro de lagoa de press\u00e3o SUNSUN com clarificador UV de 11w integrado (CE,GS) CPF380<\/p>\n","protected":false},"featured_media":5158,"comment_status":"open","ping_status":"closed","template":"","meta":[],"product_brand":[],"product_cat":[1374],"product_tag":[],"class_list":{"0":"post-35406","1":"product","2":"type-product","3":"status-publish","4":"has-post-thumbnail","6":"product_cat-bombas-de-agua-e-cabecas-poderosas","8":"first","9":"instock","10":"shipping-taxable","11":"purchasable","12":"product-type-simple"},"_links":{"self":[{"href":"https:\/\/www.myaquastore.com\/pt-br\/wp-json\/wp\/v2\/product\/35406","targetHints":{"allow":["GET"]}}],"collection":[{"href":"https:\/\/www.myaquastore.com\/pt-br\/wp-json\/wp\/v2\/product"}],"about":[{"href":"https:\/\/www.myaquastore.com\/pt-br\/wp-json\/wp\/v2\/types\/product"}],"replies":[{"embeddable":true,"href":"https:\/\/www.myaquastore.com\/pt-br\/wp-json\/wp\/v2\/comments?post=35406"}],"wp:featuredmedia":[{"embeddable":true,"href":"https:\/\/www.myaquastore.com\/pt-br\/wp-json\/wp\/v2\/media\/5158"}],"wp:attachment":[{"href":"https:\/\/www.myaquastore.com\/pt-br\/wp-json\/wp\/v2\/media?parent=35406"}],"wp:term":[{"taxonomy":"product_brand","embeddable":true,"href":"https:\/\/www.myaquastore.com\/pt-br\/wp-json\/wp\/v2\/product_brand?post=35406"},{"taxonomy":"product_cat","embeddable":true,"href":"https:\/\/www.myaquastore.com\/pt-br\/wp-json\/wp\/v2\/product_cat?post=35406"},{"taxonomy":"product_tag","embeddable":true,"href":"https:\/\/www.myaquastore.com\/pt-br\/wp-json\/wp\/v2\/product_tag?post=35406"}],"curies":[{"name":"wp","href":"https:\/\/api.w.org\/{rel}","templated":true}]}}