{"id":35408,"date":"2016-09-25T23:28:21","date_gmt":"2016-09-25T23:28:21","guid":{"rendered":"https:\/\/www.myaquastore.com\/product\/filtro-de-imprensa-bio-cpf-5000-da-vasilha-da-lagoa-de-koi-9000l-h\/"},"modified":"2025-03-16T08:37:33","modified_gmt":"2025-03-16T08:37:33","slug":"filtro-de-imprensa-bio-cpf-5000-da-vasilha-da-lagoa-de-koi-9000l-h","status":"publish","type":"product","link":"https:\/\/www.myaquastore.com\/pt-br\/produto\/filtro-de-imprensa-bio-cpf-5000-da-vasilha-da-lagoa-de-koi-9000l-h\/","title":{"rendered":"Filtro de imprensa bio CPF-5000 da vasilha da lagoa de Koi 9000L\/h"},"content":{"rendered":"<div style=\"clear:both\"><\/div>\n<p style=\"text-align:center\"><span style=\"font-size:24px;font-family:'times new roman', times;color:#0000ff;background-color:#ffff00\"> <strong>9000L\/h Koi Pond Canister Bio Press Filter CPF-5000<\/strong><\/span><\/p>\n<p style=\"text-align:center\">\n<p style=\"text-align:center\"><span style=\"font-family:georgia,palatino\"><strong><em><span style=\"font-size:14px\">Recursos:<\/span><\/em><\/strong><\/span><\/p>\n<p style=\"text-align:center\"><span style=\"font-family:georgia,palatino\"><strong><em><span style=\"font-size:14px\">1. <span style=\"font-size:14px\">filtros de press\u00e3o eficazes com<span style=\"color:#ff0000\"> clarificador UVC integrado<\/span>.<\/span><\/em><\/strong><\/span><\/p>\n<p style=\"text-align:center\"><span style=\"font-family:georgia,palatino\"><strong><em><span>2. A tomada pode ser conectada com <span style=\"color:#ff0000\">bourn ou cachoeira<\/span>.<\/span><\/em><\/strong><\/span><\/p>\n<p style=\"text-align:center\"><span style=\"font-family:georgia,palatina\"><strong><em><span style=\"font-size:14px\">3. Press\u00e3o m\u00e1xima de trabalho <span style=\"color:#ff0000\">3 metros<\/span>.<\/span><\/em><\/strong><\/span><\/p>\n<p style=\"text-align:center\">\n<p style=\"text-align:center\"><span style=\"font-family:georgia,palatino\"><strong><em><span style=\"font-size:14px\">4. O design mais recente torna a<span style=\"color:#ff0000\"> \u00e1rea de filtra\u00e7\u00e3o o dobro de antes<\/span>, melhora o <\/span><\/em><\/strong><\/span><\/p>\n<p style=\"text-align:center\"><span style=\"font-family:georgia,palatina\"><strong><em><span style=\"font-size:14px\">efeito de filtragem e faz o <span style=\"color:#ff0000\">manuten\u00e7\u00e3o por muito mais tempo<\/span> em geral.<\/span><\/em><\/strong><\/span><\/p>\n<p style=\"text-align:center\">\n<p style=\"text-align:center\"><span style=\"font-size:14px;font-family:georgia,palatina\"><strong><span style=\"color:#003366\">Tantos tipos de filtro bio press de lagoa aqui, ele garante que voc\u00ea encontrar\u00e1 o certo aqui!<\/strong><\/span><\/p>\n<table class=\"aliDataTable\" style=\"height:291px;width:99.21%\" border=\"4\">\n<tbody>\n<tr>\n<td>Modelo<\/td>\n<td>CPF-5000<\/td>\n<td>VPF-10000<\/td>\n<td>CPF-15000<\/td>\n<td>CPF-180<\/td>\n<td>CPF-250<\/td>\n<td>CPF-280<\/td>\n<td>CPF-380<\/td>\n<td>CPF-500<\/td>\n<\/tr>\n<tr>\n<td>M\u00e1x. fluxo direto (L\/h)<\/td>\n<td>9.000<\/td>\n<td>10.000<\/td>\n<td>10.000<\/td>\n<td>9.000<\/td>\n<td>10.000<\/td>\n<td>9.000<\/td>\n<td>10.000<\/td>\n<td>10.000<\/td>\n<\/tr>\n<tr>\n<td>Sa\u00edda\/Entrada mangueira adaptador<\/td>\n<td>3\/4~3\/2<\/td>\n<td>3\/4~3\/2<\/td>\n<td>3\/4~3\/2<\/td>\n<td>3\/4~3\/2<\/td>\n<td> 3\/4~3\/2<\/td>\n<td>3\/4~3\/2<\/td>\n<td>3\/4~3\/2<\/td>\n<td>3\/4~3\/2<\/td>\n<\/tr>\n<tr>\n<td>Filtro superf\u00edcie<\/td>\n<td>12m?<\/td>\n<td>20m?<\/td>\n<td>40m?<\/td>\n<td>8m?<\/td>\n<td>12m?<\/td>\n<td>12m?<\/td>\n<td>20m?<\/td>\n<td>40m?<\/td>\n<\/tr>\n<tr>\n<td>Adequado para lagoas com peixe<\/td>\n<td>4m<sup>3<\/sup><\/td>\n<td> 6m<sup>3<\/sup><\/td>\n<td>10m<sup>3<\/sup><\/td>\n<td>3m<sup>3<\/sup><\/td>\n<td>5m<sup>3<\/sup><\/td>\n<td>4m<sup>3<\/sup><\/td>\n<td>6m<sup>3<\/sup><\/td>\n<td>10m<sup>3<\/sup><\/td>\n<\/tr>\n<tr>\n<td>Adequado para decora\u00e7\u00e3o lagoas<\/td>\n<td>8m<sup>3<\/sup><\/td>\n<td>12m<sup>3<\/sup><\/td>\n<td>30m<sup>3<\/sup><\/td>\n<td>6m<sup>3<\/sup><\/td>\n<td> 10m<sup>3<\/sup><\/td>\n<td>8m<sup>3<\/sup><\/td>\n<td>12m<sup>3<\/sup><\/td>\n<td>30m<sup>3<\/sup><\/td>\n<\/tr>\n<tr>\n<td>Pot\u00eancia de UV-C<\/td>\n<td>11W<\/td>\n<td>11W<\/td>\n<td>18W<\/td>\n<td>11W<\/td>\n<td>11W<\/td>\n<td>11W<\/td>\n<td>11W<\/td>\n<td>18W<\/td>\n<\/tr>\n<tr>\n<td>Real volume<\/td>\n<td>20L<\/td>\n<td>25L<\/td>\n<td>38L<\/td>\n<td>20L<\/td>\n<td>25L<\/td>\n<td>20L<\/td>\n<td>25L<\/ td><\/p>\n<td>38L<\/td>\n<\/tr>\n<tr>\n<td>W(mm)<\/td>\n<td>380<\/td>\n<td>380<\/td>\n<td>380<\/td>\n<td>380<\/td>\n<td>38 0<\/td>\n<td>380<\/td>\n<td>380<\/td>\n<td>380<\/td>\n<\/tr>\n<tr>\n<td>H(mm)<\/td>\n<td>410<\/td>\n<td>520<\/td>\n<td>730<\/td>\n<td>400<\/td>\n<td>510<\/td>\n<td>420<\/td>\n<td>530<\/td>\n<td>740<\/td>\n<\/tr>\n<\/tbody>\n<\/table>\n<p style=\"text-align:center\">\n<p style=\"text-align:center\"><img decoding=\"async\" alt=\"9000L\/h Koi Pond Canister Bio Press Filter CPF-5000\" src=\"http:\/\/localhost\/media\/import\/detail\/534504187_989.jpg\"><img decoding=\"async\" alt=\"9000L\/h Koi Pond Canister Bio Press Filter CPF-5000\" src=\"http:\/\/localhost\/media\/import\/detail\/534504188_977.jpg\"><img decoding=\"async\" alt=\"9000L\/h Koi Pond Canister Bio Press Filter CPF-5000\" src=\"http:\/\/localhost\/media\/import\/detail\/534504191_565.jpg\"><\/p>\n<p style=\"text-align:center\"><img decoding=\"async\" alt=\"9000L\/h Koi Pond Canister Bio Press Filter CPF-5000\" src=\"http:\/\/localhost\/media\/import\/detail\/534505168_540.jpg\"><img decoding=\"async\" alt=\"9000L\/h Koi Pond Canister Bio Press Filter CPF-5000\" src=\"http:\/\/localhost\/media\/import\/detail\/534505173_785.jpg\"><img decoding=\"async\" alt=\"9000L\/h Koi Pond Canister Bio Press Filter CPF-5000\" src=\"http:\/\/localhost\/media\/import\/detail\/534505179_202.jpg\"><\/p>\n<p style=\"text-align:center\"><em><span style=\"font-size:14px;color:#ff0000\"><strong>Desenho de reciclagem de \u00e1gua<\/strong><\/span><\/em><\/p>\n<p style=\"text-align:center\"><img decoding=\"async\" alt=\"9000L\/h Koi Pond Canister Bio Press Filter CPF-5000\" src=\"http:\/\/localhost\/media\/import\/detail\/534505185_906.jpg\"><img decoding=\"async\" alt=\"9000L\/h Koi Pond Canister Bio Press Filter CPF-5000\" src=\"http:\/\/localhost\/media\/import\/detail\/534505189_739.jpg\"><\/p>\n<p style=\"text-align:center\"><span style=\"font-size:14px;font-family:georgia,palatino\"><strong><span style=\"color:#003366\">O design mais recente torna a \u00e1rea de filtrado uma vez mais do que antes.<\/span><\/strong><\/span><\/p>\n<p style=\"text-align:center\"><span style=\"font-size:14px;font-family:georgia,palatino\"><strong><span style=\"color:#003366\">pode melhorar o efeito do filtrado no mais alto grau e estender o per\u00edodo de manuten\u00e7\u00e3o.<\/span><\/strong><\/span><\/p>\n<p style=\"text-align:center\"><span style=\"font-family:georgia,palatino\"><strong><span style=\"font-size:14px;color:#ff6600\"> <\/span><\/strong><\/span><\/p>\n<p style=\"text-align:center\"><span style=\"font-family:georgia,palatino\"><strong><span style=\"font-size:14px;color:#ff6600\">Pr\u00e1tico Usos:Para tornar a \u00e1gua do seu lago cristalina, <\/span><\/strong><\/span><\/p>\n<p style=\"text-align:center\"><span style=\"font-family:georgia,palatino\"><strong><span style=\"font-size:14px;color:#ff6600\">mais adequada para o crescimento saud\u00e1vel de peixes e plantas!<\/span><\/strong><\/span><\/p>\n<p style=\"text-align:center\"><img decoding=\"async\" alt=\"9000L\/h Koi Pond Canister Bio Press Filter CPF-5000\" src=\"http:\/\/localhost\/media\/import\/detail\/534510588_466.jpg\"><\/p>\n<p style=\"text-align:center\"><img decoding=\"async\" alt=\"9000L\/h Koi Pond Canister Bio Press Filter CPF-5000\" src=\"http:\/\/localhost\/media\/import\/detail\/534511038_451.jpg\"><\/p>\n<p style=\"text-align:center\">\n","protected":false},"excerpt":{"rendered":"<p>Filtro de imprensa bio CPF-5000 da vasilha da lagoa de Koi 9000L\/h<\/p>\n","protected":false},"featured_media":5162,"comment_status":"open","ping_status":"closed","template":"","meta":[],"product_brand":[],"product_cat":[1374],"product_tag":[],"class_list":{"0":"post-35408","1":"product","2":"type-product","3":"status-publish","4":"has-post-thumbnail","6":"product_cat-bombas-de-agua-e-cabecas-poderosas","8":"first","9":"instock","10":"shipping-taxable","11":"purchasable","12":"product-type-simple"},"_links":{"self":[{"href":"https:\/\/www.myaquastore.com\/pt-br\/wp-json\/wp\/v2\/product\/35408","targetHints":{"allow":["GET"]}}],"collection":[{"href":"https:\/\/www.myaquastore.com\/pt-br\/wp-json\/wp\/v2\/product"}],"about":[{"href":"https:\/\/www.myaquastore.com\/pt-br\/wp-json\/wp\/v2\/types\/product"}],"replies":[{"embeddable":true,"href":"https:\/\/www.myaquastore.com\/pt-br\/wp-json\/wp\/v2\/comments?post=35408"}],"wp:featuredmedia":[{"embeddable":true,"href":"https:\/\/www.myaquastore.com\/pt-br\/wp-json\/wp\/v2\/media\/5162"}],"wp:attachment":[{"href":"https:\/\/www.myaquastore.com\/pt-br\/wp-json\/wp\/v2\/media?parent=35408"}],"wp:term":[{"taxonomy":"product_brand","embeddable":true,"href":"https:\/\/www.myaquastore.com\/pt-br\/wp-json\/wp\/v2\/product_brand?post=35408"},{"taxonomy":"product_cat","embeddable":true,"href":"https:\/\/www.myaquastore.com\/pt-br\/wp-json\/wp\/v2\/product_cat?post=35408"},{"taxonomy":"product_tag","embeddable":true,"href":"https:\/\/www.myaquastore.com\/pt-br\/wp-json\/wp\/v2\/product_tag?post=35408"}],"curies":[{"name":"wp","href":"https:\/\/api.w.org\/{rel}","templated":true}]}}