{"id":35416,"date":"2016-09-25T23:28:21","date_gmt":"2016-09-25T23:28:21","guid":{"rendered":"https:\/\/www.myaquastore.com\/product\/filtro-canister-para-aquario-sunsun-2000l-h-hw-404a\/"},"modified":"2025-03-16T08:37:35","modified_gmt":"2025-03-16T08:37:35","slug":"filtro-canister-para-aquario-sunsun-2000l-h-hw-404a","status":"publish","type":"product","link":"https:\/\/www.myaquastore.com\/pt-br\/produto\/filtro-canister-para-aquario-sunsun-2000l-h-hw-404a\/","title":{"rendered":"Filtro canister para aqu\u00e1rio SUNSUN 2000L\/h HW-404A"},"content":{"rendered":"<div style=\"clear:both\"><\/div>\n<div style=\"font-size:13px;font-family:Arial, Helvetica, sans-serif;color:#000000;width:726px\"> <\/div>\n<div id=\"ali-anchor-AliPostDhMb-zquwk\" style=\"padding-top:8px\" data-section=\"AliPostDhMb-zquwk\" data-section-title=\"Dicas de compra\">\n<div id=\"ali-title-AliPostDhMb-zquwk\" style=\"border-bottom:#ddd 1px solid;padding-bottom:8px;padding-top:8px;padding-left:0px;padding-right:0px\"><span style=\"font-weight:bold;color:#333;padding-bottom:8px;padding-top:8px;padding-left:10px;line-height:12px;padding-right:10px;background-color:#ddd\">Dicas de compra<\/span><\/div>\n<div style=\"padding-bottom:10px;padding-top:10px;padding-left:0px;padding-right:0px\">\n<p><span style=\"color:#ff0000\"><strong><span style=\"font-size:14px\">Dicas:<\/span><\/strong><\/span><br \/><span style=\"font-size:14px\">se voc\u00ea comprou um certo n\u00famero de produtos,<\/span><br \/><span style=\"font-size:14px\">Podemos oferecer-lhe amostras gr\u00e1tis,<\/span><br \/><span style=\"font-size:14px\">Para mais detalhes, consulte-nos.<\/span><\/p>\n<\/div>\n<\/div>\n<p style=\"text-align:center\">\n<p style=\"background-color:#f5f5f5\"><span style=\"font-size:16px;font-family:'arial black', 'avant garde';line-height:24px\"><span style=\"font-family:arial, helvetica, sans-serif;color:#3366ff;line-height:24px\"><strong><span style=\"color:#ff0000;line-height:24px\"><strong><span style=\"font-size:18px;line-height:27px\">SUNSUN Seis tipos de produtos<\/span><\/strong><\/span><br \/>Clique para visualizar<\/strong><\/span> <span style=\"font-size:24px;line-height:36px\"> <\/span><\/span><\/p>\n<p style=\"text-align:center\">\n<table border=\"9\">\n<tbody>\n<tr>\n<td><span style=\"font-size:10px;font-family:arial, helvetica, sans-serif;line-height:18px\"><strong>aqu\u00e1rio<\/strong><\/span><\/td>\n<td><span style=\"font-size:10px;font-family:arial, helvetica, sans-serif;line-height:18px\"><strong><span style=\"line-height:24px\"> <a title=\"Todos os tipos de aqu\u00e1rio\" href=\"http:\/\/gzweierma.en.alibaba.com\/productgrouplist-215150017\/Aquarium.html\" target=\"_blank\"><span style=\"line-height:24px\">Todos os tipos de peixes tanque<\/span><\/a><\/span><\/strong><\/span><\/td>\n<\/tr>\n<tr>\n<td><span style=\"font-family:Arial, Helvetica, sans-serif;font-weight:bold;color:#333333;line-height:20px\">Equipamento aqu\u00e1tico<\/span><\/td>\n<td>\n<p><strong><span style=\"line-height:20px\"><span style=\"font-family:Arial, Helvetica, sans-serif;color:#333333;line-height:28px\"><span style=\"line-height:20px\"> <span style=\"line-height:20px\"><a title=\"Filtro externo de aqu\u00e1rio\" href=\"http:\/\/gzweierma.en.alibaba.com\/productgrouplist-215139384\/External_Filter.html\" target=\"_blank\">Filtro externo de aqu\u00e1rio<\/a> \/ <a title=\"Aquarium Wave Maker\" href=\"http:\/\/gzweierma.en.alibaba.com\/productgrouplist-215139388\/Wave_Maker.html\" target=\"_blank\"> <\/a><span style=\"line-height:20px\"><a title=\"Aquarium Wave Maker\" href=\"http:\/\/gzweierma.en.alibaba.com\/productgrouplist-215139388\/Wave_Maker.html\" target=\"_blank\">Wave Maker<\/a> \/ <a title=\"Bomba de \u00e1gua submers\u00edvel para aqu\u00e1rio\" href=\"http:\/\/gzweierma.en.alibaba.com\/productgrouplist-215139378\/Submersible_Water_Pump.html\" target=\"_blank\">Aqu\u00e1rio <\/a><span style=\"line-height:20px\"><a title=\"Bomba de \u00e1gua submers\u00edvel para aqu\u00e1rio\" href=\"http:\/\/gzweierma.en.alibaba.com\/productgrouplist-215139378\/Submersible_Water_Pump.html\" target=\"_blank\">Bomba de \u00e1gua submers\u00edvel<\/a> \/ <a title=\"Bomba de filtro submers\u00edvel para aqu\u00e1rio\" href=\"http:\/\/gzweierma.en.alibaba.com\/productgrouplist-215139379\/Submersible_Filter_Pump.html\" target=\"_blank\">aqu\u00e1rio <\/a><span style=\"line-height:20px\"><a title=\"Bomba de filtro submers\u00edvel para aqu\u00e1rio\" href=\"http:\/\/gzweierma.en.alibaba.com\/productgrouplist-215139379\/Submersible_Filter_Pump.html\" target=\"_blank\">Bomba de filtro submers\u00edvel<\/a> \/ <\/span><\/span><\/span><\/span><\/span><\/span><\/span><\/strong><strong><span style=\"line-height:20px\"><span style=\"font-family:Arial, Helvetica, sans-serif;color:#333333;line-height:28px\"><span style=\"line-height:20px\"><span style=\"line-height:20px\"><span style=\"line-height:20px\"><span style=\"line-height:20px\"><span style=\"line-height:20px\"><span style=\"line-height:20px\"><a title=\" Filtro UV interno\" href=\"http:\/\/gzweierma.en.alibaba.com\/productgrouplist-215139383\/Inernal_UV_Filter.html\" target=\"_blank\">Filtro UV interno<\/a> \/ <span style=\"line-height:20px\"><a title=\"Hang On Filter\" href=\"http:\/\/gzweierma.en.alibaba.com\/productgrouplist-215139387\/Hang_On_Filter.html\" target=\"_blank\">Filtro Hang On<\/a> \/ <span style=\"line-height:20px\"><a title=\" Luz de aqu\u00e1rio \" href=\"http:\/\/gzweierma.en.alibaba.com\/productgrouplist-215139390\/Aquarium_Light.html\" target=\"_blank\">Luz de aqu\u00e1rio<\/a> \/ <a title=\"Bomba de ar para aqu\u00e1rio \" href=\"http:\/\/gzweierma.en.alibaba.com\/productgrouplist-800278787\/Air_Pump.html\" target=\"_blank\">Aqu\u00e1rio <\/a><span style=\"line-height:20px\"><a title=\"Bomba de ar para aqu\u00e1rio \" href=\"http:\/\/gzweierma.en.alibaba.com\/productgrouplist-800278787\/Air_Pump.html\" target=\"_blank\">Bomba de ar<\/a> \/ <a title=\"Aquecedor de aqu\u00e1rio\" href=\"http:\/\/gzweierma.en.alibaba.com\/productgrouplist-800285597\/Heater.html\" target=\"_blank\">Aqu\u00e1rio <span style=\"color:#333333;line-height:20px\">Aquecedor<\/span><\/a><\/span><\/span><\/span><\/span><\/span><\/span><\/span><\/span><\/span><\/span><\/span><\/strong><\/p>\n<\/td>\n<\/tr>\n<tr>\n<td><strong>bomba de \u00e1gua<\/strong><\/td>\n<td>\n<p><span style=\"font-size:10px;font-family:arial, helvetica, sans-serif;line-height:18px\"><strong> <span style=\"line-height:20px\"><a title=\"Bomba de fonte submers\u00edvel\" href=\"http:\/\/gzweierma.en.alibaba.com\/productgrouplist-215139457\/Submersible_Fountain_Pump.html\" target=\"_blank\">Bomba de fonte submers\u00edvel<\/a> \/ <span style=\"font-family:Arial, Helvetica, sans-serif;color:#333333;line-height:28px\"><a title=\"Bomba submers\u00edvel multifuncional\" href=\"http:\/\/gzweierma.en.alibaba.com\/productgrouplist-800287942\/Multi_function_Submersible_Pump.html\" target=\"_blank\">Bomba submers\u00edvel multifuncional<\/a> \/ <span style=\"line-height:20px\"><a title=\"Bomba anf\u00edbia terrestre\" href=\"http:\/\/gzweierma.en.alibaba.com\/productgrouplist-215139448\/Land_Amphibious_Pump.html\" target=\"_blank\">Bomba anf\u00edbia terrestre<\/a> \/ <span style=\"line-height:20px\"><a title=\"Bomba de \u00e1gua ECO\" href=\"http:\/\/gzweierma.en.alibaba.com\/productgrouplist-215139454\/ECO_Water_Pump.html\" target=\"_blank\">Bomba de \u00e1gua ECO<\/a> \/ <\/span><\/span><\/span><\/span><\/strong><\/span><a title=\"Bomba de autocircula\u00e7\u00e3o para piscina \" href=\"http:\/\/gzweierma.en.alibaba.com\/productgrouplist-215139459\/Swimming_Pool_Self_Circulation_Pump.html\" target=\"_blank\"><strong><span style=\"line-height:20px\"><span style=\"font-family:Arial, Helvetica, sans-serif;color:#333333;line-height:28px\"><span style=\"line-height:20px\"><span style=\"line-height:20px\"><span style=\"line-height:20px\">Bomba de autocircula\u00e7\u00e3o para piscina <\/span><\/span><\/span><\/span><\/span><\/strong><\/a><\/p>\n<\/td>\n<\/tr>\n<tr>\n<td><span style=\"font-family:Arial, Helvetica, sans-serif;font-weight:bold;color:#333333;line-height:20px\">Lago e Jardim Equipamento<\/span><\/td>\n<td>\n<p> <a title=\"bomba de jardim\" href=\"http:\/\/gzweierma.en.alibaba.com\/productgrouplist-215139676\/Water_Pump.html\" target=\"_blank\">bomba de jardim<\/a> \/ <span style=\"font-family:Arial, Helvetica, sans-serif;font-weight:bold;color:#333333;line-height:20px\"><a title=\"Pond Bio Press Filter\" href=\"http:\/\/gzweierma.en.alibaba.com\/productgrouplist-215139687\/Pond_Bio_Press_Filter.html\" target=\"_blank\">Pond Bio Press Filter<\/a> \/ <span style=\"line-height:20px\"><a title=\"Pond Bio Filter\" href=\"http:\/\/gzweierma.en.alibaba.com\/productgrouplist-215139693\/Pond_Bio_Filter.html\" target=\"_blank\">Pond Bio Filter<\/a> \/ <a title=\" Esterilizador UV \" href=\"http:\/\/gzweierma.en.alibaba.com\/productgrouplist-215139685\/UV_Sterilizer.html\" target=\"_blank\"> <span style=\"color:#333333;line-height:20px\">Esterilizador UV <\/span><\/a> \/ <span style=\"line-height:20px\"><a title=\"L\u00e2mpada de lago e jardim\" href=\"http:\/\/gzweierma.en.alibaba.com\/productgrouplist-215139680\/Pond_Garden_Lamp.html\" target=\"_blank\">L\u00e2mpada de lago e jardim<\/a> \/ <\/span><\/span><\/span><\/p>\n<p><span style=\"font-family:Arial, Helvetica, sans-serif;font-weight:bold;color:#333333;line-height:20px\"><span style=\"line-height:20px\"><span style=\"line-height:20px\"><span style=\"line-height:20px\"> <a title=\"Fonte flutuante e skimmer\" href=\"http:\/\/gzweierma.en.alibaba.com\/productgrouplist-800282427\/Float_Fountain_Skimmer.html\" target=\"_blank\">Fonte flutuante e skimmer<\/a><\/span><\/span><br \/><\/span><\/span><\/p>\n<\/td>\n<\/tr>\n<tr>\n<td>\n<p> <span style=\"font-family:Arial, Helvetica, sans-serif;font-weight:bold;color:#333333;line-height:20px\">Bomba de ar &amp;<\/span><\/p>\n<p><span style=\"font-family:Arial, Helvetica, sans-serif;font-weight:bold;color:#333333;line-height:20px\"> Ar Ventilador<\/span><\/p>\n<\/td>\n<td> <a title=\"Bomba de ar magn\u00e9tica AC DC\" href=\"http:\/\/gzweierma.en.alibaba.com\/productgrouplist-215139406\/DC_Magnetic_Air_Pump.html\" target=\"_blank\">AC <\/a><span style=\"font-family:Arial, Helvetica, sans-serif;font-weight:bold;color:#333333;line-height:20px\"><a title=\"Bomba de ar magn\u00e9tica AC DC\" href=\"http:\/\/gzweierma.en.alibaba.com\/productgrouplist-215139406\/DC_Magnetic_Air_Pump.html\" target=\"_blank\">Bomba de ar magn\u00e9tica DC<\/a> \/ <span style=\"line-height:20px\"><a title=\"Soprador de anel\/bomba de ar de carregamento girat\u00f3rio\" href=\"http:\/\/gzweierma.en.alibaba.com\/productgrouplist-215139410\/Ring_Blower_Whirl_Charging_Air_Pump.html\" target=\"_blank\">Soprador de anel\/bomba de ar de carregamento girat\u00f3rio<\/a> \/ <a title=\"Roots Air Blower\" href=\"http:\/\/gzweierma.en.alibaba.com\/productgrouplist-215139413\/Roots_Air_Blower.html\" target=\"_blank\"><span style=\"color:#333333;line-height:20px\">Roots Air Soprador<\/span><\/a><\/span><br \/><\/span><\/td>\n<\/tr>\n<tr>\n<td> <span style=\"font-family:Arial, Helvetica, sans-serif;font-weight:bold;color:#333333;line-height:20px\">Chiller<\/span><\/td>\n<td> <span style=\"font-family:Arial, Helvetica, sans-serif;font-weight:bold;color:#333333;line-height:20px\"><a title=\"Chiller\" href=\"http:\/\/gzweierma.en.alibaba.com\/productgrouplist-801773385\/Chiller.html\" target=\"_blank\">Chiller<\/a><\/p>\n<p><\/span><\/td>\n<\/tr>\n<\/tbody>\n<\/table>\n<p style=\"text-align:center\">\n<\/p>\n<p style=\"text-align:center\"><span style=\"font-size:18px\"><strong>Filtro de recipiente para aqu\u00e1rio SUNSUN 2000L\/h <\/strong><\/span><\/p>\n<p style=\"text-align:center\"><span style=\"font-size:18px\"><strong><img decoding=\"async\" alt=\"hw403B_01.jpg\" src=\"http:\/\/localhost\/media\/import\/detail\/HTB14TquFVXXXXaPXXXXq6xXFXXXb.jpg\"><img decoding=\"async\" alt=\"hw403B_02.jpg\" src=\"http:\/\/localhost\/media\/import\/detail\/HTB1X2EOFFXXXXazaVXXq6xXFXXXm.jpg\"><img decoding=\"async\" alt=\"hw403B_03.jpg\" src=\"http:\/\/localhost\/media\/import\/detail\/HTB1Yo4jFFXXXXcaapXXq6xXFXXXL.jpg\"><img decoding=\"async\" alt=\"hw403B_04.jpg\" src=\"http:\/\/localhost\/media\/import\/detail\/HTB1HRp3FFXXXXaCbpXXq6xXFXXXp.jpg\"><img decoding=\"async\" alt=\"hw403B_05.jpg\" src=\"http:\/\/localhost\/media\/import\/detail\/HTB1rgo1FFXXXXaoXpXXq6xXFXXXF.jpg\"><img decoding=\"async\" alt=\"hw403B_06.jpg\" src=\"http:\/\/localhost\/media\/import\/detail\/HTB1pUZRFXXXXXOaVXXq6xXFXXX4.jpg\"><\/strong><\/span><\/p>\n<div style=\"clear:both\"><\/div>\n","protected":false},"excerpt":{"rendered":"<p>Filtro canister para aqu\u00e1rio SUNSUN 2000L\/h HW-404A<\/p>\n","protected":false},"featured_media":5178,"comment_status":"open","ping_status":"closed","template":"","meta":[],"product_brand":[],"product_cat":[1374],"product_tag":[],"class_list":{"0":"post-35416","1":"product","2":"type-product","3":"status-publish","4":"has-post-thumbnail","6":"product_cat-bombas-de-agua-e-cabecas-poderosas","8":"first","9":"instock","10":"shipping-taxable","11":"purchasable","12":"product-type-simple"},"_links":{"self":[{"href":"https:\/\/www.myaquastore.com\/pt-br\/wp-json\/wp\/v2\/product\/35416","targetHints":{"allow":["GET"]}}],"collection":[{"href":"https:\/\/www.myaquastore.com\/pt-br\/wp-json\/wp\/v2\/product"}],"about":[{"href":"https:\/\/www.myaquastore.com\/pt-br\/wp-json\/wp\/v2\/types\/product"}],"replies":[{"embeddable":true,"href":"https:\/\/www.myaquastore.com\/pt-br\/wp-json\/wp\/v2\/comments?post=35416"}],"wp:featuredmedia":[{"embeddable":true,"href":"https:\/\/www.myaquastore.com\/pt-br\/wp-json\/wp\/v2\/media\/5178"}],"wp:attachment":[{"href":"https:\/\/www.myaquastore.com\/pt-br\/wp-json\/wp\/v2\/media?parent=35416"}],"wp:term":[{"taxonomy":"product_brand","embeddable":true,"href":"https:\/\/www.myaquastore.com\/pt-br\/wp-json\/wp\/v2\/product_brand?post=35416"},{"taxonomy":"product_cat","embeddable":true,"href":"https:\/\/www.myaquastore.com\/pt-br\/wp-json\/wp\/v2\/product_cat?post=35416"},{"taxonomy":"product_tag","embeddable":true,"href":"https:\/\/www.myaquastore.com\/pt-br\/wp-json\/wp\/v2\/product_tag?post=35416"}],"curies":[{"name":"wp","href":"https:\/\/api.w.org\/{rel}","templated":true}]}}