{"id":35419,"date":"2016-09-25T23:28:22","date_gmt":"2016-09-25T23:28:22","guid":{"rendered":"https:\/\/www.myaquastore.com\/product\/lw-104b-preto-pp-carvao-ativado-uv-filtro-canister-aquario-externo\/"},"modified":"2025-03-16T08:37:36","modified_gmt":"2025-03-16T08:37:36","slug":"lw-104b-preto-pp-carvao-ativado-uv-filtro-canister-aquario-externo","status":"publish","type":"product","link":"https:\/\/www.myaquastore.com\/pt-br\/produto\/lw-104b-preto-pp-carvao-ativado-uv-filtro-canister-aquario-externo\/","title":{"rendered":"LW-104B preto PP Carv\u00e3o Ativado UV filtro canister aqu\u00e1rio externo"},"content":{"rendered":"<div style=\"clear:both\"><\/div>\n<p style=\"text-align:center\">\n<div id=\"ali-anchor-AliPostDhMb-ay8ur\" style=\"padding-top:8px\" data-section-title=\"name\" data-section=\"AliPostDhMb-ay8ur\">\n<div id=\"ali-title-AliPostDhMb-ay8ur\" style=\"border-bottom:#ddd 1px solid;padding-bottom:8px;padding-top:8px;padding-left:0px;padding-right:0px\"><span style=\"font-weight:bold;color:#333;padding-bottom:8px;padding-top:8px;padding-left:10px;line-height:12px;padding-right:10px;background-color:#ddd\">nome<\/span><\/div>\n<div style=\"padding-bottom:10px;padding-top:10px;padding-left:0px;padding-right:0px\">\n<p><img decoding=\"async\" alt=\"LW-104B preto PP carv\u00e3o ativado UV tanque de peixes filtro externo de aqu\u00e1rio\" src=\"http:\/\/localhost\/media\/import\/detail\/HTB11qiMJVXXXXXWXVXXq6xXFXXXQ.jpg\"><span> <\/span><\/p>\n<\/div>\n<\/div>\n<p style=\"text-align:center\"><span style=\"font-size:14px;color:#000000;background-color:#ffffff\"><span style=\"font-size:18px\"><span style=\"font-size:24px\"><strong>LW-104B preto PP carv\u00e3o ativado UV filtro canister para aqu\u00e1rio externo<\/strong> <\/span><\/span><strong><\/strong><\/span><\/p>\n<p style=\"text-align:center\">\n<div id=\"ali-anchor-AliPostDhMb-fdqv2\" style=\"padding-top:8px\" data-section-title=\"Descri\u00e7\u00e3o do produto\" data-section=\"AliPostDhMb-fdqv2\">\n<div id=\"ali-title-AliPostDhMb-fdqv2\" style=\"border-bottom:#ddd 1px solid;padding-bottom:8px;padding-top:8px;padding-left:0px;padding-right:0px\"><span style=\"font-weight:bold;color:#333;padding-bottom:8px;padding-top:8px;padding-left:10px;line-height:12px;padding-right:10px;background-color:#ddd\">Descri\u00e7\u00e3o do produto<\/span><\/div>\n<div style=\"padding-bottom:10px;padding-top:10px;padding-left:0px;padding-right:0px\">\n<\/div>\n<\/div>\n<p style=\"text-align:center\"><span style=\"font-size:14px\"><span style=\"color:#000000\"><strong><br \/><\/strong><\/span><\/span><\/p>\n<p style=\"text-align:left\"><span style=\"font-size:16px;color:#000000;background-color:#ffffff\"><strong>Par\u00e2metros do aqu\u00e1rio da s\u00e9rie HW-302:<\/strong><\/span><\/p>\n<table class=\"aliDataTable\" style=\"height:190px;float:left;width:750px\" border=\"5\">\n<tbody>\n<tr>\n<td style=\"text-align:center\"><strong>Modelo<\/strong><\/td>\n<td style=\"text-align:center\"><strong>Tens\u00e3o<\/strong><\/td>\n<td style=\"text-align:center\"><strong>Frequ\u00eancia<\/strong><\/td>\n<td style=\"text-align:center\"><strong>Pot\u00eancia<\/strong><\/td>\n<td style=\"text-align:center\"><strong>Pot\u00eancia UV<\/strong><\/td>\n<td style=\"text-align:center\"><strong>H-max<\/strong><\/td>\n<td style=\"text-align:center\"><strong>Sa\u00edda<\/strong><\/td>\n<td style=\"text-align:center\"><strong>Peso<\/strong><\/td>\n<td style=\"text-align:center\"><strong>Dimens\u00f5es<\/strong><\/td>\n<\/tr>\n<tr>\n<td style=\"text-align:center\">LW-102<\/td>\n<td style=\"text-align:center\">110V\/220V\/240V<\/td>\n<td style=\"text-align:center\">50Hz\/60Hz<\/td>\n<td style=\"text-align:center\">18W<\/td>\n<td style=\"text-align:center\">\/<\/td>\n<td style=\"text-align:center\">1,4m<\/td>\n<td style=\"text-align:center\">1000L\/h<\/td>\n<td style=\"text-align:center\">3,5kg<\/td>\n<td style=\"text-align:center\">232*232*395mm<\/td>\n<\/tr>\n<tr>\n<td style=\"text-align:center\">LW-103A<\/td>\n<td style=\"text-align:center\">110V\/220V\/240V<\/td>\n<td style=\"text-align:center\">50Hz\/60Hz<\/td>\n<td style=\"text-align:center\">35W<\/td>\n<td style=\"text-align:center\">\/<\/td>\n<td style=\"text-align:center\">2,0m<\/td>\n<td style=\"text-align:center\">1400L\/h<\/td>\n<td style=\"text-align:center\">4,5kg<\/td>\n<td style=\"text-align:center\">258*258*430mm<\/td>\n<\/tr>\n<tr>\n<td style=\"text-align:center\">LW-103B<\/td>\n<td style=\"text-align:center\">110V\/220V\/240V<\/td>\n<td style=\"text-align:center\">50Hz\/60Hz<\/td>\n<td style=\"text-align:center\">35W<\/td>\n<td style=\"text-align:center\">5W\/7W\/9W<\/td>\n<td style=\"text-align:center\">2,0m<\/td>\n<td style=\"text-align:center\">1400L\/h<\/td>\n<td style=\"text-align:center\">5,0kg<\/td>\n<td style=\"text-align:center\">258*258*430mm<\/td>\n<\/tr>\n<tr>\n<td style=\"text-align:center\">LW-104A<\/td>\n<td style=\"text-align:center\">110V\/220V\/240V<\/td>\n<td style=\"text-align:center\">50Hz\/60Hz<\/td>\n<td style=\"text-align:center\">55W<\/td>\n<td style=\"text-align:center\">\/<\/td>\n<td style=\"text-align:center\">2,5m<\/td>\n<td style=\"text-align:center\">2000L\/h<\/td>\n<td style=\"text-align:center\">5,5kg<\/td>\n<td style=\"text-align:center\">290*290*485mm<\/td>\n<\/tr>\n<tr>\n<td style=\"text-align:center\">LW-104B<\/td>\n<td style=\"text-align:center\">110V\/220V\/240V<\/td>\n<td style=\"text-align:center\">50Hz\/60Hz<\/td>\n<td style=\"text-align:center\">55W<\/td>\n<td style=\"text-align:center\">5W\/7W\/9W<\/td>\n<td style=\"text-align:center\">2,5m<\/td>\n<td style=\"text-align:center\">2000L\/h<\/td>\n<td style=\"text-align:center\">6,0kg<\/td>\n<td style=\"text-align:center\">290*290*485mm<\/td>\n<\/tr>\n<\/tbody>\n<\/table>\n<p style=\"text-align:left\"> <img decoding=\"async\" alt=\"LW-104B preto PP carv\u00e3o ativado filtro UV para tanque de peixes externo para aqu\u00e1rio\" src=\"http:\/\/localhost\/media\/import\/detail\/HTB1Dl6NGVXXXXXeXXXXq6xXFXXXo.jpg\"><img decoding=\"async\" alt=\"LW-104B preto PP Carv\u00e3o Ativado UV filtro canister externo para aqu\u00e1rio\" src=\"http:\/\/localhost\/media\/import\/detail\/HTB1RtvBGVXXXXcuaXXXq6xXFXXXl.jpg\"><img decoding=\"async\" alt=\"LW-104B preto PP carv\u00e3o ativado filtro de tanque de peixes UV externo para aqu\u00e1rio\" src=\"http:\/\/localhost\/media\/import\/detail\/HTB1XeLHGVXXXXc2XFXXq6xXFXXXF.jpg\"><img decoding=\"async\" alt=\"LW-104B preto PP carv\u00e3o ativado filtro de tanque de peixes UV externo para aqu\u00e1rio\" src=\"http:\/\/localhost\/media\/import\/detail\/HTB1Pq2HGVXXXXc.XFXXq6xXFXXXV.jpg\"><img decoding=\"async\" alt=\"LW-104B preto PP carv\u00e3o ativado filtro UV para aqu\u00e1rio externo\" src=\"http:\/\/localhost\/media\/import\/detail\/HTB1d_6MGVXXXXbyXXXXq6xXFXXXl.jpg\"><\/p>\n<\/p>\n<div id=\"ali-anchor-AliPostDhMb-rh8e2\" style=\"padding-top:8px\" data-section-title=\"Informa\u00e7\u00f5es da empresa\" data-section=\"AliPostDhMb-rh8e2\">\n<div id=\"ali-title-AliPostDhMb-rh8e2\" style=\"border-bottom:#ddd 1px solid;padding-bottom:8px;padding-top:8px;padding-left:0px;padding-right:0px\"> <\/div>\n<\/div>\n<div style=\"clear:both\"><strong><span style=\"background-color:#dddddd;color:#333333\"><\/span><\/strong><\/div>\n","protected":false},"excerpt":{"rendered":"<p>LW-104B preto PP Carv\u00e3o Ativado UV filtro canister aqu\u00e1rio externo<\/p>\n","protected":false},"featured_media":5184,"comment_status":"open","ping_status":"closed","template":"","meta":[],"product_brand":[],"product_cat":[1374],"product_tag":[],"class_list":{"0":"post-35419","1":"product","2":"type-product","3":"status-publish","4":"has-post-thumbnail","6":"product_cat-bombas-de-agua-e-cabecas-poderosas","8":"first","9":"instock","10":"shipping-taxable","11":"purchasable","12":"product-type-simple"},"_links":{"self":[{"href":"https:\/\/www.myaquastore.com\/pt-br\/wp-json\/wp\/v2\/product\/35419","targetHints":{"allow":["GET"]}}],"collection":[{"href":"https:\/\/www.myaquastore.com\/pt-br\/wp-json\/wp\/v2\/product"}],"about":[{"href":"https:\/\/www.myaquastore.com\/pt-br\/wp-json\/wp\/v2\/types\/product"}],"replies":[{"embeddable":true,"href":"https:\/\/www.myaquastore.com\/pt-br\/wp-json\/wp\/v2\/comments?post=35419"}],"wp:featuredmedia":[{"embeddable":true,"href":"https:\/\/www.myaquastore.com\/pt-br\/wp-json\/wp\/v2\/media\/5184"}],"wp:attachment":[{"href":"https:\/\/www.myaquastore.com\/pt-br\/wp-json\/wp\/v2\/media?parent=35419"}],"wp:term":[{"taxonomy":"product_brand","embeddable":true,"href":"https:\/\/www.myaquastore.com\/pt-br\/wp-json\/wp\/v2\/product_brand?post=35419"},{"taxonomy":"product_cat","embeddable":true,"href":"https:\/\/www.myaquastore.com\/pt-br\/wp-json\/wp\/v2\/product_cat?post=35419"},{"taxonomy":"product_tag","embeddable":true,"href":"https:\/\/www.myaquastore.com\/pt-br\/wp-json\/wp\/v2\/product_tag?post=35419"}],"curies":[{"name":"wp","href":"https:\/\/api.w.org\/{rel}","templated":true}]}}