{"id":35423,"date":"2016-09-25T23:28:22","date_gmt":"2016-09-25T23:28:22","guid":{"rendered":"https:\/\/www.myaquastore.com\/product\/filtro-uv-interno-para-aquario-sunsun-hw-403b-torneira-de-desligamento-sem-gotejamento-para-facil-limpeza-adequada-para-tanques-de-ate-600-litros\/"},"modified":"2025-03-16T08:37:36","modified_gmt":"2025-03-16T08:37:36","slug":"filtro-uv-interno-para-aquario-sunsun-hw-403b-torneira-de-desligamento-sem-gotejamento-para-facil-limpeza-adequada-para-tanques-de-ate-600-litros","status":"publish","type":"product","link":"https:\/\/www.myaquastore.com\/pt-br\/produto\/filtro-uv-interno-para-aquario-sunsun-hw-403b-torneira-de-desligamento-sem-gotejamento-para-facil-limpeza-adequada-para-tanques-de-ate-600-litros\/","title":{"rendered":"Filtro uv interno para aqu\u00e1rio SUNSUN HW-403B Torneira de desligamento sem gotejamento para f\u00e1cil limpeza adequada para tanques de at\u00e9 600 litros"},"content":{"rendered":"<div style=\"clear:both\"><\/div>\n<p style=\"text-align:center\" align=\"left\"><strong><span style=\"font-size:24px\">Filtro UV interno para aqu\u00e1rio SUNSUN HW-403B <\/span><\/strong><\/p>\n<p data-section-blank=\"AliPostDhMb-q7phv\">\n<p style=\"text-align:center\">\n<div id=\"ali-anchor-AliPostDhMb-q7phv\" style=\"padding-top:8px\" data-section-title=\"Descri\u00e7\u00e3o do produto\" data-section=\"AliPostDhMb-q7phv\">\n<div id=\"ali-title-AliPostDhMb-q7phv\" style=\"border-bottom:#ddd 1px solid;padding-bottom:8px;padding-top:8px;padding-left:0px;padding-right:0px\"><span style=\"font-weight:bold;color:#333;padding-bottom:8px;padding-top:8px;padding-left:10px;line-height:12px;padding-right:10px;background-color:#ddd\">Descri\u00e7\u00e3o do produto<\/span><\/div>\n<div style=\"padding-bottom:10px;padding-top:10px;padding-left:0px;padding-right:0px\">\n<div style=\"height:42px;width:750px\">\n<div style=\"height:42px;float:left;width:25px;background-color:#00ccff\"> <\/div>\n<div style=\"height:30px;float:right;color:#ffffff;padding-bottom:5px;padding-top:5px;padding-left:0px;padding-right:0px;width:720px;background-color:#0099ff\">\n<div style=\"font-size:24px;border-top:#ffffff 1px s\u00f3lido\">Exibi\u00e7\u00e3o do produto<\/div>\n<\/div>\n<\/div>\n<\/div>\n<\/div>\n<p style=\"text-align:center\">\n<p data-section-blank=\"AliPostDhMb-q7phv\">\n<p style=\"text-align:center\" align=\"left\"><span style=\"font-family:arial,helvetica,sans-serif\"><strong><span style=\"font-size:16px;color:#ff6600\"><span style=\"color:#3366ff;background-color:#ffff00\"><br \/><\/span><\/span><\/strong><\/span><\/p>\n<p align=\"left\"><span style=\"font-family:arial,helvetica,sans-serif;color:#000000\"><strong><span style=\"font-size:16px\">1. Descri\u00e7\u00e3o do produto<\/span><\/strong><\/span><\/p>\n<p align=\"left\"><span style=\"font-family:arial,helvetica,sans-serif\"> <\/span><\/p>\n<p align=\"left\"><span style=\"font-family:arial,helvetica,sans-serif;color:#000000\"><span style=\"font-size:14px\">Esses filtros funcionam no mesmo princ\u00edpio dos filtros powerhead internos, mas s\u00e3o posicionados fora do <\/span><\/span><\/p>\n<p align=\"left\"><span style=\"font-family:arial,helvetica,sans-serif;color:#000000\"><span style=\"font-size:14px\">tanque e puxam \u00e1gua para o filtro atrav\u00e9s de um tubo de entrada e retornam a \u00e1gua atrav\u00e9s de um tubo de sa\u00edda. O<\/span><\/span><\/p>\n<p align=\"left\"><span style=\"font-family:arial,helvetica,sans-serif;color:#000000\"><span style=\"font-size:14px\">tubo de sa\u00edda <\/span><span style=\"font-size:14px\">est\u00e1 equipado com uma barra de pulveriza\u00e7\u00e3o para aumentar a aera\u00e7\u00e3o dentro do seu tanque. Esses tipos de filtros externos <\/span><\/span><\/p>\n<p align=\"left\"><span style=\"font-family:arial,helvetica,sans-serif;color:#000000\"><span style=\"font-size:14px\">evitam a necessidade de um filtro desagrad\u00e1vel dentro do tanque e a capacidade da m\u00eddia \u00e9 muito maior que a interna <\/span><\/span><\/p>\n<p align=\"left\"><span style=\"font-family:arial,helvetica,sans-serif;color:#000000\"><span style=\"font-size:14px\">filtros e, portanto, s\u00e3o adequados para tanques muito maiores.<\/span><\/span><\/p>\n<p align=\"left\"><span style=\"font-family:arial,helvetica,sans-serif\"> <\/span><\/p>\n<p align=\"left\"><span style=\"font-family:arial,helvetica,sans-serif;color:#000000\"><strong><span style=\"font-size:16px\">2. Recursos<\/span><\/strong><\/span><\/p>\n<p align=\"left\"><span style=\"font-family:arial,helvetica,sans-serif\"> <\/span><\/p>\n<p align=\"left\"><span style=\"font-size:14px;font-family:arial,helvetica,sans-serif;color:#000000\">Filtro canister para aqu\u00e1rio HW-403A:<\/span><\/p>\n<p style=\"background:branco\"><span style=\"font-family:arial,helvetica,sans-serif\"> <\/span><\/p>\n<p style=\"background:white\"><span style=\"font-size:14px;font-family:arial,helvetica,sans-serif;color:#000000\">1. Torneira de fechamento sem gotejamento para f\u00e1cil limpeza<br \/>2. Adequado para tanques de at\u00e9 600 litros<br \/>3. Unidade autoescorvante &#8211; configura\u00e7\u00e3o simples<br \/>4. P\u00e9s de borracha para reduzir a vibra\u00e7\u00e3o<\/span><\/p>\n<p style=\"background:white\"><span style=\"font-size:14px;font-family:arial,helvetica,sans-serif;color:#000000\">5. Tr\u00eas compartimentos de cesta de m\u00eddia filtrante para filtragem em camadas <\/span><\/p>\n<p align=\"left\"><span style=\"font-family:arial,helvetica,sans-serif\"> <\/span><\/p>\n<p align=\"left\"><span style=\"font-family:arial,helvetica,sans-serif;color:#000000\"><strong><span>3. Detalhes do filtro canister para aqu\u00e1rio HW-403A<\/span><\/strong><\/span><strong><span style=\"font-size:16px;font-family:comic sans ms, sans-serif;color:#ff6600\"><br \/><\/span><\/strong><\/p>\n<p align=\"left\">\n<div align=\"left\">\n<table class=\"aliDataTable\" border=\"5\">\n<tbody>\n<tr>\n<td style=\"text-align:center\"><strong>Modelo<\/strong><\/td>\n<td style=\"text-align:center\"><strong>Tens\u00e3o<\/strong><\/td>\n<td style=\"text-align:center\"><strong>Frequ\u00eancia<\/strong><\/td>\n<td style=\"text-align:center\"><strong>Pot\u00eancia<\/strong><\/td>\n<td style=\"text-align:center\"><strong>Pot\u00eancia UV<\/strong><\/td>\n<td style=\"text-align:center\"><strong>H-max<\/strong><\/td>\n<td style=\"text-align:center\"><strong>Sa\u00edda<\/strong><\/td>\n<td style=\"text-align:center\"><strong>Peso<\/strong><\/td>\n<td style=\"text-align:center\"><strong>Dimens\u00f5es<\/strong><\/td>\n<\/tr>\n<tr>\n<td style=\"text-align:center\">HW-402A<\/td>\n<td style=\"text-align:center\">110V\/220V\/240V<\/td>\n<td style=\"text-align:center\">50Hz\/60Hz<\/td>\n<td style=\"text-align:center\">18W<\/td>\n<td style=\"text-align:center\">\/<\/td>\n<td style=\"text-align:center\">1,4m<\/td>\n<td style=\"text-align:center\">1000L\/h<\/td>\n<td style=\"text-align:center\">3,5kg<\/td>\n<td style=\"text-align:center\">232*232*395mm<\/td>\n<\/tr>\n<tr>\n<td style=\"text-align:center\">HW-402B<\/td>\n<td style=\"text-align:center\">110V\/220V\/240V<\/td>\n<td style=\"text-align:center\">50Hz\/60Hz<\/td>\n<td style=\"text-align:center\">18W<\/td>\n<td style=\"text-align:center\">5W\/7W\/9W<\/td>\n<td style=\"text-align:center\">1,4m<\/td>\n<td style=\"text-align:center\">1000L\/h<\/td>\n<td style=\"text-align:center\">4kg<\/td>\n<td style=\"text-align:center\">232*232*395mm<\/td>\n<\/tr>\n<tr>\n<td style=\"text-align:center\"><strong><span style=\"color:#ff6600\">HW-403A<\/span><\/strong><\/td>\n<td style=\"text-align:center\">110V\/220V\/240V<\/td>\n<td style=\"text-align:center\">50Hz\/60Hz<\/td>\n<td style=\"text-align:center\">35W<\/td>\n<td style=\"text-align:center\">\/<\/td>\n<td style=\"text-align:center\">2,0m<\/td>\n<td style=\"text-align:center\">1400L\/h<\/td>\n<td style=\"text-align:center\">4,5kg<\/td>\n<td style=\"text-align:center\">258*258*430mm<\/td>\n<\/tr>\n<tr>\n<td style=\"text-align:center\">HW-403B<\/td>\n<td style=\"text-align:center\">110V\/220V\/240V<\/td>\n<td style=\"text-align:center\">50Hz\/60Hz<\/td>\n<td style=\"text-align:center\">35W<\/td>\n<td style=\"text-align:center\">5W\/7W\/9W<\/td>\n<td style=\"text-align:center\">2,0m<\/td>\n<td style=\"text-align:center\">1400L\/h<\/td>\n<td style=\"text-align:center\">5,0kg<\/td>\n<td style=\"text-align:center\">258*258*430mm<\/td>\n<\/tr>\n<tr>\n<td style=\"text-align:center\">HW-404A<\/td>\n<td style=\"text-align:center\">110V\/220V\/240V<\/td>\n<td style=\"text-align:center\">50Hz\/60Hz<\/td>\n<td style=\"text-align:center\">55W<\/td>\n<td style=\"text-align:center\">\/<\/td>\n<td style=\"text-align:center\">2,5m<\/td>\n<td style=\"text-align:center\">2000L\/h<\/td>\n<td style=\"text-align:center\">5,5kg<\/td>\n<td style=\"text-align:center\">290*290*485mm<\/td>\n<\/tr>\n<tr>\n<td style=\"text-align:center\">HW-404B<\/td>\n<td style=\"text-align:center\">110V\/220V\/240V<\/td>\n<td style=\"text-align:center\">50Hz\/60Hz<\/td>\n<td style=\"text-align:center\">55W<\/td>\n<td style=\"text-align:center\">5W\/7W\/9W<\/td>\n<td style=\"text-align:center\">2,5m<\/td>\n<td style=\"text-align:center\">2000L\/h<\/td>\n<td style=\"text-align:center\">6,0kg<\/td>\n<td style=\"text-align:center\">290*290*485mm<\/td>\n<\/tr>\n<\/tbody>\n<\/table>\n<\/div>\n<p align=\"left\">\n<p align=\"left\"> <img decoding=\"async\" alt=\"Filtro UV interno para aqu\u00e1rio SUNSUN HW-403B\" src=\"http:\/\/localhost\/media\/import\/detail\/HTB1eNEYFFXXXXaAXpXXq6xXFXXXt.jpg\"><img decoding=\"async\" alt=\"Filtro UV interno para aqu\u00e1rio SUNSUN HW-403B\" src=\"http:\/\/localhost\/media\/import\/detail\/HTB1X2EOFFXXXXazaVXXq6xXFXXXm.jpg\"><img decoding=\"async\" alt=\"Filtro UV interno para aqu\u00e1rio SUNSUN HW-403B\" src=\"http:\/\/localhost\/media\/import\/detail\/HTB1Yo4jFFXXXXcaapXXq6xXFXXXL.jpg\"><img decoding=\"async\" alt=\"Filtro UV interno para aqu\u00e1rio SUNSUN HW-403B\" src=\"http:\/\/localhost\/media\/import\/detail\/HTB1HRp3FFXXXXaCbpXXq6xXFXXXp.jpg\"><img decoding=\"async\" alt=\"Filtro UV interno para aqu\u00e1rio SUNSUN HW-403B\" src=\"http:\/\/localhost\/media\/import\/detail\/HTB1rgo1FFXXXXaoXpXXq6xXFXXXF.jpg\"><img decoding=\"async\" alt=\"Filtro UV interno para aqu\u00e1rio SUNSUN HW-403B\" src=\"http:\/\/localhost\/media\/import\/detail\/HTB1pUZRFXXXXXOaVXXq6xXFXXX4.jpg\"><\/p>\n<p data-section-blank=\"AliPostDhMb-4r4mc\"><a href=\"http:\/\/preview.alibaba.com\/product\/1910287044-215139368\/SUNSUN_small_circulation_filter_with_UV_lamp_for_aquarium_tamk_HW_304B.html\" target=\"_blank\"><img loading=\"lazy\" decoding=\"async\" border=\"0\" alt=\"Filtro uv interno de aqu\u00e1rio SUNSUN HW-403B\" src=\"http:\/\/localhost\/media\/import\/detail\/HTB1Yy5JGXXXXXX_XVXXq6xXFXXXQ.jpg\" width=\"192\" height=\"300\"><\/a><a href=\"http:\/\/preview.alibaba.com\/product\/1153797440-215139368\/SUNSUN_external_aquarium_fish_tank_Filter_canister_UV_35w_1400L_h.html\" target=\"_blank\"><img loading=\"lazy\" decoding=\"async\" border=\"0\" alt=\"Filtro uv interno para aqu\u00e1rio SUNSUN HW-403B\" src=\"http:\/\/localhost\/media\/import\/detail\/HTB1dVyMGXXXXXXoXVXXq6xXFXXXR.jpg\" width=\"183\" height=\"300\"><\/a><a href=\"http:\/\/preview.alibaba.com\/product\/60028258767-215139368\/SUNSUN_HW_504B_aquarium_biological_fish_tank_filter.html\" target=\"_blank\"><img loading=\"lazy\" decoding=\"async\" border=\"0\" alt=\"Filtro uv interno do aqu\u00e1rio SUNSUN HW-403B\" src=\"http:\/\/localhost\/media\/import\/detail\/HTB1udqTGXXXXXa9XpXXq6xXFXXXe.jpg\" width=\"167\" height=\"300\"><\/a><a href=\"http:\/\/preview.alibaba.com\/product\/1909960811-215139368\/SUNSUN_New_External_Canister_Filter_with_UV_HW_603B.html\" target=\"_blank\"><img loading=\"lazy\" decoding=\"async\" border=\"0\" alt=\"Filtro UV interno para aqu\u00e1rio SUNSUN HW-403B\" src=\"http:\/\/localhost\/media\/import\/detail\/HTB1g7mzGXXXXXaxaXXXq6xXFXXXA.jpg\" width=\"208\" height=\"300\"><\/a> <\/p>\n<div id=\"ali-anchor-AliPostDhMb-4r4mc\" style=\"padding-top:8px\" data-section-title=\"Informa\u00e7\u00f5es da empresa\" data-section=\"AliPostDhMb-4r4mc\"> <\/div>\n","protected":false},"excerpt":{"rendered":"<p>Filtro uv interno para aqu\u00e1rio SUNSUN HW-403B Torneira de desligamento sem gotejamento para f\u00e1cil limpeza adequada para tanques de at\u00e9 600 litros<\/p>\n","protected":false},"featured_media":5192,"comment_status":"open","ping_status":"closed","template":"","meta":[],"product_brand":[],"product_cat":[1374],"product_tag":[],"class_list":{"0":"post-35423","1":"product","2":"type-product","3":"status-publish","4":"has-post-thumbnail","6":"product_cat-bombas-de-agua-e-cabecas-poderosas","8":"first","9":"instock","10":"shipping-taxable","11":"purchasable","12":"product-type-simple"},"_links":{"self":[{"href":"https:\/\/www.myaquastore.com\/pt-br\/wp-json\/wp\/v2\/product\/35423","targetHints":{"allow":["GET"]}}],"collection":[{"href":"https:\/\/www.myaquastore.com\/pt-br\/wp-json\/wp\/v2\/product"}],"about":[{"href":"https:\/\/www.myaquastore.com\/pt-br\/wp-json\/wp\/v2\/types\/product"}],"replies":[{"embeddable":true,"href":"https:\/\/www.myaquastore.com\/pt-br\/wp-json\/wp\/v2\/comments?post=35423"}],"wp:featuredmedia":[{"embeddable":true,"href":"https:\/\/www.myaquastore.com\/pt-br\/wp-json\/wp\/v2\/media\/5192"}],"wp:attachment":[{"href":"https:\/\/www.myaquastore.com\/pt-br\/wp-json\/wp\/v2\/media?parent=35423"}],"wp:term":[{"taxonomy":"product_brand","embeddable":true,"href":"https:\/\/www.myaquastore.com\/pt-br\/wp-json\/wp\/v2\/product_brand?post=35423"},{"taxonomy":"product_cat","embeddable":true,"href":"https:\/\/www.myaquastore.com\/pt-br\/wp-json\/wp\/v2\/product_cat?post=35423"},{"taxonomy":"product_tag","embeddable":true,"href":"https:\/\/www.myaquastore.com\/pt-br\/wp-json\/wp\/v2\/product_tag?post=35423"}],"curies":[{"name":"wp","href":"https:\/\/api.w.org\/{rel}","templated":true}]}}