{"id":35428,"date":"2016-09-25T23:28:22","date_gmt":"2016-09-25T23:28:22","guid":{"rendered":"https:\/\/www.myaquastore.com\/product\/acessorios-para-aquario-sunsun-aquecedor-500w-jrb-250-circuito-confiavel-e-materiais-altos-garantem-saida-de-calor\/"},"modified":"2025-03-16T08:37:38","modified_gmt":"2025-03-16T08:37:38","slug":"acessorios-para-aquario-sunsun-aquecedor-500w-jrb-250-circuito-confiavel-e-materiais-altos-garantem-saida-de-calor","status":"publish","type":"product","link":"https:\/\/www.myaquastore.com\/pt-br\/produto\/acessorios-para-aquario-sunsun-aquecedor-500w-jrb-250-circuito-confiavel-e-materiais-altos-garantem-saida-de-calor\/","title":{"rendered":"Acess\u00f3rios para aqu\u00e1rio SUNSUN Aquecedor 500w JRB-250 Circuito confi\u00e1vel e materiais altos garantem sa\u00edda de calor"},"content":{"rendered":"<div style=\"clear:both\"><\/div>\n<div style=\"font-size:13px;font-family:Arial, Helvetica, sans-serif;color:#000000;width:726px\">\n<div>\n<p data-section-blank=\"AliPostDhMb-wumou\">\n<table class=\"ke-zeroborder\" style=\"width:750px\" cellpadding=\"0\" border=\"0\">\n<tbody>\n<tr>\n<td><a href=\"http:\/\/preview.alibaba.com\/product\/60063538041-0\/SUNSUN_LT_201S_AC_DC_small_air_pump_aquarium_accessories_china.html\" target=\"_blank\"><img loading=\"lazy\" decoding=\"async\" border=\"0\" alt=\"Aquecedor de acess\u00f3rios para aqu\u00e1rio SUNSUN 500w JRB-250\" src=\"http:\/\/localhost\/media\/import\/detail\/HTB1WTg2GpXXXXbgXFXXq6xXFXXXf.jpg\" width=\"190\" height=\"300\"><\/a><\/td>\n<td><a href=\"http:\/\/preview.alibaba.com\/product\/699053747-215139368\/SUNSUN_High_Quality_Magnetic_Vibration_Air_pump_for_medical_YT_8000.html\" target=\"_blank\"><img loading=\"lazy\" decoding=\"async\" border=\"0\" alt=\"SUNSUN Aquarium Accessories Aquecedor 500w JRB-250\" src=\"http:\/\/localhost\/media\/import\/detail\/HTB1szpkGFXXXXakXXXXq6xXFXXXQ.jpg\" width=\"185\" height=\"300\"><\/a><\/td>\n<td><a href=\"http:\/\/preview.alibaba.com\/product\/60052355602-215139368\/SUNSUN_YT_301C_0_012MPa_0_15L_min_aquarium_mini_air_pump_compressor_aquarium.html\" target=\"_blank\"><img loading=\"lazy\" decoding=\"async\" border=\"0\" alt=\"SUNSUN Acess\u00f3rios para aqu\u00e1rio Aquecedor 500w JRB-250\" src=\"http:\/\/localhost\/media\/import\/detail\/HTB1mXM3GpXXXXaTXFXXq6xXFXXXZ.jpg\" width=\"189\" height=\"300\"><\/a><\/td>\n<td><a href=\"http:\/\/preview.alibaba.com\/product\/60052331307-215139368\/SUNSUN_JRB_Series_fish_aquarium_heater.html\" target=\"_blank\"><img loading=\"lazy\" decoding=\"async\" border=\"0\" alt=\"SUNSUN Acess\u00f3rios para aqu\u00e1rio Aquecedor 500w JRB-250\" src=\"http:\/\/localhost\/media\/import\/detail\/HTB1EMs2GpXXXXaIXFXXq6xXFXXXw.jpg\" width=\"186\" height=\"300\"><\/a><\/td>\n<\/tr>\n<\/tbody>\n<\/table>\n<\/div>\n<\/div>\n<div id=\"ali-anchor-AliPostDhMb-wumou\" style=\"padding-top:8px\" data-section-title=\"Descri\u00e7\u00e3o do produto\" data-section=\"AliPostDhMb-wumou\">\n<div id=\"ali-title-AliPostDhMb-wumou\" style=\"border-bottom:#ddd 1px solid;padding-bottom:8px;padding-top:8px;padding-left:0px;padding-right:0px\"><span style=\"font-weight:bold;color:#333;padding-bottom:8px;padding-top:8px;padding-left:10px;line-height:12px;padding-right:10px;background-color:#ddd\">Descri\u00e7\u00e3o do produto<\/span><\/div>\n<div style=\"padding-bottom:10px;padding-top:10px;padding-left:0px;padding-right:0px\">\n<div style=\"height:42px;width:750px\">\n<div style=\"height:42px;float:left;width:25px;background-color:#00ccff\"> <\/div>\n<div style=\"height:30px;float:right;color:#ffffff;padding-bottom:5px;padding-top:5px;padding-left:0px;padding-right:0px;width:720px;background-color:#0099ff\">\n<div style=\"font-size:24px;border-top:#ffffff 1px s\u00f3lido\">Exibi\u00e7\u00e3o do produto<\/div>\n<\/div>\n<\/div>\n<\/div>\n<\/div>\n<p><span style=\"font-size:8pt;color:#000000\"><strong>&#8212;&#8212;&#8212;&#8212;&#8212;&#8212;&#8212;&#8212;&#8212;&#8212;&#8212;&#8212;&#8212;&#8212;&#8212;&#8212;&#8212;&#8212;&#8212;&#8212;&#8212;&#8212;&#8212;&#8212;&#8212;&#8212;&#8212;&#8212;&#8212;&#8212;&#8212;&#8212;&#8212;&#8212;&#8212;&#8212;&#8212;&#8212;&#8212;&#8212;&#8212;&#8212;&#8212;&#8212;&#8211;<\/strong><\/span><\/p>\n<p><span style=\"font-size:18px;font-family:arial,helvetica,sans-serif;color:#000000\"><strong><img decoding=\"async\" alt=\"undefined\" src=\"http:\/\/localhost\/media\/import\/detail\/HTB1oYNkGFXXXXXdXFXXq6xXFXXXH.jpg\"><br \/><\/strong><\/span><\/p>\n<p><span style=\"font-size:18px;font-family:arial,helvetica,sans-serif;color:#000000\"><strong>SUNSUN Acess\u00f3rios para aqu\u00e1rio Aquecedor 500w JRB-250<\/strong><\/span><\/p>\n<\/p>\n<p><span style=\"font-size:18px;font-family:arial,helvetica,sans-serif;color:#000000\"><strong>Descri\u00e7\u00e3o dos produtos do aquecedor<\/strong><\/span><\/p>\n<p><span style=\"font-family:arial,helvetica,sans-serif\"><span>1. Circuito confi\u00e1vel e materiais de alta qualidade garantem a sa\u00edda de calor <\/span><span style=\"font-size:10.5pt\"> e mant\u00eam a temperatura da \u00e1gua dentro <\/span><\/span><\/p>\n<p><span style=\"font-family:arial,helvetica,sans-serif\"><span style=\"font-size:10.5pt\"> o tanque est\u00e1vel.<\/span><\/span><\/p>\n<p><span style=\"font-size:10.5pt;font-family:arial,helvetica,sans-serif\">2. Totalmente submers\u00edvel. Dur\u00e1vel e seguro. Design inovador.<\/span><\/p>\n<p><span style=\"font-size:10.5pt;font-family:arial,helvetica,sans-serif\">3. Desligue o aparelho 15 minutos antes de trocar a \u00e1gua.<\/span><\/p>\n<p><span style=\"font-size:10.5pt;font-family:arial,helvetica,sans-serif\">4. A escala indicadora de temperatura pode ser ajustada entre 20??C~34??C(65??F~93??F).<\/span><\/p>\n<p><span style=\"font-family:arial,helvetica,sans-serif\"> <\/span><\/p>\n<p><span style=\"color:#000000\"><strong><span style=\"font-size:18px;font-family:arial,helvetica,sans-serif\">Recursos do aquecedor<\/span><\/strong><\/span><\/p>\n<p><span style=\"font-size:10.5pt;font-family:arial,helvetica,sans-serif\">1, design de corpo de vidro tipo \u00e0 prova d&#8217;\u00e1gua que pode afundar completamente na \u00e1gua e pode ser colocado em a<\/span><\/p>\n<p><span style=\"font-size:10.5pt;font-family:arial,helvetica,sans-serif\"> cabe\u00e7a do cilindro;<\/span><\/p>\n<p><span style=\"font-family:arial,helvetica,sans-serif\"><span style=\"font-size:10.5pt\">2, a configura\u00e7\u00e3o do produto e as estruturas de suporte da ventosa podem ser baseadas na localiza\u00e7\u00e3o real de <\/span><span style=\"font-size:10.5pt\"> a instala\u00e7\u00e3o;<\/span><\/span><\/p>\n<p><span style=\"font-family:arial,helvetica,sans-serif\"><span style=\"font-size:10.5pt\">3, Forte simula\u00e7\u00e3o de luz natural, pode promover o crescimento e desenvolvimento de organismos aqu\u00e1ticos, <\/span><span style=\"font-size:10.5pt\"> adequado para<\/span><\/span><\/p>\n<p><span style=\"font-size:10.5pt;font-family:arial,helvetica,sans-serif\"> \u00e1gua do mar e \u00e1gua doce. E pode ser colocado na cabe\u00e7a do cilindro e pia cheia de \u00e1gua foi usada. <\/span><\/span><\/p>\n<\/p>\n<table class=\"aliDataTable\" style=\"height:140px;width:703px\" border=\"1\">\n<tbody>\n<tr align=\"left\">\n<td style=\"text-align:center;width:56.7pt\" valign=\"middle\">\n<p><span style=\"font-family:arial,helvetica,sans-serif\"><strong><span style=\"font-size:16px;background:#ffffff\">Modelo<\/span><\/strong><\/span><\/p>\n<\/td>\n<td style=\"text-align:center;width:105.75pt\" valign=\"middle\">\n<p><span style=\"font-family:arial,helvetica,sans-serif\"><strong><span style=\"font-size:16px;background:#ffffff\">Tens\u00e3o<\/span><\/strong><\/span><\/p>\n<\/td>\n<td style=\"text-align:center;width:47.25pt\" valign=\"middle\">\n<p><span style=\"font-family:arial,helvetica,sans-serif\"><strong><span style=\"font-size:16px;background:#ffffff\">Poder<\/span><\/strong><\/span><\/p>\n<\/td>\n<td style=\"text-align:center;width:49.5pt\" valign=\"middle\">\n<p><span style=\"font-family:arial,helvetica,sans-serif\"><strong><span style=\"font-size:16px;background:#ffffff\">Gal\u00f5es<\/span><\/strong><\/span><\/p>\n<\/td>\n<td style=\"text-align:center;width:58.5pt\" valign=\"middle\">\n<p><span style=\"font-family:arial,helvetica,sans-serif\"><strong><span style=\"font-size:16px;background:#ffffff\">Litros<\/span><\/strong><\/span><\/p>\n<\/td>\n<\/tr>\n<tr align=\"left\">\n<td style=\"text-align:center\" valign=\"middle\">\n<p><span style=\"font-size:14px;font-family:times new roman,times;background:#ffffff\">JRB-100<\/span><\/p>\n<\/td>\n<td style=\"text-align:center\" valign=\"middle\">\n<p><span style=\"font-size:14px;font-family:times new roman,times\"><span style=\"background:#ffffff\">110<\/span><span style=\"background:#ffffff\"> &#8211;<\/span><span style=\"background:#ffffff\"> 240V<\/span><span style=\"background:#ffffff\"> \/50-60Hz<\/span><\/span><\/p>\n<\/td>\n<td style=\"text-align:center\" valign=\"middle\">\n<p><span style=\"font-size:14px;font-family:times new roman,times;background:#ffffff\">100W<\/span><\/p>\n<\/td>\n<td style=\"text-align:center\" valign=\"middle\">\n<p><span style=\"font-size:14px;font-family:times new roman,times\"><span style=\"background:#ffffff\">10<\/span><span style=\"background:#ffffff\"> &#8211;<\/span><span style=\"background:#ffffff\"> 20<\/span><\/span><\/p>\n<\/td>\n<td style=\"text-align:center\" valign=\"middle\">\n<p><span style=\"font-size:14px;font-family:times new roman,times\"><span style=\"background:#ffffff\">45<\/span><span style=\"background:#ffffff\"> &#8211;<\/span><span style=\"background:#ffffff\"> 90<\/span><\/span><\/p>\n<\/td>\n<\/tr>\n<tr>\n<td style=\"text-align:center\" valign=\"middle\">\n<p><span style=\"font-size:14px;font-family:times new roman,times;background:#ffffff\">JRB-200<\/span><\/p>\n<\/td>\n<td style=\"text-align:center\" valign=\"middle\">\n<p><span style=\"font-size:14px;font-family:times new roman,times\"><span style=\"background:#ffffff\">110<\/span><span style=\"background:#ffffff\"> &#8211;<\/span><span style=\"background:#ffffff\"> 240V<\/span><span style=\"background:#ffffff\"> \/50-60Hz<\/span><\/span><\/p>\n<\/td>\n<td style=\"text-align:center\" valign=\"middle\">\n<p><span style=\"font-size:14px;font-family:times new roman,times;background:#ffffff\">200W<\/span><\/p>\n<\/td>\n<td style=\"text-align:center\" valign=\"middle\">\n<p><span style=\"font-size:14px;font-family:times new roman,times\"><span style=\"background:#ffffff\">20<\/span><span style=\"background:#ffffff\"> &#8211;<\/span><span style=\"background:#ffffff\"> 40<\/span><\/span><\/p>\n<\/td>\n<td style=\"text-align:center\" valign=\"middle\">\n<p><span style=\"font-size:14px;font-family:times new roman,times\"><span style=\"background:#ffffff\">90<\/span><span style=\"background:#ffffff\"> &#8211;<\/span><span style=\"background:#ffffff\"> 180<\/span><\/span><\/p>\n<\/td>\n<\/tr>\n<tr>\n<td style=\"text-align:center\" valign=\"middle\">\n<p><span style=\"font-size:14px;font-family:times new roman,times;background:#ffffff\">JRB-300<\/span><\/p>\n<\/td>\n<td style=\"text-align:center\" valign=\"middle\">\n<p><span style=\"font-size:14px;font-family:times new roman,times\"><span style=\"background:#ffffff\">110<\/span><span style=\"background:#ffffff\"> &#8211;<\/span><span style=\"background:#ffffff\"> 240V<\/span><span style=\"background:#ffffff\"> \/50-60Hz<\/span><\/span><\/p>\n<\/td>\n<td style=\"text-align:center\" valign=\"middle\">\n<p><span style=\"font-size:14px;font-family:times new roman,times;background:#ffffff\">300W<\/span><\/p>\n<\/td>\n<td style=\"text-align:center\" valign=\"middle\">\n<p><span style=\"font-size:14px;font-family:times new roman,times\"><span style=\"background:#ffffff\">30<\/span><span style=\"background:#ffffff\"> &#8211;<\/span><span style=\"background:#ffffff\"> 60<\/span><\/span><\/p>\n<\/td>\n<td style=\"text-align:center\" valign=\"middle\">\n<p><span style=\"font-size:14px;font-family:times new roman,times\"><span style=\"background:#ffffff\">135<\/span><span style=\"background:#ffffff\"> &#8211;<\/span><span style=\"background:#ffffff\"> 270<\/span><\/span><\/p>\n<\/td>\n<\/tr>\n<tr>\n<td style=\"text-align:center\" valign=\"middle\">\n<p><span style=\"font-size:14px;font-family:times new roman,times;background:#ffffff\">JRB-210<\/span><\/p>\n<\/td>\n<td style=\"text-align:center\" valign=\"middle\">\n<p><span style=\"font-size:14px;font-family:times new roman,times\"><span style=\"background:#ffffff\">110<\/span><span style=\"background:#ffffff\"> &#8211;<\/span><span style=\"background:#ffffff\"> 240V<\/span><span style=\"background:#ffffff\"> \/50-60Hz<\/span><\/span><\/p>\n<\/td>\n<td style=\"text-align:center\" valign=\"middle\">\n<p><span style=\"font-size:14px;font-family:times new roman,times;background:#ffffff\">100W<\/span><\/p>\n<\/td>\n<td style=\"text-align:center\" valign=\"middle\">\n<p><span style=\"font-size:14px;font-family:times new roman,times\"><span style=\"background:#ffffff\">10<\/span><span style=\"background:#ffffff\"> &#8211;<\/span><span style=\"background:#ffffff\"> 20<\/span><\/span><\/p>\n<\/td>\n<td style=\"text-align:center\" valign=\"middle\">\n<p><span style=\"font-size:14px;font-family:times new roman,times\"><span style=\"background:#ffffff\">45<\/span><span style=\"background:#ffffff\"> &#8211;<\/span><span style=\"background:#ffffff\"> 90<\/span><\/span><\/p>\n<\/td>\n<\/tr>\n<tr>\n<td style=\"text-align:center\" valign=\"middle\">\n<p><span style=\"font-size:14px;font-family:times new roman,times;background:#ffffff\">JRB-220<\/span><\/p>\n<\/td>\n<td style=\"text-align:center\" valign=\"middle\">\n<p><span style=\"font-size:14px;font-family:times new roman,times\"><span style=\"background:#ffffff\">110<\/span><span style=\"background:#ffffff\"> &#8211;<\/span><span style=\"background:#ffffff\"> 240V<\/span><span style=\"background:#ffffff\"> \/50-60Hz<\/span><\/span><\/p>\n<\/td>\n<td style=\"text-align:center\" valign=\"middle\">\n<p><span style=\"font-size:14px;font-family:times new roman,times;background:#ffffff\">200W<\/span><\/p>\n<\/td>\n<td style=\"text-align:center\" valign=\"middle\">\n<p><span style=\"font-size:14px;font-family:times new roman,times\"><span style=\"background:#ffffff\">20<\/span><span style=\"background:#ffffff\"> &#8211;<\/span><span style=\"background:#ffffff\"> 40<\/span><\/span><\/p>\n<\/td>\n<td style=\"text-align:center\" valign=\"middle\">\n<p><span style=\"font-size:14px;font-family:times new roman,times\"><span style=\"background:#ffffff\">90<\/span><span style=\"background:#ffffff\"> &#8211;<\/span><span style=\"background:#ffffff\"> 180<\/span><\/span><\/p>\n<\/td>\n<\/tr>\n<tr>\n<td style=\"text-align:center\" valign=\"middle\">\n<p><span style=\"font-size:14px;font-family:times new roman,times;background:#ffffff\">JRB-230<\/span><\/p>\n<\/td>\n<td style=\"text-align:center\" valign=\"middle\">\n<p><span style=\"font-size:14px;font-family:times new roman,times\"><span style=\"background:#ffffff\">110<\/span><span style=\"background:#ffffff\"> &#8211;<\/span><span style=\"background:#ffffff\"> 240V<\/span><span style=\"background:#ffffff\"> \/50-60Hz<\/span><\/span><\/p>\n<\/td>\n<td style=\"text-align:center\" valign=\"middle\">\n<p><span style=\"font-size:14px;font-family:times new roman,times;background:#ffffff\">300W<\/span><\/p>\n<\/td>\n<td style=\"text-align:center\" valign=\"middle\">\n<p><span style=\"font-size:14px;font-family:times new roman,times\"><span style=\"background:#ffffff\">30<\/span><span style=\"background:#ffffff\"> &#8211;<\/span><span style=\"background:#ffffff\"> 60<\/span><\/span><\/p>\n<\/td>\n<td style=\"text-align:center\" valign=\"middle\">\n<p><span style=\"font-size:14px;font-family:times new roman,times\"><span style=\"background:#ffffff\">135<\/span><span style=\"background:#ffffff\"> &#8211;<\/span><span style=\"background:#ffffff\"> 270<\/span><\/span><\/p>\n<\/td>\n<\/tr>\n<tr>\n<td style=\"text-align:center\" valign=\"middle\">\n<p><span style=\"font-size:14px;font-family:times new roman,times\"><span style=\"background:#ffffff\">JRB-2<\/span><span style=\"background:#ffffff\"> 50<\/span><\/span><\/p>\n<\/td>\n<td style=\"text-align:center\" valign=\"middle\">\n<p><span style=\"font-size:14px;font-family:times new roman,times\"><span style=\"background:#ffffff\">110<\/span><span style=\"background:#ffffff\"> &#8211;<\/span><span style=\"background:#ffffff\"> 240V<\/span><span style=\"background:#ffffff\"> \/50-60Hz<\/span><\/span><\/p>\n<\/td>\n<td style=\"text-align:center\" valign=\"middle\">\n<p><span style=\"font-size:14px;font-family:times new roman,times\">500W<\/span><\/p>\n<\/td>\n<td style=\"text-align:center\" valign=\"middle\">\n<p><span style=\"font-size:14px;font-family:times new roman,times\">50-90<\/span><\/p>\n<\/td>\n<td style=\"text-align:center\" valign=\"middle\">\n<p><span style=\"font-size:14px;font-family:times new roman,times\">228-410<\/span><\/p>\n<\/td>\n<\/tr>\n<\/tbody>\n<\/table>\n<\/p>\n<p><span style=\"font-size:18px;font-family:arial,helvetica,sans-serif;color:#000000\"><strong>Cuidado:<\/strong><\/span><span style=\"font-family:arial,helvetica,sans-serif\"><strong><span style=\"font-size:10.5pt\"><br \/><\/span><\/strong><span style=\"font-size:10.5pt\">1. O n\u00edvel da \u00e1gua n\u00e3o deve estar abaixo da marca &#8220;MININUM&#8221;<\/span><\/span><\/p>\n<p><span style=\"font-size:10.5pt;font-family:arial,helvetica,sans-serif\">2.A submers\u00e3o m\u00e1xima deve estar dentro de 120 cm<\/span><\/p>\n<p><span style=\"font-size:10.5pt;font-family:comic sans ms,sans-serif\"><span style=\"font-family:arial,helvetica,sans-serif\">3.Plugue de alimenta\u00e7\u00e3o sempre mais alto que o tanque de \u00e1gua <\/span><img decoding=\"async\" alt=\"JRB_02.jpg\" src=\"http:\/\/localhost\/media\/import\/detail\/HTB1tgwRFFXXXXbMapXXq6xXFXXXu.jpg\"><img decoding=\"async\" alt=\"JRB_03.jpg\" src=\"http:\/\/localhost\/media\/import\/detail\/HTB1UEs9FFXXXXb3XXXXq6xXFXXXQ.jpg\"><img decoding=\"async\" alt=\"JRB_04.jpg\" src=\"http:\/\/localhost\/media\/import\/detail\/HTB1i3gYFFXXXXaIXFXXq6xXFXXXl.jpg\"><img decoding=\"async\" alt=\"JRB_05.jpg\" src=\"http:\/\/localhost\/media\/import\/detail\/HTB1BxcZFFXXXXX7apXXq6xXFXXXg.jpg\"><img decoding=\"async\" alt=\"JRB_06.jpg\" src=\"http:\/\/localhost\/media\/import\/detail\/HTB15n3_FFXXXXXaXXXXq6xXFXXXH.jpg\"><\/span><\/p>\n<div id=\"ali-anchor-AliPostDhMb-1nhkr\" style=\"padding-top:8px\" data-section-title=\"Informa\u00e7\u00f5es da empresa\" data-section=\"AliPostDhMb-1nhkr\">\n<div id=\"ali-title-AliPostDhMb-1nhkr\" style=\"border-bottom:#ddd 1px solid;padding-bottom:8px;padding-top:8px;padding-left:0px;padding-right:0px\"> <\/div>\n<\/div>\n<div style=\"clear:both\"><strong><span style=\"background-color:#dddddd;color:#333333\"><\/span><\/strong><\/div>\n","protected":false},"excerpt":{"rendered":"<p>Acess\u00f3rios para aqu\u00e1rio SUNSUN Aquecedor 500w JRB-250 Circuito confi\u00e1vel e materiais altos garantem sa\u00edda de calor<\/p>\n","protected":false},"featured_media":5202,"comment_status":"open","ping_status":"closed","template":"","meta":[],"product_brand":[],"product_cat":[1285],"product_tag":[],"class_list":{"0":"post-35428","1":"product","2":"type-product","3":"status-publish","4":"has-post-thumbnail","6":"product_cat-aquecedor-de-aquario-e-amp-controlador-de-temperatura","8":"first","9":"instock","10":"shipping-taxable","11":"purchasable","12":"product-type-simple"},"_links":{"self":[{"href":"https:\/\/www.myaquastore.com\/pt-br\/wp-json\/wp\/v2\/product\/35428","targetHints":{"allow":["GET"]}}],"collection":[{"href":"https:\/\/www.myaquastore.com\/pt-br\/wp-json\/wp\/v2\/product"}],"about":[{"href":"https:\/\/www.myaquastore.com\/pt-br\/wp-json\/wp\/v2\/types\/product"}],"replies":[{"embeddable":true,"href":"https:\/\/www.myaquastore.com\/pt-br\/wp-json\/wp\/v2\/comments?post=35428"}],"wp:featuredmedia":[{"embeddable":true,"href":"https:\/\/www.myaquastore.com\/pt-br\/wp-json\/wp\/v2\/media\/5202"}],"wp:attachment":[{"href":"https:\/\/www.myaquastore.com\/pt-br\/wp-json\/wp\/v2\/media?parent=35428"}],"wp:term":[{"taxonomy":"product_brand","embeddable":true,"href":"https:\/\/www.myaquastore.com\/pt-br\/wp-json\/wp\/v2\/product_brand?post=35428"},{"taxonomy":"product_cat","embeddable":true,"href":"https:\/\/www.myaquastore.com\/pt-br\/wp-json\/wp\/v2\/product_cat?post=35428"},{"taxonomy":"product_tag","embeddable":true,"href":"https:\/\/www.myaquastore.com\/pt-br\/wp-json\/wp\/v2\/product_tag?post=35428"}],"curies":[{"name":"wp","href":"https:\/\/api.w.org\/{rel}","templated":true}]}}