{"id":35430,"date":"2016-09-25T23:28:22","date_gmt":"2016-09-25T23:28:22","guid":{"rendered":"https:\/\/www.myaquastore.com\/product\/sunsun-200w-aquecedores-de-agua-submersiveis-para-aquario-e-tanque-de-peixes-jrb-220\/"},"modified":"2025-03-16T08:37:38","modified_gmt":"2025-03-16T08:37:38","slug":"sunsun-200w-aquecedores-de-agua-submersiveis-para-aquario-e-tanque-de-peixes-jrb-220","status":"publish","type":"product","link":"https:\/\/www.myaquastore.com\/pt-br\/produto\/sunsun-200w-aquecedores-de-agua-submersiveis-para-aquario-e-tanque-de-peixes-jrb-220\/","title":{"rendered":"Sunsun 200w aquecedores de \u00e1gua submers\u00edveis para aqu\u00e1rio e tanque de peixes JRB-220"},"content":{"rendered":"<div style=\"clear:both\"><\/div>\n<p><span style=\"font-size:24px;color:#ff0000\"><span style=\"background-color:#c0c0c0\">Aquecedores de \u00e1gua submers\u00edveis para aqu\u00e1rios SUNSUN 200W <\/span><\/span><\/p>\n<table class=\"aliDataTable\" cellpadding=\"0\" border=\"1\">\n<tbody>\n<tr style=\"height:15.6pt\">\n<td valign=\"top\">\n<p><span style=\"font-size:12pt\">1.Item<\/span><\/p>\n<\/td>\n<td style=\"width:197.05pt\" valign=\"top\">\n<p><span style=\"font-size:12pt\">Aquecedores submers\u00edveis para aqu\u00e1rios SUNSUN <\/span><\/p>\n<\/td>\n<\/tr>\n<tr style=\"height:15.6pt\">\n<td valign=\"top\">\n<p><span style=\"font-size:12pt\">2.Modelo<\/span><\/p>\n<\/td>\n<td style=\"width:197.05pt\" valign=\"top\">\n<p><span style=\"font-size:12pt\">JRB-220<\/span><\/p>\n<\/td>\n<\/tr>\n<tr style=\"height:15.6pt\">\n<td valign=\"top\">\n<p><span style=\"font-size:12pt\">3.Tens\u00e3o<\/span><\/p>\n<\/td>\n<td style=\"width:197.05pt\" valign=\"top\">\n<p><span style=\"font-size:12pt\">110V-240V<\/span><\/p>\n<\/td>\n<\/tr>\n<tr style=\"height:16.35pt\" align=\"left\">\n<td valign=\"top\">\n<p><span style=\"font-size:12pt\">4.Frequ\u00eancia<\/span><\/p>\n<\/td>\n<td valign=\"top\">\n<p><span style=\"font-size:12pt\">50Hz\/60Hz<\/span><\/p>\n<\/td>\n<\/tr>\n<tr style=\"height:15.6pt\" align=\"left\">\n<td valign=\"top\">\n<p><span style=\"font-size:12pt\">5.Pot\u00eancia<\/span><\/p>\n<\/td>\n<td valign=\"top\">\n<p><span style=\"font-size:12pt\">200W<\/span><\/p>\n<\/td>\n<\/tr>\n<tr style=\"height:17.25pt\" align=\"left\">\n<td valign=\"top\">\n<p><span style=\"font-size:12pt\">6.Marca<\/span><\/p>\n<\/td>\n<td valign=\"top\">\n<p><span style=\"font-size:12pt\">SUNSUN<\/span><\/p>\n<\/td>\n<\/tr>\n<tr style=\"height:15pt\" align=\"left\">\n<td valign=\"top\">\n<p><span style=\"font-size:16px\">7.Qualidade<\/span><\/p>\n<\/td>\n<td valign=\"top\">\n<p><span style=\"font-size:16px\">Melhor qualidade; <br \/><\/span><\/p>\n<p align=\"left\"><span style=\"font-size:16px\"><span style=\"font-size:16px\">a maior empresa de produtos aqu\u00e1ticos da China.<\/span> <\/span><\/p>\n<\/td>\n<\/tr>\n<tr style=\"height:4.6pt\" align=\"left\">\n<td valign=\"top\">\n<p><span style=\"font-size:16px\">8.Ponto de venda <\/span><\/p>\n<\/td>\n<td valign=\"top\">\n<p><span style=\"font-size:16px\">Marca registrada bem conhecida da China; seguro e confi\u00e1vel.aprovado pela GS,CE, <\/span><\/p>\n<\/td>\n<\/tr>\n<\/tbody>\n<\/table>\n<p><span style=\"background-color:#c0c0c0\"><span style=\"font-size:24px;color:#ff0000\">1. aquecedores de \u00e1gua <\/span><\/span><span style=\"font-size:24px;color:#ff0000\"><span style=\"font-family:Calibri, zapf dingbats\"><span style=\"background-color:#c0c0c0\">instru\u00e7\u00e3o<\/span>:<\/span><\/span><\/p>\n<\/p>\n<p style=\"text-align:left\">\n<p style=\"text-align:left\"><span style=\"font-size:14px;font-family:Calibri, zapf dingbats;color:#000000\"><strong>1.Circuito confi\u00e1vel e materiais de alta qualidade garantem a sa\u00edda de calor e mant\u00eam a \u00e1gua<\/strong><\/span><\/p>\n<p style=\"text-align:left\"><span style=\"font-size:14px;font-family:Calibri, zapf dingbats;color:#000000\"><strong> temperatura dentro do tanque est\u00e1vel.<\/strong><\/span><\/p>\n<p style=\"text-align:left\"><span style=\"color:#000000\"> <\/span><\/p>\n<p style=\"text-align:left\"><span style=\"font-size:14px;font-family:Calibri, zapf dingbats;color:#000000\"><strong>2.Totalmente submers\u00edvel!<\/strong><\/span><\/p>\n<p style=\"text-align:left\"><span style=\"font-size:14px;font-family:Calibri, zapf dingbats;color:#000000\"><strong>Dur\u00e1vel e seguro.Design inovador.<\/strong><\/span><\/p>\n<p style=\"text-align:left\"><span style=\"color:#000000\"> <\/span><\/p>\n<p style=\"text-align:left\"><span style=\"font-size:14px;font-family:Calibri, zapf dingbats;color:#000000\"><strong>3.Desligue o aparelho 15 minutos antes da troca de \u00e1gua!!!<\/strong><\/span><\/p>\n<p style=\"text-align:left\"><span style=\"color:#000000\"> <\/span><\/p>\n<p style=\"text-align:left\"><span style=\"font-size:14px;font-family:Calibri, zapf dingbats;color:#000000\"><strong>4.A escala de indica\u00e7\u00e3o de temperatura pode ser ajustada entre 20 graus -34degree(65F-93F).<\/strong><\/span><\/p>\n<p style=\"text-align:left\"><span style=\"color:#000000\"> <img loading=\"lazy\" decoding=\"async\" alt=\"SUNSUN 200W aquecedores de \u00e1gua submers\u00edveis para aqu\u00e1rios\" src=\"http:\/\/localhost\/media\/import\/detail\/543565260_356.jpg\" width=\"696\" height=\"496\"><img loading=\"lazy\" decoding=\"async\" alt=\"SUNSUN 200W aquecedores de \u00e1gua submers\u00edveis para aqu\u00e1rios de aqu\u00e1rio\" src=\"http:\/\/localhost\/media\/import\/detail\/543565261_305.jpg\" width=\"682\" height=\"481\"><\/span><\/p>\n<p><span style=\"background-color:#c0c0c0\"><span>2. Outros aquecedores de \u00e1gua para sua refer\u00eancia. alt=&#8221;Aquecedores de \u00e1gua submers\u00edveis para aqu\u00e1rios SUNSUN 200W&#8221; src=&#8221;http:\/\/localhost\/media\/import\/detail\/543557677_730.jpg&#8221; width=&#8221;704&#8243; height=&#8221;567&#8243; ori-height=&#8221;568&#8243; ori-width=&#8221;800&#8243;&gt;<\/p>\n<\/p>\n<p><span style=\"background-color:#c0c0c0\"><span style=\"font-size:x-large;color:#ff0000\">3. aquecedores de \u00e1gua p<span style=\"font-size:24px;color:#ff0000\">aramer<\/span> <\/span> <\/span><\/p>\n<\/p>\n<p><img decoding=\"async\" alt=\"SUNSUN 200W aqu\u00e1rio aqu\u00e1rio aquecedores de \u00e1gua submers\u00edveis\" src=\"http:\/\/localhost\/media\/import\/detail\/543548612_886.jpg\"><\/p>\n<p><span style=\"font-size:24px;color:#ff0000\"><span style=\"background-color:#c0c0c0\">4.Embalagem interna<\/span><\/span><\/p>\n<p> <img decoding=\"async\" alt=\"SUNSUN 200W aquecedores de \u00e1gua submers\u00edveis para aqu\u00e1rios de aqu\u00e1rio\" src=\"http:\/\/localhost\/media\/import\/detail\/543562211_425.jpg\"><img decoding=\"async\" alt=\"SUNSUN 200W aquecedores de \u00e1gua submers\u00edveis para aqu\u00e1rios de aqu\u00e1rio\" src=\"http:\/\/localhost\/media\/import\/detail\/543562215_264.jpg\"><\/p>\n<\/p>\n<\/p>\n<div id=\"ali-anchor-AliPostDhMb-zwx4y\" style=\"padding-top:8px\" data-section-title=\"Informa\u00e7\u00f5es da empresa\" data-section=\"AliPostDhMb-zwx4y\"> <\/div>\n","protected":false},"excerpt":{"rendered":"<p>Sunsun 200w aquecedores de \u00e1gua submers\u00edveis para aqu\u00e1rio e tanque de peixes JRB-220<\/p>\n","protected":false},"featured_media":5206,"comment_status":"open","ping_status":"closed","template":"","meta":[],"product_brand":[],"product_cat":[1285],"product_tag":[],"class_list":{"0":"post-35430","1":"product","2":"type-product","3":"status-publish","4":"has-post-thumbnail","6":"product_cat-aquecedor-de-aquario-e-amp-controlador-de-temperatura","8":"first","9":"instock","10":"shipping-taxable","11":"purchasable","12":"product-type-simple"},"_links":{"self":[{"href":"https:\/\/www.myaquastore.com\/pt-br\/wp-json\/wp\/v2\/product\/35430","targetHints":{"allow":["GET"]}}],"collection":[{"href":"https:\/\/www.myaquastore.com\/pt-br\/wp-json\/wp\/v2\/product"}],"about":[{"href":"https:\/\/www.myaquastore.com\/pt-br\/wp-json\/wp\/v2\/types\/product"}],"replies":[{"embeddable":true,"href":"https:\/\/www.myaquastore.com\/pt-br\/wp-json\/wp\/v2\/comments?post=35430"}],"wp:featuredmedia":[{"embeddable":true,"href":"https:\/\/www.myaquastore.com\/pt-br\/wp-json\/wp\/v2\/media\/5206"}],"wp:attachment":[{"href":"https:\/\/www.myaquastore.com\/pt-br\/wp-json\/wp\/v2\/media?parent=35430"}],"wp:term":[{"taxonomy":"product_brand","embeddable":true,"href":"https:\/\/www.myaquastore.com\/pt-br\/wp-json\/wp\/v2\/product_brand?post=35430"},{"taxonomy":"product_cat","embeddable":true,"href":"https:\/\/www.myaquastore.com\/pt-br\/wp-json\/wp\/v2\/product_cat?post=35430"},{"taxonomy":"product_tag","embeddable":true,"href":"https:\/\/www.myaquastore.com\/pt-br\/wp-json\/wp\/v2\/product_tag?post=35430"}],"curies":[{"name":"wp","href":"https:\/\/api.w.org\/{rel}","templated":true}]}}