{"id":35438,"date":"2016-09-25T23:28:22","date_gmt":"2016-09-25T23:28:22","guid":{"rendered":"https:\/\/www.myaquastore.com\/product\/sunsun-gs-ce-120w-dc-bomba-de-ar-magnetica-permanente-para-peixes-vivos-aer\/"},"modified":"2025-03-16T08:37:40","modified_gmt":"2025-03-16T08:37:40","slug":"sunsun-gs-ce-120w-dc-bomba-de-ar-magnetica-permanente-para-peixes-vivos-aer","status":"publish","type":"product","link":"https:\/\/www.myaquastore.com\/pt-br\/produto\/sunsun-gs-ce-120w-dc-bomba-de-ar-magnetica-permanente-para-peixes-vivos-aer\/","title":{"rendered":"SUNSUN GS, CE 120W DC Bomba de ar magn\u00e9tica permanente para peixes vivos aer&#8230;"},"content":{"rendered":"<div style=\"clear:both\"><\/div>\n<p><span style=\"font-size:24px;color:#ff0000\"><span style=\"background-color:#c0c0c0\">SUNSUN 120W DC Bomba de ar magn\u00e9tica permanente para aerador de peixes vivos <\/span><\/span><\/p>\n<table style=\"height:300px;width:598px\" cellpadding=\"0\" border=\"1\">\n<tbody>\n<tr style=\"height:15.6pt\">\n<td valign=\"top\">\n<p><span style=\"font-size:14px\">1.Item<\/span><\/p>\n<\/td>\n<td style=\"width:197.05pt\" valign=\"top\">\n<p><span style=\"font-size:14px\">Bomba de ar para aqu\u00e1rio SUNSUN dc <\/span><\/p>\n<\/td>\n<\/tr>\n<tr style=\"height:15.6pt\">\n<td valign=\"top\">\n<p><span style=\"font-size:14px\">2.Modelo<\/span><\/p>\n<\/td>\n<td style=\"width:197.05pt\" valign=\"top\">\n<p><span style=\"font-size:14px\">HZ-120<\/span><\/p>\n<\/td>\n<\/tr>\n<tr style=\"height:15.6pt\">\n<td valign=\"top\">\n<p><span style=\"font-size:14px\">3.Tens\u00e3o<\/span><\/p>\n<\/td>\n<td style=\"width:197.05pt\" valign=\"top\">\n<p><span style=\"font-size:14px\">DC 12V<\/span><\/p>\n<\/td>\n<\/tr>\n<tr style=\"height:16.35pt\" align=\"left\">\n<td valign=\"top\">\n<p><span style=\"font-size:14px\">4.Frequ\u00eancia<\/span><\/p>\n<\/td>\n<td valign=\"top\">\n<p><span style=\"font-size:14px\">50Hz<\/span><\/p>\n<\/td>\n<\/tr>\n<tr style=\"height:15.6pt\" align=\"left\">\n<td valign=\"top\">\n<p><span style=\"font-size:14px\">5.Pot\u00eancia<\/span><\/p>\n<\/td>\n<td valign=\"top\">\n<p><span style=\"font-size:14px\">120W<\/span><\/p>\n<\/td>\n<\/tr>\n<tr style=\"height:16.35pt\" align=\"left\">\n<td valign=\"top\">\n<p><span style=\"font-size:14px\">6.Press\u00e3o<\/span><\/p>\n<\/td>\n<td valign=\"top\">\n<p><span style=\"font-size:14px\">0,1MPa<\/span><\/p>\n<\/td>\n<\/tr>\n<tr style=\"height:15.6pt\" align=\"left\">\n<td valign=\"top\">\n<p><span style=\"font-size:14px\">7.Peso<\/span><\/p>\n<\/td>\n<td valign=\"top\">\n<p><span style=\"font-size:14px\">4Kg<\/span><\/p>\n<\/td>\n<\/tr>\n<tr style=\"height:16.35pt\" align=\"left\">\n<td valign=\"top\">\n<p><span style=\"font-size:14px\">8.Tamanho<\/span><\/p>\n<\/td>\n<td valign=\"top\">\n<p><span style=\"font-size:14px\">265*140*151mm<\/span><\/p>\n<\/td>\n<\/tr>\n<tr style=\"height:16.35pt\" align=\"left\">\n<td valign=\"top\">\n<p><span style=\"font-size:14px\">9.Sa\u00edda<\/span><\/p>\n<\/td>\n<td valign=\"top\">\n<p><span style=\"font-size:14px\">125L\/min<\/span><\/p>\n<\/td>\n<\/tr>\n<tr style=\"height:17.25pt\" align=\"left\">\n<td valign=\"top\">\n<p><span style=\"font-size:14px\">10.Marca<\/span><\/p>\n<\/td>\n<td valign=\"top\">\n<p><span style=\"font-size:14px\">SUNSUN<\/span><\/p>\n<\/td>\n<\/tr>\n<tr style=\"height:15pt\" align=\"left\">\n<td valign=\"top\">\n<p><span style=\"font-size:14px\">11.Qualidade<\/span><\/p>\n<\/td>\n<td valign=\"top\">\n<p><span style=\"font-size:14px\">Melhor qualidade; <br \/><\/span><\/p>\n<p align=\"left\"><span style=\"font-size:14px\">a maior empresa de produtos para aqu\u00e1rios da China.<\/span><\/p>\n<\/td>\n<\/tr>\n<tr style=\"height:4.6pt\" align=\"left\">\n<td valign=\"top\">\n<p><span style=\"font-size:14px\">12.Ponto de venda <\/span><\/p>\n<\/td>\n<td valign=\"top\">\n<p><span style=\"font-size:14px\">Marca registrada bem conhecida da China; seguro e confi\u00e1vel, aprovado pela CE,GS<\/span><\/p>\n<\/td>\n<\/tr>\n<\/tbody>\n<\/table>\n<p> <span style=\"font-size:24px;color:#000000;background-color:#c0c0c0\">1) recurso de bomba de ar<\/span><span style=\"font-size:16px;color:#ff0000\"><span style=\"font-family:arial, helvetica, sans-serif\"><strong><span style=\"color:#000000\"> <\/span><\/strong><\/span><\/span><\/p>\n<p><img decoding=\"async\" alt=\"SUNSUN GS,CE 120W DC Bomba de ar magn\u00e9tica permanente para aerador de peixes vivos\" src=\"http:\/\/localhost\/media\/import\/detail\/810785855_244.jpg\"><img decoding=\"async\" alt=\"SUNSUN GS,CE 120W DC Bomba de ar magn\u00e9tica permanente para aerador de peixes vivos\" src=\"http:\/\/localhost\/media\/import\/detail\/810785859_949.jpg\"> <\/p>\n<\/p>\n<p><span style=\"font-size:16px;color:#ff0000\"><span style=\"font-family:arial, helvetica, sans-serif\"><strong><span style=\"color:#000000\"><img loading=\"lazy\" decoding=\"async\" alt=\"SUNSUN GS,CE 120W Bomba de ar magn\u00e9tica permanente DC para aerador de peixes vivos\" src=\"http:\/\/localhost\/media\/import\/detail\/540837820_876.jpg\" width=\"615\" height=\"155\"><\/span><\/strong><\/span><\/span><\/p>\n<p><span style=\"font-size:16px;color:#ff0000\"><span style=\"font-family:arial, helvetica, sans-serif\"><strong><span style=\"color:#000000\"><span style=\"font-size:16px\"><span style=\"font-size:16px\">SUNSUN \u00e9 uma China bem conhecida marca registrada<\/span><\/span><\/span><\/strong><\/span><\/span><\/p>\n<\/p>\n<p><strong>1<\/strong><span style=\"font-size:14px\">. adote um motor magn\u00e9tico permanente DC de super qualidade, que faz com que o pist\u00e3o se mova reciprocamente<\/span><\/p>\n<\/p>\n<p><span style=\"font-size:14px\"> no cilindro e produza um fluxo de ar grande em sa\u00edda e alta press\u00e3o.<\/span><\/p>\n<\/p>\n<p><span style=\"font-size:14px\">2. design de lubrifica\u00e7\u00e3o sem \u00f3leo para produzir ar comprimido mais puro.<\/span><\/p>\n<\/p>\n<p><span style=\"font-size:14px\">3. adote liga de alum\u00ednio. o case \u00e9 pequeno em volume, r\u00e1pido em dissipa\u00e7\u00e3o de calor e f\u00e1cil de mover.<\/span><\/p>\n<\/p>\n<p><span style=\"font-size:14px\">4. disposi\u00e7\u00e3o fosforizante, colora\u00e7\u00e3o regular e for\u00e7a adesiva. <\/span><\/p>\n<\/p>\n<p><span style=\"font-size:24px;background-color:#c0c0c0\"><strong>2)Aplica\u00e7\u00e3o da bomba de ar<\/strong><\/span><\/p>\n<\/p>\n<p><span style=\"font-size:14px\">Seja adequado para peixes vivos em ve\u00edculos, restaurantes e ind\u00fastria<\/span>.<\/p>\n<\/p>\n<p> <span style=\"font-size:24px;background-color:#c0c0c0\"><strong>3)Nota<\/strong><\/span><\/p>\n<\/p>\n<p><span style=\"font-size:10.5pt\">Coloque a bomba de ar acima do n\u00edvel da \u00e1gua para proteger a \u00e1gua de fluir para tr\u00e1s, ou ela deve ser ajustada com um valor sem retorno.<\/span><\/p>\n<\/p>\n<p><span style=\"color:#000000;background-color:#c0c0c0\"><span style=\"font-size:x-large\"><span style=\"font-size:24px\">4) Par\u00e2metro da bomba de ar <\/span><\/span><\/span><\/p>\n<\/p>\n<table style=\"height:253px;width:98,78%\" border=\"4\">\n<tbody>\n<tr>\n<td>Modelo<\/td>\n<td>Tens\u00e3o<\/td>\n<td>Pot\u00eancia<\/td>\n<td>Press\u00e3o<\/td>\n<td>Sa\u00edda<\/td>\n<td>Peso<\/td>\n<td>Dimens\u00f5es<\/td>\n<\/tr>\n<tr>\n<td>HZ-035A<\/td>\n<td>DC 12V<\/td>\n<td>35W<\/td>\n<td>0,055MPa<\/td>\n<td>50L\/min<\/td>\n<td>1,8kg<\/td>\n<td>200*96*122mm<\/td>\n<\/tr>\n<tr>\n<td>HZ-060<\/td>\n<td>DC 12V<\/td>\n<td>60W<\/td>\n<td>0,07MPa<\/td>\n<td>85L\/min<\/td>\n<td>3kg<\/td>\n<td>235*110*140mm<\/td>\n<\/tr>\n<tr>\n<td>HZ-100<\/td>\n<td>DC 12V<\/td>\n<td>100W<\/td>\n<td>0,08MPa<\/td>\n<td>105L\/min<\/td>\n<td>3,8kg<\/td>\n<td>255*124*150mm<\/td>\n<\/tr>\n<tr>\n<td>HZ-120<\/td>\n<td>DC 12V<\/td>\n<td>120W<\/td>\n<td>0,1MPa<\/td>\n<td>125L\/min<\/td>\n<td>4kg<\/td>\n<td>265*140*151mm<\/td>\n<\/tr>\n<tr>\n<td>HZ-035B<\/td>\n<td>DC 6V<\/td>\n<td>35W<\/td>\n<td>0,055MPa<\/td>\n<td>50L\/min<\/td>\n<td>1,8kg<\/td>\n<td>200*96*122mm<\/td>\n<\/tr>\n<tr>\n<td>HZ-100A<\/td>\n<td>DC 24V<\/td>\n<td>100W<\/td>\n<td>0,08MPa<\/td>\n<td>105 L\/min L\/min<\/td>\n<td>3,8kg<\/td>\n<td>255*124*150mm<\/td>\n<\/tr>\n<tr>\n<td>HZ-120A<\/td>\n<td>DC 24V<\/td>\n<td>120W<\/td>\n<td>0,1MPa<\/td>\n<td>125L\/min<\/td>\n<td>4kg<\/td>\n<td>265*140*151mm<\/td>\n<\/tr>\n<tr>\n<td>HT-200 \/-Z<\/td>\n<td>220V\/50Hz<\/td>\n<td>20W<\/td>\n<td>25kpa<\/td>\n<td>1,8cbm\/h<\/td>\n<td>3,0kg<\/td>\n<td>230*140*150mm<\/td>\n<\/tr>\n<tr>\n<td>HT-400<\/td>\n<td>220V\/50Hz<\/td>\n<td>30W<\/td>\n<td>25kpa<\/td>\n<td>2,4cbm\/h<\/td>\n<td>3,5kg<\/td>\n<td>258* 168 * 179 mm<\/td>\n<\/tr>\n<tr>\n<td>HT-500<\/td>\n<td>220V\/50Hz<\/td>\n<td>50W<\/td>\n<td>30kpa<\/td>\n<td>3,5 cbm\/h<\/td>\n<td>5,5 kg<\/td>\n<td>226,5*165*220mm<\/td>\n<\/tr>\n<tr>\n<td>HT-501<\/td>\n<td>220V\/50Hz<\/td>\n<td>50W<\/td>\n<td>30kpa<\/td>\n<td>2,8 cbm\/h<\/td>\n<td>5,5kg<\/td>\n<td>224,5*165*200mm<\/td>\n<\/tr>\n<tr>\n<td>HT-650<\/td>\n<td>220V\/50Hz<\/td>\n<td>65W<\/td>\n<td> 35kpa<\/td>\n<td>4,5cbm\/h<\/td>\n<td>5,5kg<\/td>\n<td>226,5*165*220mm<\/td>\n<\/tr>\n<tr>\n<td>HT-651<\/td>\n<td>220V\/50Hz<\/td>\n<td>65W<\/td>\n<td>35kpa<\/td>\n<td>3,4cbm\/h<\/td>\n<td>6,5kg<\/td>\n<td>224,5*165*216mm<\/td>\n<\/tr>\n<\/tbody>\n<\/table>\n<p><span style=\"color:#000000\"><span style=\"font-size:24px;background-color:#c0c0c0\">5) bomba de ar para s\u00e9rie<\/span><span style=\"font-size:24px\"> <\/span> <\/span> <\/p>\n<p><span style=\"font-size:18px;color:#ff0000\">HZ s\u00e9rie:<\/span> <\/p>\n<p><img loading=\"lazy\" decoding=\"async\" alt=\"SUNSUN GS,CE 120W DC Bomba de ar magn\u00e9tica permanente para aerador de peixes vivos\" src=\"http:\/\/localhost\/media\/import\/detail\/549368637_018.jpg\" width=\"631\" height=\"256\"><\/p>\n<p><span style=\"font-size:18px;color:#ff0000\"><img loading=\"lazy\" decoding=\"async\" alt=\"SUNSUN GS,CE 120W DC Bomba de ar magn\u00e9tica permanente para aerador de peixes vivos\" src=\"http:\/\/localhost\/media\/import\/detail\/549367972_470.jpg\" width=\"640\" height=\"138\"><\/span> <\/p><\/p>\n","protected":false},"excerpt":{"rendered":"<p>SUNSUN GS, CE 120W DC Bomba de ar magn\u00e9tica permanente para peixes vivos aer&#8230;<\/p>\n","protected":false},"featured_media":5222,"comment_status":"open","ping_status":"closed","template":"","meta":[],"product_brand":[],"product_cat":[1376],"product_tag":[],"class_list":{"0":"post-35438","1":"product","2":"type-product","3":"status-publish","4":"has-post-thumbnail","6":"product_cat-bombas-de-ar-e-suprimentos","8":"first","9":"instock","10":"shipping-taxable","11":"purchasable","12":"product-type-simple"},"_links":{"self":[{"href":"https:\/\/www.myaquastore.com\/pt-br\/wp-json\/wp\/v2\/product\/35438","targetHints":{"allow":["GET"]}}],"collection":[{"href":"https:\/\/www.myaquastore.com\/pt-br\/wp-json\/wp\/v2\/product"}],"about":[{"href":"https:\/\/www.myaquastore.com\/pt-br\/wp-json\/wp\/v2\/types\/product"}],"replies":[{"embeddable":true,"href":"https:\/\/www.myaquastore.com\/pt-br\/wp-json\/wp\/v2\/comments?post=35438"}],"wp:featuredmedia":[{"embeddable":true,"href":"https:\/\/www.myaquastore.com\/pt-br\/wp-json\/wp\/v2\/media\/5222"}],"wp:attachment":[{"href":"https:\/\/www.myaquastore.com\/pt-br\/wp-json\/wp\/v2\/media?parent=35438"}],"wp:term":[{"taxonomy":"product_brand","embeddable":true,"href":"https:\/\/www.myaquastore.com\/pt-br\/wp-json\/wp\/v2\/product_brand?post=35438"},{"taxonomy":"product_cat","embeddable":true,"href":"https:\/\/www.myaquastore.com\/pt-br\/wp-json\/wp\/v2\/product_cat?post=35438"},{"taxonomy":"product_tag","embeddable":true,"href":"https:\/\/www.myaquastore.com\/pt-br\/wp-json\/wp\/v2\/product_tag?post=35438"}],"curies":[{"name":"wp","href":"https:\/\/api.w.org\/{rel}","templated":true}]}}