{"id":35439,"date":"2016-09-25T23:28:22","date_gmt":"2016-09-25T23:28:22","guid":{"rendered":"https:\/\/www.myaquastore.com\/product\/sunsun-barato-35w-50l-aerador-de-vinho-magnetico-minimo-hz-035b\/"},"modified":"2025-03-16T08:37:41","modified_gmt":"2025-03-16T08:37:41","slug":"sunsun-barato-35w-50l-aerador-de-vinho-magnetico-minimo-hz-035b","status":"publish","type":"product","link":"https:\/\/www.myaquastore.com\/pt-br\/produto\/sunsun-barato-35w-50l-aerador-de-vinho-magnetico-minimo-hz-035b\/","title":{"rendered":"SUNSUN barato 35w 50L\/aerador de vinho magn\u00e9tico m\u00ednimo HZ-035B"},"content":{"rendered":"<div style=\"clear:both\"><\/div>\n<p><span style=\"font-size: 18px\"><strong> SUNSUN barato 35w 50L\/aerador de vinho magn\u00e9tico m\u00ednimo <\/strong><\/span><\/p>\n<p><strong><span style=\"font-size: 10.5pt\">Caracter\u00edsticas<\/span><\/strong><\/p>\n<p><span style=\"font-size: 10.5pt\">Adote motor magn\u00e9tico permanente DC de super qualidade, que fazem o pist\u00e3o se mover reciprocamente no cilindro <\/span><\/p>\n<p><span style=\"font-size: 10.5pt\">e <\/span><span style=\"font-size: 10.5pt\">produzir fluxo de ar que \u00e9 grande em sa\u00edda e alta press\u00e3o.<\/span><\/p>\n<p><span style=\"font-size: 10.5pt\">Design de lubrifica\u00e7\u00e3o sem \u00f3leo para produzir mais puro ar comprimido.<\/span><\/p>\n<p><span style=\"font-size: 10.5pt\">Adote liga de alum\u00ednio. O case \u00e9 pequeno em seu volume, r\u00e1pido na dissipa\u00e7\u00e3o de calor e f\u00e1cil de mover.<\/span><\/p>\n<p><span style=\"font-size: 10.5pt\">Disposi\u00e7\u00e3o fosforizante, colora\u00e7\u00e3o regular e for\u00e7a adesiva.<\/span><\/p>\n<p><span style=\"font-family: 'Times New Roman';color: #000000;font-size: 10.5pt\">Eletromagn\u00e9tico linear motor, alta efici\u00eancia, constru\u00e7\u00e3o simples. <\/span><\/p>\n<p><span style=\"font-family: 'Times New Roman';color: #000000;font-size: 10.5pt\">Constru\u00e7\u00e3o simples<\/span><\/p>\n<\/p>\n<p><strong><span style=\"font-size: 10.5pt\">Aplica\u00e7\u00e3o<\/span><\/strong><\/p>\n<p><span style=\"font-size: 10,5pt\">Ser adequado para peixes vivos em ve\u00edculos, restaurantes e ind\u00fastria.<\/span><\/p>\n<p><span style=\"font-family: 'Times New Roman';color: #000000;font-size: 12pt\">Adequado para aquicultura de alta densidade, para adicionar oxig\u00eanio a grandes<\/span><span style=\"color: #000000;font-size: 12pt\"> s<\/span><span style=\"font-family: 'Times New Roman';color: #000000;font-size: 12pt\">frutos do mar<\/span><span style=\"color: #000000;font-size: 12pt\"> <\/span><span style=\"font-family: 'Times New Roman';color: #000000;font-size: 12pt\">aquacultura e aqu\u00e1rios de primeira linha. <\/span><\/p>\n<p><span style=\"font-family: 'Times New Roman';color: #000000;font-size: 12pt\">Para compacta\u00e7\u00e3o n\u00e3o-\u00f3leo<\/span><\/p>\n<p><span style=\"font-family: 'Times New Roman';color: #000000;font-size: 12pt\">Tratamentos qu\u00edmicos de ar nas ind\u00fastrias qu\u00edmica e m\u00e9dica ind\u00fastrias.<\/span><\/p>\n<\/p>\n<p><strong><span style=\"font-size: 10.5pt\">Nota<\/span><\/strong><\/p>\n<p><span style=\"font-size: 10.5pt\">Coloque a m\u00e1quina acima do n\u00edvel da \u00e1gua para proteger a \u00e1gua de fluir para tr\u00e1s, ou ela deve ser equipada com uma v\u00e1lvula de reten\u00e7\u00e3o.<\/span><\/p>\n<\/p>\n<p><span style=\"font-size: 10.5pt\"><img loading=\"lazy\" decoding=\"async\" src=\"http:\/\/localhost\/media\/import\/detail\/531458899_847.jpg\" alt=\"SUNSUN barato 35w 50L\/ aerador de vinho magn\u00e9tico m\u00ednimo\" width=\"800\" height=\"421\"><img loading=\"lazy\" decoding=\"async\" src=\"http:\/\/localhost\/media\/import\/detail\/531458901_926.jpg\" alt=\"SUNSUN barato 35w 50L\/ aerador de vinho magn\u00e9tico m\u00ednimo\" width=\"800\" height=\"417\"><\/span><\/p>\n<p><span style=\"font-size: 10.5pt\"> <strong><span><a title=\"P\u00e1gina inicial\" href=\"http:\/\/gzweierma.en.alibaba.com\/\"><img decoding=\"async\" src=\"http:\/\/localhost\/media\/import\/detail\/HTB14Ww.IXXXXXauaXXXq6xXFXXXG.jpg\" alt=\"SUNSUN barato 35w 50L\/ aerador de vinho magn\u00e9tico m\u00ednimo\"><\/a><\/span><\/strong><br \/> <\/span><\/p>\n<div style=\"clear:both\"><\/div>\n","protected":false},"excerpt":{"rendered":"<p>SUNSUN barato 35w 50L\/aerador de vinho magn\u00e9tico m\u00ednimo HZ-035B<\/p>\n","protected":false},"featured_media":5224,"comment_status":"open","ping_status":"closed","template":"","meta":[],"product_brand":[],"product_cat":[1376],"product_tag":[],"class_list":{"0":"post-35439","1":"product","2":"type-product","3":"status-publish","4":"has-post-thumbnail","6":"product_cat-bombas-de-ar-e-suprimentos","8":"first","9":"instock","10":"shipping-taxable","11":"purchasable","12":"product-type-simple"},"_links":{"self":[{"href":"https:\/\/www.myaquastore.com\/pt-br\/wp-json\/wp\/v2\/product\/35439","targetHints":{"allow":["GET"]}}],"collection":[{"href":"https:\/\/www.myaquastore.com\/pt-br\/wp-json\/wp\/v2\/product"}],"about":[{"href":"https:\/\/www.myaquastore.com\/pt-br\/wp-json\/wp\/v2\/types\/product"}],"replies":[{"embeddable":true,"href":"https:\/\/www.myaquastore.com\/pt-br\/wp-json\/wp\/v2\/comments?post=35439"}],"wp:featuredmedia":[{"embeddable":true,"href":"https:\/\/www.myaquastore.com\/pt-br\/wp-json\/wp\/v2\/media\/5224"}],"wp:attachment":[{"href":"https:\/\/www.myaquastore.com\/pt-br\/wp-json\/wp\/v2\/media?parent=35439"}],"wp:term":[{"taxonomy":"product_brand","embeddable":true,"href":"https:\/\/www.myaquastore.com\/pt-br\/wp-json\/wp\/v2\/product_brand?post=35439"},{"taxonomy":"product_cat","embeddable":true,"href":"https:\/\/www.myaquastore.com\/pt-br\/wp-json\/wp\/v2\/product_cat?post=35439"},{"taxonomy":"product_tag","embeddable":true,"href":"https:\/\/www.myaquastore.com\/pt-br\/wp-json\/wp\/v2\/product_tag?post=35439"}],"curies":[{"name":"wp","href":"https:\/\/api.w.org\/{rel}","templated":true}]}}