{"id":35459,"date":"2016-09-25T23:28:23","date_gmt":"2016-09-25T23:28:23","guid":{"rendered":"https:\/\/www.myaquastore.com\/product\/esterilizador-uvc-para-aquario-de-lago-sunsun-5000l-h-58w-cegs-cuv-155\/"},"modified":"2025-03-16T08:37:46","modified_gmt":"2025-03-16T08:37:46","slug":"esterilizador-uvc-para-aquario-de-lago-sunsun-5000l-h-58w-cegs-cuv-155","status":"publish","type":"product","link":"https:\/\/www.myaquastore.com\/pt-br\/produto\/esterilizador-uvc-para-aquario-de-lago-sunsun-5000l-h-58w-cegs-cuv-155\/","title":{"rendered":"Esterilizador UVC para aqu\u00e1rio de lago SUNSUN 5000L\/h 58W (CE,GS) CUV-155"},"content":{"rendered":"<div style=\"clear:both\"><\/div>\n<div id=\"ali-anchor-AliPostDhMb-kiky5\" style=\"padding-top:8px\" data-section-title=\"name\" data-section=\"AliPostDhMb-kiky5\">\n<div id=\"ali-title-AliPostDhMb-kiky5\" style=\"border-bottom:#ddd 1px solid;padding-bottom:8px;padding-top:8px;padding-left:0px;padding-right:0px\"><span style=\"font-weight:bold;color:#333;padding-bottom:8px;padding-top:8px;padding-left:10px;line-height:12px;padding-right:10px;background-color:#ddd\">nome<\/span><\/div>\n<div style=\"padding-bottom:10px;padding-top:10px;padding-left:0px;padding-right:0px\">\n<p><img decoding=\"async\" alt=\"SUNSUN 5000L\/h 58W Pond Aquarium UVC Esterilizador (CE,GS)\" src=\"http:\/\/localhost\/media\/import\/detail\/HTB11qiMJVXXXXXWXVXXq6xXFXXXQ.jpg\"><span> <\/span><\/p>\n<\/div>\n<\/div>\n<p style=\"text-align:center\"><strong><span style=\"font-size:24px\">SUNSUN 5000L\/h 58W Esterilizador UVC para aqu\u00e1rio de lagoa (CE,GS)<\/span><\/strong><\/p>\n<div id=\"ali-anchor-AliPostDhMb-c5z2w\" style=\"padding-top:8px\" data-section-title=\"Descri\u00e7\u00e3o do produto\" data-section=\"AliPostDhMb-c5z2w\">\n<div id=\"ali-title-AliPostDhMb-c5z2w\" style=\"border-bottom:#ddd 1px solid;padding-bottom:8px;padding-top:8px;padding-left:0px;padding-right:0px\"><span style=\"font-weight:bold;color:#333;padding-bottom:8px;padding-top:8px;padding-left:10px;line-height:12px;padding-right:10px;background-color:#ddd\">Descri\u00e7\u00e3o do produto<\/span><\/div>\n<div style=\"padding-bottom:10px;padding-top:10px;padding-left:0px;padding-right:0px\">\n<p><span style=\"font-family:arial, helvetica, sans-serif\"><strong>1.Caracter\u00edsticas:<\/strong><\/span><\/p>\n<\/div>\n<\/div>\n<p style=\"text-align:left\"><span style=\"font-size:18px;font-family:arial, helvetica, sans-serif;color:#000000\">1. Esses dispositivos UV-C mant\u00eam seu lago limpo e seus peixes saud\u00e1veis.<\/span><\/p>\n<p style=\"text-align:left\"><span style=\"font-size:18px;font-family:arial, helvetica, sans-serif\"><span style=\"color:#000000\">2. O interior em a\u00e7o inoxid\u00e1vel reflete a radia\u00e7\u00e3o UV-C, o que aumenta a efici\u00eancia <\/span><\/span><\/p>\n<p style=\"text-align:left\"><span style=\"font-size:18px;font-family:arial, helvetica, sans-serif\"><span style=\"color:#000000\"> <\/span><span style=\"color:#000000\">em at\u00e9 30%. Al\u00e9m disso, este interior em a\u00e7o inoxid\u00e1vel protege <\/span><span style=\"color:#000000\">o pl\u00e1stico <\/span><\/span><\/p>\n<p style=\"text-align:left\"><span style=\"font-size:18px;font-family:arial, helvetica, sans-serif\"><span style=\"color:#000000\"> corpo contra UV-C radia\u00e7\u00e3o.<\/span><\/span><\/p>\n<p style=\"text-align:left\"><span style=\"font-size:18px;font-family:arial, helvetica, sans-serif;color:#000000\">3. Esses dispositivos UV-C (incluindo o case) possuem conex\u00e3o \u00e0 terra, o que \u00e9 mais<\/span><\/p>\n<p style=\"text-align:left\"><span style=\"font-size:18px;font-family:arial, helvetica, sans-serif;color:#000000\"> seguro.<\/span><\/p>\n<p style=\"text-align:left\"><span style=\"font-size:18px;font-family:arial, helvetica, sans-serif\"><span style=\"color:#000000\">4. Desejando um design de conex\u00e3o especial, esses dispositivos UV-C podem ser trabalhados em no m\u00e1ximo <\/span><span style=\"color:#000000\">10 <\/span><\/span><\/p>\n<p style=\"text-align:left\"><span style=\"font-size:18px;font-family:arial, helvetica, sans-serif\"><span style=\"color:#000000\"> metros debaixo d&#8217;\u00e1gua press\u00e3o.<\/span><\/span><\/p>\n<p style=\"text-align:left\">\n<p style=\"text-align:left\"><img decoding=\"async\" alt=\"SUNSUN 5000L\/h 58W Esterilizador UVC para aqu\u00e1rio de lagoa (CE,GS)\" src=\"http:\/\/localhost\/media\/import\/detail\/758036556_314.jpg\"> <\/p>\n<\/p>\n<p><span style=\"font-family:arial, helvetica, sans-serif;color:#000000\"><strong><span style=\"font-size:24px\">2.As especifica\u00e7\u00f5es:<\/span><\/strong><\/span><\/p>\n<\/p>\n<table class=\"aliDataTable\" cellpadding=\"0\" border=\"1\">\n<tbody>\n<tr style=\"height:15.6pt\">\n<td valign=\"top\">\n<p><span style=\"font-size:18px;font-family:arial, helvetica, sans-serif\">1.Item<\/span><\/p>\n<\/td>\n<td style=\"width:197.05pt\" valign=\"top\">\n<p><span style=\"font-size:18px;font-family:arial, helvetica, sans-serif\">CUV-155<\/span><\/p>\n<\/td>\n<\/tr>\n<tr style=\"height:16.35pt\" align=\"left\">\n<td valign=\"top\">\n<p><span style=\"font-size:18px;font-family:arial, helvetica, sans-serif\">2.Consumo de energia (W)<\/span><\/p>\n<\/td>\n<td valign=\"top\"><span style=\"font-size:18px;font-family:arial, helvetica, sans-serif\">58<\/span><\/td>\n<\/tr>\n<tr style=\"height:16.35pt\" align=\"left\">\n<td valign=\"top\">\n<p><span style=\"font-size:18px;font-family:arial, helvetica, sans-serif\">3.UV-C(W)<\/span><\/p>\n<\/td>\n<td valign=\"top\">\n<p><span style=\"font-size:18px;font-family:arial, helvetica, sans-serif\">55<\/span><\/p>\n<\/td>\n<\/tr>\n<tr style=\"height:15.6pt\" align=\"left\">\n<td valign=\"top\">\n<p><span style=\"font-size:18px;font-family:arial, helvetica, sans-serif\">4.UV-C(%)horas<\/span><\/p>\n<\/td>\n<td valign=\"top\">\n<p><span style=\"font-size:18px;font-family:arial, helvetica, sans-serif\">85<\/span><\/p>\n<\/td>\n<\/tr>\n<tr style=\"height:16.35pt\" align=\"left\">\n<td valign=\"top\">\n<p><span style=\"font-size:18px;font-family:arial, helvetica, sans-serif\">5.Capacity(L)<\/span><\/p>\n<\/td>\n<td valign=\"top\"><span style=\"font-size:18px;font-family:arial, helvetica, sans-serif\">50000<\/span><\/td>\n<\/tr>\n<tr style=\"height:15.6pt\" align=\"left\">\n<td valign=\"top\">\n<p><span style=\"font-size:18px;font-family:arial, helvetica, sans-serif\">6.Press\u00e3o m\u00e1xima (bar)<\/span><\/p>\n<\/td>\n<td valign=\"top\">\n<p><span style=\"font-size:18px;font-family:arial, helvetica, sans-serif\">0,3<\/span><\/p>\n<\/td>\n<\/tr>\n<tr style=\"height:16.35pt\" align=\"left\">\n<td valign=\"top\">\n<p><span style=\"font-size:18px;font-family:arial, helvetica, sans-serif\">7.Fluxo direto (L\/h)<\/span><\/p>\n<\/td>\n<td valign=\"top\">\n<p><span style=\"font-size:18px;font-family:arial, helvetica, sans-serif\">5000<\/span><\/p>\n<\/td>\n<\/tr>\n<tr style=\"height:15.6pt\" align=\"left\">\n<td valign=\"top\">\n<p><span style=\"font-size:18px;font-family:arial, helvetica, sans-serif\">8.Comprimento do cabo<\/span><\/p>\n<\/td>\n<td valign=\"top\">\n<p><span style=\"font-size:18px;font-family:arial, helvetica, sans-serif\">1m\/4m<\/span><\/p>\n<\/td>\n<\/tr>\n<tr style=\"height:17.25pt\">\n<td valign=\"top\">\n<p><span style=\"font-size:18px;font-family:arial, helvetica, sans-serif\">9. Comprimento<\/span><\/p>\n<\/td>\n<td valign=\"top\">\n<p><span style=\"font-size:18px;font-family:arial, helvetica, sans-serif\">672<\/span><\/p>\n<\/td>\n<\/tr>\n<tr style=\"height:15pt\" align=\"left\">\n<td valign=\"top\">\n<p><span style=\"font-size:18px;font-family:arial, helvetica, sans-serif\">10.Qualidade<\/span><\/p>\n<\/td>\n<td valign=\"top\">\n<p align=\"left\"><span style=\"font-family:arial, helvetica, sans-serif\"> <\/span><\/p>\n<p align=\"left\"><span style=\"font-size:18px;font-family:arial, helvetica, sans-serif\">a maior empresa de produtos aqu\u00e1ticos da China.<\/span><\/p>\n<\/td>\n<\/tr>\n<tr style=\"height:4.6pt\" align=\"left\">\n<td valign=\"top\">\n<p><span style=\"font-size:18px;font-family:arial, helvetica, sans-serif\">11.Ponto de venda <\/span><\/p>\n<\/td>\n<td valign=\"top\">\n<p><span style=\"font-size:18px;font-family:arial, helvetica, sans-serif\">China bem conhecida marca registrada, aprovada por GS,CE<\/span><\/p>\n<\/td>\n<\/tr>\n<\/tbody>\n<\/table>\n<\/p>\n<p style=\"background:#ffffff\">\n<p style=\"background:#ffffff\"><span style=\"font-family:arial, helvetica, sans-serif\"><strong><span style=\"font-size:24px\">3. detalhes:<\/span><\/strong><\/span><\/p>\n<p style=\"background:#ffffff\">\n<p style=\"background:#ffffff\">\n<p style=\"background:#ffffff\">\n<table class=\"aliDataTable\">\n<tbody>\n<tr align=\"left\">\n<td style=\"width:47.3pt\" valign=\"top\">\n<p><span style=\"font-size:10.5pt\">Modelo<\/span><\/p>\n<\/td>\n<td style=\"width:47.35pt\" valign=\"top\">\n<p><span style=\"font-size:10.5pt\">Pot\u00eancia<\/span><\/p>\n<\/td>\n<td style=\"width:47.35pt\" valign=\"top\">\n<p><span style=\"font-size:10.5pt\">Pot\u00eancia UV<\/span><\/p>\n<\/td>\n<td style=\"width:47.35pt\" valign=\"top\">\n<p><span style=\"font-size:10.5pt\">Vida UV<\/span><\/p>\n<\/td>\n<td style=\"width:47.35pt\" valign=\"top\">\n<p><span style=\"font-size:10.5pt\">Capacidade<\/span><\/p>\n<\/td>\n<td style=\"width:47.35pt\" valign=\"top\">\n<p><span style=\"font-size:10.5pt\">Press\u00e3o m\u00e1xima<\/span><\/p>\n<\/td>\n<td style=\"width:47.35pt\" valign=\"top\">\n<p><span style=\"font-size:10.5pt\">Fluxo direto<\/span><\/p>\n<\/td>\n<td style=\"width:47.35pt\" valign=\"top\">\n<p><span style=\"font-size:10.5pt\">Comprimento do cabo<\/span><\/p>\n<\/td>\n<td style=\"width:47.35pt\" valign=\"top\">\n<p><span style=\"font-size:10.5pt\">Comprimento<\/span><\/p>\n<\/td>\n<\/tr>\n<tr align=\"left\">\n<td valign=\"top\">\n<p><span style=\"font-size:10.5pt\">CUV-107<\/span><\/p>\n<\/td>\n<td valign=\"top\">\n<p><span style=\"font-size:10.5pt\">11W<\/span><\/p>\n<\/td>\n<td valign=\"top\">\n<p><span style=\"font-size:10.5pt\">7W<\/span><\/p>\n<\/td>\n<td valign=\"top\">\n<p><span style=\"font-size:10.5pt\">8000 horas<\/span><\/p>\n<\/td>\n<td valign=\"top\">\n<p><span style=\"font-size:10.5pt\">6000L<\/span><\/p>\n<\/td>\n<td valign=\"top\">\n<p><span style=\"font-size:10.5pt\">0,3 barra<\/span><\/p>\n<\/td>\n<td valign=\"top\">\n<p><span style=\"font-size:10.5pt\">1200L\/h<\/span><\/p>\n<\/td>\n<td valign=\"top\">\n<p><span style=\"font-size:10.5pt\">1m\/2m<\/span><\/p>\n<\/td>\n<td valign=\"top\">\n<p><span style=\"font-size:10.5pt\">236mm<\/span><\/p>\n<\/td>\n<\/tr>\n<tr align=\"left\">\n<td valign=\"top\">\n<p><span style=\"font-size:10.5pt\">CUV-109A<\/span><\/p>\n<\/td>\n<td valign=\"top\">\n<p><span style=\"font-size:10.5pt\">12W<\/span><\/p>\n<\/td>\n<td valign=\"top\">\n<p><span style=\"font-size:10.5pt\">9W<\/span><\/p>\n<\/td>\n<td valign=\"top\">\n<p><span style=\"font-size:10.5pt\">800<\/span><\/p>\n<p><span style=\"font-size:10.5pt\">horas<\/span><\/p>\n<\/td>\n<td valign=\"top\">\n<p><span style=\"font-size:10.5pt\">8000L<\/span><\/p>\n<\/td>\n<td valign=\"top\">\n<p><span style=\"font-size:10.5pt\">0,3 bar<\/span><\/p>\n<\/td>\n<td valign=\"top\">\n<p><span style=\"font-size:10.5pt\">1500L\/h<\/span><\/p>\n<\/td>\n<td valign=\"top\">\n<p><span style=\"font-size:10.5pt\">1m\/2m<\/span><\/p>\n<\/td>\n<td valign=\"top\">\n<p><span style=\"font-size:10.5pt\">270mm<\/span><\/p>\n<\/td>\n<\/tr>\n<tr align=\"left\">\n<td valign=\"top\">\n<p><span style=\"font-size:10.5pt;color:#000000\">CUV-111<\/span><\/p>\n<\/td>\n<td valign=\"top\">\n<p><span style=\"font-size:10.5pt;color:#000000\">15W<\/span><\/p>\n<\/td>\n<td valign=\"top\">\n<p><span style=\"font-size:10.5pt;color:#000000\">11W<\/span><\/p>\n<\/td>\n<td valign=\"top\">\n<p><span style=\"font-size:10.5pt;color:#000000\">8.000 horas<\/span><\/p>\n<\/td>\n<td valign=\"top\">\n<p><span style=\"font-size:10.5pt;color:#000000\">10.000L<\/span><\/p>\n<\/td>\n<td valign=\"top\">\n<p><span style=\"font-size:10.5pt;color:#000000\">0,3 bar<\/span><\/p>\n<\/td>\n<td valign=\"top\">\n<p><span style=\"font-size:10.5pt;color:#000000\">1700L\/h<\/span><\/p>\n<\/td>\n<td valign=\"top\">\n<p><span style=\"font-size:10.5pt;color:#000000\">1m\/4m<\/span><\/p>\n<\/td>\n<td valign=\"top\">\n<p><span style=\"font-size:10.5pt;color:#000000\">314mm<\/span><\/p>\n<\/td>\n<\/tr>\n<tr align=\"left\">\n<td valign=\"top\">\n<p><span style=\"font-size:10.5pt\">CUV-111A<\/span><\/p>\n<\/td>\n<td valign=\"top\">\n<p><span style=\"font-size:10.5pt\">15W<\/span><\/p>\n<\/td>\n<td valign=\"top\">\n<p><span style=\"font-size:10.5pt\">11W<\/span><\/p>\n<\/td>\n<td valign=\"top\">\n<p><span style=\"font-size:10.5pt\">8.000 horas<\/span><\/p>\n<\/td>\n<td valign=\"top\">\n<p><span style=\"font-size:10.5pt\">10.000L<\/span><\/p>\n<\/td>\n<td valign=\"top\">\n<p><span style=\"font-size:10.5pt\">0,3 barra<\/span><\/p>\n<\/td>\n<td valign=\"top\">\n<p><span style=\"font-size:10.5pt\">1700L\/h<\/span><\/p>\n<\/td>\n<td valign=\"top\">\n<p><span style=\"font-size:10.5pt\">1m\/2m<\/span><\/p>\n<\/td>\n<td valign=\"top\">\n<p><span style=\"font-size:10.5pt\">340mm<\/span><\/p>\n<\/td>\n<\/tr>\n<tr align=\"left\">\n<td valign=\"top\">\n<p><span style=\"font-size:10.5pt\">CUV-118<\/span><\/p>\n<\/td>\n<td valign=\"top\">\n<p><span style=\"font-size:10.5pt\">20W<\/span><\/p>\n<\/td>\n<td valign=\"top\">\n<p><span style=\"font-size:10.5pt\">18W<\/span><\/p>\n<\/td>\n<td valign=\"top\">\n<p><span style=\"font-size:10.5pt\">8000 horas<\/span><\/p>\n<\/td>\n<td valign=\"top\">\n<p><span style=\"font-size:10.5pt\">20000L<\/span><\/p>\n<\/td>\n<td valign=\"top\">\n<p><span style=\"font-size:10.5pt\">0,3 barra<\/span><\/p>\n<\/td>\n<td valign=\"top\">\n<p><span style=\"font-size:10.5pt\">2500L\/h<\/span><\/p>\n<\/td>\n<td valign=\"top\">\n<p><span style=\"font-size:10.5pt\">1m\/4m<\/span><\/p>\n<\/td>\n<td valign=\"top\">\n<p><span style=\"font-size:10.5pt\">314mm<\/span><\/p>\n<\/td>\n<\/tr>\n<tr align=\"left\">\n<td valign=\"top\">\n<p><span style=\"font-size:10.5pt\">CUV-136<\/span><\/p>\n<\/td>\n<td valign=\"top\">\n<p><span style=\"font-size:10.5pt\">40W<\/span><\/p>\n<\/td>\n<td valign=\"top\">\n<p><span style=\"font-size:10.5pt\">36W<\/span><\/p>\n<\/td>\n<td valign=\"top\">\n<p><span style=\"font-size:10.5pt\">8.000 horas<\/span><\/p>\n<\/td>\n<td valign=\"top\">\n<p><span style=\"font-size:10.5pt\">35000L<\/span><\/p>\n<\/td>\n<td valign=\"top\">\n<p><span style=\"font-size:10.5pt\">0,3 barra<\/span><\/p>\n<\/td>\n<td valign=\"top\">\n<p><span style=\"font-size:10.5pt\">4500L\/h<\/span><\/p>\n<\/td>\n<td valign=\"top\">\n<p><span style=\"font-size:10.5pt\">1m\/4m<\/span><\/p>\n<\/td>\n<td valign=\"top\">\n<p><span style=\"font-size:10.5pt\">490mm<\/span><\/p>\n<\/td>\n<\/tr>\n<tr align=\"left\">\n<td valign=\"top\">\n<p><span style=\"font-size:10.5pt;color:#0000ff\">CUV-155<\/span><\/p>\n<\/td>\n<td valign=\"top\">\n<p><span style=\"font-size:10.5pt;color:#0000ff\">58W<\/span><\/p>\n<\/td>\n<td valign=\"top\">\n<p><span style=\"font-size:10.5pt;color:#0000ff\">55W<\/span><\/p>\n<\/td>\n<td valign=\"top\">\n<p><span style=\"font-size:10.5pt;color:#0000ff\">8.000 horas<\/span><\/p>\n<\/td>\n<td valign=\"top\">\n<p><span style=\"font-size:10.5pt;color:#0000ff\">50.000L<\/span><\/p>\n<\/td>\n<td valign=\"top\">\n<p><span style=\"font-size:10.5pt;color:#0000ff\">0,3 bar<\/span><\/p>\n<\/td>\n<td valign=\"top\">\n<p><span style=\"font-size:10.5pt;color:#0000ff\">5000L\/h<\/span><\/p>\n<\/td>\n<td valign=\"top\">\n<p><span style=\"font-size:10.5pt;color:#0000ff\">1m\/4m<\/span><\/p>\n<\/td>\n<td valign=\"top\">\n<p><span style=\"font-size:10.5pt;color:#0000ff\">672mm<\/span><\/p>\n<\/td>\n<\/tr>\n<tr align=\"left\">\n<td valign=\"top\">\n<p><span style=\"font-size:10.5pt\">CUV-172<\/span><\/p>\n<\/td>\n<td valign=\"top\">\n<p><span style=\"font-size:10.5pt\">80W<\/span><\/p>\n<\/td>\n<td valign=\"top\">\n<p><span style=\"font-size:10.5pt\">72W<\/span><\/p>\n<\/td>\n<td valign=\"top\">\n<p><span style=\"font-size:10.5pt\">8.000 horas<\/span><\/p>\n<\/td>\n<td valign=\"top\">\n<p><span style=\"font-size:10.5pt\">60.000L<\/span><\/p>\n<\/td>\n<td valign=\"top\">\n<p><span style=\"font-size:10.5pt\">0,3 barra<\/span><\/p>\n<\/td>\n<td valign=\"top\">\n<p><span style=\"font-size:10.5pt\">6000L\/h<\/span><\/p>\n<\/td>\n<td valign=\"top\">\n<p><span style=\"font-size:10.5pt\">2m\/4m<\/span><\/p>\n<\/td>\n<td valign=\"top\">\n<p><span style=\"font-size:10.5pt\">980mm<\/span><\/p>\n<\/td>\n<\/tr>\n<\/tbody>\n<\/table>\n<p style=\"background:#ffffff\">\n<p style=\"background:#ffffff\"><span style=\"font-family:arial, helvetica, sans-serif\"><strong><span style=\"font-size:24px\">4.Os usos:<\/span><\/strong><\/span><\/p>\n<p style=\"background:#ffffff\"><strong><span style=\"font-size:24px;font-family:comic sans ms,sans-serif;background-color:#ff0000\"><img loading=\"lazy\" decoding=\"async\" alt=\"SUNSUN 5000L\/h 58W Pond Aquarium UVC Esterilizador(CE,GS)\" src=\"http:\/\/localhost\/media\/import\/detail\/565604259_619.JPG\" width=\"600\" height=\"448\"><\/span><\/strong><\/p>\n<p style=\"background:#ffffff\"><strong><\/strong> <\/p>\n<p style=\"background:#ffffff\"><strong><span style=\"font-size:24px;font-family:comic sans ms,sans-serif;background-color:#ff0000\"><img loading=\"lazy\" decoding=\"async\" alt=\"SUNSUN 5000L\/h 58W Esterilizador UVC para aqu\u00e1rio de lagoa (CE,GS)\" src=\"http:\/\/localhost\/media\/import\/detail\/710140420_360.jpg\" width=\"601\" height=\"381\"><\/span><\/strong><\/p>\n<p style=\"background:#ffffff\">\n<p style=\"background:#ffffff\">\n<div style=\"clear:both\"><\/div>\n","protected":false},"excerpt":{"rendered":"<p>Esterilizador UVC para aqu\u00e1rio de lago SUNSUN 5000L\/h 58W (CE,GS) CUV-155<\/p>\n","protected":false},"featured_media":5264,"comment_status":"open","ping_status":"closed","template":"","meta":[],"product_brand":[],"product_cat":[627],"product_tag":[],"class_list":{"0":"post-35459","1":"product","2":"type-product","3":"status-publish","4":"has-post-thumbnail","6":"product_cat-filtros-de-aquario","8":"first","9":"instock","10":"shipping-taxable","11":"purchasable","12":"product-type-simple"},"_links":{"self":[{"href":"https:\/\/www.myaquastore.com\/pt-br\/wp-json\/wp\/v2\/product\/35459","targetHints":{"allow":["GET"]}}],"collection":[{"href":"https:\/\/www.myaquastore.com\/pt-br\/wp-json\/wp\/v2\/product"}],"about":[{"href":"https:\/\/www.myaquastore.com\/pt-br\/wp-json\/wp\/v2\/types\/product"}],"replies":[{"embeddable":true,"href":"https:\/\/www.myaquastore.com\/pt-br\/wp-json\/wp\/v2\/comments?post=35459"}],"wp:featuredmedia":[{"embeddable":true,"href":"https:\/\/www.myaquastore.com\/pt-br\/wp-json\/wp\/v2\/media\/5264"}],"wp:attachment":[{"href":"https:\/\/www.myaquastore.com\/pt-br\/wp-json\/wp\/v2\/media?parent=35459"}],"wp:term":[{"taxonomy":"product_brand","embeddable":true,"href":"https:\/\/www.myaquastore.com\/pt-br\/wp-json\/wp\/v2\/product_brand?post=35459"},{"taxonomy":"product_cat","embeddable":true,"href":"https:\/\/www.myaquastore.com\/pt-br\/wp-json\/wp\/v2\/product_cat?post=35459"},{"taxonomy":"product_tag","embeddable":true,"href":"https:\/\/www.myaquastore.com\/pt-br\/wp-json\/wp\/v2\/product_tag?post=35459"}],"curies":[{"name":"wp","href":"https:\/\/api.w.org\/{rel}","templated":true}]}}