{"id":35476,"date":"2016-09-25T23:28:25","date_gmt":"2016-09-25T23:28:25","guid":{"rendered":"https:\/\/www.myaquastore.com\/product\/sunsun-venda-inteira-ventilador-de-resfriamento-de-aquario-de-baixo-ruido-jf-001\/"},"modified":"2025-03-16T08:37:51","modified_gmt":"2025-03-16T08:37:51","slug":"sunsun-venda-inteira-ventilador-de-resfriamento-de-aquario-de-baixo-ruido-jf-001","status":"publish","type":"product","link":"https:\/\/www.myaquastore.com\/pt-br\/produto\/sunsun-venda-inteira-ventilador-de-resfriamento-de-aquario-de-baixo-ruido-jf-001\/","title":{"rendered":"SUNSUN venda inteira Ventilador de resfriamento de aqu\u00e1rio de baixo ru\u00eddo JF-001"},"content":{"rendered":"<div style=\"clear:both\"><\/div>\n<p style=\"text-align:center\"><span style=\"font-size:18px;color:#000000\"><strong><span style=\"background-color:#ffffff\">SUNSUN venda completa Ventilador de resfriamento de aqu\u00e1rio de baixo ru\u00eddo<\/span> <\/strong><\/span><\/p>\n<div id=\"ali-anchor-AliPostDhMb-otq03\" style=\"padding-top:8px\" data-section-title=\"Dicas de compra\" data-section=\"AliPostDhMb-otq03\">\n<div id=\"ali-title-AliPostDhMb-otq03\" style=\"border-bottom:#ddd 1px solid;padding-bottom:8px;padding-top:8px;padding-left:0px;padding-right:0px\"><span style=\"font-weight:bold;color:#333;padding-bottom:8px;padding-top:8px;padding-left:10px;line-height:12px;padding-right:10px;background-color:#ddd\">Dicas de compra<\/span><\/div>\n<div style=\"padding-bottom:10px;padding-top:10px;padding-left:0px;padding-right:0px\">\n<p><span style=\"color:#ff0000\"><strong><span style=\"font-size:14px\">Dicas:<\/span><\/strong><\/span><br \/><span style=\"font-size:14px\">se voc\u00ea comprou um certo n\u00famero de produtos,<\/span><br \/><span style=\"font-size:14px\">Podemos oferecer-lhe amostras gr\u00e1tis,<\/span><br \/><span style=\"font-size:14px\">Para mais detalhes, consulte-nos.<\/span><\/p>\n<\/div>\n<\/div>\n<p style=\"text-align:center\"><strong><span style=\"font-size:14px;font-family:comic sans ms,sans-serif;color:#cd6c31\">Par\u00e2metros<\/span><\/strong><\/p>\n<p style=\"text-align:center\"><span style=\"font-size:14px;font-family:comic sans ms,sans-serif;background:#ffffff;color:#666666\">Pot\u00eancia: 7w<\/span><\/p>\n<p style=\"text-align:center\">\n<p style=\"background:#ffffff;text-align:center\"><span style=\"font-size:14px;font-family:comic sans ms,sans-serif\"><span style=\"background:#ffffff;color:#666666\">Tens\u00e3o: <\/span><span style=\"background:#ffffff;color:#666666\">110<\/span><span style=\"background:#ffffff;color:#666666\">-240<\/span><span style=\"background:#ffffff;color:#666666\">v<\/span><\/span><\/p>\n<p style=\"text-align:center\">\n<p style=\"background:#ffffff;text-align:center\"><span style=\"font-size:14px;font-family:comic sans ms,sans-serif;background:#ffffff;color:#666666\">Frequ\u00eancia: 50Hz\/60Hz<\/span><\/p>\n<p style=\"text-align:center\">\n<p style=\"background:#ffffff;text-align:center\"><span style=\"font-size:14px;font-family:comic sans ms,sans-serif;background:#ffffff;color:#666666\">Peso: 0,25kg<\/span><\/p>\n<p style=\"text-align:center\">\n<p style=\"text-align:center\"><span style=\"font-size:14px;font-family:comic sans ms,sans-serif;background:#ffffff;color:#666666\">Dimens\u00f5es: 82*35*150mm<\/span><\/p>\n<p style=\"text-align:center\">\n<p style=\"text-align:center\">\n<p style=\"text-align:center\"><strong><span style=\"font-size:14px;font-family:comic sans ms,sans-serif;color:#cd6c31\">Ventilador<\/span><\/strong><\/p>\n<p style=\"text-align:center\"><span style=\"font-size:14px;font-family:comic sans ms,sans-serif\">Este resfriamento de aqu\u00e1rio o ventilador ajudar\u00e1 a resfriar o aqu\u00e1rio em at\u00e9 3 graus, <\/span><\/p>\n<p style=\"text-align:center\"><span style=\"font-size:14px;font-family:comic sans ms,sans-serif\">e uma vez preso no lugar, \u00e9 facilmente ajust\u00e1vel em altura para atender \u00e0s suas necessidades.<\/span><\/p>\n<p style=\"text-align:center\"><span style=\"font-size:14px;font-family:comic sans ms,sans-serif\">\u00c9 ajust\u00e1vel para fornecer ar e pode ser girado para a esquerda ou direita em 180 graus no m\u00e1ximo e <\/span><\/p>\n<p style=\"text-align:center\"><span style=\"font-size:14px;font-family:comic sans ms,sans-serif\">livremente para cima ou para baixo em 45 graus para obter uma dire\u00e7\u00e3o ideal para o melhor efeito de resfriamento.<\/span><\/p>\n<p style=\"text-align:center\">\n<p style=\"text-align:center\"><span style=\"font-size:10.5pt;font-family:'Times New Roman'\"><img decoding=\"async\" alt=\"SUNSUN venda inteira Ventilador de resfriamento de aqu\u00e1rio de baixo ru\u00eddo\" src=\"http:\/\/localhost\/media\/import\/detail\/522439625_476.jpg\"><\/span><\/p>\n<p style=\"text-align:center\"><span style=\"font-size:10.5pt;font-family:'Times New Roman'\"><img decoding=\"async\" alt=\"SUNSUN venda inteira aqu\u00e1rio de baixo ru\u00eddo Ventilador de resfriamento\" src=\"http:\/\/localhost\/media\/import\/detail\/522439925_079.jpg\"><img decoding=\"async\" alt=\"SUNSUN venda completa Ventilador de resfriamento de aqu\u00e1rio de baixo ru\u00eddo\" src=\"http:\/\/localhost\/media\/import\/detail\/522439926_383.jpg\"><\/span><\/p>\n<div style=\"clear:both\"><\/div>\n","protected":false},"excerpt":{"rendered":"<p>SUNSUN venda inteira Ventilador de resfriamento de aqu\u00e1rio de baixo ru\u00eddo JF-001<\/p>\n","protected":false},"featured_media":5298,"comment_status":"open","ping_status":"closed","template":"","meta":[],"product_brand":[],"product_cat":[1285],"product_tag":[],"class_list":{"0":"post-35476","1":"product","2":"type-product","3":"status-publish","4":"has-post-thumbnail","6":"product_cat-aquecedor-de-aquario-e-amp-controlador-de-temperatura","8":"first","9":"instock","10":"shipping-taxable","11":"purchasable","12":"product-type-simple"},"_links":{"self":[{"href":"https:\/\/www.myaquastore.com\/pt-br\/wp-json\/wp\/v2\/product\/35476","targetHints":{"allow":["GET"]}}],"collection":[{"href":"https:\/\/www.myaquastore.com\/pt-br\/wp-json\/wp\/v2\/product"}],"about":[{"href":"https:\/\/www.myaquastore.com\/pt-br\/wp-json\/wp\/v2\/types\/product"}],"replies":[{"embeddable":true,"href":"https:\/\/www.myaquastore.com\/pt-br\/wp-json\/wp\/v2\/comments?post=35476"}],"wp:featuredmedia":[{"embeddable":true,"href":"https:\/\/www.myaquastore.com\/pt-br\/wp-json\/wp\/v2\/media\/5298"}],"wp:attachment":[{"href":"https:\/\/www.myaquastore.com\/pt-br\/wp-json\/wp\/v2\/media?parent=35476"}],"wp:term":[{"taxonomy":"product_brand","embeddable":true,"href":"https:\/\/www.myaquastore.com\/pt-br\/wp-json\/wp\/v2\/product_brand?post=35476"},{"taxonomy":"product_cat","embeddable":true,"href":"https:\/\/www.myaquastore.com\/pt-br\/wp-json\/wp\/v2\/product_cat?post=35476"},{"taxonomy":"product_tag","embeddable":true,"href":"https:\/\/www.myaquastore.com\/pt-br\/wp-json\/wp\/v2\/product_tag?post=35476"}],"curies":[{"name":"wp","href":"https:\/\/api.w.org\/{rel}","templated":true}]}}