{"id":35477,"date":"2016-09-25T23:28:25","date_gmt":"2016-09-25T23:28:25","guid":{"rendered":"https:\/\/www.myaquastore.com\/product\/ventilador-de-resfriamento-de-tanque-de-peixes-de-plastico-para-aquario-7w-jf-002\/"},"modified":"2025-03-16T08:37:51","modified_gmt":"2025-03-16T08:37:51","slug":"ventilador-de-resfriamento-de-tanque-de-peixes-de-plastico-para-aquario-7w-jf-002","status":"publish","type":"product","link":"https:\/\/www.myaquastore.com\/pt-br\/produto\/ventilador-de-resfriamento-de-tanque-de-peixes-de-plastico-para-aquario-7w-jf-002\/","title":{"rendered":"Ventilador de resfriamento de tanque de peixes de pl\u00e1stico para aqu\u00e1rio 7W JF-002"},"content":{"rendered":"<div style=\"clear:both\"><\/div>\n<p><span style=\"font-size:24px\"><span style=\"color:#ff0000\"><strong>Ventilador de resfriamento de tanque de peixes de pl\u00e1stico para aqu\u00e1rio 7W JF-002<\/strong><\/span> <\/span><\/p>\n<p><strong><\/strong> <\/p>\n<div id=\"ali-anchor-AliPostDhMb-r79sr\" style=\"padding-top:8px\" data-section-title=\"Descri\u00e7\u00e3o do produto\" data-section=\"AliPostDhMb-r79sr\">\n<div id=\"ali-title-AliPostDhMb-r79sr\" style=\"border-bottom:#ddd 1px solid;padding-bottom:8px;padding-top:8px;padding-left:0px;padding-right:0px\"><span style=\"font-weight:bold;color:#333;padding-bottom:8px;padding-top:8px;padding-left:10px;line-height:12px;padding-right:10px;background-color:#ddd\">Descri\u00e7\u00e3o do produto<\/span><\/div>\n<div style=\"padding-bottom:10px;padding-top:10px;padding-left:0px;padding-right:0px\">\n<\/div>\n<\/div>\n<p><strong><span style=\"font-size:12px\"><em>Modelo<\/em><em> : JF-002<\/em><\/span><\/strong><\/p>\n<p><strong><span style=\"font-size:12px\"><em>Tens\u00e3o: 110V\/220V\/240V<\/em><\/span><\/strong><\/p>\n<p><strong><span style=\"font-size:12px\"><em>Frequ\u00eancia: 50Hz\/60Hz<\/em><\/span><\/strong><\/p>\n<p><strong><span style=\"font-size:12px\"><em>Pot\u00eancia: 7W<\/em><\/span><\/strong><\/p>\n<p><strong><span style=\"font-size:12px\"><em>Peso: 0,4kg<\/em><\/span><\/strong><\/p>\n<p><strong><span style=\"font-size:12px\"><em>Dimens\u00f5es: 86*36*172mm<\/em><\/span><\/strong><\/p>\n<p><strong><\/strong> <\/p>\n<p><span style=\"font-size:14px\"><strong>Par\u00e2metros do ventilador de resfriamento do aqu\u00e1rio de pl\u00e1stico<\/strong><\/span><\/p>\n<table class=\"aliDataTable\" style=\"width:80%\" border=\"4\">\n<tbody>\n<tr>\n<td>Modelo<\/td>\n<td>Tens\u00e3o<\/td>\n<td>Frequ\u00eancia<\/td>\n<td>Pot\u00eancia<\/td>\n<td>N\u00f3s certo<\/td>\n<td>Dimens\u00f5es<\/td>\n<\/tr>\n<tr>\n<td>JF-001<\/td>\n<td>110V\/220V\/240V<\/td>\n<td>50Hz\/60Hz<\/p>\n<td>7W<\/td>\n<td>0,25kg<\/td>\n<td>82*35*150mm<\/td>\n<\/tr>\n<tr>\n<td>JF-002<\/td>\n<td>110V\/220V\/240V<\/td>\n<td>50Hz\/60Hz<\/td>\n<td>7W<\/td>\n<td>0,4kg<\/td>\n<td>86*36*172mm<\/td>\n<\/tr>\n<\/tbody>\n<\/table>\n<p><span style=\"font-size:14px\"><strong>Ventilador de resfriamento para aqu\u00e1rio de peixes 7w show <\/strong><\/span><\/p>\n<p><span style=\"font-size:14px\"><strong><img decoding=\"async\" alt=\"Ventilador de resfriamento para aqu\u00e1rio de pl\u00e1stico Whisper 7W JF-002\" src=\"http:\/\/localhost\/media\/import\/detail\/547230934_382.jpg\"><img decoding=\"async\" alt=\"Ventilador de resfriamento de tanque de peixes de pl\u00e1stico para aqu\u00e1rio 7W JF-002\" src=\"http:\/\/localhost\/media\/import\/detail\/547230937_777.jpg\"><\/strong><\/span><\/p>\n<\/p>\n<p><span style=\"font-size:14px\"><strong>Exibi\u00e7\u00e3o de m\u00e1quina termost\u00e1tica de aqu\u00e1rio<\/strong><\/span><\/p>\n<p><span style=\"font-size:14px\"><strong><img decoding=\"async\" alt=\"Ventilador de resfriamento de tanque de peixes Whisper de pl\u00e1stico para aqu\u00e1rio 7W JF-002\" src=\"http:\/\/localhost\/media\/import\/detail\/547233237_550.jpg\"><img decoding=\"async\" alt=\"Ventilador de resfriamento de tanque de peixes de pl\u00e1stico para aqu\u00e1rio 7W JF-002\" src=\"http:\/\/localhost\/media\/import\/detail\/547233238_873.jpg\"><img decoding=\"async\" alt=\"Ventilador de resfriamento de tanque de peixes de pl\u00e1stico para aqu\u00e1rio 7W JF-002\" src=\"http:\/\/localhost\/media\/import\/detail\/547233242_319.jpg\"><img decoding=\"async\" alt=\"Aquarium Plastic Whisper Fish Tank Ventilador de resfriamento 7W JF-002\" src=\"http:\/\/localhost\/media\/import\/detail\/547233244_630.jpg\"><\/strong><\/span><\/p>\n<\/p>\n<div id=\"ali-anchor-AliPostDhMb-934k9\" style=\"padding-top:8px\" data-section-title=\"Informa\u00e7\u00f5es da empresa\" data-section=\"AliPostDhMb-934k9\"> <\/div>\n<div style=\"clear:both\"><\/div>\n","protected":false},"excerpt":{"rendered":"<p>Ventilador de resfriamento de tanque de peixes de pl\u00e1stico para aqu\u00e1rio 7W JF-002<\/p>\n","protected":false},"featured_media":5300,"comment_status":"open","ping_status":"closed","template":"","meta":[],"product_brand":[],"product_cat":[1285],"product_tag":[],"class_list":{"0":"post-35477","1":"product","2":"type-product","3":"status-publish","4":"has-post-thumbnail","6":"product_cat-aquecedor-de-aquario-e-amp-controlador-de-temperatura","8":"first","9":"instock","10":"shipping-taxable","11":"purchasable","12":"product-type-simple"},"_links":{"self":[{"href":"https:\/\/www.myaquastore.com\/pt-br\/wp-json\/wp\/v2\/product\/35477","targetHints":{"allow":["GET"]}}],"collection":[{"href":"https:\/\/www.myaquastore.com\/pt-br\/wp-json\/wp\/v2\/product"}],"about":[{"href":"https:\/\/www.myaquastore.com\/pt-br\/wp-json\/wp\/v2\/types\/product"}],"replies":[{"embeddable":true,"href":"https:\/\/www.myaquastore.com\/pt-br\/wp-json\/wp\/v2\/comments?post=35477"}],"wp:featuredmedia":[{"embeddable":true,"href":"https:\/\/www.myaquastore.com\/pt-br\/wp-json\/wp\/v2\/media\/5300"}],"wp:attachment":[{"href":"https:\/\/www.myaquastore.com\/pt-br\/wp-json\/wp\/v2\/media?parent=35477"}],"wp:term":[{"taxonomy":"product_brand","embeddable":true,"href":"https:\/\/www.myaquastore.com\/pt-br\/wp-json\/wp\/v2\/product_brand?post=35477"},{"taxonomy":"product_cat","embeddable":true,"href":"https:\/\/www.myaquastore.com\/pt-br\/wp-json\/wp\/v2\/product_cat?post=35477"},{"taxonomy":"product_tag","embeddable":true,"href":"https:\/\/www.myaquastore.com\/pt-br\/wp-json\/wp\/v2\/product_tag?post=35477"}],"curies":[{"name":"wp","href":"https:\/\/api.w.org\/{rel}","templated":true}]}}