{"id":35500,"date":"2016-09-25T23:28:25","date_gmt":"2016-09-25T23:28:25","guid":{"rendered":"https:\/\/www.myaquastore.com\/product\/lampada-led-submersivel-a-prova-dagua-ilumina-aquario-cqd-135b\/"},"modified":"2025-03-16T08:37:56","modified_gmt":"2025-03-16T08:37:56","slug":"lampada-led-submersivel-a-prova-dagua-ilumina-aquario-cqd-135b","status":"publish","type":"product","link":"https:\/\/www.myaquastore.com\/pt-br\/produto\/lampada-led-submersivel-a-prova-dagua-ilumina-aquario-cqd-135b\/","title":{"rendered":"L\u00e2mpada LED submers\u00edvel \u00e0 prova d&#8217;\u00e1gua ilumina aqu\u00e1rio CQD-135B"},"content":{"rendered":"<div style=\"clear:both\"><\/div>\n<p><span style=\"font-size:24px\"><strong> L\u00e2mpada LED submers\u00edvel \u00e0 prova d&#8217;\u00e1gua para aqu\u00e1rio 12VAC 1*6W CQD-135B <\/strong><\/span><\/p>\n<div id=\"ali-anchor-AliPostDhMb-f0oj9\" style=\"padding-top:8px\" data-section-title=\"Descri\u00e7\u00e3o do produto\" data-section=\"AliPostDhMb-f0oj9\">\n<div id=\"ali-title-AliPostDhMb-f0oj9\" style=\"border-bottom:#ddd 1px solid;padding-bottom:8px;padding-top:8px;padding-left:0px;padding-right:0px\"><span style=\"font-weight:bold;color:#333;padding-bottom:8px;padding-top:8px;padding-left:10px;line-height:12px;padding-right:10px;background-color:#ddd\">Descri\u00e7\u00e3o do produto<\/span><\/div>\n<div style=\"padding-bottom:10px;padding-top:10px;padding-left:0px;padding-right:0px\">\n<\/div>\n<\/div>\n<p> <span style=\"font-size:14px\"><strong>par\u00e2metros de l\u00e2mpadas LED submers\u00edveis \u00e0 prova d&#8217;\u00e1gua<\/strong><\/span><\/p>\n<table class=\"aliDataTable\" style=\"width:80%\" border=\"5\">\n<tbody>\n<tr>\n<td><span style=\"font-size:14px\">Modelo<\/span><\/td>\n<td><span style=\"font-size:14px\">CQD-120<\/span><\/td>\n<td><span style=\"font-size:14px\">CQD-120B<\/span><\/td>\n<td><span style=\"font-size:14px\">CQD-120C<\/span><\/td>\n<td><span style=\"font-size:14px\">CQD-120L<\/span><\/td>\n<td><span style=\"font-size:14px\">CQD-135<\/span><\/td>\n<td>\n<p><span style=\"font-size:14px\">CQD-135L<\/span><\/p>\n<p><span style=\"font-size:14px\">CQD-135B<\/span><\/p>\n<\/td>\n<\/tr>\n<tr>\n<td>Tens\u00e3o<\/td>\n<td><span style=\"font-size:14px\">12VAC<\/span><\/td>\n<td><span style=\"font-size:14px\">12VAC<\/span><\/td>\n<td><span style=\"font-size:14px\">12VAC<\/span><\/td>\n<td><span style=\"font-size:14px\">12VAC<\/span><\/td>\n<td><span style=\"font-size:14px\">12VAC<\/span><\/td>\n<td><span style=\"font-size:14px\">12VAC<\/span><\/td>\n<\/tr>\n<tr>\n<td><span style=\"font-size:14px\">Pot\u00eancia<\/span><\/td>\n<td><span style=\"font-size:14px\">1*20W<\/span><\/td>\n<td><span style=\"font-size:14px\">2*20W<\/span><\/td>\n<td><span style=\"font-size:14px\">3*20W<\/span><\/td>\n<td><span style=\"font-size:14px\">2*1,5W<\/span><\/td>\n<td><span style=\"font-size:14px\">1*35W<\/span><\/td>\n<td><span style=\"font-size:14px\">1*6W<\/span><\/td>\n<\/tr>\n<tr>\n<td><span style=\"font-size:14px\">\u00c2ngulo do feixe<\/span><\/td>\n<td><span style=\"font-size:14px\">38<\/span><span style=\"font-size:10px\"><sup>0<\/sup><\/span><\/td>\n<td><span style=\"font-size:14px\">38<\/span><span style=\"font-size:10px\"><sup>0<\/sup><\/span><\/td>\n<td><span style=\"font-size:14px\">38<\/span><span style=\"font-size:10px\"><sup>0<\/sup><\/span><\/td>\n<td><span style=\"font-size:10px\"><span style=\"font-size:14px\">15<\/span><sup>0<\/sup><\/span><\/td>\n<td><span style=\"font-size:10px\"><span style=\"font-size:14px\">60<\/span><sup>0<\/sup><\/span><\/td>\n<td><span style=\"font-size:10px\"><span style=\"font-size:14px\">80<\/span><sup>0<\/sup><\/span><\/td>\n<\/tr>\n<tr>\n<td><span style=\"font-size:14px\">Cabo comprimento<\/span><\/td>\n<td><span style=\"font-size:14px\">2m\/5m<\/span><\/td>\n<td><span style=\"font-size:14px\">2m\/5m\/2,5m<\/span><\/td>\n<td><span style=\"font-size:14px\">2m\/5m\/2,5m<\/span><\/td>\n<td><span style=\"font-size:14px\">2m\/5m\/2,5m<\/span><\/td>\n<td><span style=\"font-size:14px\">1,8m\/6,5m<\/span><\/td>\n<td><span style=\"font-size:14px\">1,8m\/6,5m<\/span><\/td>\n<\/tr>\n<tr>\n<td><span style=\"font-size:14px\">Pot\u00eancia do transformador<\/span><\/td>\n<td><span style=\"font-size:14px\">20VA<\/span><\/td>\n<td><span style=\"font-size:14px\">42VA<\/span><\/td>\n<td><span style=\"font-size:14px\">60VA<\/span><\/td>\n<td><span style=\"font-size:14px\">10VA<\/span><\/td>\n<td><span style=\"font-size:14px\">36VA<\/span><\/td>\n<td><span style=\"font-size:14px\">10VA<\/span><\/td>\n<\/tr>\n<tr>\n<td><span style=\"font-size:14px\">Terreno estaca<\/span><\/td>\n<td><span style=\"font-size:14px\">1PCS<\/span><\/td>\n<td><span style=\"font-size:14px\">2PCS<\/span><\/td>\n<td><span style=\"font-size:14px\">3PCS<\/span><\/td>\n<td><span style=\"font-size:14px\">2PCS<\/span><\/td>\n<td><span style=\"font-size:14px\">1PCS<\/span><\/td>\n<td><span style=\"font-size:14px\">1PCS<\/span><\/td>\n<\/tr>\n<tr>\n<td><span style=\"font-size:14px\">Montagem suporte<\/span><\/td>\n<td>\/<\/td>\n<td>\/<\/td>\n<td>\/<\/td>\n<td><span style=\"font-size:14px\">2PCS<\/span><\/td>\n<td><span style=\"font-size:14px\">1PCS<\/span><\/td>\n<td><span style=\"font-size:14px\">1PCS<\/span><\/td>\n<\/tr>\n<tr>\n<td><span style=\"font-size:14px\">Suporte com p\u00e9s de borracha<\/span><\/td>\n<td><span style=\"font-size:14px\">1PCS<\/span><\/td>\n<td><span style=\"font-size:14px\">2PCS<\/span><\/td>\n<td><span style=\"font-size:14px\">3PCS<\/span><\/td>\n<td><span style=\"font-size:14px\">2PCS<\/span><\/td>\n<td><span style=\"font-size:14px\">1PCS<\/span><\/td>\n<td><span style=\"font-size:14px\">1PCS<\/span><\/td>\n<\/tr>\n<tr>\n<td><span style=\"font-size:14px\">Capas coloridas<\/span><\/td>\n<td><span style=\"font-size:14px\">4PCS<\/span><\/td>\n<td><span style=\"font-size:14px\">8PCS<\/span><\/td>\n<td><span style=\"font-size:14px\">8PCS<\/span><\/td>\n<td><span style=\"font-size:14px\">8PCS<\/span><\/td>\n<td><span style=\"font-size:14px\">\/<\/span><\/td>\n<td><span style=\"font-size:14px\">\/<\/span><\/td>\n<\/tr>\n<tr>\n<td><span style=\"font-size:14px\">Dimens\u00f5es<\/span><\/td>\n<td><span style=\"font-size:14px\">?76*98mm<\/span><\/td>\n<td><span style=\"font-size:14px\">?76*98mm <\/span><\/td>\n<td><span style=\"font-size:14px\">?76*98mm <\/span><\/td>\n<td><span style=\"font-size:14px\">?76*98mm <\/span><\/td>\n<td><span style=\"font-size:14px\">?144*98mm <\/span><\/td>\n<td><span style=\"font-size:14px\">?144*98mm <\/span><\/td>\n<\/tr>\n<\/tbody>\n<\/table>\n<p><span style=\"font-size:14px\"><strong>show de aqu\u00e1rio com l\u00e2mpadas LED submers\u00edveis \u00e0 prova d&#8217;\u00e1gua <\/strong><\/span><\/p>\n<\/p>\n<p><img decoding=\"async\" alt=\"L\u00e2mpadas LED submers\u00edveis \u00e0 prova d'\u00e1gua para aqu\u00e1rio\" src=\"http:\/\/localhost\/media\/import\/detail\/547472644_960.jpg\"> <\/p>\n<p><span style=\"font-size:14px\"><strong>CQD-135B: pode mudar as cores por conta pr\u00f3pria!!!<\/strong><\/span><\/p>\n<p><span style=\"font-size:14px\"><strong><img decoding=\"async\" alt=\"L\u00e2mpada LED submers\u00edvel \u00e0 prova d'\u00e1gua acende aqu\u00e1rio\" src=\"http:\/\/localhost\/media\/import\/detail\/547473217_478.jpg\"><img decoding=\"async\" alt=\"L\u00e2mpada LED submers\u00edvel \u00e0 prova d'\u00e1gua acende aqu\u00e1rio\" src=\"http:\/\/localhost\/media\/import\/detail\/547473218_896.jpg\"><img decoding=\"async\" alt=\"L\u00e2mpada LED submers\u00edvel \u00e0 prova d'\u00e1gua ilumina aqu\u00e1rio\" src=\"http:\/\/localhost\/media\/import\/detail\/547473219_659.jpg\"><img decoding=\"async\" alt=\"L\u00e2mpada LED submers\u00edvel \u00e0 prova d'\u00e1gua ilumina aqu\u00e1rio\" src=\"http:\/\/localhost\/media\/import\/detail\/547473220_406.jpg\"><img decoding=\"async\" alt=\"L\u00e2mpada LED submers\u00edvel \u00e0 prova d'\u00e1gua acende aqu\u00e1rio\" src=\"http:\/\/localhost\/media\/import\/detail\/547473221_054.jpg\"><img decoding=\"async\" alt=\"L\u00e2mpada LED submers\u00edvel \u00e0 prova d'\u00e1gua ilumina aqu\u00e1rio\" src=\"http:\/\/localhost\/media\/import\/detail\/547473222_342.jpg\"><\/strong><\/span><\/p>\n<p><img loading=\"lazy\" decoding=\"async\" alt=\"L\u00e2mpada LED submers\u00edvel \u00e0 prova d'\u00e1gua ilumina aqu\u00e1rio\" src=\"http:\/\/localhost\/media\/import\/detail\/516437542_246.jpg\" width=\"654\" height=\"264\"><\/p>\n<\/p>\n<p><img loading=\"lazy\" decoding=\"async\" alt=\"L\u00e2mpada LED submers\u00edvel \u00e0 prova d'\u00e1gua ilumina aqu\u00e1rio\" src=\"http:\/\/localhost\/media\/import\/detail\/516437544_819.jpg\" width=\"657\" height=\"416\"><\/p>\n<div id=\"ali-anchor-AliPostDhMb-qhhpq\" style=\"padding-top:8px\" data-section-title=\"Informa\u00e7\u00f5es da empresa\" data-section=\"AliPostDhMb-qhhpq\"> <\/div>\n","protected":false},"excerpt":{"rendered":"<p>L\u00e2mpada LED submers\u00edvel \u00e0 prova d&#8217;\u00e1gua ilumina aqu\u00e1rio CQD-135B<\/p>\n","protected":false},"featured_media":5346,"comment_status":"open","ping_status":"closed","template":"","meta":[],"product_brand":[],"product_cat":[1375],"product_tag":[],"class_list":{"0":"post-35500","1":"product","2":"type-product","3":"status-publish","4":"has-post-thumbnail","6":"product_cat-iluminacao-e-iluminacao-para-aquarios-suprimentos","8":"first","9":"instock","10":"shipping-taxable","11":"purchasable","12":"product-type-simple"},"_links":{"self":[{"href":"https:\/\/www.myaquastore.com\/pt-br\/wp-json\/wp\/v2\/product\/35500","targetHints":{"allow":["GET"]}}],"collection":[{"href":"https:\/\/www.myaquastore.com\/pt-br\/wp-json\/wp\/v2\/product"}],"about":[{"href":"https:\/\/www.myaquastore.com\/pt-br\/wp-json\/wp\/v2\/types\/product"}],"replies":[{"embeddable":true,"href":"https:\/\/www.myaquastore.com\/pt-br\/wp-json\/wp\/v2\/comments?post=35500"}],"wp:featuredmedia":[{"embeddable":true,"href":"https:\/\/www.myaquastore.com\/pt-br\/wp-json\/wp\/v2\/media\/5346"}],"wp:attachment":[{"href":"https:\/\/www.myaquastore.com\/pt-br\/wp-json\/wp\/v2\/media?parent=35500"}],"wp:term":[{"taxonomy":"product_brand","embeddable":true,"href":"https:\/\/www.myaquastore.com\/pt-br\/wp-json\/wp\/v2\/product_brand?post=35500"},{"taxonomy":"product_cat","embeddable":true,"href":"https:\/\/www.myaquastore.com\/pt-br\/wp-json\/wp\/v2\/product_cat?post=35500"},{"taxonomy":"product_tag","embeddable":true,"href":"https:\/\/www.myaquastore.com\/pt-br\/wp-json\/wp\/v2\/product_tag?post=35500"}],"curies":[{"name":"wp","href":"https:\/\/api.w.org\/{rel}","templated":true}]}}