{"id":35506,"date":"2016-09-25T23:28:25","date_gmt":"2016-09-25T23:28:25","guid":{"rendered":"https:\/\/www.myaquastore.com\/product\/sunsun-12w-500l-h-gs-bombas-de-agua-submersiveis-para-aquario-ce-e-filtro-hqj-900s\/"},"modified":"2025-03-16T08:37:58","modified_gmt":"2025-03-16T08:37:58","slug":"sunsun-12w-500l-h-gs-bombas-de-agua-submersiveis-para-aquario-ce-e-filtro-hqj-900s","status":"publish","type":"product","link":"https:\/\/www.myaquastore.com\/pt-br\/produto\/sunsun-12w-500l-h-gs-bombas-de-agua-submersiveis-para-aquario-ce-e-filtro-hqj-900s\/","title":{"rendered":"SUNSUN 12W 500L\/h GS, bombas de \u00e1gua submers\u00edveis para aqu\u00e1rio CE e filtro HQJ-900S"},"content":{"rendered":"<div style=\"clear:both\"><\/div>\n<p><span style=\"font-size:24px;color:#ff0000\"><span style=\"background-color:#c0c0c0\"><span style=\"font-size:18px\">SUNSUN 12W 500L\/h GS,CE bombas de \u00e1gua submers\u00edveis para aqu\u00e1rio e filtro<\/span> <\/span><\/span><\/p>\n<table class=\"aliDataTable\" cellpadding=\"0\" border=\"1\">\n<tbody>\n<tr style=\"height:15.6pt\">\n<td valign=\"top\">\n<p><span style=\"font-size:12pt\">1.Item<\/span><\/p>\n<\/td>\n<td style=\"width:197.05pt\" valign=\"top\">\n<p><span style=\"font-size:12pt\">bombas e filtros para aqu\u00e1rio SUNSUN <\/span><\/p>\n<\/td>\n<\/tr>\n<tr style=\"height:15.6pt\">\n<td valign=\"top\">\n<p><span style=\"font-size:12pt\">2.Modelo<\/span><\/p>\n<\/td>\n<td style=\"width:197.05pt\" valign=\"top\">\n<p><span style=\"font-size:12pt\">HQJ-900S<\/span><\/p>\n<\/td>\n<\/tr>\n<tr style=\"height:15.6pt\">\n<td valign=\"top\">\n<p><span style=\"font-size:12pt\">3.Tens\u00e3o<\/span><\/p>\n<\/td>\n<td style=\"width:197.05pt\" valign=\"top\">\n<p><span style=\"font-size:12pt\">110V\/220V\/240V<\/span><\/p>\n<\/td>\n<\/tr>\n<tr style=\"height:16.35pt\" align=\"left\">\n<td valign=\"top\">\n<p><span style=\"font-size:12pt\">4.Frequ\u00eancia<\/span><\/p>\n<\/td>\n<td valign=\"top\">\n<p><span style=\"font-size:12pt\">50Hz\/60Hz<\/span><\/p>\n<\/td>\n<\/tr>\n<tr style=\"height:15.6pt\" align=\"left\">\n<td valign=\"top\">\n<p><span style=\"font-size:12pt\">5.Pot\u00eancia<\/span><\/p>\n<\/td>\n<td valign=\"top\">\n<p><span style=\"font-size:12pt\">12W<\/span><\/p>\n<\/td>\n<\/tr>\n<tr style=\"height:16.35pt\" align=\"left\">\n<td valign=\"top\">\n<p><span style=\"font-size:12pt\">6.Sa\u00edda<\/span><\/p>\n<\/td>\n<td valign=\"top\">\n<p><span style=\"font-size:12pt\">500L<\/span><span style=\"font-size:12pt\">\/h<\/span><\/p>\n<\/td>\n<\/tr>\n<tr align=\"left\">\n<td valign=\"top\">\n<p><span style=\"font-size:12pt\">7.Peso<\/span><\/p>\n<\/td>\n<td valign=\"top\">\n<p><span style=\"font-size:12pt\">0,8Kg<\/span><\/p>\n<\/td>\n<\/tr>\n<tr style=\"height:16.35pt\" align=\"left\">\n<td valign=\"top\">\n<p><span style=\"font-size:12pt\">8.Dimens\u00f5es<\/span><\/p>\n<\/td>\n<td valign=\"top\">\n<p><span style=\"font-size:12pt\">375*65*132mm<\/span><\/p>\n<\/td>\n<\/tr>\n<tr style=\"height:17.25pt\" align=\"left\">\n<td valign=\"top\">\n<p><span style=\"font-size:12pt\">9.Marca<\/span><\/p>\n<\/td>\n<td valign=\"top\">\n<p><span style=\"font-size:12pt\">SUNSUN<\/span><\/p>\n<\/td>\n<\/tr>\n<tr style=\"height:15pt\" align=\"left\">\n<td valign=\"top\">\n<p><span style=\"font-size:16px\">10.Qualidade<\/span><\/p>\n<\/td>\n<td valign=\"top\">\n<p><span style=\"font-size:16px\">Melhor qualidade; <br \/><\/span><\/p>\n<p align=\"left\"><span style=\"font-size:16px\"><span style=\"font-size:16px\">a maior empresa de produtos aqu\u00e1ticos da China.<\/span> <\/span><\/p>\n<\/td>\n<\/tr>\n<tr style=\"height:4.6pt\" align=\"left\">\n<td valign=\"top\">\n<p><span style=\"font-size:16px\">12.Ponto de venda <\/span><\/p>\n<\/td>\n<td valign=\"top\">\n<p><span style=\"font-size:16px\">Marca registrada bem conhecida da China; seguro e confi\u00e1vel.aprovado por GS,CE, produto patenteado.<\/span><\/p>\n<\/td>\n<\/tr>\n<\/tbody>\n<\/table>\n<p><img decoding=\"async\" alt=\"SUNSUN 12W 500L\/h GS,CE bombas de \u00e1gua submers\u00edveis para aqu\u00e1rio e filtro HQJ-900S\" src=\"http:\/\/localhost\/media\/import\/detail\/546355054_321.jpg\"><\/p>\n<p><span style=\"font-size:24px;color:#ff0000;background-color:#c0c0c0\">1.Bombas de \u00e1gua submers\u00edveis para aqu\u00e1rio e filtro Detalhe:<\/span><\/p>\n<\/p>\n<p> <img loading=\"lazy\" decoding=\"async\" alt=\"SUNSUN 12W 500L\/h GS,CE bombas de \u00e1gua submers\u00edveis para aqu\u00e1rio e filtro HQJ-900S\" src=\"http:\/\/localhost\/media\/import\/detail\/546360404_257.jpg\" width=\"599\" height=\"378\"><\/p>\n<p style=\"text-align:center\"><span style=\"font-size:18px;color:#000000;text-decoration:underline;background-color:#ffff00\"><span style=\"font-family:'Verdana';text-decoration:underline\">Projetado para <\/span><span style=\"font-family:'Verdana';text-decoration:underline\">submerso<\/span><span style=\"font-family:'Verdana';text-decoration:underline\"> use apenas<\/span><\/span><\/p>\n<p style=\"text-align:center\"><span style=\"font-size:18px;color:#000000;background-color:#ffff00\"><br \/><\/span><\/p>\n<p style=\"text-align:center\"><span style=\"font-size:18px;background-color:#ffff00\"><strong><em><span style=\"font-family:arial, helvetica, sans-serif\">O motor da bomba \u00e9 de alta efici\u00eancia, economia de energia com baixo ru\u00eddo, <\/span><\/em><\/strong><\/span><\/p>\n<p style=\"text-align:center\"><span style=\"font-size:18px;background-color:#ffff00\"><strong><em><span style=\"font-family:arial, helvetica, sans-serif\"><span style=\"font-family:Arial\">Conveniente de usar<\/span> <\/span><\/em><\/strong><\/span><\/p>\n<\/p>\n<p><span style=\"font-size:24px;color:#ff0000;background-color:#c0c0c0\">2. Bombas de \u00e1gua submers\u00edveis de aqu\u00e1rio e filtro Caracter\u00edstica: <\/span><\/p>\n<\/p>\n<p><span style=\"font-size:16px\">1)Design patenteado de motor \u00fanico, roda bilobada \u00e9 ultra pot\u00eancia e dupla efici\u00eancia.<\/span><\/p>\n<p><span style=\"font-size:16px\">2)Tem boa resist\u00eancia diel\u00e9trica \u00e0 prova d&#8217;\u00e1gua e alta;\u00e9 seguro e confi\u00e1vel.<\/span><\/p>\n<p><span style=\"font-size:16px\">3)Pares de design patenteado de motor para fornecer efici\u00eancia dupla.<\/span><\/p>\n<p><span style=\"font-size:16px\">4)Uma m\u00e1quina multifuncional,<span style=\"color:#ff0000\">definir filtragem, bombeamento, oxig\u00eanio<\/span> e outras fun\u00e7\u00f5es em um.<\/span><\/p>\n<\/p>\n<p><span style=\"background-color:#c0c0c0\"><span style=\"font-size:24px;color:#ff0000\">3. Outros Bombas e filtros de \u00e1gua submers\u00edveis para aqu\u00e1rios multifuncionais Para sua refer\u00eancia <\/span> <\/span> <\/p>\n<\/p>\n<p><img loading=\"lazy\" decoding=\"async\" alt=\"SUNSUN 12W 500L\/h GS,CE bombas de \u00e1gua submers\u00edveis para aqu\u00e1rios e filtros HQJ-900S\" src=\"http:\/\/localhost\/media\/import\/detail\/541686766_897.jpg\" width=\"692\" height=\"536\"><\/p>\n<p><img loading=\"lazy\" decoding=\"async\" alt=\"SUNSUN 12W 500L\/h GS,CE bombas de \u00e1gua submers\u00edveis para aqu\u00e1rios e filtro HQJ-900S\" src=\"http:\/\/localhost\/media\/import\/detail\/541019549_305.jpg\" width=\"683\" height=\"395\"> <\/p>\n<p><span style=\"background-color:#c0c0c0\"><span style=\"font-size:x-large;color:#ff0000\">4. Bomba de filtro de \u00e1gua submers\u00edvel para aqu\u00e1rio multifuncional <span style=\"font-size:24px;color:#ff0000\">Par\u00e2metro<\/span> <\/span> <\/span><\/p>\n<\/p>\n<p><img decoding=\"async\" alt=\"SUNSUN 12W 500L\/h GS,CE bombas de \u00e1gua submers\u00edveis para aqu\u00e1rio e filtro HQJ-900S\" src=\"http:\/\/localhost\/media\/import\/detail\/546362608_400.jpg\"><\/p>\n<div id=\"ali-anchor-AliPostDhMb-u9o9y\" style=\"padding-top:8px\" data-section-title=\"Informa\u00e7\u00f5es da empresa\" data-section=\"AliPostDhMb-u9o9y\">\n<div id=\"ali-title-AliPostDhMb-u9o9y\" style=\"border-bottom:#ddd 1px solid;padding-bottom:8px;padding-top:8px;padding-left:0px;padding-right:0px\"><span style=\"font-weight:bold;color:#333;padding-bottom:8px;padding-top:8px;padding-left:10px;line-height:12px;padding-right:10px;background-color:#ddd\">Informa\u00e7\u00f5es da empresa<\/span><\/div>\n<div style=\"padding-bottom:10px;padding-top:10px;padding-left:0px;padding-right:0px\">\n<p><img decoding=\"async\" alt=\"SUNSUN 12W 500L\/h GS,CE bombas de \u00e1gua submers\u00edveis para aqu\u00e1rio e filtro HQJ-900S\" src=\"http:\/\/localhost\/media\/import\/detail\/HTB1ubIcJVXXXXbjXpXXq6xXFXXXX.jpg\"><\/p>\n<p><em><span style=\"font-size:18px;line-height:27px\"><strong>sunsun<\/strong><\/span><\/em><span style=\"line-height:normal;background-color:#f5f5f5\"> <\/span><span style=\"font-size:16px;line-height:24px;background-color:#f5f5f5\">foco na fabrica\u00e7\u00e3o de produtos e equipamentos aqu\u00e1ticos h\u00e1 mais de 30 anos.<\/span><span style=\"font-size:16px;line-height:24px;background-color:#f5f5f5\">Tornamo-nos o l\u00edder e o maior fabricante de produtos aqu\u00e1ticos e lagoas na China.<\/span><span style=\"font-size:16px;line-height:24px;background-color:#f5f5f5\">Somos famosos nas seguintes ind\u00fastrias: instala\u00e7\u00f5es de aqu\u00e1rio, m\u00e1quinas de aquicultura, equipamentos industriais, etc. estabelecendo uma parceria mutuamente ben\u00e9fica com voc\u00ea para um amanh\u00e3 brilhante.<\/span><br \/><img decoding=\"async\" alt=\"SUNSUN 12W 500L\/h GS,CE bombas de \u00e1gua submers\u00edveis para aqu\u00e1rios e filtro HQJ-900S\" src=\"http:\/\/localhost\/media\/import\/detail\/HTB1QouWKpXXXXXdaXXXq6xXFXXXq.jpg\"><span> <\/span><\/p>\n<\/div>\n<\/div>\n<div id=\"ali-anchor-AliPostDhMb-u04ik\" style=\"padding-top:8px\" data-section-title=\"Certifica\u00e7\u00f5es\" data-section=\"AliPostDhMb-u04ik\">\n<div id=\"ali-title-AliPostDhMb-u04ik\" style=\"border-bottom:#ddd 1px solid;padding-bottom:8px;padding-top:8px;padding-left:0px;padding-right:0px\"><span style=\"font-weight:bold;color:#333;padding-bottom:8px;padding-top:8px;padding-left:10px;line-height:12px;padding-right:10px;background-color:#ddd\">Certifica\u00e7\u00f5es<\/span><\/div>\n<div style=\"padding-bottom:10px;padding-top:10px;padding-left:0px;padding-right:0px\">\n<p><img decoding=\"async\" alt=\"SUNSUN 12W 500L\/h GS,CE bombas de \u00e1gua submers\u00edveis para aqu\u00e1rio e filtro HQJ-900S\" src=\"http:\/\/localhost\/media\/import\/detail\/HTB1quAcFVXXXXaqXFXXq6xXFXXXT.jpg\"><span> <\/span><\/p>\n<\/div>\n<\/div>\n<div id=\"ali-anchor-AliPostDhMb-bbi77\" style=\"padding-top:8px\" data-section-title=\"Pagamento e envio\" data-section=\"AliPostDhMb-bbi77\">\n<div id=\"ali-title-AliPostDhMb-bbi77\" style=\"border-bottom:#ddd 1px solid;padding-bottom:8px;padding-top:8px;padding-left:0px;padding-right:0px\"><span style=\"font-weight:bold;color:#333;padding-bottom:8px;padding-top:8px;padding-left:10px;line-height:12px;padding-right:10px;background-color:#ddd\">Pagamento e Envio<\/span><\/div>\n<div style=\"padding-bottom:10px;padding-top:10px;padding-left:0px;padding-right:0px\">\n<p><img decoding=\"async\" alt=\"SUNSUN 12W 500L\/h GS,CE bombas de \u00e1gua submers\u00edveis para aqu\u00e1rio e filtro HQJ-900S\" src=\"http:\/\/localhost\/media\/import\/detail\/HTB18NbTJVXXXXanXXXXq6xXFXXX4.jpg\"><span> <\/span><\/p>\n<\/div>\n<\/div>\n<div id=\"ali-anchor-AliPostDhMb-oczaj\" style=\"padding-top:8px\" data-section-title=\"Nossos servi\u00e7os\" data-section=\"AliPostDhMb-oczaj\">\n<div id=\"ali-title-AliPostDhMb-oczaj\" style=\"border-bottom:#ddd 1px solid;padding-bottom:8px;padding-top:8px;padding-left:0px;padding-right:0px\"><span style=\"font-weight:bold;color:#333;padding-bottom:8px;padding-top:8px;padding-left:10px;line-height:12px;padding-right:10px;background-color:#ddd\">Nossos servi\u00e7os<\/span><\/div>\n<div style=\"padding-bottom:10px;padding-top:10px;padding-left:0px;padding-right:0px\">\n<p><span style=\"font-size:16px;line-height:24px;background-color:#f5f5f5\"><span style=\"line-height:24px;background-color:#ffffff\"><em><strong>1)<\/strong><\/em> <\/span> Estamos muito felizes que o cliente nos deu algumas sugest\u00f5es de pre\u00e7os e produtos.<\/span><br \/><span style=\"font-size:16px;line-height:24px;background-color:#f5f5f5\"><em><span style=\"line-height:24px;background-color:#ffffff\"><strong>2)<\/strong><\/span> <\/em>Se tiver alguma d\u00favida, envie-nos um feedback na parte inferior do artigo. na p\u00e1gina, seremos a primeira vez que responderemos \u00e0s suas perguntas.<em> <\/em><\/span><br \/><span style=\"font-size:16px;line-height:24px;background-color:#f5f5f5\"><em><span style=\"line-height:24px;background-color:#ffffff\"><strong>3)<\/strong><\/span><\/em> Enviaremos muitos novos estilos todas as semanas para nossos antigos clientes.<\/span><br \/><span style=\"font-size:16px;line-height:24px;background-color:#f5f5f5\"><span style=\"line-height:24px;background-color:#ffffff\"><em><strong>4)<\/strong><\/em><\/span> Ofere\u00e7a aos nossos clientes os pre\u00e7os mais baixos. Simplifique os processos de compra e pagamento.<\/span><br \/><span style=\"font-size:16px;line-height:24px;background-color:#f5f5f5\"><span style=\"line-height:24px;background-color:#ffffff\"><em><strong>5)<\/strong> <\/em><\/span> Entregue mercadorias aos nossos clientes em todo o mundo com velocidade e precis\u00e3o.<\/span><br \/><span style=\"font-size:16px;line-height:24px;background-color:#f5f5f5\"><span style=\"line-height:24px;background-color:#ffffff\"><em><strong>6) <\/strong><\/em><\/span> Garantir a excelente qualidade de nossos produtos.<\/span><br \/><span style=\"font-size:16px;line-height:24px;background-color:#f5f5f5\"><span style=\"line-height:24px;background-color:#ffffff\"><em><strong>7) <\/strong><\/em><\/span> 12 meses de garantia GRATUITA.<\/span><br \/><span style=\"font-size:16px;line-height:24px;background-color:#f5f5f5\"><span style=\"line-height:24px;background-color:#ffffff\"><em><strong>8) <\/strong><\/em><\/span><span style=\"color:#ffffff;line-height:24px;background-color:#ff6600\"><em><span style=\"line-height:24px\">Aceitar OEM<\/span><\/em><\/span><\/span><\/p>\n<\/div>\n<\/div>\n<div id=\"ali-anchor-AliPostDhMb-37f4b\" style=\"padding-top:8px\" data-section-title=\"Voc\u00ea pode gostar\" data-section=\"AliPostDhMb-37f4b\">\n<div id=\"ali-title-AliPostDhMb-37f4b\" style=\"border-bottom:#ddd 1px solid;padding-bottom:8px;padding-top:8px;padding-left:0px;padding-right:0px\"><span style=\"font-weight:bold;color:#333;padding-bottom:8px;padding-top:8px;padding-left:10px;line-height:12px;padding-right:10px;background-color:#ddd\">Voc\u00ea pode gostar<\/span><\/div>\n<div style=\"padding-bottom:10px;padding-top:10px;padding-left:0px;padding-right:0px\">\n<p><a title=\"http:\/\/www.alibaba.com\/product-detail\/SUNSUN-CE-GS-HOT-selling-aquarium_1513350595.html\" href=\"http:\/\/www.alibaba.com\/product-detail\/SUNSUN-CE-GS-HOT-selling-aquarium_1513350595.html\" target=\"_blank\"><img loading=\"lazy\" decoding=\"async\" alt=\"SUNSUN 12W 500L\/h GS,CE bombas de \u00e1gua submers\u00edveis para aqu\u00e1rio e filtro HQJ-900S\" src=\"http:\/\/localhost\/media\/import\/detail\/HTB1Dru_KpXXXXbAXpXXq6xXFXXXu.jpg\" width=\"226\" height=\"226\"><\/a> <a title=\"http:\/\/www.alibaba.com\/product-detail\/SUNSUN-new-patent-view-fish-tank_1999216029.html\" href=\"http:\/\/www.alibaba.com\/product-detail\/SUNSUN-new-patent-view-fish-tank_1999216029.html\" target=\"_blank\"><img loading=\"lazy\" decoding=\"async\" style=\"font-family:Verdana, Arial, Helv\u00e9tica, sem serifa\" alt=\"SUNSUN 12W 500L\/h GS,CE bombas de \u00e1gua submers\u00edveis para aqu\u00e1rio e filtro HQJ-900S\" src=\"http:\/\/localhost\/media\/import\/detail\/HTB1snyQKpXXXXX9aXXXq6xXFXXXu.jpg\" width=\"226\" height=\"226\"><\/a> <a title=\"http:\/\/www.alibaba.com\/product-detail\/SUNSUN-CE-GS-JRB-100-12v_60338934136.html\" href=\"http:\/\/www.alibaba.com\/product-detail\/SUNSUN-CE-GS-JRB-100-12v_60338934136.html\" target=\"_blank\"><img loading=\"lazy\" decoding=\"async\" style=\"font-family:Verdana, Arial, Helvetica, sans-serif\" alt=\"SUNSUN 12W 500L\/h GS,CE bombas de \u00e1gua submers\u00edveis para aqu\u00e1rio e filtro HQJ-900S\" src=\"http:\/\/localhost\/media\/import\/detail\/HTB1hTe2KpXXXXclXFXXq6xXFXXXn.jpg\" width=\"225\" height=\"226\"><\/a><\/p>\n<\/p>\n<p><a title=\"http:\/\/www.alibaba.com\/product-detail\/SUNSUN-2015-New-UV-Sterilizer-Sterilization_1590877870.html\" href=\"http:\/\/www.alibaba.com\/product-detail\/SUNSUN-2015-New-UV-Sterilizer-Sterilization_1590877870.html\" target=\"_blank\"><img loading=\"lazy\" decoding=\"async\" alt=\"SUNSUN 12W 500L\/h GS,CE bombas de \u00e1gua submers\u00edveis para aqu\u00e1rio e filtro HQJ-900S\" src=\"http:\/\/localhost\/media\/import\/detail\/HTB1HMiTKpXXXXXwaXXXq6xXFXXXS.jpg\" width=\"225\" height=\"225\"><\/a> <a title=\"http:\/\/www.alibaba.com\/product-detail\/SUNSUN-JVP-201-aquarium-wave-maker_1103004197.html\" href=\"http:\/\/www.alibaba.com\/product-detail\/SUNSUN-JVP-201-aquarium-wave-maker_1103004197.html\" target=\"_blank\"><img loading=\"lazy\" decoding=\"async\" alt=\"SUNSUN 12W Bombas de \u00e1gua submers\u00edveis para aqu\u00e1rio 500L\/h GS,CE e filtro HQJ-900S\" src=\"http:\/\/localhost\/media\/import\/detail\/HTB1jljiKpXXXXbsXXXXq6xXFXXXd.jpg\" width=\"226\" height=\"225\"><\/a> <a title=\"http:\/\/www.alibaba.com\/product-detail\/SUNSUN-YT-302C-Mini-Aquarium-air_1417285681.html\" href=\"http:\/\/www.alibaba.com\/product-detail\/SUNSUN-YT-302C-Mini-Aquarium-air_1417285681.html\" target=\"_blank\"><img loading=\"lazy\" decoding=\"async\" alt=\"SUNSUN 12W 500L\/h GS,CE bombas de \u00e1gua submers\u00edveis para aqu\u00e1rio e filtro HQJ-900S\" src=\"http:\/\/localhost\/media\/import\/detail\/HTB1FMWUKpXXXXc1XVXXq6xXFXXXm.jpg\" width=\"225\" height=\"225\"><span> <\/span><\/a><\/p>\n<\/div>\n<\/div>\n<p><span> <\/span><\/p>\n<div style=\"clear:both\"><\/div>\n<p><strong><span style=\"background-color:#dddddd;color:#333333\"><\/span><\/strong><\/p>\n","protected":false},"excerpt":{"rendered":"<p>SUNSUN 12W 500L\/h GS, bombas de \u00e1gua submers\u00edveis para aqu\u00e1rio CE e filtro HQJ-900S<\/p>\n","protected":false},"featured_media":5358,"comment_status":"open","ping_status":"closed","template":"","meta":[],"product_brand":[],"product_cat":[627],"product_tag":[],"class_list":{"0":"post-35506","1":"product","2":"type-product","3":"status-publish","4":"has-post-thumbnail","6":"product_cat-filtros-de-aquario","8":"first","9":"instock","10":"shipping-taxable","11":"purchasable","12":"product-type-simple"},"_links":{"self":[{"href":"https:\/\/www.myaquastore.com\/pt-br\/wp-json\/wp\/v2\/product\/35506","targetHints":{"allow":["GET"]}}],"collection":[{"href":"https:\/\/www.myaquastore.com\/pt-br\/wp-json\/wp\/v2\/product"}],"about":[{"href":"https:\/\/www.myaquastore.com\/pt-br\/wp-json\/wp\/v2\/types\/product"}],"replies":[{"embeddable":true,"href":"https:\/\/www.myaquastore.com\/pt-br\/wp-json\/wp\/v2\/comments?post=35506"}],"wp:featuredmedia":[{"embeddable":true,"href":"https:\/\/www.myaquastore.com\/pt-br\/wp-json\/wp\/v2\/media\/5358"}],"wp:attachment":[{"href":"https:\/\/www.myaquastore.com\/pt-br\/wp-json\/wp\/v2\/media?parent=35506"}],"wp:term":[{"taxonomy":"product_brand","embeddable":true,"href":"https:\/\/www.myaquastore.com\/pt-br\/wp-json\/wp\/v2\/product_brand?post=35506"},{"taxonomy":"product_cat","embeddable":true,"href":"https:\/\/www.myaquastore.com\/pt-br\/wp-json\/wp\/v2\/product_cat?post=35506"},{"taxonomy":"product_tag","embeddable":true,"href":"https:\/\/www.myaquastore.com\/pt-br\/wp-json\/wp\/v2\/product_tag?post=35506"}],"curies":[{"name":"wp","href":"https:\/\/api.w.org\/{rel}","templated":true}]}}