{"id":35508,"date":"2016-09-25T23:28:26","date_gmt":"2016-09-25T23:28:26","guid":{"rendered":"https:\/\/www.myaquastore.com\/product\/novo-fluxo-ajustavel-aquario-clarificador-uv-filtro-bomba-jtp-5000-uv\/"},"modified":"2025-03-16T08:37:58","modified_gmt":"2025-03-16T08:37:58","slug":"novo-fluxo-ajustavel-aquario-clarificador-uv-filtro-bomba-jtp-5000-uv","status":"publish","type":"product","link":"https:\/\/www.myaquastore.com\/pt-br\/produto\/novo-fluxo-ajustavel-aquario-clarificador-uv-filtro-bomba-jtp-5000-uv\/","title":{"rendered":"Novo fluxo ajust\u00e1vel aqu\u00e1rio clarificador uv filtro bomba JTP-5000 + uv"},"content":{"rendered":"<div style=\"clear:both\"><\/div>\n<p style=\"text-align: center\"><span style=\"font-size: 18px\"><strong><span style=\"color: #ff0000;font-size: 24px\"> Nova bomba de filtro clarificador UV de aqu\u00e1rio com fluxo ajust\u00e1vel<\/span> <\/strong><\/span><\/p>\n<p style=\"text-align: center\">\n<p style=\"text-align: center\"><span style=\"color: #000000\"><strong><span style=\"font-size: 14px\">1. Alta efici\u00eancia e economia de energia da bomba de frequ\u00eancia vari\u00e1vel e forte efeito de esteriliza\u00e7\u00e3o. center;&#8221;&gt;<span style=\"color: #000000;font-family: book antiqua,palatino\"><strong><span style=\"font-size: 14px\">2. Design de estrutura compacta.<\/span><\/strong><\/span><\/p>\n<p style=\"text-align: center\"><span style=\"color: #000000;font-family: book antiqua,palatino\"><strong><span style=\"font-size: 14px\">3. \u00c1gua doce e do mar, opera\u00e7\u00e3o mais f\u00e1cil, mais conveniente de usar.<\/span><\/strong><\/span><\/p>\n<p style=\"text-align: center\"><span style=\"color: #000000;font-family: book antiqua,palatino\"><strong><span style=\"font-size: 14px\">4. A regula\u00e7\u00e3o pode fluir para maximizar a esteriliza\u00e7\u00e3o da filtra\u00e7\u00e3o.<\/span><\/strong><\/span><\/p>\n<p style=\"text-align: center\"><span style=\"color: #000000;font-family: book antiqua,palatino\"><strong><span style=\"font-size: 14px\">5. Adequado para aqu\u00e1rio de peixes drag\u00e3o de alta qualidade e apoiando o uso do lago.<\/span><\/strong><\/span><\/p>\n<p style=\"text-align: center\">\n<p style=\"text-align: center\"><span style=\"font-size: 14px;color: #000080\"><strong>Tantas bombas de filtragem UV de aqu\u00e1rio aqui, garantindo que voc\u00ea possa encontrar <\/strong><\/span><\/p>\n<p style=\"text-align: center\"><span style=\"font-size: 14px;color: #000080\"><strong>o certo<\/strong><\/span><span style=\"color: #000080\"><span style=\"font-size: 14px\"><strong> aquele que voc\u00ea <\/strong><\/span><span style=\"font-size: 14px\"><strong>realmente quer!<\/strong><\/span><\/span><\/p>\n<p style=\"text-align: center\"><span style=\"color: #000080\"> <\/span><\/p>\n<table class=\"aliDataTable\" style=\"width: 101,21%;height: 347px\" border=\"4\">\n<tbody>\n<tr>\n<td>Modelo<\/td>\n<td>Tens\u00e3o<\/td>\n<td>Frequ\u00eancia<\/td>\n<td>Pot\u00eancia<\/td>\n<td>H-max<\/td>\n<td>Sa\u00edda<\/td>\n<td>Pot\u00eancia UV<\/td>\n<td>Entrada Altura<\/td>\n<td>Dimens\u00f5es<\/td>\n<\/tr>\n<tr>\n<td>JTP-4000+UV<\/td>\n<td>110V\/220V\/240V<\/td>\n<td>50Hz\/60Hz<\/td>\n<p>25W<\/td>\n<td>3,2m<\/td>\n<td>4000L\/h<\/td>\n<td>9W<\/td>\n<td>65mm<\/td>\n<td>276*180*137mm<\/td>\n<\/tr>\n<tr>\n<td>JTP- 5000+UV<\/td>\n<td>110V\/220V\/240V<\/td>\n<td>50Hz\/60Hz<\/td>\n<td>30W<\/td>\n<td>3,6m<\/td>\n<td>5000L\/h<\/td>\n<td>9W<\/ td><\/p>\n<td>65mm<\/td>\n<td>276*180*137mm<\/td>\n<\/tr>\n<tr>\n<td>JTP-6000+UV<\/td>\n<td>110V\/220V\/240V<\/td>\n<td>50Hz\/60H z<\/td>\n<td>40W<\/td>\n<td>4,0m<\/td>\n<td>6000L\/h<\/td>\n<td>9W<\/td>\n<td>65mm<\/td>\n<td>276*180*137mm<\/td>\n<\/tr>\n<tr>\n<td>JTP-7000+UV<\/td>\n<td>110V\/220V\/240V<\/td>\n<td>50Hz\/60Hz<\/td>\n<td>50W<\/td>\n<td>4,4m<\/td>\n<td>7000L\/h<\/td>\n<td>9W<\/td>\n<td>65mm<\/td>\n<td>276*180*137mm<\/td>\n<\/tr>\n<tr>\n<td>JTP-8000+UV<\/td>\n<td>110V\/220V\/240V<\/td>\n<td> 50Hz\/60Hz<\/td>\n<td>60W<\/td>\n<td>4,8m<\/td>\n<td>8000L\/h<\/td>\n<td>9W<\/td>\n<td>65mm<\/td>\n<td>276*180*137mm<\/td>\n<p><\/ tr><\/p>\n<tr>\n<td>JTP-9000+UV<\/td>\n<td>110V\/220V\/240V<\/td>\n<td>50Hz\/60Hz<\/td>\n<td>70W<\/td>\n<td>5,2m<\/td>\n<td>9000L \/h<\/td>\n<td>9W<\/td>\n<td>65mm<\/td>\n<td>276*180*137mm<\/td>\n<\/tr>\n<tr>\n<td>JTP-10000+UV<\/td>\n<td>110V\/220V\/240V<\/td>\n<td>50Hz\/60Hz<\/td>\n<td>85W<\/td>\n<td>5,8m<\/td>\n<td>10000L\/h<\/td>\n<td>9W<\/td>\n<td>72mm<\/td>\n<td>276*200*14 4mm<\/td>\n<\/tr>\n<tr>\n<td>JTP-12000+UV<\/td>\n<td>110V\/220V\/240V<\/td>\n<td>50Hz\/60Hz<\/td>\n<td>100W<\/td>\n<td>6,2m<\/ td><\/p>\n<td>12000L\/h<\/td>\n<td>9W<\/td>\n<td>72mm<\/td>\n<td>276*200*144mm<\/td>\n<\/tr>\n<tr>\n<td>JTP-15000+UV<\/td>\n<td>11 0V\/220V\/240V<\/td>\n<td>50Hz\/60Hz<\/td>\n<td>120W<\/td>\n<td>6,6m<\/td>\n<td>15000L\/h<\/td>\n<td>9W<\/td>\n<td>72mm<\/td>\n<td>276*200*144mm<\/td>\n<\/tr>\n<tr>\n<td>JTP-18000+UV<\/td>\n<td>110V\/220V\/240V<\/td>\n<td>50Hz\/60Hz<\/td>\n<td>150W<\/td>\n<td>7,0m<\/td>\n<td>18000L\/h<\/td>\n<td>9W<\/td>\n<td>72mm<\/td>\n<td>276*200*144mm<\/td>\n<\/tr>\n<\/tbody>\n<\/table>\n<p style=\"text-align: center\">\n<\/p>\n<p style=\"text-align: center\">\n<table class=\"aliDataTable\" style=\"margin-left: auto\" border=\"4\">\n<tbody>\n<tr>\n<td>Modelo<\/td>\n<td>Tens\u00e3o<\/td>\n<td>Frequ\u00eancia<\/td>\n<td>Pot\u00eancia<\/td>\n<td>Pot\u00eancia UV<\/td>\n<td>H-max<\/td>\n<td>Sa\u00edda<\/td>\n<td>Adaptador de mangueira<\/td>\n<td>Cabo Comprimento<\/td>\n<td>Dimens\u00f5es<\/td>\n<td>N.W.<\/td>\n<\/tr>\n<tr>\n<td>CUP-2000<\/td>\n<td>110V\/220V\/240V<\/td>\n<td>50Hz\/60Hz<\/td>\n<td>35W<\/td>\n<td>9W<\/td>\n<td>2,0m<\/td>\n<td>2300L\/h<\/td>\n<td>3\/4~1<\/td>\n<td>2*1,0m<\/td>\n<td>280*180*119mm<\/td>\n<td>2. 2kg<\/td>\n<\/tr>\n<tr>\n<td>CUP-3000<\/td>\n<td>110V\/220V\/240V<\/td>\n<td>50Hz\/60Hz<\/p>\n<td>45W<\/td>\n<td>9W<\/td>\n<td>2,5m<\/td>\n<td>2700L\/h<\/td>\n<td>3\/4~1<\/td>\n<td>2 *1,0m<\/td>\n<td>280*180*119mm<\/td>\n<td>2,2kg<\/td>\n<\/tr>\n<tr>\n<td>CUP-4000<\/td>\n<td>110V\/220V\/240V<\/td>\n<td>50Hz\/60Hz<\/td>\n<td>55W<\/td>\n<td>9W<\/td>\n<td>2,8m<\/ td><\/p>\n<td>3800L\/h<\/td>\n<td>3\/4~1<\/td>\n<td>2*1,0m<\/td>\n<td>280*180*119mm<\/td>\n<td> 3,0kg<\/td>\n<\/tr>\n<tr>\n<td>CUP-5000<\/td>\n<td>110V\/220V\/240V<\/td>\n<td>50Hz\/60Hz<\/td>\n<td>70W<\/td>\n<td>9W<\/td>\n<td>3,5m<\/td>\n<td>4600L\/h<\/td>\n<td>3\/4~1<\/td>\n<td>2*1,0m<\/td>\n<td>280*180*119mm<\/td>\n<td>3,0kg<\/td>\n<\/tr>\n<tr>\n<td>CUP-6000<\/td>\n<td>110V\/220V\/240V<\/td>\n<td>50Hz\/60Hz<\/td>\n<td>95W<\/td>\n<td>9W<\/td>\n<td>4,0m<\/td>\n<td>5800L\/h<\/td>\n<td>3\/4~1<\/td>\n<td>2*1,0m<\/td>\n<td>280*180*119mm<\/td>\n<p>3,0kg<\/td>\n<\/tr>\n<tr>\n<td>CUP-8000<\/td>\n<td>110V\/220V\/240V<\/td>\n<td>50Hz\/60H z<\/td>\n<td>140W<\/td>\n<td>9W<\/td>\n<td>5,0m<\/td>\n<td>6500L\/h<\/td>\n<td>3\/4~1<\/td>\n<td>2*1,0m<\/td>\n<td>280*180*119mm<\/td>\n<td>3,2kg<\/td>\n<\/tr>\n<\/tbody>\n<\/table>\n<p style=\"text-align: center\"><span style=\"font-size: 14px;color: #ff6600\"><strong><img decoding=\"async\" src=\"http:\/\/localhost\/media\/import\/detail\/537714014_165.jpg\" alt=\"Nova bomba de filtro clarificador UV de aqu\u00e1rio com fluxo ajust\u00e1vel\"><\/strong><\/span><\/p>\n<p style=\"text-align: center\"><span style=\"font-size: 14px;color: #ff6600\"><strong><img loading=\"lazy\" decoding=\"async\" src=\"http:\/\/localhost\/media\/import\/detail\/537714017_851.jpg\" alt=\"Nova bomba de filtro clarificador UV para aqu\u00e1rio com fluxo ajust\u00e1vel\" width=\"601\" height=\"418\"><\/strong><\/span><\/p>\n<p style=\"text-align: center\"><img loading=\"lazy\" decoding=\"async\" src=\"http:\/\/localhost\/media\/import\/detail\/537715344_981.jpg\" alt=\"Nova bomba de filtro clarificador UV para aqu\u00e1rio com fluxo ajust\u00e1vel\" width=\"597\" height=\"453\"><\/p>\n<p style=\"text-align: center\"><span style=\"font-size: 14px;color: #ff6600\"><strong>Outros tipos de bombas de filtro de aqu\u00e1rio:<span style=\"color: #008000\">S\u00e9rie CUP<\/span><\/strong><\/span><\/p>\n<p style=\"text-align: center\"><span style=\"color: #ff6600;font-family: book antiqua,palatino\"><strong><span style=\"font-size: 14px\">1. torna a luz UV e a bomba de \u00e1gua bem conectadas, f\u00e1ceis de montar.<\/span><\/strong><\/span><\/p>\n<p style=\"text-align: center\"><span style=\"color: #ff6600;font-family: book antiqua,palatino\"><strong><span style=\"font-size: 14px\">2. economia de energia e ru\u00eddo super baixo, bomba de \u00e1gua e luz UV submers\u00edvel.<\/span><\/strong><\/span><\/p>\n<p style=\"text-align: center\"><span style=\"color: #ff6600;font-family: book antiqua,palatino\"><strong><span style=\"font-size: 14px\">3. este produto \u00e9 principalmente adequado para circula\u00e7\u00e3o de \u00e1gua de tanques aruan\u00e3 de filtra\u00e7\u00e3o inferior.<\/span><\/strong><\/span><\/p>\n<p style=\"text-align: center\">\n<p style=\"text-align: center\"><span style=\"color: #ff6600;font-family: book antiqua,palatino\"><strong><span style=\"font-size: 14px\">4. para n\u00e3o impactar a sa\u00edda da bomba, a luz UV ser\u00e1 colocada na entrada.<\/span><\/strong><\/span><\/p>\n<p style=\"text-align: center\"><span style=\"color: #ff6600;font-family: book antiqua,palatino\"><strong><span style=\"font-size: 14px\">5. ajustador de design especial, que pode ajustar a sa\u00edda pela luz UV facilmente, para garantir o bom resultado da clarifica\u00e7\u00e3o UV.<\/span><\/strong><\/span><\/p>\n<p style=\"text-align: center\"><img decoding=\"async\" src=\"http:\/\/localhost\/media\/import\/detail\/537709279_628.jpg\" alt=\"Nova bomba de filtro clarificador UV para aqu\u00e1rio com fluxo ajust\u00e1vel\"><\/p>\n<p style=\"text-align: center\"><span style=\"color: #ff6600\"><strong><span style=\"font-size: 14px\">bomba de filtro de aqu\u00e1rio: Filtra\u00e7\u00e3o + Esteriliza\u00e7\u00e3o<\/span><\/strong><\/span><\/p>\n<p style=\"text-align: center\"><img loading=\"lazy\" decoding=\"async\" src=\"http:\/\/localhost\/media\/import\/detail\/537712096_402.jpg\" alt=\"Nova bomba de filtro clarificador UV de aqu\u00e1rio com fluxo ajust\u00e1vel\" width=\"599\" height=\"463\"><\/p>\n<p style=\"text-align: center\"><img decoding=\"async\" src=\"http:\/\/localhost\/media\/import\/detail\/537712099_694.jpg\" alt=\"Nova bomba de filtro clarificador UV para aqu\u00e1rio com fluxo ajust\u00e1vel\"><\/p>\n<p style=\"text-align: center\">\n<\/p>\n<div id=\"ali-anchor-AliPostDhMb-5kam0\" style=\"padding-top: 8px\" data-section-title=\"Informa\u00e7\u00f5es da empresa\" data-section=\"AliPostDhMb-5kam0\">\n<div id=\"ali-title-AliPostDhMb-5kam0\" style=\"padding: 8px 0\"><span style=\"line-height: 12px\">Informa\u00e7\u00f5es da empresa<\/span><\/div>\n<div style=\"padding: 10px 0\">\n<p><img decoding=\"async\" src=\"http:\/\/localhost\/media\/import\/detail\/HTB1K8C3JVXXXXcVXXXXq6xXFXXXq.jpg\" alt=\"Nova bomba de filtro clarificador UV para aqu\u00e1rio com fluxo ajust\u00e1vel\"><\/p>\n<p><span style=\"font-size: 14px\"><strong><span style=\"color: #ff0000\">SUNSUN<\/span><\/strong> foca na fabrica\u00e7\u00e3o de produtos e equipamentos aqu\u00e1ticos h\u00e1 mais de 30 anos. estamos ansiosos para estabelecer uma parceria mutuamente ben\u00e9fica com voc\u00ea para um amanh\u00e3 brilhante.<\/span><\/p>\n<p><span style=\"font-size: 14px\"><img decoding=\"async\" src=\"http:\/\/localhost\/media\/import\/detail\/HTB14crLJVXXXXXIXpXXq6xXFXXXE.jpg\" alt=\"Nova bomba de filtro clarificador UV para aqu\u00e1rio com fluxo ajust\u00e1vel\"><img decoding=\"async\" src=\"http:\/\/localhost\/media\/import\/detail\/HTB1n2qJJVXXXXa6XVXXq6xXFXXXq.jpg\" alt=\"Nova bomba de filtro clarificador UV para aqu\u00e1rio com fluxo ajust\u00e1vel\"><img decoding=\"async\" src=\"http:\/\/localhost\/media\/import\/detail\/HTB1Q7i0JVXXXXX.XpXXq6xXFXXX7.jpg\" alt=\"Nova bomba de filtro clarificador UV para aqu\u00e1rio com fluxo ajust\u00e1vel\"><img decoding=\"async\" src=\"http:\/\/localhost\/media\/import\/detail\/HTB1oLO.JVXXXXX6XXXXq6xXFXXXP.jpg\" alt=\"Nova bomba de filtro clarificador UV para aqu\u00e1rio com fluxo ajust\u00e1vel\"><span> <\/span><\/span><\/p>\n<\/div>\n<\/div>\n<div id=\"ali-anchor-AliPostDhMb-t9vze\" style=\"padding-top: 8px\" data-section-title=\"Certifica\u00e7\u00f5es\" data-section=\"AliPostDhMb-t9vze\">\n<div id=\"ali-title-AliPostDhMb-t9vze\" style=\"padding: 8px 0\"><span style=\"line-height: 12px\">Certifica\u00e7\u00f5es<\/span><\/div>\n<div style=\"padding: 10px 0\">\n<p><img decoding=\"async\" src=\"http:\/\/localhost\/media\/import\/detail\/HTB1PWyYJVXXXXbVXpXXq6xXFXXX4.jpg\" alt=\"Nova bomba de filtro clarificador UV para aqu\u00e1rio com fluxo ajust\u00e1vel\"><span> <\/span><\/p>\n<\/div>\n<\/div>\n<div id=\"ali-anchor-AliPostDhMb-k667f\" style=\"padding-top: 8px\" data-section-title=\"Pagamento e envio\" data-section=\"AliPostDhMb-k667f\">\n<div id=\"ali-title-AliPostDhMb-k667f\"><span style=\"line-height: 12px\">Pagamento e envio<\/span><\/div>\n<div style=\"padding: 10px 0\">\n<p><img decoding=\"async\" src=\"http:\/\/localhost\/media\/import\/detail\/HTB18NbTJVXXXXanXXXXq6xXFXXX4.jpg\" alt=\"Nova bomba de filtro clarificador UV para aqu\u00e1rio com fluxo ajust\u00e1vel\"><span> <\/span><\/p>\n<\/div>\n<\/div>\n<p><span style=\"font-size: 14px\"><strong><br \/><\/strong><\/span><\/p>\n<div id=\"ali-anchor-AliPostDhMb-1z45q\" style=\"padding-top: 8px\" data-section-title=\"Nossos servi\u00e7os\" data-section=\"AliPostDhMb-1z45q\">\n<div id=\"ali-title-AliPostDhMb-1z45q\"><span style=\"line-height: 12px\">Nossos servi\u00e7os<\/span><\/div>\n<div style=\"padding: 10px 0\">\n<p><span style=\"font-size: 14px\"> Prometemos<\/span><\/p>\n<p><span style=\"font-size: 14px\">1) Estamos muito felizes que o cliente nos d\u00ea alguma sugest\u00e3o de pre\u00e7o e produtos.<\/span><br \/><span style=\"font-size: 14px\">2) Se tiver alguma d\u00favida, informe-nos primeiro por e-mail ou telefone. Podemos lidar com eles para voc\u00ea a tempo.<\/span><br \/><span style=\"font-size: 14px\">3) Enviaremos muitos novos estilos todas as semanas para nossos clientes antigos.<\/span><br \/><span style=\"font-size: 14px\">4) Ofere\u00e7a aos nossos clientes os pre\u00e7os mais baixos. Simplifique a compra e o pagamento processos.<\/span><br \/><span style=\"font-size: 14px\">5) Entregar mercadorias aos nossos clientes em todo o mundo com velocidade e precis\u00e3o.<\/span><br \/><span style=\"font-size: 14px\">6) Garantir a excelente qualidade de nossos produtos <\/span><\/p>\n<\/div>\n<\/div>\n<div id=\"ali-anchor-AliPostDhMb-hvzld\" style=\"padding-top: 8px\" data-section-title=\"FAQ\" data-section=\"AliPostDhMb-hvzld\">\n<div id=\"ali-title-AliPostDhMb-hvzld\" style=\"padding: 8px 0\"><span style=\"line-height: 12px\">FAQ<\/span><\/div>\n<div style=\"padding: 10px 0\">\n<p><span style=\"font-size: 14px\"> Compradores em d\u00favida<\/span><br \/><span style=\"font-size: 14px\"> <\/span><br \/><span style=\"font-size: 14px\">R: Voc\u00ea \u00e9 um fabricante ou comerciante empresa?<\/span><br \/><span style=\"font-size: 14px\">B: Somos um fabricante especializado na produ\u00e7\u00e3o de equipamentos para aqu\u00e1rios. Produto SUNSUN A \u00fanica <\/span><br \/><span style=\"font-size: 14px\"> plataforma alibaba de ponto de venda<\/span><\/p>\n<p><span style=\"font-size: 14px\">R: Voc\u00ea tem uma garantia estendida?<\/span><br \/><span style=\"font-size: 14px\">B: Sim, todos os produtos oferecem um servi\u00e7o p\u00f3s-venda de qualidade com garantia de um ano.<\/span><br \/><span style=\"font-size: 14px\"> <\/span><br \/><span style=\"font-size: 14px\">R: Voc\u00ea aceita pedidos OEM?<\/span><br \/><span style=\"font-size: 14px\">B: Sim, tamb\u00e9m aceitamos OEM pedidos.<\/span><br \/><span style=\"font-size: 14px\"> <\/span><br \/><span style=\"font-size: 14px\"> A:Como posso obter algumas amostras? <\/span><br \/><span style=\"font-size: 14px\">B: Estamos honrados em oferecer-lhe amostras. <\/span><\/p>\n<p><span style=\"font-size: 14px\">R:Como sua f\u00e1brica se sai em rela\u00e7\u00e3o ao controle de qualidade? <\/span><br \/><span style=\"font-size: 14px\">B:&#8221;Qualidade \u00e9 prioridade. Sempre atribu\u00edmos grande import\u00e2ncia ao controle de qualidade desde o in\u00edcio at\u00e9 o fim. Nossa f\u00e1brica ganhou autentica\u00e7\u00e3o CE,GS, CCC.<\/span><br \/><span style=\"font-size: 14px\"> <\/span><br \/><span style=\"font-size: 14px;color: #0000ff\">O pedido da amostra est\u00e1 dispon\u00edvel na primeira vez! <\/span><br \/><span style=\"font-size: 14px;color: #0000ff\">Aguardamos sua consulta!<\/span><\/p>\n<\/div>\n<\/div>\n<div id=\"ali-anchor-AliPostDhMb-mxyvg\" style=\"padding-top: 8px\" data-section-title=\"Home\" data-section=\"AliPostDhMb-mxyvg\">\n<div id=\"ali-title-AliPostDhMb-mxyvg\"><span>Home<\/span><\/div>\n<div style=\"padding: 10px 0\">\n<p><a title=\"http:\/\/gzweierma.en.alibaba.com\/\" href=\"http:\/\/gzweierma.en.alibaba.com\/\"><img decoding=\"async\" src=\"http:\/\/localhost\/media\/import\/detail\/HTB1LAcGJFXXXXbzXpXXq6xXFXXXb.jpg\" alt=\"Nova bomba de filtro clarificador UV para aqu\u00e1rio com fluxo ajust\u00e1vel\"><\/a><\/p>\n<\/div>\n<\/div>\n<div style=\"clear:both\"><\/div>\n","protected":false},"excerpt":{"rendered":"<p>Novo fluxo ajust\u00e1vel aqu\u00e1rio clarificador uv filtro bomba JTP-5000 + uv<\/p>\n","protected":false},"featured_media":5362,"comment_status":"open","ping_status":"closed","template":"","meta":[],"product_brand":[],"product_cat":[627],"product_tag":[],"class_list":{"0":"post-35508","1":"product","2":"type-product","3":"status-publish","4":"has-post-thumbnail","6":"product_cat-filtros-de-aquario","8":"first","9":"instock","10":"shipping-taxable","11":"purchasable","12":"product-type-simple"},"_links":{"self":[{"href":"https:\/\/www.myaquastore.com\/pt-br\/wp-json\/wp\/v2\/product\/35508","targetHints":{"allow":["GET"]}}],"collection":[{"href":"https:\/\/www.myaquastore.com\/pt-br\/wp-json\/wp\/v2\/product"}],"about":[{"href":"https:\/\/www.myaquastore.com\/pt-br\/wp-json\/wp\/v2\/types\/product"}],"replies":[{"embeddable":true,"href":"https:\/\/www.myaquastore.com\/pt-br\/wp-json\/wp\/v2\/comments?post=35508"}],"wp:featuredmedia":[{"embeddable":true,"href":"https:\/\/www.myaquastore.com\/pt-br\/wp-json\/wp\/v2\/media\/5362"}],"wp:attachment":[{"href":"https:\/\/www.myaquastore.com\/pt-br\/wp-json\/wp\/v2\/media?parent=35508"}],"wp:term":[{"taxonomy":"product_brand","embeddable":true,"href":"https:\/\/www.myaquastore.com\/pt-br\/wp-json\/wp\/v2\/product_brand?post=35508"},{"taxonomy":"product_cat","embeddable":true,"href":"https:\/\/www.myaquastore.com\/pt-br\/wp-json\/wp\/v2\/product_cat?post=35508"},{"taxonomy":"product_tag","embeddable":true,"href":"https:\/\/www.myaquastore.com\/pt-br\/wp-json\/wp\/v2\/product_tag?post=35508"}],"curies":[{"name":"wp","href":"https:\/\/api.w.org\/{rel}","templated":true}]}}