{"id":35509,"date":"2016-09-25T23:28:26","date_gmt":"2016-09-25T23:28:26","guid":{"rendered":"https:\/\/www.myaquastore.com\/product\/bomba-de-fonte-de-lagoa-submersivel-hj-703\/"},"modified":"2025-03-16T08:37:59","modified_gmt":"2025-03-16T08:37:59","slug":"bomba-de-fonte-de-lagoa-submersivel-hj-703","status":"publish","type":"product","link":"https:\/\/www.myaquastore.com\/pt-br\/produto\/bomba-de-fonte-de-lagoa-submersivel-hj-703\/","title":{"rendered":"Bomba de fonte de lagoa submers\u00edvel HJ-703"},"content":{"rendered":"<div style=\"clear:both\"><\/div>\n<p><span style=\"color:#ff0000\"><strong><span style=\"font-size:18px\"><span style=\"font-size:24px\">Bomba submers\u00edvel para fonte de lago com recurso de \u00e1gua<\/span> <\/span><\/strong><\/span><em><strong><span style=\"font-size:18px;color:#ff0000\"> <\/span><\/strong><\/em><\/p>\n<\/p>\n<p>Especifica\u00e7\u00f5es:<\/p>\n<p>1. Ele usa <em><strong>n\u00facleo de eixo resistente ao desgaste de alta resist\u00eancia<\/strong><\/em>, tem <em><strong>economia de energia altamente eficiente<\/strong><\/em> e <em><strong>longa vida \u00fatil<\/strong><\/em>;<\/p>\n<p>2. Possui <em><strong>boa resist\u00eancia \u00e0 \u00e1gua<\/strong><\/em>, <em><strong>alta rigidez diel\u00e9trica<\/strong><\/em>; <em><strong>\u00e9 seguro e confi\u00e1vel<\/strong> <\/em>;<\/p>\n<p>3. Voc\u00ea pode us\u00e1-lo como <em><strong>bombeamento e filtragem<\/strong><\/em>.<\/p>\n<\/p>\n<table class=\"aliDataTable\" style=\"width:80%\" border=\"4\">\n<tbody>\n<tr>\n<td>Modelo <\/td>\n<td>Tens\u00e3o<\/td>\n<td>Frequ\u00eancia<\/td>\n<td>Pot\u00eancia<\/td>\n<td>H-max<\/td>\n<td>Sa\u00edda<\/td>\n<td>Peso<\/td>\n<td>Dimens\u00f5es<\/td>\n<\/tr>\n<tr>\n<td>HJ-703<\/td>\n<td>110V\/220V240V<\/td>\n<td>50Hz\/60Hz<\/td>\n<td>8W<\/td>\n<td>0,9m<\/td>\n<td>600L\/h<\/td>\n<td>0,5kg<\/td>\n<td>150*71*70mm<\/ td><\/tr>\n<tr>\n<td>HJ-903<\/td>\n<td>110V\/220V240V<\/td>\n<td>50Hz\/60Hz<\/td>\n<td>12W<\/td>\n<td>1,2m<\/td>\n<td>800L\/h<\/td>\n<td>0,59kg<\/td>\n<td>169*79*75mm<\/td>\n<\/tr>\n<tr>\n<td>HJ-1103<\/td>\n<td>110V\/220V240V<\/td>\n<td>50Hz\/60Hz<\/td>\n<td>18W<\/td>\n<td>1,5m<\/td>\n<td>900L\/h<\/td>\n<td> 0,82kg<\/td>\n<td>193*88*85mm<\/td>\n<\/tr>\n<tr>\n<td>HJ-1503<\/td>\n<td>110V\/220V240V<\/td>\n<td>50Hz\/60Hz<\/td>\n<td>35W<\/td>\n<td>2,4m<\/td>\n<td> 1500L\/h<\/td>\n<td>1,55kg<\/td>\n<td>233*126*110mm<\/td>\n<\/tr>\n<tr>\n<td>HJ-3703<\/td>\n<td>110V\/220V240V<\/td>\n<td>50Hz\/60Hz<\/td>\n<td>100W<\/p>\n<td>4,0m<\/td>\n<td>2500L\/h<\/td>\n<td>2,9kg<\/td>\n<td>287*139*137mm<\/td>\n<\/tr>\n<tr>\n<td>HJ-1843<\/td>\n<td>110V\/220V240V<\/td>\n<td>50Hz\/60 Hz<\/td>\n<td>40W<\/td>\n<td>2,5m<\/td>\n<td>1800L\/h<\/td>\n<td>1,4kg<\/td>\n<td>155*106*108mm<\/td>\n<\/tr>\n<tr>\n<td>HJ-1543<\/td>\n<td>110V\/220V240V <\/td>\n<td>50Hz\/60Hz<\/td>\n<td>28W<\/td>\n<td>2,0m<\/td>\n<td>1400L\/h<\/td>\n<td>1,2kg<\/td>\n<td>138*98*100mm<\/td>\n<\/tr>\n<tr>\n<td>HJ-1143<\/td>\n<td>110V\/220V240V<\/td>\n<td>50Hz\/60Hz <\/td>\n<td>22W<\/td>\n<td>1,6m<\/td>\n<td>1000L\/h<\/td>\n<td>0,85kg<\/td>\n<td>123*82*85mm<\/td>\n<\/tr>\n<tr>\n<td>HJ-943<\/td>\n<td>110V\/220V240V <\/td>\n<td>50Hz\/60Hz<\/td>\n<td>16W<\/td>\n<td>1,3m<\/td>\n<td>800L\/h<\/td>\n<td>0,65kg<\/td>\n<td>108*73*75mm<\/td>\n<\/tr>\n<tr>\n<td>HJ-743<\/td>\n<td>110V\/220V240V <\/td>\n<td>50Hz\/60Hz<\/td>\n<td>8W<\/td>\n<td>1,0m<\/td>\n<td>600L\/h<\/td>\n<td>0,38kg<\/td>\n<td>98*66*68mm<\/td>\n<\/tr>\n<tr>\n<td>HJ-923<\/td>\n<td>110V\/220V240V <\/td>\n<td>50Hz\/60Hz<\/td>\n<td>12W<\/td>\n<td>0,95m<\/td>\n<td>950L\/h<\/td>\n<td>0,7 6kg<\/td>\n<td>170*120*450mm<\/td>\n<\/tr>\n<tr>\n<td>HJ-1123<\/td>\n<td>110V\/220V240V <\/td>\n<td>50Hz\/60Hz<\/td>\n<td>18W<\/td>\n<td>1,7m<\/td>\n<td>1400L\/h<\/td>\n<td>1,0kg<\/td>\n<td>180*130*450mm<\/td>\n<\/tr>\n<\/tbody>\n<\/table>\n<table class=\"aliDataTable\" style=\"width:80%\" border=\"4\">\n<tbody>\n<tr>\n<td>Modelo <\/td>\n<td>Tens\u00e3o<\/td>\n<td>Frequ\u00eancia<\/td>\n<td>Pot\u00eancia<\/td>\n<td>H-max<\/td>\n<td>Sa\u00edda<\/td>\n<td>Peso<\/td>\n<td>Dimens\u00f5es<\/td>\n<\/tr>\n<tr>\n<td>HQB-2503<\/td>\n<td>110V\/220V240V <\/td>\n<td>50Hz\/60Hz<\/td>\n<td>55w<\/td>\n<td>2,5m<\/td>\n<td>2.000L\/h<\/td>\n<td>1,4 kg<\/td>\n<td>153*105*135mm<\/td>\n<\/tr>\n<tr>\n<td>HQB-3503<\/td>\n<td>110V\/220V240V <\/td>\n<td>50Hz\/60Hz<\/td>\n<td>85w<\/td>\n<td>3,5m<\/td>\n<td>3000L\/h<\/td>\n<td>1,45 kg<\/td>\n<td>153*105*135mm<\/td>\n<\/tr>\n<tr>\n<td>HQB-4503<\/td>\n<td>110V\/220V240V <\/td>\n<td>50Hz\/60Hz<\/td>\n<td>100w<\/td>\n<td>4,5m<\/td>\n<td>4500L\/h<\/td>\n<td>3,2 kg<\/td>\n<td>175*112*133mm<\/td>\n<\/tr>\n<tr>\n<td>HQB-5003<\/td>\n<td>110V\/220V240V <\/td>\n<td>50Hz\/60Hz<\/td>\n<td>150w<\/td>\n<td>5,0m<\/td>\n<td>5500L\/h<\/td>\n<td>3,3kg<\/td>\n<td>175*112*133mm<\/td>\n<\/tr>\n<\/tbody>\n<\/table>\n<table class=\"aliDataTable\" border=\"4\">\n<tbody>\n<tr>\n<td>Modelo <\/td>\n<td>Tens\u00e3o<\/td>\n<td>Frequ\u00eancia<\/td>\n<td>Pot\u00eancia<\/td>\n<td>H-max<\/td>\n<td>Sa\u00edda<\/td>\n<td>Weig ht<\/td>\n<td>Dimens\u00f5es<\/td>\n<\/tr>\n<tr>\n<td>JEP-5000F<\/td>\n<td>110V\/220V\/240V<\/td>\n<td>50Hz\/60Hz<\/td>\n<td>60W<\/td>\n<td>3,0m<\/td>\n<td>5000L\/h<\/td>\n<td>3,0kg<\/td>\n<td>265*115*130mm<\/td>\n<\/tr>\n<tr>\n<td>JEP-8000F<\/td>\n<td>110V\/220V240V<\/td>\n<td>50Hz\/60Hz<\/td>\n<td>90W<\/td>\n<td>3,6m<\/td>\n<td>8000 L\/h<\/td>\n<td>3,0kg<\/td>\n<td>265*115*130mm<\/td>\n<\/tr>\n<tr>\n<td>JEP-9000F<\/td>\n<td>110V\/220V240V<\/ td><\/p>\n<td>50Hz\/60Hz<\/td>\n<td>125W<\/td>\n<td>4,5m<\/td>\n<td>9000L\/h<\/td>\n<td>3,5kg<\/td>\n<td>270*123*1 40mm<\/td>\n<\/tr>\n<tr>\n<td>JEP-10000F<\/td>\n<td>110V\/220V240V<\/td>\n<td>50Hz\/60Hz<\/td>\n<td>155W<\/td>\n<td>4,75m<\/td>\n<td>10000L\/h<\/td>\n<td>3,5kg<\/td>\n<td>270*123*140mm<\/td>\n<\/tr>\n<\/tbody>\n<\/table>\n<p><span style=\"font-size:14px\"><strong>Todos os tipos de bombas de fonte s\u00e3o exibidos<\/strong><\/span><\/p>\n<p><img decoding=\"async\" alt=\"Bomba de fonte para lago com recurso de \u00e1gua submers\u00edvel\" src=\"http:\/\/localhost\/media\/import\/detail\/832867552_638.jpg\"><img decoding=\"async\" alt=\"Bomba de fonte de lagoa submers\u00edvel\" src=\"http:\/\/localhost\/media\/import\/detail\/832867562_665.jpg\"><img decoding=\"async\" alt=\"Bomba de fonte de lagoa submers\u00edvel\" src=\"http:\/\/localhost\/media\/import\/detail\/832867567_308.jpg\"><img decoding=\"async\" alt=\"Bomba de fonte de lagoa submers\u00edvel\" src=\"http:\/\/localhost\/media\/import\/detail\/832867574_077.jpg\"><img decoding=\"async\" alt=\"Bomba de fonte de lagoa submers\u00edvel\" src=\"http:\/\/localhost\/media\/import\/detail\/832867583_174.jpg\"><\/p>\n<\/p>\n<div id=\"ali-anchor-AliPostDhMb-l35sv\" style=\"padding-top:8px\" data-section-title=\"Informa\u00e7\u00f5es da empresa\" data-section=\"AliPostDhMb-l35sv\"> <\/div>\n","protected":false},"excerpt":{"rendered":"<p>Bomba de fonte de lagoa submers\u00edvel HJ-703<\/p>\n","protected":false},"featured_media":5364,"comment_status":"open","ping_status":"closed","template":"","meta":[],"product_brand":[],"product_cat":[627],"product_tag":[],"class_list":{"0":"post-35509","1":"product","2":"type-product","3":"status-publish","4":"has-post-thumbnail","6":"product_cat-filtros-de-aquario","8":"first","9":"instock","10":"shipping-taxable","11":"purchasable","12":"product-type-simple"},"_links":{"self":[{"href":"https:\/\/www.myaquastore.com\/pt-br\/wp-json\/wp\/v2\/product\/35509","targetHints":{"allow":["GET"]}}],"collection":[{"href":"https:\/\/www.myaquastore.com\/pt-br\/wp-json\/wp\/v2\/product"}],"about":[{"href":"https:\/\/www.myaquastore.com\/pt-br\/wp-json\/wp\/v2\/types\/product"}],"replies":[{"embeddable":true,"href":"https:\/\/www.myaquastore.com\/pt-br\/wp-json\/wp\/v2\/comments?post=35509"}],"wp:featuredmedia":[{"embeddable":true,"href":"https:\/\/www.myaquastore.com\/pt-br\/wp-json\/wp\/v2\/media\/5364"}],"wp:attachment":[{"href":"https:\/\/www.myaquastore.com\/pt-br\/wp-json\/wp\/v2\/media?parent=35509"}],"wp:term":[{"taxonomy":"product_brand","embeddable":true,"href":"https:\/\/www.myaquastore.com\/pt-br\/wp-json\/wp\/v2\/product_brand?post=35509"},{"taxonomy":"product_cat","embeddable":true,"href":"https:\/\/www.myaquastore.com\/pt-br\/wp-json\/wp\/v2\/product_cat?post=35509"},{"taxonomy":"product_tag","embeddable":true,"href":"https:\/\/www.myaquastore.com\/pt-br\/wp-json\/wp\/v2\/product_tag?post=35509"}],"curies":[{"name":"wp","href":"https:\/\/api.w.org\/{rel}","templated":true}]}}