{"id":35512,"date":"2016-09-25T23:28:26","date_gmt":"2016-09-25T23:28:26","guid":{"rendered":"https:\/\/www.myaquastore.com\/product\/sunsun-ce-gs-melhor-filtro-de-bomba-de-aquario-para-aquarios-300l-h-600l-h-100\/"},"modified":"2025-03-16T08:37:59","modified_gmt":"2025-03-16T08:37:59","slug":"sunsun-ce-gs-melhor-filtro-de-bomba-de-aquario-para-aquarios-300l-h-600l-h-100","status":"publish","type":"product","link":"https:\/\/www.myaquastore.com\/pt-br\/produto\/sunsun-ce-gs-melhor-filtro-de-bomba-de-aquario-para-aquarios-300l-h-600l-h-100\/","title":{"rendered":"SUNSUN CE GS melhor filtro de bomba de aqu\u00e1rio para aqu\u00e1rios 300L\/h 600L\/h 100&#8230;"},"content":{"rendered":"<div style=\"clear:both\"><\/div>\n<p align=\"center\"><img loading=\"lazy\" decoding=\"async\" alt=\"SUNSUN CE GS melhor filtro de bomba de aqu\u00e1rio para aqu\u00e1rios 300L\/h 600L\/h 1000L\/h 1400L\/h 1600L\/h\" src=\"http:\/\/localhost\/media\/import\/detail\/879313200_786.jpg\" width=\"824\" height=\"326\"><\/p>\n<p align=\"center\"><span style=\"font-family:times new roman,times\"><strong><span style=\"font-size:18pt;background:white;color:black\">SUNSUN CE\/GS 600L\/h<span style=\"font-family:times new roman,times\"><strong><span style=\"font-size:18pt;background:white;color:black\"> Melhor Aqu\u00e1rio<\/span><\/strong><\/span> Bomba <span style=\"font-family:times new roman,times\"><strong><span style=\"font-size:18pt;background:white;color:black\">Filtro <\/span><\/strong><\/span>para aqu\u00e1rios JP-022F<br \/><\/span><\/strong><\/span><\/p>\n<p><span style=\"font-size:18px;font-family:times new roman,times\"><strong><span style=\"background:white;color:blue\">1.<\/span><\/strong><strong><span style=\"background:white;color:blue\"> <span style=\"font-size:18px;font-family:times new roman,times\"><strong><span style=\"background:white;color:blue\">Aqu\u00e1rio<\/span><\/strong><\/span><\/span><\/strong><\/span><span style=\"font-size:18px;font-family:times new roman,times\"><strong><span><span style=\"color:#0000ff\"> Bomba<\/span> <\/span><\/strong><strong><span style=\"background:white;color:blue\"><span style=\"font-size:18px;font-family:times new roman,times\"><strong><span style=\"background:white;color:blue\">Filtro <\/span><\/strong><\/span>Recursos<\/span><\/strong><\/span><\/p>\n<p style=\"background:white\"><strong><span style=\"font-size:18px;font-family:times new roman,times\"><span style=\"background:white;color:black\">Adequado para aqu\u00e1rios de aqu\u00e1rio de \u00e1gua doce e salgada<br \/><\/span>Unidade de autoescorvamento &#8211; Configura\u00e7\u00e3o simples<\/span><\/strong><br \/><strong><span style=\"font-size:18px;font-family:times new roman,times\">Torneira de desligamento sem gotejamento para f\u00e1cil Limpeza<\/span><\/strong><\/p>\n<p style=\"background:white\"><span style=\"font-size:18px;font-family:times new roman,times\"><strong><span style=\"background:white;color:blue\">2. <\/span><\/strong><span style=\"color:#0000ff\"><strong><strong><strong><span style=\"font-size:18px;font-family:times new roman,times\"><strong>Aqu\u00e1rio <\/strong><\/span><\/strong><\/strong><\/strong><\/span><\/span><span style=\"font-size:18px;font-family:times new roman,times;color:#0000ff\"><strong><strong><strong><span style=\"font-family:times new roman,times\"><strong><span style=\"background:white\">Especifica\u00e7\u00f5es do filtro da bomba<\/span><\/strong><\/span><\/strong><\/strong><\/strong><\/span><strong><\/strong><\/p>\n<p style=\"background:white\"><strong><span style=\"font-size:18px;font-family:times new roman,times\"><span style=\"background:white;color:black\">Taxa de fluxo: 600 litros por hora<br \/><\/span>Altura m\u00e1xima: 1,0 metro<\/span><\/strong><br \/><strong><span style=\"font-size:18px;font-family:times new roman,times\">Tens\u00e3o: 110-240V<\/span><\/strong><br \/><strong><span style=\"font-size:18px;font-family:times new roman,times\">Pot\u00eancia: 8W<\/span><\/strong><\/p>\n<p style=\"background:white\"><strong><span style=\"font-size:18px;font-family:times new roman,times\">Peso: 0,35KG<\/span><\/strong><\/p>\n<p style=\"background:white\"><strong><span style=\"font-size:18px;font-family:times new roman,times\">Comprimento do cabo: 1,5m<br \/><\/span><\/strong><\/p>\n<p style=\"background:white\"><strong><span style=\"font-size:18px;font-family:times new roman,times;background:white;color:black\">Dimens\u00f5es: 90*58*202mm<\/span><\/strong><\/p>\n<p style=\"background:white\"><span style=\"font-size:18px;font-family:times new roman,times;color:#ff0000\"><strong><span style=\"background:white\">Garantia GRATUITA de 12 meses!!<\/span><\/strong><\/span><\/p>\n<p style=\"background:white\"><span style=\"font-size:18px;font-family:times new roman,times;color:#ff0000\"><strong><span style=\"background:white\"><img decoding=\"async\" alt=\"SUNSUN CE GS melhor filtro de bomba de aqu\u00e1rio para aqu\u00e1rios 300L\/h 600L\/h 1000L\/h 1400L\/h 1600L\/h\" src=\"http:\/\/localhost\/media\/import\/detail\/887903569_828.jpg\"><\/span><\/strong><\/span><\/p>\n<p style=\"background:white\"><span style=\"font-size:18px;font-family:times new roman,times\"><strong><span style=\"background:white;color:blue\">3. <\/span><\/strong><strong><span style=\"background:white;color:blue\"><span style=\"font-size:18px;font-family:times new roman,times\"><strong><span style=\"background:white;color:blue\"><a title=\"Filtro de aqu\u00e1rio\" href=\"http:\/\/gzweierma.en.alibaba.com\/\"><span style=\"font-size:18px;font-family:times new roman,times\"><strong><span style=\"background:white;color:blue\">Aqu\u00e1rio<\/span><\/strong><\/span> <\/a><\/span><\/strong><\/span><\/span><\/strong><\/span><span style=\"font-size:18px\"><span style=\"font-family:times new roman,times\"><strong><span style=\"background:white;color:blue\">Filtro de bomba<\/span><\/strong><\/span><span style=\"font-family:times new roman,times\"><strong><span style=\"background:white;color:blue\"> Descri\u00e7\u00e3o<\/span><\/strong><\/span><\/span><\/p>\n<p><strong><span style=\"font-size:18px;font-family:times novo romano, tempos\">1). Este<a title=\"filtro interno de aqu\u00e1rio\" href=\"http:\/\/gzweierma.en.alibaba.com\/\" target=\"_blank\"> filtro de bomba de aqu\u00e1rio<\/a> \u00e9 feito de materiais ABS superiores; seguro, dur\u00e1vel e f\u00e1cil de limpar.<\/span><\/strong><\/p>\n<p><strong><span style=\"font-size:18px;font-family:times new roman,times\">2). Sendo estrutura c\u00fabica e celular 3D, o algod\u00e3o bioqu\u00edmico caracteriza grande \u00e1rea de superf\u00edcie espec\u00edfica sem produzir resist\u00eancia ao fluxo de \u00e1gua.<\/span><\/strong><\/p>\n<p><strong><span style=\"font-size:18px;font-family:times new roman,times\">3). Localizado dentro de tanques de aqu\u00e1rio. A bomba de aqu\u00e1rio <strong><span style=\"font-size:18px;font-family:times new roman,times\">filtro <\/span><\/strong>\u00e9 super silenciosa, permitindo uso permanente.<\/span><\/strong><\/p>\n<p><strong><span style=\"font-size:18px;font-family:times new roman,times\">4). O <strong><span style=\"font-size:18px;font-family:times new roman,times\">bomba <\/span><\/strong>filtro pode produzir bulbo de ar em massa, aumentando a dissolubilidade do oxig\u00eanio na \u00e1gua;<\/span><\/strong><\/p>\n<p><strong><span style=\"font-size:18px;font-family:times new roman,times\">5). O filtro <strong><span style=\"font-size:18px;font-family:times new roman,times\">bomba <\/span><\/strong>do aqu\u00e1rio \u00e9 especialmente adequado para a cria\u00e7\u00e3o de pequenos peixes de \u00e1gua doce, como peixes coloridos, etc.<\/span><\/strong><\/p>\n<p><span style=\"font-size:18px;font-family:times new roman,times\"><strong><span style=\"background:white;color:blue\">4.<\/span><\/strong><strong><span> <span style=\"font-size:18px;font-family:times new roman,times\"><strong><span style=\"background:white;color:blue\"><a title=\"Filtro de aqu\u00e1rio\" href=\"http:\/\/gzweierma.en.alibaba.com\/\"><span style=\"font-size:18px;font-family:times new roman,times\"><strong><span style=\"background:white;color:blue\">Aqu\u00e1rio<\/span><\/strong><\/span><\/a><\/span><\/strong><\/span> <span style=\"color:#0000ff\">Bomba<\/span> <span style=\"color:#0000ff\">Filtro<\/span><\/span><\/strong><span style=\"color:#0000ff\"><strong>s Mostrar<\/strong><\/span><\/span><\/p>\n<p style=\"text-align:center\"><span style=\"font-size:18px;font-family:times new roman,times\"><strong><img decoding=\"async\" alt=\"SUNSUN CE GS melhor filtro de bomba de aqu\u00e1rio para aqu\u00e1rios 300L\/h 600L\/h 1000L\/h 1400L\/h 1600L\/h\" src=\"http:\/\/localhost\/media\/import\/detail\/779738840_269.jpg\"><img decoding=\"async\" alt=\"SUNSUN CE GS melhor filtro de bomba de aqu\u00e1rio para aqu\u00e1rios 300L\/h 600L\/h 1000L\/h 1400L\/h 1600L\/h\" src=\"http:\/\/localhost\/media\/import\/detail\/779910246_873.jpg\"><img decoding=\"async\" alt=\"SUNSUN CE GS melhor filtro de bomba de aqu\u00e1rio para aqu\u00e1rios 300L\/h 600L\/h 1000L\/h 1400L\/h 1600L\/h\" src=\"http:\/\/localhost\/media\/import\/detail\/779919212_961.jpg\"><img decoding=\"async\" alt=\"SUNSUN CE GS melhor filtro de bomba de aqu\u00e1rio para aqu\u00e1rios 300L\/h 600L\/h 1000L\/h 1400L\/h 1600L\/h\" src=\"http:\/\/localhost\/media\/import\/detail\/779877588_906.jpg\"> <br \/><\/strong><\/span><\/p>\n<p><span style=\"font-size:18px;font-family:times new roman,times;color:#0000ff;background-color:#ffffff\"><strong>5.<strong><span style=\"color:#0000ff;background-color:#ffffff\"><strong><span style=\"font-size:11pt\"><strong><span style=\"font-size:medium\"><span style=\"font-size:large\"><span style=\"font-size:18px;font-family:times new roman,times\"><strong><span style=\"background:white;color:blue\"><a title=\"Filtro de aqu\u00e1rio\" href=\"http:\/\/gzweierma.en.alibaba.com\/\"><span style=\"font-size:18px;font-family:times new roman,times\"><strong><span style=\"background:white;color:blue\">Aqu\u00e1rio<\/span><\/strong><\/span><\/a><\/span><\/strong><\/span><\/span><\/span><\/strong><\/span><\/strong><\/span><\/strong><\/strong><\/span><span style=\"font-size:18px;color:#0000ff\"><strong><span style=\"font-family:times new roman,times\"> Bomba<\/span><\/strong><\/span> <span style=\"font-family:times new roman,times;color:#0000ff;background-color:#ffffff\"><strong><strong><span style=\"color:#0000ff;background-color:#ffffff\"><strong><span style=\"font-size:11pt\"><strong><span style=\"font-size:medium\"><span style=\"font-size:large\">Filtro<\/span><\/span><\/strong><\/span><\/strong><\/span><\/strong><\/strong><\/span><strong><span style=\"font-size:18px;font-family:times new roman,times;color:#0000ff\"> Informa\u00e7\u00f5es da embalagem<\/span><\/strong><\/p>\n<p><span style=\"font-size:medium;font-family:times new roman,times;color:#000000;background-color:#ffffff\"><span style=\"font-size:large\"> <\/span><\/span><\/p>\n","protected":false},"excerpt":{"rendered":"<p>SUNSUN CE GS melhor filtro de bomba de aqu\u00e1rio para aqu\u00e1rios 300L\/h 600L\/h 100&#8230;<\/p>\n","protected":false},"featured_media":5370,"comment_status":"open","ping_status":"closed","template":"","meta":[],"product_brand":[],"product_cat":[627],"product_tag":[],"class_list":{"0":"post-35512","1":"product","2":"type-product","3":"status-publish","4":"has-post-thumbnail","6":"product_cat-filtros-de-aquario","8":"first","9":"instock","10":"shipping-taxable","11":"purchasable","12":"product-type-simple"},"_links":{"self":[{"href":"https:\/\/www.myaquastore.com\/pt-br\/wp-json\/wp\/v2\/product\/35512","targetHints":{"allow":["GET"]}}],"collection":[{"href":"https:\/\/www.myaquastore.com\/pt-br\/wp-json\/wp\/v2\/product"}],"about":[{"href":"https:\/\/www.myaquastore.com\/pt-br\/wp-json\/wp\/v2\/types\/product"}],"replies":[{"embeddable":true,"href":"https:\/\/www.myaquastore.com\/pt-br\/wp-json\/wp\/v2\/comments?post=35512"}],"wp:featuredmedia":[{"embeddable":true,"href":"https:\/\/www.myaquastore.com\/pt-br\/wp-json\/wp\/v2\/media\/5370"}],"wp:attachment":[{"href":"https:\/\/www.myaquastore.com\/pt-br\/wp-json\/wp\/v2\/media?parent=35512"}],"wp:term":[{"taxonomy":"product_brand","embeddable":true,"href":"https:\/\/www.myaquastore.com\/pt-br\/wp-json\/wp\/v2\/product_brand?post=35512"},{"taxonomy":"product_cat","embeddable":true,"href":"https:\/\/www.myaquastore.com\/pt-br\/wp-json\/wp\/v2\/product_cat?post=35512"},{"taxonomy":"product_tag","embeddable":true,"href":"https:\/\/www.myaquastore.com\/pt-br\/wp-json\/wp\/v2\/product_tag?post=35512"}],"curies":[{"name":"wp","href":"https:\/\/api.w.org\/{rel}","templated":true}]}}