{"id":35513,"date":"2016-09-25T23:28:26","date_gmt":"2016-09-25T23:28:26","guid":{"rendered":"https:\/\/www.myaquastore.com\/product\/sunsun-250l-h-3w-bomba-de-filtro-multifuncional-para-aquario-e-tanque-de-peixes-cegs\/"},"modified":"2025-03-16T08:38:00","modified_gmt":"2025-03-16T08:38:00","slug":"sunsun-250l-h-3w-bomba-de-filtro-multifuncional-para-aquario-e-tanque-de-peixes-cegs","status":"publish","type":"product","link":"https:\/\/www.myaquastore.com\/pt-br\/produto\/sunsun-250l-h-3w-bomba-de-filtro-multifuncional-para-aquario-e-tanque-de-peixes-cegs\/","title":{"rendered":"SUNSUN 250L\/h 3W bomba de filtro multifuncional para aqu\u00e1rio e tanque de peixes (CE,GS)"},"content":{"rendered":"<div style=\"clear:both\"><\/div>\n<p style=\"text-align:center\">\n<div id=\"ali-anchor-AliPostDhMb-e65x5\" style=\"padding-top:8px\" data-section-title=\"banners\" data-section=\"AliPostDhMb-e65x5\">\n<div id=\"ali-title-AliPostDhMb-e65x5\" style=\"border-bottom:#ddd 1px solid;padding-bottom:8px;padding-top:8px;padding-left:0px;padding-right:0px\"><strong><span style=\"background-color:#dddddd;color:#333333\"><\/span><\/strong> <\/div>\n<div style=\"padding-bottom:10px;padding-top:10px;padding-left:0px;padding-right:0px\">\n<p><span> <\/span><\/p>\n<\/div>\n<\/div>\n<p style=\"text-align:center\"><span style=\"color:#0000ff\"><strong><span style=\"font-size:18pt;font-family:'Comic Sans MS'\">Nossa promessa SUNSUN:<\/span><\/strong><\/span><\/p>\n<\/p>\n<p align=\"center\"><span style=\"color:#ff0000\"><span style=\"font-size:18pt;font-family:'Comic Sans EM'\">1. Todos os produtos s\u00e3o produtos originais SUNSUN<\/span> <\/span><\/p>\n<p><span style=\"color:#ff0000\"> <\/span><\/p>\n<p align=\"center\"><span style=\"font-size:18pt;font-family:'Comic Sans MS';color:#ff0000\">2. Garantia: um ano. Embalagem SUNSUN ou embalagem branca<\/span><\/p>\n<p align=\"center\"><span style=\"color:#ff0000\"> <\/span><\/p>\n<p align=\"center\"><span style=\"font-size:18pt;font-family:'Comic Sans MS';color:#ff0000\">4. aceitar OEM<\/span><\/p>\n<p align=\"center\"><span style=\"font-size:18pt;font-family:'Comic Sans MS';color:#0000ff\">&#8230;&#8230;&#8230;&#8230;&#8230;&#8230;&#8230;&#8230;&#8230;&#8230;&#8230;&#8230;&#8230;&#8230;&#8230;&#8230;&#8230;&#8230;&#8230;&#8230;&#8230;&#8230;&#8230;&#8230;&#8230;&#8230;&#8230;&#8230;&#8230;&#8230;&#8230;&#8230;&#8230;&#8230;&#8230;&#8230;&#8230;..<\/span><\/p>\n<p align=\"center\">\n<p><span style=\"font-size:24px;font-family:comic sans ms,sans-serif\"><strong>1.Caracter\u00edsticas:<\/strong><\/span><\/p>\n<p><span style=\"font-size:18px;font-family:comic sans ms,sans-serif\">1. A esponja do filtro absorve a sujeira e limpa a \u00e1gua.<\/span><\/p>\n<p><span style=\"font-size:18px;font-family:comic sans ms,sans-serif\">2. Adequado para \u00e1gua doce e salgada<\/span><\/p>\n<p><span style=\"font-size:18px;font-family:comic sans ms,sans-serif\">3. Totalmente submers\u00edvel e ideal para qualquer filtra\u00e7\u00e3o de aqu\u00e1rio.<\/span><\/p>\n<p> <img decoding=\"async\" alt=\"SUNSUN 250L\/h 3W multifuncional Aquarium Fish Tank Filter Pump(CE,GS )\" src=\"http:\/\/localhost\/media\/import\/detail\/783216876_954.jpg\"><\/p>\n<\/p>\n<\/p>\n<p><span style=\"font-family:comic sans ms,sans-serif;color:#000000;background-color:#ff0000\"><strong><span style=\"font-size:24px\">2.As especifica\u00e7\u00f5es:<\/span><\/strong><\/span><\/p>\n<\/p>\n<p style=\"background:#ffffff\"><span style=\"font-size:18px;font-family:comic sans ms,sans-serif;color:#2f2f2f\"><span style=\"color:#0000ff\">Altura m\u00e1xima:<span style=\"color:#000000\"> 0,5<\/span><\/span>m<\/span><\/p>\n<p style=\"background:#ffffff\">\n<p style=\"background:#ffffff\"><span style=\"font-size:18px;font-family:comic sans ms,sans-serif;color:#0000ff\">Pot\u00eancia:<span style=\"color:#000000\"> 3W<\/span><\/span><\/p>\n<p style=\"background:#ffffff\">\n<p style=\"background:#ffffff\"><span style=\"font-family:comic sans ms,sans-serif\"><span style=\"font-size:18px;color:#2f2f2f\"><span style=\"color:#0000ff\">Sa\u00edda: <span style=\"color:#000000\">25<\/span><span style=\"color:#000000\">0<\/span><\/span>L\/h<\/span><span style=\"font-size:18px\"> <\/span><\/span><\/p>\n<p style=\"background:#ffffff\">\n<p><span style=\"font-size:18px;font-family:comic sans ms,sans-serif\"><span style=\"color:#2f2f2f\"><span style=\"color:#0000ff\">Tens\u00e3o:<\/span> 110V\/220V\/<\/span><span style=\"color:#2f2f2f\">240V<\/span><\/span><\/p>\n<p style=\"background:#ffffff\">\n<p><span style=\"font-size:18px;font-family:comic sans ms,sans-serif\"><span style=\"color:#0000ff\">Frequ\u00eancia<\/span><span style=\"color:#2f2f2f\"><span style=\"color:#0000ff\">:<\/span> 50\/60<\/span><span style=\"color:#2f2f2f\">Hz<\/span><\/span><\/p>\n<\/p>\n<p><span style=\"font-size:18px;font-family:comic sans ms,sans-serif\"><span style=\"color:#2f2f2f\"><span style=\"color:#0000ff\">Peso:<\/span> 0,35kg<\/span><\/span><\/p>\n<\/p>\n<p style=\"background:#ffffff\"><span style=\"font-size:18px;font-family:comic sans ms,sans-serif;color:#2f2f2f\"><span style=\"color:#2f2f2f\"><span style=\"color:#0000ff\">Dimens\u00f5es:<\/span> 83x 50x 185mm<\/span><\/span><\/p>\n<p style=\"background:#ffffff\">\n<p style=\"background:#ffffff\"><span style=\"font-size:18px;font-family:comic sans ms,sans-serif\"><span style=\"color:#2f2f2f\"><span style=\"color:#0000ff\">Garantia: <\/span><span style=\"color:#000000\">12 meses <\/span><\/span><span style=\"color:#000000\"><br \/><\/span><\/span><\/p>\n<p style=\"background:#ffffff\">\n<p style=\"background:#ffffff\">\n<p style=\"background:#ffffff\"><span style=\"font-family:comic sans ms,sans-serif;color:#000000;background-color:#ff0000\"><strong><span style=\"font-size:24px\">3.Os detalhes:<\/span><\/strong><\/span><\/p>\n<p style=\"background:#ffffff\">\n<p style=\"background:#ffffff\"><span style=\"font-family:comic sans ms,sans-serif;color:#000000;background-color:#cc99ff\"><strong><span style=\"font-size:24px\"><img decoding=\"async\" alt=\"SUNSUN 250L\/h 3W filtro multifuncional para tanque de peixes de aqu\u00e1rio Bomba(CE,GS )\" src=\"http:\/\/localhost\/media\/import\/detail\/704458560_872.jpg\"> <\/span><\/strong><\/span><\/p>\n<p style=\"background:#ffffff\">\n<p style=\"background:#ffffff\">\n<p style=\"background:#ffffff\"><span style=\"font-family:comic sans ms,sans-serif;color:#000000;background-color:#cc99ff\"><strong><span style=\"font-size:24px\"><img decoding=\"async\" alt=\"SUNSUN 250L\/h 3W bomba de filtro de tanque de peixes de aqu\u00e1rio multifuncional (CE,GS)\" src=\"http:\/\/localhost\/media\/import\/detail\/704458563_829.jpg\"> <\/span><\/strong><\/span><\/p>\n<p style=\"background:#ffffff\">\n<p style=\"background:#ffffff\">\n<p style=\"background:#ffffff\"><span style=\"font-size:24px\"> <img decoding=\"async\" alt=\"SUNSUN 250L\/h 3W bomba de filtro multifuncional para tanque de peixes de aqu\u00e1rio (CE,GS)\" src=\"http:\/\/localhost\/media\/import\/detail\/704458558_053.jpg\"><\/span><\/p>\n<p style=\"background:#ffffff\">\n<p style=\"background:#ffffff\">\n<table class=\"aliDataTable\" style=\"height:222px;width:92.16%\" border=\"4\">\n<tbody>\n<tr>\n<td><span style=\"font-size:16px;font-family:comic sans ms,sans-serif\">Modelo<\/span><\/td>\n<td><span style=\"font-size:16px;font-family:comic sans ms,sans-serif\">Tens\u00e3o<\/span><\/td>\n<td><span style=\"font-size:16px;font-family:comic sans ms,sans-serif\">Frequ\u00eancia<\/span><\/td>\n<td><span style=\"font-size:16px;font-family:comic sans ms,sans-serif\">Pot\u00eancia<\/span><\/td>\n<td><span style=\"font-size:16px;font-family:comic sans ms,sans-serif\">H-max<\/span><\/td>\n<td><span style=\"font-size:16px;font-family:comic sans ms,sans-serif\">Sa\u00edda<\/span><\/td>\n<td><span style=\"font-size:16px;font-family:comic sans ms,sans-serif\">Peso<\/span><\/td>\n<td><span style=\"font-size:16px;font-family:comic sans ms,sans-serif\">Dimens\u00f5es<\/span><\/td>\n<\/tr>\n<tr>\n<td><span style=\"color:#ff0000\"><strong><span style=\"font-size:16px;font-family:comic sans ms,sans-serif\">JP-092<\/span><\/strong><\/span><\/td>\n<td><span style=\"color:#ff0000\"><strong><span style=\"font-size:16px;font-family:comic sans ms,sans-serif\">110V\/220V\/240V<\/span><\/strong><\/span><\/td>\n<td><span style=\"color:#ff0000\"><strong><span style=\"font-size:16px;font-family:comic sans ms,sans-serif\">50Hz\/60Hz<\/span><\/strong><\/span><\/td>\n<td><span style=\"color:#ff0000\"><strong><span style=\"font-size:16px;font-family:comic sans ms,sans-serif\">3W<\/span><\/strong><\/span><\/td>\n<td><span style=\"color:#ff0000\"><strong><span style=\"font-size:16px;font-family:comic sans ms,sans-serif\">0,5m<\/span><\/strong><\/span><\/td>\n<td><span style=\"color:#ff0000\"><strong><span style=\"font-size:16px;font-family:comic sans ms,sans-serif\">250L\/h<\/span><\/strong><\/span><\/td>\n<td><span style=\"color:#ff0000\"><strong><span style=\"font-size:16px;font-family:comic sans ms,sans-serif\">0,35kg<\/span><\/strong><\/span><\/td>\n<td><span style=\"color:#ff0000\"><strong><span style=\"font-size:16px;font-family:comic sans ms,sans-serif\">83*50*185mm<\/span><\/strong><\/span><\/td>\n<\/tr>\n<tr>\n<td><span style=\"font-size:16px;font-family:comic sans ms,sans-serif\">JP-093<\/span><\/td>\n<td><span style=\"font-size:16px;font-family:comic sans ms,sans-serif\">110V\/220V\/240V<\/span><\/td>\n<td><span style=\"font-size:16px;font-family:comic sans ms,sans-serif\">50Hz\/60Hz<\/span><\/td>\n<td><span style=\"font-size:16px;font-family:comic sans ms,sans-serif\">5W<\/span><\/td>\n<td><span style=\"font-size:16px;font-family:comic sans ms,sans-serif\">0,8m<\/span><\/td>\n<td><span style=\"font-size:16px;font-family:comic sans ms,sans-serif\">450L\/h<\/span><\/td>\n<td><span style=\"font-size:16px;font-family:comic sans ms,sans-serif\">0,45kg<\/span><\/td>\n<td><span style=\"font-size:16px;font-family:comic sans ms,sans-serif\">90*55*205mm<\/span><\/td>\n<\/tr>\n<tr>\n<td><span style=\"font-size:16px;font-family:comic sans ms,sans-serif\">JP-094<\/span><\/td>\n<td><span style=\"font-size:16px;font-family:comic sans ms,sans-serif\">110V\/220V\/240V<\/span><\/td>\n<td><span style=\"font-size:16px;font-family:comic sans ms,sans-serif\">50Hz\/60Hz<\/span><\/td>\n<td><span style=\"font-size:16px;font-family:comic sans ms,sans-serif\">7W<\/span><\/td>\n<td><span style=\"font-size:16px;font-family:comic sans ms,sans-serif\">1,2 m<\/span><\/td>\n<td><span style=\"font-size:16px;font-family:comic sans ms,sans-serif\">650L\/h<\/span><\/td>\n<td><span style=\"font-size:16px;font-family:comic sans ms,sans-serif\">0,6kg<\/span><\/td>\n<td><span style=\"font-size:16px;font-family:comic sans ms,sans-serif\">105*67*225mm<\/span><\/td>\n<\/tr>\n<\/tbody>\n<\/table>\n<p style=\"background:#ffffff\">\n<p><span style=\"font-size:18px;font-family:comic sans ms,sans-serif\"> <\/span><\/p>\n<p style=\"background:#ffffff\"><span style=\"background-color:#ff0000\"> <span style=\"color:#000000\"><strong><span style=\"font-size:24px;font-family:comic sans ms,sans-serif\">4.Outras bombas de filtro para sua refer\u00eancia:<\/span><\/strong><\/span><\/span><\/p>\n<p style=\"background:#ffffff\">\n<p style=\"background:#ffffff\"><span style=\"font-size:24px\"> <img decoding=\"async\" alt=\"SUNSUN 250L\/h 3W bomba multifuncional de filtro de tanque de peixes de aqu\u00e1rio (CE,GS )\" src=\"http:\/\/localhost\/media\/import\/detail\/704463392_787.jpg\"><\/span><\/p>\n<p style=\"background:#ffffff\">\n<p style=\"background:#ffffff\">\n<p style=\"background:#ffffff\"> <img decoding=\"async\" alt=\"SUNSUN 250L\/h 3W bomba de filtro multifuncional para tanque de peixes de aqu\u00e1rio (CE,GS)\" src=\"http:\/\/localhost\/media\/import\/detail\/704464119_539.jpg\"><\/p>\n<p style=\"background:#ffffff\">\n<p style=\"background:#ffffff\">\n<div style=\"clear:both\"><\/div>\n<p><span style=\"font-size:large;font-family:'Times New Roman'\"><\/span><\/p>\n","protected":false},"excerpt":{"rendered":"<p>SUNSUN 250L\/h 3W bomba de filtro multifuncional para aqu\u00e1rio e tanque de peixes (CE,GS)<\/p>\n","protected":false},"featured_media":5372,"comment_status":"open","ping_status":"closed","template":"","meta":[],"product_brand":[],"product_cat":[627],"product_tag":[],"class_list":{"0":"post-35513","1":"product","2":"type-product","3":"status-publish","4":"has-post-thumbnail","6":"product_cat-filtros-de-aquario","8":"first","9":"instock","10":"shipping-taxable","11":"purchasable","12":"product-type-simple"},"_links":{"self":[{"href":"https:\/\/www.myaquastore.com\/pt-br\/wp-json\/wp\/v2\/product\/35513","targetHints":{"allow":["GET"]}}],"collection":[{"href":"https:\/\/www.myaquastore.com\/pt-br\/wp-json\/wp\/v2\/product"}],"about":[{"href":"https:\/\/www.myaquastore.com\/pt-br\/wp-json\/wp\/v2\/types\/product"}],"replies":[{"embeddable":true,"href":"https:\/\/www.myaquastore.com\/pt-br\/wp-json\/wp\/v2\/comments?post=35513"}],"wp:featuredmedia":[{"embeddable":true,"href":"https:\/\/www.myaquastore.com\/pt-br\/wp-json\/wp\/v2\/media\/5372"}],"wp:attachment":[{"href":"https:\/\/www.myaquastore.com\/pt-br\/wp-json\/wp\/v2\/media?parent=35513"}],"wp:term":[{"taxonomy":"product_brand","embeddable":true,"href":"https:\/\/www.myaquastore.com\/pt-br\/wp-json\/wp\/v2\/product_brand?post=35513"},{"taxonomy":"product_cat","embeddable":true,"href":"https:\/\/www.myaquastore.com\/pt-br\/wp-json\/wp\/v2\/product_cat?post=35513"},{"taxonomy":"product_tag","embeddable":true,"href":"https:\/\/www.myaquastore.com\/pt-br\/wp-json\/wp\/v2\/product_tag?post=35513"}],"curies":[{"name":"wp","href":"https:\/\/api.w.org\/{rel}","templated":true}]}}