{"id":35514,"date":"2016-09-25T23:28:26","date_gmt":"2016-09-25T23:28:26","guid":{"rendered":"https:\/\/www.myaquastore.com\/product\/bomba-de-filtragem-e-aeracao-para-aquario-sunsun-550l-h-hj-732\/"},"modified":"2025-03-16T08:38:00","modified_gmt":"2025-03-16T08:38:00","slug":"bomba-de-filtragem-e-aeracao-para-aquario-sunsun-550l-h-hj-732","status":"publish","type":"product","link":"https:\/\/www.myaquastore.com\/pt-br\/produto\/bomba-de-filtragem-e-aeracao-para-aquario-sunsun-550l-h-hj-732\/","title":{"rendered":"Bomba de filtragem e aera\u00e7\u00e3o para aqu\u00e1rio SUNSUN 550L\/H HJ-732"},"content":{"rendered":"<div style=\"clear:both\"><\/div>\n<p> <span style=\"font-size:24px\"><strong><span style=\"color:#0000ff;background-color:#ffff00\"><span style=\"background-color:#f0f8ff\">SUNSUN 550L\/H Bomba de filtragem e aera\u00e7\u00e3o para aqu\u00e1rio <\/span><span style=\"background-color:#f0f8ff\"> <\/span><\/span><\/strong><\/span><\/p>\n<\/p>\n<table class=\"aliDataTable\" style=\"width:80%\" border=\"1\">\n<tbody>\n<tr>\n<td>\n<p> <img decoding=\"async\" alt=\"SUNSUN 550L\/H Bomba de filtragem e aera\u00e7\u00e3o para aqu\u00e1rio\" src=\"http:\/\/localhost\/media\/import\/detail\/779919212_961.jpg\"><\/p>\n<\/td>\n<\/tr>\n<tr>\n<td>\n<p> <span style=\"font-size:18px;background-color:#ffffff\"><strong>A bomba de filtragem e aera\u00e7\u00e3o SUNSUN 550L\/H para aqu\u00e1rio pode ser aplicada tanto em \u00e1gua salgada quanto em \u00e1gua doce.<\/strong><\/span><\/p>\n<p><span style=\"font-size:18px;background-color:#ffffff\"><strong> <\/strong><\/span><\/p>\n<\/td>\n<\/tr>\n<\/tbody>\n<\/table>\n<p><strong><span style=\"background-color:#ffffff\"> <span style=\"font-size:24px;color:#000000\"> <\/span><\/span><\/strong><\/p>\n","protected":false},"excerpt":{"rendered":"<p>Bomba de filtragem e aera\u00e7\u00e3o para aqu\u00e1rio SUNSUN 550L\/H HJ-732<\/p>\n","protected":false},"featured_media":5374,"comment_status":"open","ping_status":"closed","template":"","meta":[],"product_brand":[],"product_cat":[627],"product_tag":[],"class_list":{"0":"post-35514","1":"product","2":"type-product","3":"status-publish","4":"has-post-thumbnail","6":"product_cat-filtros-de-aquario","8":"first","9":"instock","10":"shipping-taxable","11":"purchasable","12":"product-type-simple"},"_links":{"self":[{"href":"https:\/\/www.myaquastore.com\/pt-br\/wp-json\/wp\/v2\/product\/35514","targetHints":{"allow":["GET"]}}],"collection":[{"href":"https:\/\/www.myaquastore.com\/pt-br\/wp-json\/wp\/v2\/product"}],"about":[{"href":"https:\/\/www.myaquastore.com\/pt-br\/wp-json\/wp\/v2\/types\/product"}],"replies":[{"embeddable":true,"href":"https:\/\/www.myaquastore.com\/pt-br\/wp-json\/wp\/v2\/comments?post=35514"}],"wp:featuredmedia":[{"embeddable":true,"href":"https:\/\/www.myaquastore.com\/pt-br\/wp-json\/wp\/v2\/media\/5374"}],"wp:attachment":[{"href":"https:\/\/www.myaquastore.com\/pt-br\/wp-json\/wp\/v2\/media?parent=35514"}],"wp:term":[{"taxonomy":"product_brand","embeddable":true,"href":"https:\/\/www.myaquastore.com\/pt-br\/wp-json\/wp\/v2\/product_brand?post=35514"},{"taxonomy":"product_cat","embeddable":true,"href":"https:\/\/www.myaquastore.com\/pt-br\/wp-json\/wp\/v2\/product_cat?post=35514"},{"taxonomy":"product_tag","embeddable":true,"href":"https:\/\/www.myaquastore.com\/pt-br\/wp-json\/wp\/v2\/product_tag?post=35514"}],"curies":[{"name":"wp","href":"https:\/\/api.w.org\/{rel}","templated":true}]}}