{"id":35524,"date":"2016-09-25T23:28:26","date_gmt":"2016-09-25T23:28:26","guid":{"rendered":"https:\/\/www.myaquastore.com\/product\/sunsun-3200l-h-45w-filtro-de-agua-pura-aqua-jp-085\/"},"modified":"2025-03-16T08:38:02","modified_gmt":"2025-03-16T08:38:02","slug":"sunsun-3200l-h-45w-filtro-de-agua-pura-aqua-jp-085","status":"publish","type":"product","link":"https:\/\/www.myaquastore.com\/pt-br\/produto\/sunsun-3200l-h-45w-filtro-de-agua-pura-aqua-jp-085\/","title":{"rendered":"SUNSUN 3200L\/h 45W filtro de \u00e1gua pura aqua JP-085"},"content":{"rendered":"<div style=\"clear:both\"><\/div>\n<p data-section-blank=\"AliPostDhMb-ujs6s\">\n<p data-section-blank=\"AliPostDhMb-ujs6s\"><strong><span style=\"font-size:24px;color:#000000;background-color:#ffffff\"> SUNSUN Filtro de \u00e1gua pura aqua 3200L \/ h 45W <br \/><\/span><\/strong><\/p>\n<div id=\"ali-anchor-AliPostDhMb-ujs6s\" style=\"padding-top:8px\" data-section-title=\"Descri\u00e7\u00e3o do produto\" data-section=\"AliPostDhMb-ujs6s\">\n<div id=\"ali-title-AliPostDhMb-ujs6s\" style=\"border-bottom:#ddd 1px solid;padding-bottom:8px;padding-top:8px;padding-left:0px;padding-right:0px\"><span style=\"font-weight:bold;color:#333;padding-bottom:8px;padding-top:8px;padding-left:10px;line-height:12px;padding-right:10px;background-color:#ddd\">Descri\u00e7\u00e3o do produto<\/span><\/div>\n<div style=\"padding-bottom:10px;padding-top:10px;padding-left:0px;padding-right:0px\">\n<div style=\"height:42px;width:750px\">\n<div style=\"height:42px;float:left;width:25px;background-color:#00ccff\"> <\/div>\n<div style=\"height:30px;float:right;color:#ffffff;padding-bottom:5px;padding-top:5px;padding-left:0px;padding-right:0px;width:720px;background-color:#0099ff\">\n<div style=\"font-size:24px;border-top:#ffffff 1px s\u00f3lido\">Exibi\u00e7\u00e3o do produto<\/div>\n<\/div>\n<\/div>\n<\/div>\n<\/div>\n<p><span style=\"font-size:16px\"><strong>CARACTER\u00cdSTICAS:<\/strong><\/span><span style=\"font-size:24px;color:#ff0000;background-color:#c0c0c0\"><br \/><\/span><\/p>\n<p><span style=\"font-size:14px\">1) O design patenteado de motor \u00fanico, roda bilobada \u00e9 ultra potente e dupla efici\u00eancia.<\/span><\/p>\n<p><span style=\"font-size:14px\">2)Tem boa resist\u00eancia diel\u00e9trica \u00e0 prova d&#8217;\u00e1gua e alta;\u00e9 seguro e confi\u00e1vel.<\/span><\/p>\n<p><span style=\"font-size:14px\">3)Pares de design patenteado de motor para fornecer efici\u00eancia dupla.<\/span><\/p>\n<p><span style=\"font-size:14px\">4)Uma m\u00e1quina multifuncional, conjunto de filtragem, bombeamento, oxig\u00eanio e outras fun\u00e7\u00f5es em um. style=&#8221;font-size:16px;&#8221;&gt;<strong>PAR\u00c2METRO:<\/strong><\/span><\/p>\n<table class=\"aliDataTable\" style=\"height:153px;width:712px\" border=\"1\">\n<tbody>\n<tr>\n<td style=\"text-align:center\"><strong>Modelo<\/strong><\/td>\n<td style=\"text-align:center\"><strong>Tens\u00e3o<\/strong><\/td>\n<td style=\"text-align:center\"><strong>Frequ\u00eancia<\/strong><\/td>\n<td style=\"text-align:center\"><strong>Pot\u00eancia<\/strong><\/td>\n<td style=\"text-align:center\"><strong>H-max<\/strong><\/td>\n<td style=\"text-align:center\"><strong>Sa\u00edda<\/strong><\/td>\n<td style=\"text-align:center\"><strong>Comprimento do cabo<\/strong><\/td>\n<td style=\"text-align:center\"><strong>Peso<\/strong><\/td>\n<td style=\"text-align:center\"><strong>L*W*H(mm)<\/strong><\/td>\n<\/tr>\n<tr>\n<td style=\"text-align:center\">JP-082<\/td>\n<td style=\"text-align:center\">110V\/220V\/240V<\/td>\n<td style=\"text-align:center\">50HZ\/60HZ<\/td>\n<td style=\"text-align:center\">14W<\/td>\n<td style=\"text-align:center\">0,8m<\/td>\n<td style=\"text-align:center\">400*2L\/h<\/td>\n<td style=\"text-align:center\">1,5m<\/td>\n<td style=\"text-align:center\">0,5kg<\/td>\n<td style=\"text-align:center\">130*46*190<\/td>\n<\/tr>\n<tr>\n<td style=\"text-align:center\">JP-083<\/td>\n<td style=\"text-align:center\">110V\/220V\/240V<\/td>\n<td style=\"text-align:center\">50HZ\/60HZ<\/td>\n<td style=\"text-align:center\">18W<\/td>\n<td style=\"text-align:center\">1,2m<\/td>\n<td style=\"text-align:center\">750*2L\/h<\/td>\n<td style=\"text-align:center\">1,5m<\/td>\n<td style=\"text-align:center\">0,75kg<\/td>\n<td style=\"text-align:center\">150*54*215<\/td>\n<\/tr>\n<tr>\n<td style=\"text-align:center\">JP-084<\/td>\n<td style=\"text-align:center\">110V\/220V\/240V<\/td>\n<td style=\"text-align:center\">50HZ\/60HZ<\/td>\n<td style=\"text-align:center\">22W<\/td>\n<td style=\"text-align:center\">1,4m<\/td>\n<td style=\"text-align:center\">\n<p>1000*2L\/h<\/p>\n<\/td>\n<td style=\"text-align:center\">1,8m<\/td>\n<td style=\"text-align:center\">1,0kg<\/td>\n<td style=\"text-align:center\">168*58*240<\/td>\n<\/tr>\n<tr>\n<td style=\"text-align:center\">JP-085<\/td>\n<td style=\"text-align:center\">110V\/220V\/240V<\/td>\n<td style=\"text-align:center\">50HZ\/60HZ<\/td>\n<td style=\"text-align:center\">45W<\/td>\n<td style=\"text-align:center\">2,0m<\/td>\n<td style=\"text-align:center\">1600*2L\/h<\/td>\n<td style=\"text-align:center\">3,0m<\/td>\n<td style=\"text-align:center\">2,0kg<\/td>\n<td style=\"text-align:center\">188*68*265<\/td>\n<\/tr>\n<\/tbody>\n<\/table>\n<p> <img decoding=\"async\" alt=\"SUNSUN 3200L\/h 45W filtro de \u00e1gua pura aqua\" src=\"http:\/\/localhost\/media\/import\/detail\/HTB1WH.XGpXXXXXBXFXXq6xXFXXX2.jpg\"><img decoding=\"async\" alt=\"SUNSUN 3200L\/h 45W filtro de \u00e1gua pura aqua\" src=\"http:\/\/localhost\/media\/import\/detail\/HTB1L2n9GpXXXXboXFXXq6xXFXXXN.jpg\"><img decoding=\"async\" alt=\"SUNSUN 3200L\/h 45W filtro de \u00e1gua pura aqua\" src=\"http:\/\/localhost\/media\/import\/detail\/HTB1_zAiGpXXXXbQXpXXq6xXFXXXz.jpg\"><img decoding=\"async\" alt=\"SUNSUN 3200L\/h 45W filtro de \u00e1gua pura aqua\" src=\"http:\/\/localhost\/media\/import\/detail\/HTB1orL4GpXXXXXoXVXXq6xXFXXXZ.jpg\"><img decoding=\"async\" alt=\"SUNSUN 3200L\/h 45W filtro de \u00e1gua pura aqua\" src=\"http:\/\/localhost\/media\/import\/detail\/HTB1dxP7GpXXXXbVXFXXq6xXFXXX9.jpg\"><img decoding=\"async\" alt=\"SUNSUN 3200L\/h 45W filtro de \u00e1gua pura aqua\" src=\"http:\/\/localhost\/media\/import\/detail\/HTB1fmT3GpXXXXbKXFXXq6xXFXXX5.jpg\"><\/p>\n<p data-section-blank=\"AliPostDhMb-tldyf\">\n<div id=\"ali-anchor-AliPostDhMb-tldyf\" style=\"padding-top:8px\" data-section-title=\"Informa\u00e7\u00f5es da empresa\" data-section=\"AliPostDhMb-tldyf\">\n<div id=\"ali-title-AliPostDhMb-tldyf\" style=\"border-bottom:#ddd 1px solid;padding-bottom:8px;padding-top:8px;padding-left:0px;padding-right:0px\"> <\/div>\n<\/div>\n<div style=\"clear:both\"><\/div>\n","protected":false},"excerpt":{"rendered":"<p>SUNSUN 3200L\/h 45W filtro de \u00e1gua pura aqua JP-085<\/p>\n","protected":false},"featured_media":5390,"comment_status":"open","ping_status":"closed","template":"","meta":[],"product_brand":[],"product_cat":[627],"product_tag":[],"class_list":{"0":"post-35524","1":"product","2":"type-product","3":"status-publish","4":"has-post-thumbnail","6":"product_cat-filtros-de-aquario","8":"first","9":"instock","10":"shipping-taxable","11":"purchasable","12":"product-type-simple"},"_links":{"self":[{"href":"https:\/\/www.myaquastore.com\/pt-br\/wp-json\/wp\/v2\/product\/35524","targetHints":{"allow":["GET"]}}],"collection":[{"href":"https:\/\/www.myaquastore.com\/pt-br\/wp-json\/wp\/v2\/product"}],"about":[{"href":"https:\/\/www.myaquastore.com\/pt-br\/wp-json\/wp\/v2\/types\/product"}],"replies":[{"embeddable":true,"href":"https:\/\/www.myaquastore.com\/pt-br\/wp-json\/wp\/v2\/comments?post=35524"}],"wp:featuredmedia":[{"embeddable":true,"href":"https:\/\/www.myaquastore.com\/pt-br\/wp-json\/wp\/v2\/media\/5390"}],"wp:attachment":[{"href":"https:\/\/www.myaquastore.com\/pt-br\/wp-json\/wp\/v2\/media?parent=35524"}],"wp:term":[{"taxonomy":"product_brand","embeddable":true,"href":"https:\/\/www.myaquastore.com\/pt-br\/wp-json\/wp\/v2\/product_brand?post=35524"},{"taxonomy":"product_cat","embeddable":true,"href":"https:\/\/www.myaquastore.com\/pt-br\/wp-json\/wp\/v2\/product_cat?post=35524"},{"taxonomy":"product_tag","embeddable":true,"href":"https:\/\/www.myaquastore.com\/pt-br\/wp-json\/wp\/v2\/product_tag?post=35524"}],"curies":[{"name":"wp","href":"https:\/\/api.w.org\/{rel}","templated":true}]}}