{"id":35526,"date":"2016-09-25T23:28:26","date_gmt":"2016-09-25T23:28:26","guid":{"rendered":"https:\/\/www.myaquastore.com\/product\/sunsun-jp-014f-bomba-submersivel-de-filtragem-de-filtro-de-tanque-de-peixes-de-aquario-jp-014f\/"},"modified":"2025-03-16T08:44:02","modified_gmt":"2025-03-16T08:44:02","slug":"sunsun-jp-014f-bomba-submersivel-de-filtragem-de-filtro-de-tanque-de-peixes-de-aquario-jp-014f","status":"publish","type":"product","link":"https:\/\/www.myaquastore.com\/pt-br\/produto\/sunsun-jp-014f-bomba-submersivel-de-filtragem-de-filtro-de-tanque-de-peixes-de-aquario-jp-014f\/","title":{"rendered":"SUNSUN JP-014F Bomba submers\u00edvel de filtragem de filtro de tanque de peixes de aqu\u00e1rio JP-014F"},"content":{"rendered":"<div style=\"clear:both\"><\/div>\n<div id=\"ali-anchor-AliPostDhMb-qyh4y\" style=\"padding-top:8px\" data-section-title=\"Descri\u00e7\u00e3o do produto\" data-section=\"AliPostDhMb-qyh4y\">\n<div id=\"ali-title-AliPostDhMb-qyh4y\" style=\"border-bottom:#ddd 1px solid;padding-bottom:8px;padding-top:8px;padding-left:0px;padding-right:0px\"><span style=\"font-weight:bold;color:#333;padding-bottom:8px;padding-top:8px;padding-left:10px;line-height:12px;padding-right:10px;background-color:#ddd\">Descri\u00e7\u00e3o do produto<\/span><\/div>\n<div style=\"padding-bottom:10px;padding-top:10px;padding-left:0px;padding-right:0px\">\n<div style=\"height:42px;width:750px\">\n<div style=\"height:42px;float:left;width:25px;background-color:#00ccff\"> <\/div>\n<div style=\"height:30px;float:right;color:#ffffff;padding-bottom:5px;padding-top:5px;padding-left:0px;padding-right:0px;width:720px;background-color:#0099ff\">\n<div style=\"font-size:24px;border-top:#ffffff 1px s\u00f3lido\">Exibi\u00e7\u00e3o do produto<\/div>\n<\/div>\n<\/div>\n<\/div>\n<\/div>\n<p data-section-blank=\"AliPostDhMb-qyh4y\"><strong><span style=\"font-size:18px\">SUNSUN JP-014F Bomba submers\u00edvel de filtragem de filtro de tanque de peixes para aqu\u00e1rio<\/span><\/strong><\/p>\n<p data-section-blank=\"AliPostDhMb-qyh4y\"><strong><\/strong> <\/p>\n<p data-section-blank=\"AliPostDhMb-qyh4y\"><strong><span style=\"font-size:18px\">CARACTER\u00cdSTICAS:<\/span><\/strong><\/p>\n<p data-section-blank=\"AliPostDhMb-qyh4y\"><span style=\"font-size:16px\">&#8211;As conchas adotam ABS de alta qualidade e dur\u00e1veis<\/span><span style=\"font-size:16px\"> opera\u00e7\u00e3o.<\/span><br \/><span style=\"font-size:16px\">&#8211;N\u00facleos e carca\u00e7as de eixo, feitos de cer\u00e2mica de alta qualidade<\/span><span style=\"font-size:16px\">, n\u00e3o s\u00e3o corrosivos.<\/span><br \/><span style=\"font-size:16px\">&#8211;\u00c0 prova d&#8217;\u00e1gua e bom desempenho de isolamento<\/span><br \/><span style=\"font-size:16px\">&#8211;Algod\u00e3o de filtro bioqu\u00edmico de alta qualidade, melhorando<\/span><span style=\"font-size:16px\"> nitrifica a reprodu\u00e7\u00e3o de bact\u00e9rias afetivamente<\/span><br \/><span style=\"font-size:16px\">&#8211;Usado para filtrar ou bombear \u00e1gua ou fornecer oxig\u00eanio.<\/span><\/p>\n<p data-section-blank=\"AliPostDhMb-qyh4y\">\n<p data-section-blank=\"AliPostDhMb-qyh4y\"><strong><span style=\"font-size:16px\">PAR\u00c2METRO:<\/span><\/strong><\/p>\n<table class=\"aliDataTable\" style=\"height:154px;width:750px\" border=\"1\">\n<tbody>\n<tr>\n<td style=\"text-align:center\">\n<p><strong>Modelo<\/strong><\/p>\n<\/td>\n<td style=\"text-align:center\"><strong>Tens\u00e3o<\/strong><\/td>\n<td style=\"text-align:center\"><strong>Frequ\u00eancia<\/strong><\/td>\n<td style=\"text-align:center\"><strong>Pot\u00eancia<\/strong><\/td>\n<td style=\"text-align:center\"><strong>H-max<\/strong><\/td>\n<td style=\"text-align:center\"><strong>Sa\u00edda<\/strong><\/td>\n<td style=\"text-align:center\"><strong>Comprimento do cabo<\/strong><\/td>\n<td style=\"text-align:center\"><strong>Peso<\/strong><\/td>\n<td style=\"text-align:center\"><strong>L*W*H<\/strong><\/td>\n<\/tr>\n<tr>\n<td style=\"text-align:center\">JP-012F<\/td>\n<td style=\"text-align:center\">110V\/220V\/240V<\/td>\n<td style=\"text-align:center\">50Hz\/60Hz<\/td>\n<td style=\"text-align:center\">3w<\/td>\n<td style=\"text-align:center\">0,6m<\/td>\n<td style=\"text-align:center\">300L\/h<\/td>\n<td style=\"text-align:center\">1,5m<\/td>\n<td style=\"text-align:center\">0,1kg<\/td>\n<td style=\"text-align:center\">49*33*139<\/td>\n<\/tr>\n<tr>\n<td style=\"text-align:center\">JP-013F<\/td>\n<td style=\"text-align:center\">110V\/220V\/240V<\/td>\n<td style=\"text-align:center\">50Hz\/60Hz<\/td>\n<td style=\"text-align:center\">8w<\/td>\n<td style=\"text-align:center\">1,0m<\/td>\n<td style=\"text-align:center\">600L\/h<\/td>\n<td style=\"text-align:center\">1,5m<\/td>\n<td style=\"text-align:center\">0,3kg<\/td>\n<td style=\"text-align:center\">58*41*167<\/td>\n<\/tr>\n<tr>\n<td style=\"text-align:center\"><span style=\"background-color:#ffff00\">JP-014F<\/span><\/td>\n<td style=\"text-align:center\"><span style=\"background-color:#ffff00\">110V\/220V\/240V<\/span><\/td>\n<td style=\"text-align:center\"><span style=\"background-color:#ffff00\">50Hz\/60Hz<\/span><\/td>\n<td style=\"text-align:center\"><span style=\"background-color:#ffff00\">16w<\/span><\/td>\n<td style=\"text-align:center\"><span style=\"background-color:#ffff00\">1,4m<\/span><\/td>\n<td style=\"text-align:center\"><span style=\"background-color:#ffff00\">800L\/h<\/span><\/td>\n<td style=\"text-align:center\"><span style=\"background-color:#ffff00\">1,5m<\/span><\/td>\n<td style=\"text-align:center\"><span style=\"background-color:#ffff00\">0,6kg<\/span><\/td>\n<td style=\"text-align:center\"><span style=\"background-color:#ffff00\">71*50*209<\/span><\/td>\n<\/tr>\n<\/tbody>\n<\/table>\n<p data-section-blank=\"AliPostDhMb-qyh4y\"><span style=\"font-size:16px\"><img decoding=\"async\" alt=\"JP-013F.jpg\" src=\"http:\/\/localhost\/media\/import\/detail\/HTB1qn7fGXXXXXbaXXXXq6xXFXXX0.jpg\"><\/span><\/p>\n<p style=\"text-align:center\" data-section-blank=\"AliPostDhMb-qyh4y\">&#8212;&#8212;&#8212;&#8212;&#8212;&#8212;&#8212;&#8212;&#8212;&#8212;&#8212;&#8212;&#8212;&#8212;&#8212;&#8212;&#8212;&#8212;&#8212;&#8212;&#8212;&#8212;&#8212;&#8212;&#8212;&#8212;&#8212;&#8212;&#8212;&#8212;&#8212;&#8212;&#8212;&#8212;&#8212;-<\/p>\n<p data-section-blank=\"AliPostDhMb-qyh4y\"><img decoding=\"async\" alt=\"01.jpg\" src=\"http:\/\/localhost\/media\/import\/detail\/HTB1B3ZdGXXXXXXlXpXXq6xXFXXXE.jpg\"><\/p>\n<p style=\"text-align:center\" data-section-blank=\"AliPostDhMb-qyh4y\">&#8212;&#8212;&#8212;&#8212;&#8212;&#8212;&#8212;&#8212;&#8212;&#8212;&#8212;&#8212;&#8212;&#8212;&#8212;&#8212;&#8212;&#8212;&#8212;&#8212;&#8212;&#8212;&#8212;&#8212;&#8212;&#8212;&#8212;&#8212;&#8212;&#8212;&#8212;&#8212;&#8212;&#8212;&#8212;-<img decoding=\"async\" alt=\"02.jpg\" src=\"http:\/\/localhost\/media\/import\/detail\/HTB1G0r8GXXXXXXwXVXXq6xXFXXXn.jpg\"><\/p>\n<p style=\"text-align:center\" data-section-blank=\"AliPostDhMb-qyh4y\">&#8212;&#8212;&#8212;&#8212;&#8212;&#8212;&#8212;&#8212;&#8212;&#8212;&#8212;&#8212;&#8212;&#8212;&#8212;&#8212;&#8212;&#8212;&#8212;&#8212;&#8212;&#8212;&#8212;&#8212;&#8212;&#8212;&#8212;&#8212;&#8212;&#8212;&#8212;&#8212;&#8212;&#8212;&#8212;-<img decoding=\"async\" alt=\"03.jpg\" src=\"http:\/\/localhost\/media\/import\/detail\/HTB1dh.cGXXXXXayXpXXq6xXFXXXG.jpg\"><\/p>\n<p style=\"text-align:center\" data-section-blank=\"AliPostDhMb-qyh4y\">&#8212;&#8212;&#8212;&#8212;&#8212;&#8212;&#8212;&#8212;&#8212;&#8212;&#8212;&#8212;&#8212;&#8212;&#8212;&#8212;&#8212;&#8212;&#8212;&#8212;&#8212;&#8212;&#8212;&#8212;&#8212;&#8212;&#8212;&#8212;&#8212;&#8212;&#8212;&#8212;&#8212;&#8212;&#8212;-<img decoding=\"async\" alt=\"04.jpg\" src=\"http:\/\/localhost\/media\/import\/detail\/HTB1ybMbGXXXXXbzXpXXq6xXFXXX1.jpg\"><\/p>\n<p style=\"text-align:center\" data-section-blank=\"AliPostDhMb-qyh4y\">&#8212;&#8212;&#8212;&#8212;&#8212;&#8212;&#8212;&#8212;&#8212;&#8212;&#8212;&#8212;&#8212;&#8212;&#8212;&#8212;&#8212;&#8212;&#8212;&#8212;&#8212;&#8212;&#8212;&#8212;&#8212;&#8212;&#8212;&#8212;&#8212;&#8212;&#8212;&#8212;&#8212;&#8212;&#8212;-<img decoding=\"async\" alt=\"05.jpg\" src=\"http:\/\/localhost\/media\/import\/detail\/HTB1YKsdGXXXXXXuXpXXq6xXFXXXa.jpg\"><\/p>\n<p style=\"text-align:center\" data-section-blank=\"AliPostDhMb-qyh4y\">&#8212;&#8212;&#8212;&#8212;&#8212;&#8212;&#8212;&#8212;&#8212;&#8212;&#8212;&#8212;&#8212;&#8212;&#8212;&#8212;&#8212;&#8212;&#8212;&#8212;&#8212;&#8212;&#8212;&#8212;&#8212;&#8212;&#8212;&#8212;&#8212;&#8212;&#8212;&#8212;&#8212;&#8212;&#8212;-<img decoding=\"async\" alt=\"06.jpg\" src=\"http:\/\/localhost\/media\/import\/detail\/HTB1xBsgGXXXXXaSXXXXq6xXFXXXU.jpg\"><\/p>\n<p style=\"text-align:center\" data-section-blank=\"AliPostDhMb-qyh4y\">&#8212;&#8212;&#8212;&#8212;&#8212;&#8212;&#8212;&#8212;&#8212;&#8212;&#8212;&#8212;&#8212;&#8212;&#8212;&#8212;&#8212;&#8212;&#8212;&#8212;&#8212;&#8212;&#8212;&#8212;&#8212;&#8212;&#8212;&#8212;&#8212;&#8212;&#8212;&#8212;&#8212;&#8212;&#8212;-<\/p>\n<p data-section-blank=\"AliPostDhMb-m1k1j\">\n","protected":false},"excerpt":{"rendered":"<p>SUNSUN JP-014F Bomba submers\u00edvel de filtragem de filtro de tanque de peixes de aqu\u00e1rio JP-014F<\/p>\n","protected":false},"featured_media":5392,"comment_status":"open","ping_status":"closed","template":"","meta":[],"product_brand":[],"product_cat":[627],"product_tag":[],"class_list":{"0":"post-35526","1":"product","2":"type-product","3":"status-publish","4":"has-post-thumbnail","6":"product_cat-filtros-de-aquario","8":"first","9":"instock","10":"shipping-taxable","11":"purchasable","12":"product-type-simple"},"_links":{"self":[{"href":"https:\/\/www.myaquastore.com\/pt-br\/wp-json\/wp\/v2\/product\/35526","targetHints":{"allow":["GET"]}}],"collection":[{"href":"https:\/\/www.myaquastore.com\/pt-br\/wp-json\/wp\/v2\/product"}],"about":[{"href":"https:\/\/www.myaquastore.com\/pt-br\/wp-json\/wp\/v2\/types\/product"}],"replies":[{"embeddable":true,"href":"https:\/\/www.myaquastore.com\/pt-br\/wp-json\/wp\/v2\/comments?post=35526"}],"wp:featuredmedia":[{"embeddable":true,"href":"https:\/\/www.myaquastore.com\/pt-br\/wp-json\/wp\/v2\/media\/5392"}],"wp:attachment":[{"href":"https:\/\/www.myaquastore.com\/pt-br\/wp-json\/wp\/v2\/media?parent=35526"}],"wp:term":[{"taxonomy":"product_brand","embeddable":true,"href":"https:\/\/www.myaquastore.com\/pt-br\/wp-json\/wp\/v2\/product_brand?post=35526"},{"taxonomy":"product_cat","embeddable":true,"href":"https:\/\/www.myaquastore.com\/pt-br\/wp-json\/wp\/v2\/product_cat?post=35526"},{"taxonomy":"product_tag","embeddable":true,"href":"https:\/\/www.myaquastore.com\/pt-br\/wp-json\/wp\/v2\/product_tag?post=35526"}],"curies":[{"name":"wp","href":"https:\/\/api.w.org\/{rel}","templated":true}]}}