{"id":36702,"date":"2016-09-25T23:28:27","date_gmt":"2016-09-25T23:28:27","guid":{"rendered":"https:\/\/www.myaquastore.com\/product\/bomba-de-agua-com-filtro-de-aquario-sunsun-350l-h-jp-032f\/"},"modified":"2025-03-16T08:44:05","modified_gmt":"2025-03-16T08:44:05","slug":"bomba-de-agua-com-filtro-de-aquario-sunsun-350l-h-jp-032f","status":"publish","type":"product","link":"https:\/\/www.myaquastore.com\/pt-br\/produto\/bomba-de-agua-com-filtro-de-aquario-sunsun-350l-h-jp-032f\/","title":{"rendered":"Bomba de \u00e1gua com filtro de aqu\u00e1rio SUNSUN 350L\/h JP-032F"},"content":{"rendered":"<div style=\"clear:both\"><\/div>\n<p style=\"text-align:center\">\n<div id=\"ali-anchor-AliPostDhMb-kzw0n\" style=\"padding-top:8px\" data-section-title=\"Descri\u00e7\u00e3o do produto\" data-section=\"AliPostDhMb-kzw0n\">\n<div id=\"ali-title-AliPostDhMb-kzw0n\" style=\"border-bottom:#ddd 1px solid;padding-bottom:8px;padding-top:8px;padding-left:0px;padding-right:0px\"><span style=\"font-weight:bold;color:#333;padding-bottom:8px;padding-top:8px;padding-left:10px;line-height:12px;padding-right:10px;background-color:#ddd\">Descri\u00e7\u00e3o do produto<\/span><\/div>\n<div style=\"padding-bottom:10px;padding-top:10px;padding-left:0px;padding-right:0px\">\n<\/div>\n<\/div>\n<p style=\"text-align:center\"><strong><span style=\"font-size:18px;font-family:'Times New Roman'\">NOVA BOMBA DE FILTRA\u00c7\u00c3O SUNSUN <\/span><\/strong><\/p>\n<p style=\"text-align:center\"><strong><span style=\"font-size:18px;font-family:'Times New Roman';color:#ff9900\">JP-032F<\/span><\/strong><\/p>\n<p style=\"text-align:center\"><strong><\/strong> <\/p>\n<p style=\"text-align:center\"><strong><span style=\"font-size:18px;font-family:'Times New Roman'\">SHELL FEITO DE ALTA QUALIDADE MAIS FORTE <\/span><\/strong><\/p>\n<p style=\"text-align:center\"><strong><span style=\"font-size:18px;font-family:'Times New Roman'\">ABS<\/span><\/strong><\/p>\n<p style=\"text-align:center\"><strong><\/strong> <\/p>\n<p style=\"text-align:center\"><strong><span style=\"font-size:18px;font-family:'Times New Roman'\">IMPERME\u00c1VEL E BOM <\/span><\/strong><\/p>\n<p style=\"text-align:center\"><strong><span style=\"font-size:18px;font-family:'Times New Roman'\">DESEMPENHO DO ISOLAMENTO<\/span><\/strong><\/p>\n<p style=\"text-align:center\"><strong><\/strong> <\/p>\n<p style=\"text-align:center\"><strong><span style=\"font-size:18px;font-family:'Times New Roman'\">USADO PARA AQU\u00c1RIO E JARDIM<\/span><\/strong><\/p>\n<p style=\"text-align:center\"><strong><\/strong> <\/p>\n<p style=\"text-align:center\"><strong><span style=\"font-size:18px;font-family:'Times New Roman'\">110-240V\/50Hz\/60Hz<\/span><\/strong><\/p>\n<p style=\"text-align:center\"><strong><\/strong> <\/p>\n<p style=\"text-align:center\"><strong><span style=\"font-size:18px;font-family:'Times New Roman'\">5W<\/span><\/strong><\/p>\n<p style=\"text-align:center\"><strong><\/strong> <\/p>\n<p style=\"text-align:center\"><strong><span style=\"font-size:18px;font-family:'Times New Roman'\">H-MAX 0,6m<\/span><\/strong><\/p>\n<p style=\"text-align:center\"><strong><\/strong> <\/p>\n<p style=\"text-align:center\"><strong><span style=\"font-size:18px;font-family:'Times New Roman'\">SA\u00cdDA 350L\/H<\/span><\/strong><\/p>\n<p style=\"text-align:center\"><strong><\/strong> <\/p>\n<p style=\"text-align:center\"><strong><span style=\"font-size:18px;font-family:'Times New Roman'\">PESO 0,2kg<\/span><\/strong><\/p>\n<\/p>\n<p style=\"text-align:center\">\n<p style=\"text-align:center\"><strong><span style=\"font-size:14px;font-family:comic sans ms,sans-serif;color:#ff9900\">Recursos<\/span><\/strong><\/p>\n<p style=\"text-align:center\"><strong><\/strong> <\/p>\n<p style=\"text-align:center\"><span style=\"font-size:14px;font-family:comic sans ms,sans-serif\">O inv\u00f3lucro \u00e9 feito de ABS aprimorado de alta qualidade, adequado para aqu\u00e1rios de \u00e1gua salgada e doce<br \/>Motor selado com resina ep\u00f3xi, 100% \u00e0 prova d&#8217;\u00e1gua e isolamento<br \/>Bocal de aera\u00e7\u00e3o Venturi fornecido para aumentar o n\u00edvel de oxig\u00eanio da \u00e1gua de retorno<br \/>Esponja substitu\u00edvel na cesta do filtro<br \/>Adequado para aqu\u00e1rios, aqu\u00e1rios, \u00e1gua doce e \u00e1gua salgada<\/span><\/p>\n<p style=\"text-align:center\"><span style=\"font-size:14px;font-family:comic sans ms,sans-serif\">O filtro tamb\u00e9m evita que objetos danifiquem o impulsor<br \/>Completo com ventosas para fixa\u00e7\u00e3o na lateral dos aqu\u00e1rios<\/span><span style=\"font-size:14px;font-family:comic sans ms,sans-serif\"><img loading=\"lazy\" decoding=\"async\" alt=\"SUNSUN 350L\/h Bomba de \u00e1gua para filtro de aqu\u00e1rio JP-032F\" src=\"http:\/\/localhost\/media\/import\/detail\/524112454_240.jpg\" width=\"487\" height=\"513\"><\/span><\/p>\n<p style=\"text-align:center\"><span style=\"font-size:14px;font-family:comic sans ms,sans-serif\"><img decoding=\"async\" alt=\"SUNSUN 350L\/h Bomba de \u00e1gua para filtro de aqu\u00e1rio JP-032F\" src=\"http:\/\/localhost\/media\/import\/detail\/524112455_066.jpg\"><\/span><\/p>\n<p style=\"text-align:center\"><span style=\"font-size:10.5pt;font-family:comic sans ms,sans-serif\"><img decoding=\"async\" alt=\"SUNSUN 350L\/h Filtro de \u00e1gua para aqu\u00e1rio JP-032F\" src=\"http:\/\/localhost\/media\/import\/detail\/524078975_867.jpg\"><img decoding=\"async\" alt=\"Bomba de \u00e1gua para filtro de aqu\u00e1rio SUNSUN 350L\/h JP-032F\" src=\"http:\/\/localhost\/media\/import\/detail\/524078976_276.jpg\"><img decoding=\"async\" alt=\"Bomba de \u00e1gua para filtro de aqu\u00e1rio SUNSUN 350L\/h JP-032F\" src=\"http:\/\/localhost\/media\/import\/detail\/524079399_996.jpg\"><img decoding=\"async\" alt=\"SUNSUN 350L\/h Bomba de \u00e1gua para filtro de aqu\u00e1rio JP-032F\" src=\"http:\/\/localhost\/media\/import\/detail\/524079401_589.jpg\"><\/span><\/p>\n<div id=\"ali-anchor-AliPostDhMb-bnx4u\" style=\"padding-top:8px\" data-section-title=\"Informa\u00e7\u00f5es da empresa\" data-section=\"AliPostDhMb-bnx4u\"> <\/div>\n","protected":false},"excerpt":{"rendered":"<p>Bomba de \u00e1gua com filtro de aqu\u00e1rio SUNSUN 350L\/h JP-032F<\/p>\n","protected":false},"featured_media":5413,"comment_status":"open","ping_status":"closed","template":"","meta":[],"product_brand":[],"product_cat":[627],"product_tag":[],"class_list":{"0":"post-36702","1":"product","2":"type-product","3":"status-publish","4":"has-post-thumbnail","6":"product_cat-filtros-de-aquario","8":"first","9":"instock","10":"shipping-taxable","11":"purchasable","12":"product-type-simple"},"_links":{"self":[{"href":"https:\/\/www.myaquastore.com\/pt-br\/wp-json\/wp\/v2\/product\/36702","targetHints":{"allow":["GET"]}}],"collection":[{"href":"https:\/\/www.myaquastore.com\/pt-br\/wp-json\/wp\/v2\/product"}],"about":[{"href":"https:\/\/www.myaquastore.com\/pt-br\/wp-json\/wp\/v2\/types\/product"}],"replies":[{"embeddable":true,"href":"https:\/\/www.myaquastore.com\/pt-br\/wp-json\/wp\/v2\/comments?post=36702"}],"wp:featuredmedia":[{"embeddable":true,"href":"https:\/\/www.myaquastore.com\/pt-br\/wp-json\/wp\/v2\/media\/5413"}],"wp:attachment":[{"href":"https:\/\/www.myaquastore.com\/pt-br\/wp-json\/wp\/v2\/media?parent=36702"}],"wp:term":[{"taxonomy":"product_brand","embeddable":true,"href":"https:\/\/www.myaquastore.com\/pt-br\/wp-json\/wp\/v2\/product_brand?post=36702"},{"taxonomy":"product_cat","embeddable":true,"href":"https:\/\/www.myaquastore.com\/pt-br\/wp-json\/wp\/v2\/product_cat?post=36702"},{"taxonomy":"product_tag","embeddable":true,"href":"https:\/\/www.myaquastore.com\/pt-br\/wp-json\/wp\/v2\/product_tag?post=36702"}],"curies":[{"name":"wp","href":"https:\/\/api.w.org\/{rel}","templated":true}]}}