{"id":36714,"date":"2016-09-25T23:28:27","date_gmt":"2016-09-25T23:28:27","guid":{"rendered":"https:\/\/www.myaquastore.com\/product\/excelente-bomba-de-agua-impermeavel-420w-14000l-h-hqs-9000-a-para-piscina-de-jardim\/"},"modified":"2025-03-16T08:44:08","modified_gmt":"2025-03-16T08:44:08","slug":"excelente-bomba-de-agua-impermeavel-420w-14000l-h-hqs-9000-a-para-piscina-de-jardim","status":"publish","type":"product","link":"https:\/\/www.myaquastore.com\/pt-br\/produto\/excelente-bomba-de-agua-impermeavel-420w-14000l-h-hqs-9000-a-para-piscina-de-jardim\/","title":{"rendered":"Excelente bomba de \u00e1gua imperme\u00e1vel 420W 14000L\/h HQS-9000\/A para piscina de jardim"},"content":{"rendered":"<div style=\"clear:both\"><\/div>\n<p><strong><span style=\"font-size:24px\"><span style=\"color:#ff0000\">Excelente bomba de \u00e1gua para piscina de jardim \u00e0 prova d&#8217;\u00e1gua 420W 14000L\/h HQS-9000\/A<\/span><\/span><em><span style=\"font-size:18px\"><span style=\"color:#ff0000\"><span style=\"font-size:24px\"> <\/span> <\/span><span style=\"color:#ff0000\"> <\/span><\/span><\/em><\/strong><\/p>\n<p><em><\/em> <\/p>\n<div id=\"ali-anchor-AliPostDhMb-ccwl5\" style=\"padding-top:8px\" data-section-title=\"Descri\u00e7\u00e3o do produto\" data-section=\"AliPostDhMb-ccwl5\">\n<div id=\"ali-title-AliPostDhMb-ccwl5\" style=\"border-bottom:#ddd 1px solid;padding-bottom:8px;padding-top:8px;padding-left:0px;padding-right:0px\"><span style=\"font-weight:bold;color:#333;padding-bottom:8px;padding-top:8px;padding-left:10px;line-height:12px;padding-right:10px;background-color:#ddd\">Descri\u00e7\u00e3o do produto<\/span><\/div>\n<div style=\"padding-bottom:10px;padding-top:10px;padding-left:0px;padding-right:0px\">\n<\/div>\n<\/div>\n<p>Recursos:<\/p>\n<p><span style=\"color:#ff0000\"><em><strong><\/strong><\/em><span style=\"font-size:12px;color:#000000\">1. Usando <strong><em>material pl\u00e1stico de engenharia de alta resist\u00eancia<\/em><\/strong><\/span><\/span><span style=\"font-size:12px;color:#ff0000\"><span style=\"color:#000000\"><strong><em>. peso leve<\/em><\/strong>.<\/span><\/span><\/p>\n<p><span style=\"font-size:12px;color:#ff0000\"><span style=\"color:#000000\">2. Usando <strong><em>selo mec\u00e2nico de silicone de silicifica\u00e7\u00e3o dupla<\/em><\/strong>, totalmente \u00e0 prova de vazamentos.<\/span><\/span><\/p>\n<p><span style=\"font-size:12px;color:#ff0000\"><span style=\"color:#000000\">3. Definir <em><strong>descarga de \u00e1gua de jardim<\/strong><\/em>, <strong><em>descarga de \u00e1guas residuais agr\u00edcolas<\/em><\/strong>, \u00e1gua do mar <\/span><\/span><\/p>\n<p><span style=\"font-size:12px\"><span style=\"color:#ff0000\"><span style=\"color:#000000\">processamento <\/span><\/span><span style=\"color:#ff0000\"><span style=\"color:#000000\">drenagem do sistema.<\/span><\/span><\/span><\/p>\n<p><span style=\"font-size:12px;color:#ff0000\"><span style=\"color:#000000\">4. Interruptor flutuante de esfera <strong><em>abertura e parada autom\u00e1tica<\/em>, <em>estrutura compacta<\/em><\/strong>, a apar\u00eancia externa<\/span><\/span><\/p>\n<p><span style=\"font-size:12px;color:#ff0000\"><span style=\"color:#000000\">\u00e9 <em><strong>requintado<\/strong><\/em>.<\/span><\/span><\/p>\n<\/p>\n<p><strong><span style=\"font-size:14px\"><span style=\"color:#ff0000\"><span style=\"color:#000000\">HQS<\/span><\/span><span style=\"color:#ff0000\"><span style=\"color:#000000\"> par\u00e2metros das bombas de \u00e1gua para piscina de jardim da s\u00e9rie<\/span><\/span><\/span><\/strong> <\/p>\n<table class=\"aliDataTable\">\n<tbody>\n<tr align=\"left\">\n<td style=\"background:#ffffff;width:63.8pt\" valign=\"middle\">\n<p style=\"background:#ffffff\"><span style=\"font-size:9pt;font-family:'Verdana';background:#ffffff;color:#000000\">Modelo<\/span><\/p>\n<\/td>\n<td style=\"background:#ffffff;width:63pt\" valign=\"middle\">\n<p style=\"background:#ffffff\"><span style=\"font-size:9pt;font-family:'Verdana';background:#ffffff;color:#000000\">Tens\u00e3o<\/span><\/p>\n<\/td>\n<td style=\"background:#ffffff;width:62.25pt\" valign=\"middle\">\n<p style=\"background:#ffffff\"><span style=\"font-size:9pt;font-family:'Verdana';background:#ffffff;color:#000000\">Frequ\u00eancia<\/span><\/p>\n<\/td>\n<td style=\"background:#ffffff;width:39.75pt\" valign=\"middle\">\n<p style=\"background:#ffffff\"><span style=\"font-size:9pt;font-family:'Verdana';background:#ffffff;color:#000000\">Poder<\/span><\/p>\n<\/td>\n<td style=\"background:#ffffff;width:42.65pt\" valign=\"middle\">\n<p style=\"background:#ffffff\"><span style=\"font-size:9pt;font-family:'Verdana';background:#ffffff;color:#000000\">H-max<\/span><\/p>\n<\/td>\n<td style=\"background:#ffffff;width:55.7pt\" valign=\"middle\">\n<p style=\"background:#ffffff\"><span style=\"font-size:9pt;font-family:'Verdana';background:#ffffff;color:#000000\">Sa\u00edda<\/span><\/p>\n<\/td>\n<td style=\"background:#ffffff;width:99.05pt\" valign=\"middle\">\n<p style=\"background:#ffffff\"><span style=\"font-size:9pt;font-family:'Verdana';background:#ffffff;color:#000000\">Dimens\u00f5es<\/span><\/p>\n<\/td>\n<\/tr>\n<tr align=\"left\">\n<td style=\"background:#ffffff\" valign=\"middle\">\n<p style=\"background:#ffffff\"><span style=\"font-size:9pt;font-family:'Verdana';background:#ffffff;color:#000000\">HQS-5000\/A<\/span><\/p>\n<\/td>\n<td style=\"background:#ffffff\" valign=\"middle\">\n<p style=\"background:#ffffff\"><span style=\"font-size:9pt;font-family:'Verdana';background:#ffffff;color:#000000\"> <\/span><\/p>\n<p style=\"background:#ffffff\"><span style=\"font-size:9pt;font-family:'Verdana';background:#ffffff;color:#000000\">220V<\/span><\/p>\n<p style=\"background:#ffffff\">\n<\/td>\n<td style=\"background:#ffffff\" valign=\"middle\">\n<p style=\"background:#ffffff\"><span style=\"font-size:9pt;font-family:'Verdana';background:#ffffff;color:#000000\"> <\/span><\/p>\n<p style=\"background:#ffffff\"><span style=\"font-size:9pt;font-family:'Verdana';background:#ffffff;color:#000000\">50Hz<\/span><\/p>\n<p style=\"background:#ffffff\">\n<\/td>\n<td style=\"background:#ffffff\" valign=\"middle\">\n<p style=\"background:#ffffff\"><span style=\"font-size:9pt;font-family:'Verdana';background:#ffffff;color:#000000\"> 210W<\/span><\/p>\n<\/td>\n<td style=\"background:#ffffff\" valign=\"middle\">\n<p style=\"background:#ffffff\"><span style=\"font-size:9pt;font-family:'Verdana';background:#ffffff;color:#000000\"> 5,5 m<\/span><\/p>\n<\/td>\n<td style=\"background:#ffffff\" valign=\"middle\">\n<p style=\"background:#ffffff\"><span style=\"font-size:9pt;font-family:'Verdana';background:#ffffff;color:#000000\"> 7500L\/h<\/span><\/p>\n<\/td>\n<td style=\"background:#ffffff\" valign=\"middle\">\n<p style=\"background:#ffffff\"><span style=\"font-size:9pt;font-family:'Verdana';background:#ffffff;color:#000000\"> 200*200*350mm<\/span><\/p>\n<\/td>\n<\/tr>\n<tr align=\"left\">\n<td style=\"background:#ffffff\" valign=\"middle\">\n<p style=\"background:#ffffff\"><span style=\"font-size:9pt;font-family:'Verdana';background:#ffffff;color:#000000\">HQS-5500\/A<\/span><\/p>\n<\/td>\n<td style=\"background:#ffffff\" valign=\"middle\">\n<p style=\"background:#ffffff\">\n<p style=\"background:#ffffff\"><span style=\"font-size:9pt;font-family:'Verdana';background:#ffffff;color:#000000\">220V<\/span><\/p>\n<p style=\"background:#ffffff\">\n<\/td>\n<td valign=\"middle\">\n<p style=\"background:#ffffff\"><span style=\"font-size:9pt;font-family:'Verdana';background:#ffffff;color:#000000\">50Hz<\/span><\/p>\n<\/td>\n<td style=\"background:#ffffff\" valign=\"middle\">\n<p style=\"background:#ffffff\"><span style=\"font-size:9pt;font-family:'Verdana';background:#ffffff;color:#000000\">210W<\/span><\/p>\n<\/td>\n<td style=\"background:#ffffff\" valign=\"middle\">\n<p style=\"background:#ffffff\"><span style=\"font-size:9pt;font-family:'Verdana';background:#ffffff;color:#000000\">5,5m<\/span><\/p>\n<\/td>\n<td style=\"background:#ffffff\" valign=\"middle\">\n<p style=\"background:#ffffff\"><span style=\"font-size:9pt;font-family:'Verdana';background:#ffffff;color:#000000\">7500L\/h<\/span><\/p>\n<\/td>\n<td style=\"background:#ffffff\" valign=\"middle\">\n<p style=\"background:#ffffff\"><span style=\"font-size:9pt;font-family:'Verdana';background:#ffffff;color:#000000\">168*245*308mm<\/span><\/p>\n<\/td>\n<\/tr>\n<tr align=\"left\">\n<td style=\"background:#ffffff\" valign=\"middle\">\n<p style=\"background:#ffffff\"><span style=\"font-size:9pt;font-family:'Verdana';background:#ffffff;color:#000000\"> <\/span><\/p>\n<p style=\"background:#ffffff\"><span style=\"font-size:9pt;font-family:'Verdana';background:#ffffff;color:#000000\">HQS-6000\/A<\/span><\/p>\n<p style=\"background:#ffffff\">\n<\/td>\n<td style=\"background:#ffffff\" valign=\"middle\">\n<p style=\"background:#ffffff\">\n<p style=\"background:#ffffff\"><span style=\"font-size:9pt;font-family:'Verdana';background:#ffffff;color:#000000\">220V<\/span><\/p>\n<\/td>\n<td style=\"background:#ffffff\" valign=\"middle\">\n<p style=\"background:#ffffff\"><span style=\"font-size:9pt;font-family:'Verdana';background:#ffffff;color:#000000\"> 50Hz<\/span><\/p>\n<\/td>\n<td style=\"background:#ffffff\" valign=\"middle\">\n<p style=\"background:#ffffff\"><span style=\"font-size:9pt;font-family:'Verdana';background:#ffffff;color:#000000\"> 230W<\/span><\/p>\n<\/td>\n<td style=\"background:#ffffff\" valign=\"middle\">\n<p style=\"background:#ffffff\"><span style=\"font-size:9pt;font-family:'Verdana';background:#ffffff;color:#000000\"> 6,5m<\/span><\/p>\n<\/td>\n<td style=\"background:#ffffff\" valign=\"middle\">\n<p style=\"background:#ffffff\"><span style=\"font-size:9pt;font-family:'Verdana';background:#ffffff;color:#000000\"> 11000L\/h<\/span><\/p>\n<\/td>\n<td style=\"background:#ffffff\" valign=\"middle\">\n<p style=\"background:#ffffff\"> 200*200*350mm<\/p>\n<\/td>\n<\/tr>\n<tr align=\"left\">\n<td style=\"background:#ffffff\" valign=\"middle\">\n<p style=\"background:#ffffff\"><span style=\"font-size:9pt;font-family:'Verdana';background:#ffffff;color:#000000\">HQS-6500\/A<\/span><\/p>\n<\/td>\n<td style=\"background:#ffffff\" valign=\"middle\">\n<p style=\"background:#ffffff\">\n<p style=\"background:#ffffff\"><span style=\"font-size:9pt;font-family:'Verdana';background:#ffffff;color:#000000\">220V<\/span><\/p>\n<p style=\"background:#ffffff\">\n<\/td>\n<td valign=\"middle\">\n<p style=\"background:#ffffff\"><span style=\"font-size:9pt;font-family:'Verdana';background:#ffffff;color:#000000\">50Hz<\/span><\/p>\n<\/td>\n<td style=\"background:#ffffff\" valign=\"middle\">\n<p style=\"background:#ffffff\"><span style=\"font-size:9pt;font-family:'Verdana';background:#ffffff;color:#000000\">230W<\/span><\/p>\n<\/td>\n<td style=\"background:#ffffff\" valign=\"middle\">\n<p style=\"background:#ffffff\"><span style=\"font-size:9pt;font-family:'Verdana';background:#ffffff;color:#000000\">6,5m<\/span><\/p>\n<\/td>\n<td style=\"background:#ffffff\" valign=\"middle\">\n<p style=\"background:#ffffff\"><span style=\"font-size:9pt;font-family:'Verdana';background:#ffffff;color:#000000\">11000L\/h<\/span><\/p>\n<\/td>\n<td style=\"background:#ffffff\" valign=\"middle\">\n<p style=\"background:#ffffff\">\n<p style=\"background:#ffffff\"><span style=\"font-size:9pt;font-family:'Verdana';background:#ffffff;color:#000000\">168*245*308mm<\/span><\/p>\n<p style=\"background:#ffffff\">\n<\/td>\n<\/tr>\n<tr align=\"left\">\n<td style=\"background:#ffffff\" valign=\"middle\">\n<p style=\"background:#ffffff\"><span style=\"font-size:9pt;font-family:'Verdana';background:#ffffff;color:#000000\"> HQS-7000\/A<\/span><\/p>\n<\/td>\n<td style=\"background:#ffffff\" valign=\"middle\">\n<p style=\"background:#ffffff\">\n<p style=\"background:#ffffff\"><span style=\"font-size:9pt;font-family:'Verdana';background:#ffffff;color:#000000\">220V<\/span><\/p>\n<\/td>\n<td style=\"background:#ffffff\" valign=\"middle\">\n<p style=\"background:#ffffff\"><span style=\"font-size:9pt;font-family:'Verdana';background:#ffffff;color:#000000\"> 50Hz<\/span><\/p>\n<\/td>\n<td style=\"background:#ffffff\" valign=\"middle\">\n<p style=\"background:#ffffff\"><span style=\"font-size:9pt;font-family:'Verdana';background:#ffffff;color:#000000\"> 320W<\/span><\/p>\n<\/td>\n<td style=\"background:#ffffff\" valign=\"middle\">\n<p style=\"background:#ffffff\"><span style=\"font-size:9pt;font-family:'Verdana';background:#ffffff;color:#000000\"> 7,5m<\/span><\/p>\n<\/td>\n<td style=\"background:#ffffff\" valign=\"middle\">\n<p style=\"background:#ffffff\"><span style=\"font-size:9pt;font-family:'Verdana';background:#ffffff;color:#000000\"> 12000\/h<\/span><\/p>\n<\/td>\n<td style=\"background:#ffffff\" valign=\"middle\">\n<p style=\"background:#ffffff\"> 200*200*350mm<\/p>\n<\/td>\n<\/tr>\n<tr align=\"left\">\n<td style=\"background:#ffffff\" valign=\"middle\">\n<p style=\"background:#ffffff\"><span style=\"font-size:9pt;font-family:'Verdana';background:#ffffff;color:#000000\">HQS-7500\/A<\/span><\/p>\n<\/td>\n<td style=\"background:#ffffff\" valign=\"middle\">\n<p style=\"background:#ffffff\">\n<p style=\"background:#ffffff\"><span style=\"font-size:9pt;font-family:'Verdana';background:#ffffff;color:#000000\">220V<\/span><\/p>\n<p style=\"background:#ffffff\">\n<\/td>\n<td valign=\"middle\">\n<p style=\"background:#ffffff\"><span style=\"font-size:9pt;font-family:'Verdana';background:#ffffff;color:#000000\">50Hz<\/span><\/p>\n<\/td>\n<td style=\"background:#ffffff\" valign=\"middle\">\n<p style=\"background:#ffffff\"><span style=\"font-size:9pt;font-family:'Verdana';background:#ffffff;color:#000000\">320W<\/span><\/p>\n<\/td>\n<td style=\"background:#ffffff\" valign=\"middle\">\n<p style=\"background:#ffffff\"><span style=\"font-size:9pt;font-family:'Verdana';background:#ffffff;color:#000000\">7,5m<\/span><\/p>\n<\/td>\n<td style=\"background:#ffffff\" valign=\"middle\">\n<p style=\"background:#ffffff\"><span style=\"font-size:9pt;font-family:'Verdana';background:#ffffff;color:#000000\">12000L\/h<\/span><\/p>\n<\/td>\n<td style=\"background:#ffffff\" valign=\"middle\">\n<p style=\"background:#ffffff\">\n<p style=\"background:#ffffff\"><span style=\"font-size:9pt;font-family:'Verdana';background:#ffffff;color:#000000\">168*245*308mm<\/span><\/p>\n<p style=\"background:#ffffff\">\n<\/td>\n<\/tr>\n<tr align=\"left\">\n<td style=\"background:#ffffff\" valign=\"middle\">\n<p style=\"background:#ffffff\"><span style=\"font-size:9pt;font-family:'Verdana';background:#ffffff;color:#000000\"> HQS-8000\/A<\/span><\/p>\n<\/td>\n<td style=\"background:#ffffff\" valign=\"middle\">\n<p style=\"background:#ffffff\">\n<p style=\"background:#ffffff\"><span style=\"font-size:9pt;font-family:'Verdana';background:#ffffff;color:#000000\">220V<\/span><\/p>\n<\/td>\n<td style=\"background:#ffffff\" valign=\"middle\">\n<p style=\"background:#ffffff\"><span style=\"font-size:9pt;font-family:'Verdana';background:#ffffff;color:#000000\"> 50Hz<\/span><\/p>\n<\/td>\n<td style=\"background:#ffffff\" valign=\"middle\">\n<p style=\"background:#ffffff\"><span style=\"font-size:9pt;font-family:'Verdana';background:#ffffff;color:#000000\"> 350W<\/span><\/p>\n<\/td>\n<td style=\"background:#ffffff\" valign=\"middle\">\n<p style=\"background:#ffffff\"><span style=\"font-size:9pt;font-family:'Verdana';background:#ffffff;color:#000000\"> 8m<\/span><\/p>\n<\/td>\n<td style=\"background:#ffffff\" valign=\"middle\">\n<p style=\"background:#ffffff\"><span style=\"font-size:9pt;font-family:'Verdana';background:#ffffff;color:#000000\"> 13000L\/h<\/span><\/p>\n<\/td>\n<td style=\"background:#ffffff\" valign=\"middle\">\n<p style=\"background:#ffffff\"><span style=\"font-size:9pt;font-family:'Verdana';background:#ffffff;color:#000000\"> 250*250*350mm<\/span><\/p>\n<\/td>\n<\/tr>\n<tr align=\"left\">\n<td style=\"background:#ffffff\" valign=\"middle\">\n<p style=\"background:#ffffff\"><span style=\"font-size:9pt;font-family:'Verdana';background:#ffffff;color:#000000\">HQS-8500\/A<\/span><\/p>\n<\/td>\n<td style=\"background:#ffffff\" valign=\"middle\">\n<p style=\"background:#ffffff\">\n<p style=\"background:#ffffff\"><span style=\"font-size:9pt;font-family:'Verdana';background:#ffffff;color:#000000\">220V<\/span><\/p>\n<p style=\"background:#ffffff\">\n<\/td>\n<td valign=\"middle\">\n<p style=\"background:#ffffff\"><span style=\"font-size:9pt;font-family:'Verdana';background:#ffffff;color:#000000\">50Hz<\/span><\/p>\n<\/td>\n<td style=\"background:#ffffff\" valign=\"middle\">\n<p style=\"background:#ffffff\"><span style=\"font-size:9pt;font-family:'Verdana';background:#ffffff;color:#000000\">350W<\/span><\/p>\n<\/td>\n<td style=\"background:#ffffff\" valign=\"middle\">\n<p style=\"background:#ffffff\"><span style=\"font-size:9pt;font-family:'Verdana';background:#ffffff;color:#000000\">8m<\/span><\/p>\n<\/td>\n<td style=\"background:#ffffff\" valign=\"middle\">\n<p style=\"background:#ffffff\"><span style=\"font-size:9pt;font-family:'Verdana';background:#ffffff;color:#000000\">13000L\/h<\/span><\/p>\n<\/td>\n<td style=\"background:#ffffff\" valign=\"middle\">\n<p style=\"background:#ffffff\"><span style=\"font-size:9pt;font-family:'Verdana';background:#ffffff;color:#000000\">180*260*310mm<\/span><\/p>\n<\/td>\n<\/tr>\n<tr align=\"left\">\n<td style=\"background:#ffffff\" valign=\"middle\">\n<p style=\"background:#ffffff\"><span style=\"font-size:9pt;font-family:'Verdana';background:#ffffff;color:#000000\"> HQS-9000\/A<\/span><\/p>\n<\/td>\n<td style=\"background:#ffffff\" valign=\"middle\">\n<p style=\"background:#ffffff\">\n<p style=\"background:#ffffff\"><span style=\"font-size:9pt;font-family:'Verdana';background:#ffffff;color:#000000\">220V<\/span><\/p>\n<\/td>\n<td style=\"background:#ffffff\" valign=\"middle\">\n<p style=\"background:#ffffff\"><span style=\"font-size:9pt;font-family:'Verdana';background:#ffffff;color:#000000\"> 50Hz<\/span><\/p>\n<\/td>\n<td style=\"background:#ffffff\" valign=\"middle\">\n<p style=\"background:#ffffff\"><span style=\"font-size:9pt;font-family:'Verdana';background:#ffffff;color:#000000\"> 420W<\/span><\/p>\n<\/td>\n<td style=\"background:#ffffff\" valign=\"middle\">\n<p style=\"background:#ffffff\"><span style=\"font-size:9pt;font-family:'Verdana';background:#ffffff;color:#000000\"> 8,5m<\/span><\/p>\n<\/td>\n<td style=\"background:#ffffff\" valign=\"middle\">\n<p style=\"background:#ffffff\"><span style=\"font-size:9pt;font-family:'Verdana';background:#ffffff;color:#000000\"> 14000L\/h<\/span><\/p>\n<\/td>\n<td style=\"background:#ffffff\" valign=\"middle\">\n<p style=\"background:#ffffff\"> <span style=\"font-family:Verdana\">250*250*350mm<\/span><\/p>\n<\/td>\n<\/tr>\n<tr align=\"left\">\n<td style=\"background:#ffffff\" valign=\"middle\">\n<p style=\"background:#ffffff\"><span style=\"font-size:9pt;font-family:'Verdana';background:#ffffff;color:#000000\">HQS-9500\/A<\/span><\/p>\n<\/td>\n<td style=\"background:#ffffff\" valign=\"middle\">\n<p style=\"background:#ffffff\">\n<p style=\"background:#ffffff\"><span style=\"font-size:9pt;font-family:'Verdana';background:#ffffff;color:#000000\">220V<\/span><\/p>\n<p style=\"background:#ffffff\">\n<\/td>\n<td valign=\"middle\">\n<p style=\"background:#ffffff\"><span style=\"font-size:9pt;font-family:'Verdana';background:#ffffff;color:#000000\">50Hz<\/span><\/p>\n<\/td>\n<td style=\"background:#ffffff\" valign=\"middle\">\n<p style=\"background:#ffffff\"><span style=\"font-size:9pt;font-family:'Verdana';background:#ffffff;color:#000000\">420W<\/span><\/p>\n<\/td>\n<td style=\"background:#ffffff\" valign=\"middle\">\n<p style=\"background:#ffffff\"><span style=\"font-size:9pt;font-family:'Verdana';background:#ffffff;color:#000000\">8,5m<\/span><\/p>\n<\/td>\n<td style=\"background:#ffffff\" valign=\"middle\">\n<p style=\"background:#ffffff\"><span style=\"font-size:9pt;font-family:'Verdana';background:#ffffff;color:#000000\">14000L\/h<\/span><\/p>\n<\/td>\n<td style=\"background:#ffffff\" valign=\"middle\">\n<p style=\"background:#ffffff\">\n<p style=\"background:#ffffff\"><span style=\"font-size:9pt;font-family:'Verdana';background:#ffffff;color:#000000\">180*260*310mm<\/span><\/p>\n<p style=\"background:#ffffff\"><span style=\"font-size:9pt;font-family:'Verdana';background:#ffffff;color:#000000\"> <\/span><\/p>\n<\/td>\n<\/tr>\n<tr align=\"left\">\n<td style=\"background:#ffffff\" valign=\"middle\">\n<p style=\"background:#ffffff\"><span style=\"font-size:9pt;font-family:'Verdana';background:#ffffff;color:#000000\"> HQS-10000\/A<\/span><\/p>\n<\/td>\n<td style=\"background:#ffffff\" valign=\"middle\">\n<p style=\"background:#ffffff\">\n<p style=\"background:#ffffff\"><span style=\"font-size:9pt;font-family:'Verdana';background:#ffffff;color:#000000\">220V<\/span><\/p>\n<\/td>\n<td style=\"background:#ffffff\" valign=\"middle\">\n<p style=\"background:#ffffff\"><span style=\"font-size:9pt;font-family:'Verdana';background:#ffffff;color:#000000\"> 50Hz<\/span><\/p>\n<\/td>\n<td style=\"background:#ffffff\" valign=\"middle\">\n<p style=\"background:#ffffff\"><span style=\"font-size:9pt;font-family:'Verdana';background:#ffffff;color:#000000\"> 450W<\/span><\/p>\n<\/td>\n<td style=\"background:#ffffff\" valign=\"middle\">\n<p style=\"background:#ffffff\"><span style=\"font-size:9pt;font-family:'Verdana';background:#ffffff;color:#000000\"> 9m<\/span><\/p>\n<\/td>\n<td style=\"background:#ffffff\" valign=\"middle\">\n<p style=\"background:#ffffff\"><span style=\"font-size:9pt;font-family:'Verdana';background:#ffffff;color:#000000\"> 15000L\/h<\/span><\/p>\n<\/td>\n<td style=\"background:#ffffff\" valign=\"middle\">\n<p style=\"background:#ffffff\"> <span style=\"font-family:Verdana\">250*250*350mm<\/span><\/p>\n<\/td>\n<\/tr>\n<tr align=\"left\">\n<td style=\"background:#ffffff\" valign=\"middle\">\n<p style=\"background:#ffffff\"><span style=\"font-size:9pt;font-family:'Verdana';background:#ffffff;color:#000000\">HQS-10500\/A<\/span><\/p>\n<\/td>\n<td style=\"background:#ffffff\" valign=\"middle\">\n<p style=\"background:#ffffff\">\n<p style=\"background:#ffffff\"><span style=\"font-size:9pt;font-family:'Verdana';background:#ffffff;color:#000000\">220V<\/span><\/p>\n<p style=\"background:#ffffff\">\n<\/td>\n<td valign=\"middle\">\n<p style=\"background:#ffffff\"><span style=\"font-size:9pt;font-family:'Verdana';background:#ffffff;color:#000000\">50Hz<\/span><\/p>\n<\/td>\n<td style=\"background:#ffffff\" valign=\"middle\">\n<p style=\"background:#ffffff\"><span style=\"font-size:9pt;font-family:'Verdana';background:#ffffff;color:#000000\">450W<\/span><\/p>\n<\/td>\n<td style=\"background:#ffffff\" valign=\"middle\">\n<p style=\"background:#ffffff\"><span style=\"font-size:9pt;font-family:'Verdana';background:#ffffff;color:#000000\">9m<\/span><\/p>\n<\/td>\n<td style=\"background:#ffffff\" valign=\"middle\">\n<p style=\"background:#ffffff\"><span style=\"font-size:9pt;font-family:'Verdana';background:#ffffff;color:#000000\">15000L\/h<\/span><\/p>\n<\/td>\n<td style=\"background:#ffffff\" valign=\"middle\">\n<p style=\"background:#ffffff\">\n<p style=\"background:#ffffff\"><span style=\"font-size:9pt;font-family:'Verdana';background:#ffffff;color:#000000\">180*260*310mm<\/span><\/p>\n<p style=\"background:#ffffff\"><span style=\"font-size:9pt;font-family:'Verdana';background:#ffffff;color:#000000\"><span style=\"font-size:9pt;font-family:'Verdana';background:#ffffff;color:#000000\"> <\/span> <\/span><\/p>\n<\/td>\n<\/tr>\n<\/tbody>\n<\/table>\n<p><span style=\"font-size:14px;color:#ff0000\"><em><strong>Mostram bombas de \u00e1gua para piscina de jardim da s\u00e9rie HQS<\/strong><\/em><\/span><\/p>\n<p><span style=\"font-size:14px;color:#ff0000\"><em><strong><img decoding=\"async\" alt=\"Excelente bomba de \u00e1gua para piscina de jardim \u00e0 prova d'\u00e1gua 420W 14000L\/h HQS-9000\/A\" src=\"http:\/\/localhost\/media\/import\/detail\/561658769_265.jpg\"><img decoding=\"async\" alt=\"Excelente bomba de \u00e1gua para piscina de jardim \u00e0 prova d'\u00e1gua 420W 14000L\/h HQS-9000\/A\" src=\"http:\/\/localhost\/media\/import\/detail\/561658776_397.jpg\"><img decoding=\"async\" alt=\"Excelente bomba de \u00e1gua para piscina de jardim \u00e0 prova d'\u00e1gua 420W 14000L\/h HQS-9000\/A\" src=\"http:\/\/localhost\/media\/import\/detail\/561658783_218.jpg\"><img decoding=\"async\" alt=\"Excelente bomba de \u00e1gua para piscina de jardim \u00e0 prova d'\u00e1gua 420W 14000L\/h HQS-9000\/A\" src=\"http:\/\/localhost\/media\/import\/detail\/561658785_610.jpg\"><img decoding=\"async\" alt=\"Excelente bomba de \u00e1gua para piscina de jardim \u00e0 prova d'\u00e1gua 420W 14000L\/h HQS-9000\/A\" src=\"http:\/\/localhost\/media\/import\/detail\/561658787_448.jpg\"><\/strong><\/em><\/span><\/p>\n<div id=\"ali-anchor-AliPostDhMb-jxpqt\" style=\"padding-top:8px\" data-section-title=\"Informa\u00e7\u00f5es da empresa\" data-section=\"AliPostDhMb-jxpqt\"> <\/div>\n","protected":false},"excerpt":{"rendered":"<p>Excelente bomba de \u00e1gua imperme\u00e1vel 420W 14000L\/h HQS-9000\/A para piscina de jardim<\/p>\n","protected":false},"featured_media":5437,"comment_status":"open","ping_status":"closed","template":"","meta":[],"product_brand":[],"product_cat":[1374],"product_tag":[],"class_list":{"0":"post-36714","1":"product","2":"type-product","3":"status-publish","4":"has-post-thumbnail","6":"product_cat-bombas-de-agua-e-cabecas-poderosas","8":"first","9":"instock","10":"shipping-taxable","11":"purchasable","12":"product-type-simple"},"_links":{"self":[{"href":"https:\/\/www.myaquastore.com\/pt-br\/wp-json\/wp\/v2\/product\/36714","targetHints":{"allow":["GET"]}}],"collection":[{"href":"https:\/\/www.myaquastore.com\/pt-br\/wp-json\/wp\/v2\/product"}],"about":[{"href":"https:\/\/www.myaquastore.com\/pt-br\/wp-json\/wp\/v2\/types\/product"}],"replies":[{"embeddable":true,"href":"https:\/\/www.myaquastore.com\/pt-br\/wp-json\/wp\/v2\/comments?post=36714"}],"wp:featuredmedia":[{"embeddable":true,"href":"https:\/\/www.myaquastore.com\/pt-br\/wp-json\/wp\/v2\/media\/5437"}],"wp:attachment":[{"href":"https:\/\/www.myaquastore.com\/pt-br\/wp-json\/wp\/v2\/media?parent=36714"}],"wp:term":[{"taxonomy":"product_brand","embeddable":true,"href":"https:\/\/www.myaquastore.com\/pt-br\/wp-json\/wp\/v2\/product_brand?post=36714"},{"taxonomy":"product_cat","embeddable":true,"href":"https:\/\/www.myaquastore.com\/pt-br\/wp-json\/wp\/v2\/product_cat?post=36714"},{"taxonomy":"product_tag","embeddable":true,"href":"https:\/\/www.myaquastore.com\/pt-br\/wp-json\/wp\/v2\/product_tag?post=36714"}],"curies":[{"name":"wp","href":"https:\/\/api.w.org\/{rel}","templated":true}]}}