{"id":36724,"date":"2016-09-25T23:28:28","date_gmt":"2016-09-25T23:28:28","guid":{"rendered":"https:\/\/www.myaquastore.com\/product\/7500l-h-150w-jardim-koi-pond-water-feature-bombas-hyl-7500\/"},"modified":"2025-03-16T08:44:10","modified_gmt":"2025-03-16T08:44:10","slug":"7500l-h-150w-jardim-koi-pond-water-feature-bombas-hyl-7500","status":"publish","type":"product","link":"https:\/\/www.myaquastore.com\/pt-br\/produto\/7500l-h-150w-jardim-koi-pond-water-feature-bombas-hyl-7500\/","title":{"rendered":"7500L\/h 150W Jardim Koi Pond Water Feature Bombas HYL-7500"},"content":{"rendered":"<div style=\"clear:both\"><\/div>\n<p><span style=\"font-size:16px\"><strong><span style=\"color:#0000ff\">7500L\/h 150W Jardim Koi Pond Water Feature Bombas HYL-7500<\/span> <\/strong><\/span> <\/p>\n<\/p>\n<p style=\"font-size:14px\">especifica\u00e7\u00f5es:<\/p>\n<p style=\"font-size:14px\">1. o rotor \u00e9 feito de material especial,<em><strong> de f\u00e1cil partida e baixo consumo de energia<\/strong><\/em>;<\/p>\n<p style=\"font-size:14px\">2. eixo cer\u00e2mico de alta qualidade e localizador de eixo,<em><strong>dur\u00e1vel e de baixo ru\u00eddo<\/strong><\/em>;<\/p>\n<p style=\"font-size:14px\">3. motor completamente selado e \u00e0 prova d&#8217;\u00e1gua,<em><strong>seguro e confi\u00e1vel<\/strong><\/em>;<\/p>\n<p style=\"font-size:14px\">4. motor ass\u00edncrono padr\u00e3o de alto desempenho com<strong><em> novo design e economia de energia <\/em><\/strong><\/p>\n<p style=\"font-size:14px\"><strong><em>at\u00e9 <\/em><\/strong><strong><em>at\u00e9 50% do que antes<\/em><\/strong>;<\/p>\n<p style=\"font-size:14px\">5. <em><strong>prote\u00e7\u00e3o de interruptor flutuante, uso mais seguro<\/strong><\/em>;<\/p>\n<p style=\"font-size:14px\">6. <em><strong>regar o jardim, circular a \u00e1gua em jardins ornamentais, fornecer e descarregar \u00e1gua na piscina<\/strong><\/em>.<\/p>\n<p style=\"font-size:14px\"><span style=\"color:#ff6600\"><strong> Par\u00e2metros das bombas dos recursos h\u00eddricos do lago do jardim<\/strong><\/span><\/p>\n<table class=\"aliDataTable\" style=\"width:80%\" border=\"5\">\n<tbody>\n<tr>\n<td> Modelo <\/td>\n<td>Tens\u00e3o<\/td>\n<td>Frequ\u00eancia<\/td>\n<td>Pot\u00eancia<\/td>\n<td>H-max <\/td>\n<td>Sa\u00edda<\/td>\n<td>Peso<\/td>\n<td> Dimens\u00f5es<\/td>\n<\/tr>\n<tr>\n<td style=\"text-align:center\">HYL-4500\/A<\/td>\n<td>110V\/240V<\/td>\n<td>50Hz\/60Hz<\/td>\n<td>95W<\/ td><\/p>\n<td>6,0m<\/td>\n<td>4500L\/h<\/td>\n<td>2,61kg\/2,81kg<\/td>\n<td>180*180*260mm<\/td>\n<\/tr>\n<tr>\n<td style=\"text-align:center\">HYL-5500\/A<\/td>\n<td>110V\/240V<\/td>\n<td>50Hz\/60Hz<\/td>\n<td>150W<\/ td><\/p>\n<td>7,0m<\/td>\n<td>5500L\/h<\/td>\n<td>2,92kg\/3,12kg<\/td>\n<td>180*180*260mm<\/td>\n<\/tr>\n<tr>\n<td style=\"text-align:center\">HYL-6500\/A<\/td>\n<td>110V\/240V<\/td>\n<td>50Hz\/60Hz<\/td>\n<td>95W<\/ td><\/p>\n<td>4,5m<\/td>\n<td>6500L\/h<\/td>\n<td>2,61kg\/2,81kg<\/td>\n<td>180*180*260mm<\/td>\n<\/tr>\n<tr>\n<td style=\"text-align:center\">HYL-7500\/A<\/td>\n<td>110V\/240V<\/td>\n<td>50Hz\/60Hz<\/td>\n<td>150W<\/td>\n<td>5,5m<\/td>\n<td>7500L\/h<\/td>\n<td>2,92kg\/3,12kg<\/td>\n<td>180*180*260mm<\/td>\n<\/tr>\n<\/tbody>\n<\/table>\n<table class=\"aliDataTable\" border=\"5\">\n<tbody>\n<tr>\n<td> Modelo <\/td>\n<td>Tens\u00e3o<\/td>\n<td>Frequ\u00eancia<\/td>\n<td>Pot\u00eancia<\/td>\n<td>H-max <\/td>\n<td>Sa\u00edda<\/td>\n<td>Peso<\/td>\n<td> Dimens\u00f5es<\/td>\n<\/tr>\n<tr>\n<td style=\"text-align:center\">HQS-5000<\/td>\n<td>220V<\/td>\n<td>50Hz<\/td>\n<td>250W<\/td>\n<td>6m<\/td>\n<td>6000L\/h<\/td>\n<td>3,6kg<\/td>\n<td>200*200*350mm<\/td>\n<\/tr>\n<tr>\n<td style=\"text-align:center\">HQS-6000\/I<\/td>\n<td>220V<\/td>\n<td>50Hz<\/td>\n<td>300W<\/td>\n<td>8m<\/td>\n<td>8000L\/h<\/td>\n<td>5,5kg<\/td>\n<td>200*200*350mm<\/td>\n<\/tr>\n<tr>\n<td style=\"text-align:center\">HQS-7000\/I<\/td>\n<td>220V<\/td>\n<td>50Hz<\/td>\n<td>320W<\/p>\n<td>10m<\/td>\n<td>10000L\/h<\/td>\n<td>6,2kg<\/td>\n<td>200*200*350mm<\/td>\n<\/tr>\n<tr>\n<td style=\"text-align:center\">HQS-8000\/I<\/td>\n<td>220V<\/td>\n<td>50Hz<\/td>\n<td>350W<\/p>\n<td>11m<\/td>\n<td>13000L\/h<\/td>\n<td>5,7kg<\/td>\n<td>250*250*350mm<\/td>\n<\/tr>\n<tr>\n<td style=\"text-align:center\">HQS-9000<\/td>\n<td>220V<\/td>\n<td>50Hz<\/td>\n<td>380W<\/td>\n<td>12m<\/td>\n<td>14000L\/h<\/td>\n<td>6,0kg<\/td>\n<td>250*250*350mm<\/td>\n<\/tr>\n<tr>\n<td style=\"text-align:center\">HQS-10000<\/td>\n<td>220V<\/td>\n<td>50Hz<\/td>\n<td>420W<\/td>\n<td>13m<\/td>\n<td>15000L\/h<\/td>\n<td>6,5kg<\/td>\n<td>250*250*350mm<\/td>\n<\/tr>\n<tr>\n<td style=\"text-align:center\">HQS-1800<\/td>\n<td>110V\/220V\/240V<\/td>\n<td>50Hz\/60Hz<\/td>\n<td> 180 W<\/td>\n<td>7,0m<\/td>\n<td>8500L\/h<\/td>\n<td>5,5kg<\/td>\n<td>182*137*279mm<\/td>\n<\/tr>\n<tr>\n<td style=\"text-align:center\">HQS-4000<\/td>\n<td>220V\/240V<\/td>\n<td>50Hz<\/td>\n<td>100W<\/td>\n<td>4,0m<\/td>\n<td>4500L\/h<\/td>\n<td>2,8kg<\/td>\n<td>145*145*240mm<\/td>\n<\/tr>\n<tr>\n<td style=\"text-align:center\">HQS-4200<\/td>\n<td>220V\/240V<\/td>\n<td>50Hz<\/td>\n<td>100W<\/td>\n<p>4,2m<\/td>\n<td>4500L\/h<\/td>\n<td>3,2kg<\/td>\n<td>145*145*240mm<\/td>\n<\/tr>\n<\/tbody>\n<\/table>\n<table class=\"aliDataTable\" border=\"5\">\n<tbody>\n<tr>\n<td> Modelo <\/td>\n<td> Tens\u00e3o<\/td>\n<td>Frequ\u00eancia<\/td>\n<td>Pot\u00eancia<\/td>\n<td>H-max <\/td>\n<td>Sa\u00edda<\/td>\n<td>Peso<\/td>\n<td> Dimens\u00f5es<\/td>\n<\/tr>\n<tr>\n<td style=\"text-align:center\">HQB-2000<\/td>\n<td>110V\/220V\/240V<\/td>\n<td>50Hz\/60Hz<\/td>\n<td>24W<\/td>\n<td>1,8m<\/td>\n<td>1400L\/h<\/td>\n<td>0,8kg<\/td>\n<td>138*65*145mm<\/td>\n<\/tr>\n<tr>\n<td style=\"text-align:center\">HQB-2200<\/td>\n<td>110V\/220V\/240V<\/td>\n<td>50Hz\/60Hz<\/td>\n<td> 40W<\/td>\n<td>2,3m<\/td>\n<td>1900L\/h<\/td>\n<td>1,2kg<\/td>\n<td>135*105*115mm<\/td>\n<\/tr>\n<tr>\n<td style=\"text-align:center\">HQB-2500<\/td>\n<td>110V\/220V\/240V<\/td>\n<td>50Hz\/60Hz<\/td>\n<td> 55W<\/td>\n<td>2,5m<\/td>\n<td>2.000L\/h<\/td>\n<td>1,2kg<\/td>\n<td>153*105*135mm<\/td>\n<\/tr>\n<tr>\n<td style=\"text-align:center\">HQB-3000<\/td>\n<td>110V\/220V\/240V<\/td>\n<td>50Hz\/60Hz<\/td>\n<td> 60W<\/td>\n<td>3,0m<\/td>\n<td>2500L\/h<\/td>\n<td>1,6kg<\/td>\n<td>153*105*135mm<\/td>\n<\/tr>\n<tr>\n<td style=\"text-align:center\">HQB-3500<\/td>\n<td>110V\/220V\/240V<\/td>\n<td>50Hz\/60Hz<\/td>\n<td> 85W<\/td>\n<td>3,5m<\/td>\n<td>3000L\/h<\/td>\n<td>1,25kg<\/td>\n<td>153*105*135mm<\/td>\n<\/tr>\n<tr>\n<td style=\"text-align:center\">HQB-4500<\/td>\n<td>110V\/220V\/240V<\/td>\n<td>50Hz\/60Hz<\/td>\n<td> 100 W<\/td>\n<td>4,5m<\/td>\n<td>4500L\/h<\/td>\n<td>2,7kg<\/td>\n<td>175*112*133mm<\/td>\n<\/tr>\n<tr>\n<td style=\"text-align:center\">HQB-5000<\/td>\n<td>110V\/220V\/240V<\/td>\n<td>50Hz\/60Hz<\/td>\n<td> 150 W<\/td>\n<td>5,0m<\/td>\n<td>5500L\/h<\/td>\n<td>2,8kg<\/td>\n<td>175*112*133mm<\/td>\n<\/tr>\n<tr>\n<td style=\"text-align:center\">HQB-5500<\/td>\n<td>110V\/220V\/240V<\/td>\n<td>50Hz\/60Hz<\/td>\n<td>200W<\/td>\n<td>5,5m<\/td>\n<td>6800L\/h<\/td>\n<td>4,0kg<\/td>\n<td>200*140*160mm<\/td>\n<\/tr>\n<\/tbody>\n<\/table>\n<p><span style=\"font-size:14px\"><strong><span style=\"color:#ff6600\"> Mostra de bombas de \u00e1gua de jardim multiuso<\/span><\/strong><\/span><\/p>\n<p><span style=\"font-size:14px\"><strong><span style=\"color:#ff6600\">S\u00e9rie HYL<\/span><\/strong><\/span><\/p>\n<p><span style=\"font-size:14px\"><strong><span style=\"color:#ff6600\"><img decoding=\"async\" alt=\"7500L\/h Bombas de \u00e1gua para lago Koi de 150W para jardim HYL-7500\" src=\"http:\/\/localhost\/media\/import\/detail\/549331638_633.jpg\"><img decoding=\"async\" alt=\"7500L\/h 150W Jardim Koi Pond Water Feature Bombas HYL-7500\" src=\"http:\/\/localhost\/media\/import\/detail\/549331640_101.jpg\"><img decoding=\"async\" alt=\"7500L\/h 150W Bombas de recursos h\u00eddricos para lagos Koi de jardim HYL-7500\" src=\"http:\/\/localhost\/media\/import\/detail\/549331643_817.jpg\"><img decoding=\"async\" alt=\"7500L\/h Bombas de recursos h\u00eddricos para lagos Koi de 150W HYL-7500\" src=\"http:\/\/localhost\/media\/import\/detail\/549331646_508.jpg\"><\/span><\/strong><\/span><\/p>\n<p><p style=\"text-align:center\"><span style=\"font-size:14px;font-family:book antiqua, palatino\"><strong><span style=\"color:#800080;font-style:italic\"><\/span><\/strong><\/span><\/p><\/p>\n","protected":false},"excerpt":{"rendered":"<p>7500L\/h 150W Jardim Koi Pond Water Feature Bombas HYL-7500<\/p>\n","protected":false},"featured_media":5457,"comment_status":"open","ping_status":"closed","template":"","meta":[],"product_brand":[],"product_cat":[1374],"product_tag":[],"class_list":{"0":"post-36724","1":"product","2":"type-product","3":"status-publish","4":"has-post-thumbnail","6":"product_cat-bombas-de-agua-e-cabecas-poderosas","8":"first","9":"instock","10":"shipping-taxable","11":"purchasable","12":"product-type-simple"},"_links":{"self":[{"href":"https:\/\/www.myaquastore.com\/pt-br\/wp-json\/wp\/v2\/product\/36724","targetHints":{"allow":["GET"]}}],"collection":[{"href":"https:\/\/www.myaquastore.com\/pt-br\/wp-json\/wp\/v2\/product"}],"about":[{"href":"https:\/\/www.myaquastore.com\/pt-br\/wp-json\/wp\/v2\/types\/product"}],"replies":[{"embeddable":true,"href":"https:\/\/www.myaquastore.com\/pt-br\/wp-json\/wp\/v2\/comments?post=36724"}],"wp:featuredmedia":[{"embeddable":true,"href":"https:\/\/www.myaquastore.com\/pt-br\/wp-json\/wp\/v2\/media\/5457"}],"wp:attachment":[{"href":"https:\/\/www.myaquastore.com\/pt-br\/wp-json\/wp\/v2\/media?parent=36724"}],"wp:term":[{"taxonomy":"product_brand","embeddable":true,"href":"https:\/\/www.myaquastore.com\/pt-br\/wp-json\/wp\/v2\/product_brand?post=36724"},{"taxonomy":"product_cat","embeddable":true,"href":"https:\/\/www.myaquastore.com\/pt-br\/wp-json\/wp\/v2\/product_cat?post=36724"},{"taxonomy":"product_tag","embeddable":true,"href":"https:\/\/www.myaquastore.com\/pt-br\/wp-json\/wp\/v2\/product_tag?post=36724"}],"curies":[{"name":"wp","href":"https:\/\/api.w.org\/{rel}","templated":true}]}}