{"id":36728,"date":"2016-09-25T23:28:28","date_gmt":"2016-09-25T23:28:28","guid":{"rendered":"https:\/\/www.myaquastore.com\/product\/bomba-de-agua-submersa-multifuncional-8000l-h-300w-de-grande-saida-hqs-6000i\/"},"modified":"2025-03-16T08:44:11","modified_gmt":"2025-03-16T08:44:11","slug":"bomba-de-agua-submersa-multifuncional-8000l-h-300w-de-grande-saida-hqs-6000i","status":"publish","type":"product","link":"https:\/\/www.myaquastore.com\/pt-br\/produto\/bomba-de-agua-submersa-multifuncional-8000l-h-300w-de-grande-saida-hqs-6000i\/","title":{"rendered":"Bomba de \u00e1gua submersa multifuncional 8000L \/ h 300W de grande sa\u00edda HQS-6000I"},"content":{"rendered":"<div style=\"clear:both\"><\/div>\n<p><strong><span style=\"font-size:24px\"> Bomba de \u00e1gua submersa multifuncional de 8000L\/h 300W de grande sa\u00edda HQS-6000I <\/span><\/strong><\/p>\n<\/p>\n<div id=\"ali-anchor-AliPostDhMb-y0lvm\" style=\"padding-top:8px\" data-section-title=\"Descri\u00e7\u00e3o do produto\" data-section=\"AliPostDhMb-y0lvm\">\n<div id=\"ali-title-AliPostDhMb-y0lvm\" style=\"border-bottom:#ddd 1px solid;padding-bottom:8px;padding-top:8px;padding-left:0px;padding-right:0px\"><span style=\"font-weight:bold;color:#333;padding-bottom:8px;padding-top:8px;padding-left:10px;line-height:12px;padding-right:10px;background-color:#ddd\">Descri\u00e7\u00e3o do produto<\/span><\/div>\n<div style=\"padding-bottom:10px;padding-top:10px;padding-left:0px;padding-right:0px\">\n<\/div>\n<\/div>\n<p style=\"font-size:14px\">especifica\u00e7\u00f5es:<\/p>\n<p style=\"font-size:14px\">1. ele usa n\u00facleo de eixo resistente ao desgaste de alta resist\u00eancia, <strong><em>tem economia de energia altamente eficiente,<\/em><\/strong><\/p>\n<p style=\"font-size:14px\"><strong><em> e longa vida \u00fatil.<\/em><\/strong><\/p>\n<p style=\"font-size:14px\">2. tem boa resist\u00eancia diel\u00e9trica \u00e0 prova d&#8217;\u00e1gua e alta; <em><strong>\u00e9 seguro e confi\u00e1vel.<\/strong><\/em><\/p>\n<p style=\"font-size:14px\">3. voc\u00ea pode us\u00e1-lo como <em><strong>bombeamento e fonte<\/strong><\/em>.<\/p>\n<p style=\"font-size:14px\">4. <strong><em>aplicar em aqu\u00e1rios, lagoas,<\/em><\/strong> com equipamentos de reciclagem de \u00e1gua correspondentes.<\/p>\n<p style=\"font-size:14px\">\n<p style=\"font-size:14px\"><strong><span style=\"color:#333300;background-color:#ffff00\"> Par\u00e2metros de bombas de \u00e1gua submersas de aqu\u00e1rio<\/span><\/strong><\/p>\n<table class=\"aliDataTable\" border=\"5\">\n<tbody>\n<tr>\n<td> Modelo <\/td>\n<td>Tens\u00e3o<\/td>\n<td>Frequ\u00eancia<\/td>\n<td>Pot\u00eancia<\/td>\n<td>H-max <\/td>\n<td>Sa\u00edda<\/td>\n<td>Peso<\/td>\n<td> Dimens\u00f5es<\/td>\n<\/tr>\n<tr>\n<td style=\"text-align:center\">HQS-5000<\/td>\n<td>220V<\/td>\n<td>50Hz<\/td>\n<td>250W<\/td>\n<td>6m<\/td>\n<td>6000L\/h<\/td>\n<td>3,6kg<\/td>\n<td>200*200*350mm<\/td>\n<\/tr>\n<tr>\n<td style=\"text-align:center\">HQS-6000\/I<\/td>\n<td>220V<\/td>\n<td>50Hz<\/td>\n<td>300W<\/td>\n<td>8m<\/td>\n<td>8000L\/h<\/td>\n<td>5,5kg<\/td>\n<td>200*200*350mm<\/td>\n<\/tr>\n<tr>\n<td style=\"text-align:center\">HQS-7000\/I<\/td>\n<td>220V<\/td>\n<td>50Hz<\/td>\n<td>320W<\/p>\n<td>10m<\/td>\n<td>10000L\/h<\/td>\n<td>6,2kg<\/td>\n<td>200*200*350mm<\/td>\n<\/tr>\n<tr>\n<td style=\"text-align:center\">HQS-8000\/I<\/td>\n<td>220V<\/td>\n<td>50Hz<\/td>\n<td>350W<\/p>\n<td>11m<\/td>\n<td>13000L\/h<\/td>\n<td>5,7kg<\/td>\n<td>250*250*350mm<\/td>\n<\/tr>\n<tr>\n<td style=\"text-align:center\">HQS-9000<\/td>\n<td>220V<\/td>\n<td>50Hz<\/td>\n<td>380W<\/td>\n<td>12m<\/td>\n<td>14000L\/h<\/td>\n<td>6,0kg<\/td>\n<td>250*250*350mm<\/td>\n<\/tr>\n<tr>\n<td style=\"text-align:center\">HQS-10000<\/td>\n<td>220V<\/td>\n<td>50Hz<\/td>\n<td>420W<\/td>\n<td> 13m<\/td>\n<td>15.000L\/h<\/td>\n<td>6,5kg<\/td>\n<td>250*250*350mm<\/td>\n<\/tr>\n<\/tbody>\n<\/table>\n<table class=\"aliDataTable\" border=\"5\">\n<tbody>\n<tr>\n<td> Modelo <\/td>\n<td> Tens\u00e3o<\/td>\n<td>Frequ\u00eancia<\/td>\n<td>Pot\u00eancia<\/td>\n<td>H-max <\/td>\n<td>Sa\u00edda<\/td>\n<td>Peso<\/td>\n<td> Dimens\u00f5es<\/td>\n<\/tr>\n<tr>\n<td style=\"text-align:center\">HQB-2000<\/td>\n<td>110V\/220V\/240V<\/td>\n<td>50Hz\/60Hz<\/td>\n<td>24W<\/td>\n<td>1,8m<\/td>\n<td>1400L\/h<\/td>\n<td>0,8kg<\/td>\n<td>138*65*145mm<\/td>\n<\/tr>\n<tr>\n<td style=\"text-align:center\">HQB-2200<\/td>\n<td>110V\/220V\/240V<\/td>\n<td>50Hz\/60Hz<\/td>\n<td> 40W<\/td>\n<td>2,3m<\/td>\n<td>1900L\/h<\/td>\n<td>1,2kg<\/td>\n<td>135*105*115mm<\/td>\n<\/tr>\n<tr>\n<td style=\"text-align:center\">HQB-2500<\/td>\n<td>110V\/220V\/240V<\/td>\n<td>50Hz\/60Hz<\/td>\n<td> 55W<\/td>\n<td>2,5m<\/td>\n<td>2.000L\/h<\/td>\n<td>1,2kg<\/td>\n<td>153*105*135mm<\/td>\n<\/tr>\n<tr>\n<td style=\"text-align:center\">HQB-3000<\/td>\n<td>110V\/220V\/240V<\/td>\n<td>50Hz\/60Hz<\/td>\n<td> 60W<\/td>\n<td>3,0m<\/td>\n<td>2500L\/h<\/td>\n<td>1,6kg<\/td>\n<td>153*105*135mm<\/td>\n<\/tr>\n<tr>\n<td style=\"text-align:center\">HQB-3500<\/td>\n<td>110V\/220V\/240V<\/td>\n<td>50Hz\/60Hz<\/td>\n<td> 85W<\/td>\n<td>3,5m<\/td>\n<td>3000L\/h<\/td>\n<td>1,25kg<\/td>\n<td>153*105*135mm<\/td>\n<\/tr>\n<tr>\n<td style=\"text-align:center\">HQB-4500<\/td>\n<td>110V\/220V\/240V<\/td>\n<td>50Hz\/60Hz<\/td>\n<td> 100 W<\/td>\n<td>4,5m<\/td>\n<td>4500L\/h<\/td>\n<td>2,7kg<\/td>\n<td>175*112*133mm<\/td>\n<\/tr>\n<tr>\n<td style=\"text-align:center\">HQB-5000<\/td>\n<td>110V\/220V\/240V<\/td>\n<td>50Hz\/60Hz<\/td>\n<td> 150 W<\/td>\n<td>5,0m<\/td>\n<td>5500L\/h<\/td>\n<td>2,8kg<\/td>\n<td>175*112*133mm<\/td>\n<\/tr>\n<tr>\n<td style=\"text-align:center\">HQB-5500<\/td>\n<td>110V\/220V\/240V<\/td>\n<td>50Hz\/60Hz<\/td>\n<td>200W<\/td>\n<td>5,5m<\/td>\n<td>6800L\/h<\/td>\n<td>4,0kg<\/td>\n<td>200*140*160mm<\/td>\n<\/tr>\n<\/tbody>\n<\/table>\n<p><span style=\"font-size:14px\"><strong><span style=\"color:#333300;background-color:#ffff00\">Exposi\u00e7\u00e3o de bombas de \u00e1gua submersa para hidroponia de aqu\u00e1rio<\/span><\/strong><\/span><\/p>\n<p><img decoding=\"async\" alt=\"8000L\/h 300W Bomba de \u00e1gua submersa multifuncional de grande sa\u00edda HQS-6000I\" src=\"http:\/\/localhost\/media\/import\/detail\/539782465_085.jpg\"><img decoding=\"async\" alt=\"8000L\/h 300W Bomba de \u00e1gua submersa multifuncional de grande sa\u00edda HQS-6000I\" src=\"http:\/\/localhost\/media\/import\/detail\/539782474_776.jpg\"><\/p>\n<p><img decoding=\"async\" alt=\"8000L\/h 300W Bomba de \u00e1gua submersa multifuncional de grande sa\u00edda HQS-6000I\" src=\"http:\/\/localhost\/media\/import\/detail\/539783511_511.jpg\"><\/p>\n<p><img decoding=\"async\" alt=\"8000L\/h 300W Bomba de \u00e1gua submersa multifuncional de grande sa\u00edda HQS-6000I\" src=\"http:\/\/localhost\/media\/import\/detail\/539784048_343.jpg\"><\/p>\n<p><img decoding=\"async\" alt=\"8000L\/h 300W Bomba de \u00e1gua submersa multifuncional de grande sa\u00edda HQS-6000I\" src=\"http:\/\/localhost\/media\/import\/detail\/539791368_930.jpg\"><\/p>\n<p><span style=\"font-size:14px\"><strong>Tantas bombas de \u00e1gua submers\u00edveis multifuncionais aqui, voc\u00ea pode us\u00e1-las como bombas para <\/strong><\/span><\/p>\n<p><span style=\"font-size:14px\"><strong>bombear \u00e1gua <\/strong><\/span><span style=\"font-size:14px\"><strong>e fazer uma fonte. Voc\u00ea tamb\u00e9m pode us\u00e1-los para irrigar seu <\/strong><\/span><\/p>\n<p><span style=\"font-size:14px\"><strong>jardim ou para criar alguns <\/strong><\/span><span style=\"font-size:14px\"><strong>belos elementos aqu\u00e1ticos e ornamentais, tornando seu <\/strong><\/span><\/p>\n<p><span style=\"font-size:14px\"><strong>jardim mais ador\u00e1vel!<\/strong><\/span><\/p>\n<\/p>\n<div id=\"ali-anchor-AliPostDhMb-1pajv\" style=\"padding-top:8px\" data-section-title=\"Informa\u00e7\u00f5es da empresa\" data-section=\"AliPostDhMb-1pajv\"> <\/div>\n","protected":false},"excerpt":{"rendered":"<p>Bomba de \u00e1gua submersa multifuncional 8000L \/ h 300W de grande sa\u00edda HQS-6000I<\/p>\n","protected":false},"featured_media":5465,"comment_status":"open","ping_status":"closed","template":"","meta":[],"product_brand":[],"product_cat":[1374],"product_tag":[],"class_list":{"0":"post-36728","1":"product","2":"type-product","3":"status-publish","4":"has-post-thumbnail","6":"product_cat-bombas-de-agua-e-cabecas-poderosas","8":"first","9":"instock","10":"shipping-taxable","11":"purchasable","12":"product-type-simple"},"_links":{"self":[{"href":"https:\/\/www.myaquastore.com\/pt-br\/wp-json\/wp\/v2\/product\/36728","targetHints":{"allow":["GET"]}}],"collection":[{"href":"https:\/\/www.myaquastore.com\/pt-br\/wp-json\/wp\/v2\/product"}],"about":[{"href":"https:\/\/www.myaquastore.com\/pt-br\/wp-json\/wp\/v2\/types\/product"}],"replies":[{"embeddable":true,"href":"https:\/\/www.myaquastore.com\/pt-br\/wp-json\/wp\/v2\/comments?post=36728"}],"wp:featuredmedia":[{"embeddable":true,"href":"https:\/\/www.myaquastore.com\/pt-br\/wp-json\/wp\/v2\/media\/5465"}],"wp:attachment":[{"href":"https:\/\/www.myaquastore.com\/pt-br\/wp-json\/wp\/v2\/media?parent=36728"}],"wp:term":[{"taxonomy":"product_brand","embeddable":true,"href":"https:\/\/www.myaquastore.com\/pt-br\/wp-json\/wp\/v2\/product_brand?post=36728"},{"taxonomy":"product_cat","embeddable":true,"href":"https:\/\/www.myaquastore.com\/pt-br\/wp-json\/wp\/v2\/product_cat?post=36728"},{"taxonomy":"product_tag","embeddable":true,"href":"https:\/\/www.myaquastore.com\/pt-br\/wp-json\/wp\/v2\/product_tag?post=36728"}],"curies":[{"name":"wp","href":"https:\/\/api.w.org\/{rel}","templated":true}]}}