{"id":36748,"date":"2016-09-25T23:28:30","date_gmt":"2016-09-25T23:28:30","guid":{"rendered":"https:\/\/www.myaquastore.com\/product\/bomba-para-tanque-de-peixes-de-aquario-sunsun-15w-1000l-h-hj-901b\/"},"modified":"2025-03-16T08:44:16","modified_gmt":"2025-03-16T08:44:16","slug":"bomba-para-tanque-de-peixes-de-aquario-sunsun-15w-1000l-h-hj-901b","status":"publish","type":"product","link":"https:\/\/www.myaquastore.com\/pt-br\/produto\/bomba-para-tanque-de-peixes-de-aquario-sunsun-15w-1000l-h-hj-901b\/","title":{"rendered":"Bomba para tanque de peixes de aqu\u00e1rio SUNSUN 15w 1000L\/h HJ-901B"},"content":{"rendered":"<div style=\"clear:both\"><\/div>\n<p><span style=\"font-size:32px;color:#ff0000\"><strong>15w 1000L\/h SUNSUN Bomba para tanque de peixes de aqu\u00e1rio <\/strong><\/span><\/p>\n<\/p>\n<p><strong><span style=\"font-size:24px;color:#ff6600\">Bomba para tanque de peixes de aqu\u00e1rio Descri\u00e7\u00e3o<\/span><\/strong><\/p>\n<h3><span style=\"font-size:18px\">Esta bomba para aqu\u00e1rio \u00e9 perfeita para tanques menores, pois \u00e9 facilmente escondida. \u00c9 feito de part\u00edculas ABS de alto padr\u00e3o e \u00e9 adequado para uso em tanques de aqu\u00e1rio de \u00e1gua salgada. <\/span><\/h3>\n<h3><strong><span style=\"font-size:18px;color:#ff6600\"><span style=\"font-size:24px\">Fotos sobre bomba de tanque de peixes de aqu\u00e1rio <\/span><\/span><\/strong><\/h3>\n<p> <img loading=\"lazy\" decoding=\"async\" alt=\"15w 1000L\/h SUNSUN Bomba de tanque de peixes de aqu\u00e1rio HJ-901B\" src=\"http:\/\/localhost\/media\/import\/detail\/748845794_609.jpg\" width=\"600\" height=\"600\"><\/p>\n<p><span style=\"color:#ff6600\"><strong><span style=\"font-size:24px\">Outra bomba para tanque de peixes de aqu\u00e1rio <\/span><\/strong><\/span><\/p>\n<p> <img loading=\"lazy\" decoding=\"async\" alt=\"15w 1000L\/h Bomba para tanque de peixes de aqu\u00e1rio SUNSUN HJ-901B\" src=\"http:\/\/localhost\/media\/import\/detail\/758963103_596.jpg\" width=\"600\" height=\"600\"><img loading=\"lazy\" decoding=\"async\" alt=\"15w 1000L\/h SUNSUN Bomba para tanque de peixes de aqu\u00e1rio HJ-901B\" src=\"http:\/\/localhost\/media\/import\/detail\/748855114_781.jpg\" width=\"600\" height=\"600\"><img loading=\"lazy\" decoding=\"async\" alt=\"15w 1000L\/h SUNSUN Aquarium Fish Tank Bomba HJ-901B\" src=\"http:\/\/localhost\/media\/import\/detail\/748753823_813.jpg\" width=\"600\" height=\"600\"><\/p>\n<\/p>\n<div style=\"clear:both\"><\/div>\n","protected":false},"excerpt":{"rendered":"<p>Bomba para tanque de peixes de aqu\u00e1rio SUNSUN 15w 1000L\/h HJ-901B<\/p>\n","protected":false},"featured_media":5505,"comment_status":"open","ping_status":"closed","template":"","meta":[],"product_brand":[],"product_cat":[1374],"product_tag":[],"class_list":{"0":"post-36748","1":"product","2":"type-product","3":"status-publish","4":"has-post-thumbnail","6":"product_cat-bombas-de-agua-e-cabecas-poderosas","8":"first","9":"instock","10":"shipping-taxable","11":"purchasable","12":"product-type-simple"},"_links":{"self":[{"href":"https:\/\/www.myaquastore.com\/pt-br\/wp-json\/wp\/v2\/product\/36748","targetHints":{"allow":["GET"]}}],"collection":[{"href":"https:\/\/www.myaquastore.com\/pt-br\/wp-json\/wp\/v2\/product"}],"about":[{"href":"https:\/\/www.myaquastore.com\/pt-br\/wp-json\/wp\/v2\/types\/product"}],"replies":[{"embeddable":true,"href":"https:\/\/www.myaquastore.com\/pt-br\/wp-json\/wp\/v2\/comments?post=36748"}],"wp:featuredmedia":[{"embeddable":true,"href":"https:\/\/www.myaquastore.com\/pt-br\/wp-json\/wp\/v2\/media\/5505"}],"wp:attachment":[{"href":"https:\/\/www.myaquastore.com\/pt-br\/wp-json\/wp\/v2\/media?parent=36748"}],"wp:term":[{"taxonomy":"product_brand","embeddable":true,"href":"https:\/\/www.myaquastore.com\/pt-br\/wp-json\/wp\/v2\/product_brand?post=36748"},{"taxonomy":"product_cat","embeddable":true,"href":"https:\/\/www.myaquastore.com\/pt-br\/wp-json\/wp\/v2\/product_cat?post=36748"},{"taxonomy":"product_tag","embeddable":true,"href":"https:\/\/www.myaquastore.com\/pt-br\/wp-json\/wp\/v2\/product_tag?post=36748"}],"curies":[{"name":"wp","href":"https:\/\/api.w.org\/{rel}","templated":true}]}}