{"id":36757,"date":"2016-09-25T23:28:30","date_gmt":"2016-09-25T23:28:30","guid":{"rendered":"https:\/\/www.myaquastore.com\/product\/bomba-submersivel-multifuncional-para-aquario-marinho-sunsun-50hz-60hz-hj-901c\/"},"modified":"2025-03-16T08:44:19","modified_gmt":"2025-03-16T08:44:19","slug":"bomba-submersivel-multifuncional-para-aquario-marinho-sunsun-50hz-60hz-hj-901c","status":"publish","type":"product","link":"https:\/\/www.myaquastore.com\/pt-br\/produto\/bomba-submersivel-multifuncional-para-aquario-marinho-sunsun-50hz-60hz-hj-901c\/","title":{"rendered":"Bomba submers\u00edvel multifuncional para aqu\u00e1rio marinho SUNSUN 50Hz\/60Hz HJ-901C"},"content":{"rendered":"<div style=\"clear:both\"><\/div>\n<p><span style=\"font-size:24px;color:#ff0000\">Bomba submers\u00edvel multifuncional para aqu\u00e1rio marinho SUNSUN 50Hz\/60Hz <\/span><\/p>\n<table class=\"aliDataTable\" style=\"height:300px;width:598px\" cellpadding=\"0\" border=\"1\">\n<tbody>\n<tr style=\"height:15.6pt\">\n<td valign=\"top\">\n<p><span style=\"font-size:12pt\">1.Item<\/span><\/p>\n<\/td>\n<td style=\"width:197.05pt\" valign=\"top\">\n<p><span style=\"font-size:12pt\">Bomba de \u00e1gua multifuncional para aqu\u00e1rio SUNSUN<\/span><\/p>\n<\/td>\n<\/tr>\n<tr style=\"height:15.6pt\">\n<td valign=\"top\">\n<p><span style=\"font-size:12pt\">2.Modelo<\/span><\/p>\n<\/td>\n<td style=\"width:197.05pt\" valign=\"top\">\n<p><span style=\"font-size:12pt\">HJ-901C<\/span><\/p>\n<\/td>\n<\/tr>\n<tr style=\"height:15.6pt\">\n<td valign=\"top\">\n<p><span style=\"font-size:12pt\">3.Tens\u00e3o<\/span><\/p>\n<\/td>\n<td style=\"width:197.05pt\" valign=\"top\">\n<p><span style=\"font-size:12pt\">110V\/220V\/240V<\/span><\/p>\n<\/td>\n<\/tr>\n<tr style=\"height:16.35pt\" align=\"left\">\n<td valign=\"top\">\n<p><span style=\"font-size:12pt\">4.Frequ\u00eancia<\/span><\/p>\n<\/td>\n<td valign=\"top\">\n<p><span style=\"font-size:12pt\">50Hz\/60Hz<\/span><\/p>\n<\/td>\n<\/tr>\n<tr style=\"height:15.6pt\" align=\"left\">\n<td valign=\"top\">\n<p><span style=\"font-size:12pt\">5.Pot\u00eancia<\/span><\/p>\n<\/td>\n<td valign=\"top\">\n<p><span style=\"font-size:12pt\">15W<\/span><\/p>\n<\/td>\n<\/tr>\n<tr style=\"height:16.35pt\" align=\"left\">\n<td valign=\"top\">\n<p><span style=\"font-size:12pt\">6.Sa\u00edda<\/span><\/p>\n<\/td>\n<td valign=\"top\">\n<p><span style=\"font-size:12pt\">1000L<\/span><span style=\"font-size:12pt\">\/h<\/span><\/p>\n<\/td>\n<\/tr>\n<tr align=\"left\">\n<td valign=\"top\">\n<p><span style=\"font-size:12pt\">7.Peso<\/span><\/p>\n<\/td>\n<td valign=\"top\">\n<p><span style=\"font-size:12pt\">0,4Kg<\/span><\/p>\n<\/td>\n<\/tr>\n<tr style=\"height:16.35pt\" align=\"left\">\n<td valign=\"top\">\n<p><span style=\"font-size:12pt\">8.Dimens\u00f5es<\/span><\/p>\n<\/td>\n<td valign=\"top\">\n<p><span style=\"font-size:12pt\">96*73*108mm<\/span><\/p>\n<\/td>\n<\/tr>\n<tr style=\"height:16.35pt\" align=\"left\">\n<td valign=\"top\">\n<p><span style=\"font-size:12pt\">9.H-max<\/span><\/p>\n<\/td>\n<td valign=\"top\">\n<p><span style=\"font-size:12pt\">4,0m<\/span><\/p>\n<\/td>\n<\/tr>\n<tr style=\"height:17.25pt\" align=\"left\">\n<td valign=\"top\">\n<p><span style=\"font-size:12pt\">10.Marca<\/span><\/p>\n<\/td>\n<td valign=\"top\">\n<p><span style=\"font-size:12pt\">SUNSUN<\/span><\/p>\n<\/td>\n<\/tr>\n<tr style=\"height:15pt\" align=\"left\">\n<td valign=\"top\">\n<p><span style=\"font-size:16px\">11.Qualidade<\/span><\/p>\n<\/td>\n<td valign=\"top\">\n<p><span style=\"font-size:16px\">Melhor qualidade; <br \/><\/span><\/p>\n<p align=\"left\"><span style=\"font-size:16px\">Maior fornecedor de equipamentos aqu\u00e1ticos da China<\/span><\/p>\n<\/td>\n<\/tr>\n<tr style=\"height:4.6pt\" align=\"left\">\n<td valign=\"top\">\n<p><span style=\"font-size:16px\">12.Ponto de venda <\/span><\/p>\n<\/td>\n<td valign=\"top\">\n<p><span style=\"font-size:16px\">Marca registrada bem conhecida da China; seguro e confi\u00e1vel <\/span><\/p>\n<\/td>\n<\/tr>\n<\/tbody>\n<\/table>\n<p> <img loading=\"lazy\" decoding=\"async\" alt=\"SUNSUN 50Hz\/60Hz Bomba submers\u00edvel multifuncional para aqu\u00e1rio marinho\" src=\"http:\/\/localhost\/media\/import\/detail\/532797896_990.jpg\" width=\"596\" height=\"363\"><\/p>\n<p style=\"text-align:center\"><span style=\"font-size:18px;color:#000000;text-decoration:underline;background-color:#ffff00\"><span style=\"font-family:'Verdana';text-decoration:underline\">Projetado para <\/span><span style=\"font-family:'Verdana';text-decoration:underline\">submerso<\/span><span style=\"font-family:'Verdana';text-decoration:underline\"> use apenas<\/span><\/span><\/p>\n<p style=\"text-align:center\"><span style=\"font-size:18px;color:#000000;background-color:#ffff00\"> <\/span><\/p>\n<p style=\"text-align:center\"><span style=\"font-size:18px;background-color:#ffff00\"><strong><em><span style=\"font-family:arial, helvetica, sans-serif\">O motor da bomba \u00e9 de alta efici\u00eancia, economia de energia com baixo ru\u00eddo, <span style=\"font-family:Arial\">Conveniente de usar<\/span> <\/span><\/em><\/strong><\/span><\/p>\n<\/p>\n<p><span style=\"font-size:24px;color:#ff0000\">Caracter\u00edstica:<\/span><\/p>\n<p> <span style=\"font-size:16px\">1.Ele usa n\u00facleo de eixo resistente ao desgaste de alta resist\u00eancia, tem economia de energia altamente eficiente e longa vida \u00fatil<\/span><\/p>\n<p><span style=\"font-size:16px\">2.Tem goog \u00e0 prova de \u00e1gua, alta resist\u00eancia diel\u00e9trica,\u00e9 seguro e confi\u00e1vel<\/span><\/p>\n<p><span style=\"font-size:16px\">3.Ele foi projetado com impulsor centr\u00edfugo, tem alto fluxo e alta press\u00e3o<\/span><\/p>\n<p><span style=\"font-size:16px\">4.Ele tem v\u00e1rias fun\u00e7\u00f5es como bombeamento, filtro e oxig\u00eanio<\/span><\/p>\n<p><span style=\"font-size:16px\">5.Aplicar a <span style=\"font-size:24px;color:#ff0000\">aqu\u00e1rios, jardins ornamentais, lagoas <\/span>correspond\u00eancia de dispositivo de circula\u00e7\u00e3o de \u00e1gua.<\/span><\/p>\n<\/p>\n<p> <span style=\"font-size:24px;color:#ff0000\">Outras Bomba de \u00e1gua multifuncional para aqu\u00e1rio para sua refer\u00eancia<\/span> <\/p>\n<p><img decoding=\"async\" alt=\"SUNSUN 50Hz\/60Hz Bomba submers\u00edvel multifuncional para aqu\u00e1rio marinho\" src=\"http:\/\/localhost\/media\/import\/detail\/532811141_561.jpg\"><\/p>\n<p><img decoding=\"async\" alt=\"SUNSUN 50Hz\/60Hz Bomba submers\u00edvel multifuncional para aqu\u00e1rio marinho\" src=\"http:\/\/localhost\/media\/import\/detail\/532796249_092.jpg\"><img decoding=\"async\" alt=\"SUNSUN 50Hz\/60Hz Aqu\u00e1rio marinho Bomba submers\u00edvel multifuncional\" src=\"http:\/\/localhost\/media\/import\/detail\/532796250_550.jpg\"><img decoding=\"async\" alt=\"SUNSUN 50Hz\/60Hz Bomba submers\u00edvel multifuncional para aqu\u00e1rio marinho\" src=\"http:\/\/localhost\/media\/import\/detail\/532796252_154.jpg\"><img decoding=\"async\" alt=\"SUNSUN 50Hz\/60Hz Bomba submers\u00edvel multifuncional para aqu\u00e1rio marinho\" src=\"http:\/\/localhost\/media\/import\/detail\/532796253_103.jpg\"><img decoding=\"async\" alt=\"SUNSUN 50Hz\/60Hz Bomba submers\u00edvel multifuncional para aqu\u00e1rio marinho\" src=\"http:\/\/localhost\/media\/import\/detail\/532796254_281.jpg\"><\/p>\n<\/p>\n<p><span style=\"font-size:x-large;color:#ff0000\">Bomba de \u00e1gua multifuncional para aqu\u00e1rio <span style=\"font-size:24px;color:#ff0000\">Par\u00e2metro<\/span> <\/span> <\/p>\n<table class=\"aliDataTable ke-zeroborder\" style=\"width:666px\" cellpadding=\"0\" border=\"0\">\n<tbody>\n<tr align=\"left\">\n<td width=\"69\">MODELO<\/td>\n<td width=\"126\">TENS\u00c3O<\/td>\n<td width=\"92\">FREQU\u00caNCIA<\/td>\n<td width=\"66\">POT\u00caNCIA<\/td>\n<td width=\"60\">H-MAX<\/td>\n<td width=\"81\">SA\u00cdDA<\/td>\n<td width=\"65\">PESO<\/td>\n<td width=\"107\">DIMENS\u00d5ES<\/td>\n<\/tr>\n<tr align=\"left\">\n<td><span style=\"color:#000000\">HJ-501<\/span><\/td>\n<td><span style=\"color:#000000\">110V\/220V\/240V<\/span><\/td>\n<td><span style=\"color:#000000\">50Hz\/60Hz<\/span><\/td>\n<td><span style=\"color:#000000\">5W<\/span><\/td>\n<td><span style=\"color:#000000\">0,6m<\/span><\/td>\n<td><span style=\"color:#000000\">250L\/h<\/span><\/td>\n<td><span style=\"color:#000000\">0,21kg<\/span><\/td>\n<td><span style=\"color:#000000\">54x65x58mm<\/span><\/td>\n<\/tr>\n<tr align=\"left\">\n<td><span style=\"color:#000000\">HJ-701<\/span><\/td>\n<td><span style=\"color:#000000\">110V\/220V\/240V<\/span><\/td>\n<td><span style=\"color:#000000\">50Hz\/60Hz<\/span><\/td>\n<td><span style=\"color:#000000\">8W<\/span><\/td>\n<td><span style=\"color:#000000\">0,9m<\/span><\/td>\n<td><span style=\"color:#000000\">500L\/h<\/span><\/td>\n<td><span style=\"color:#000000\">0,4kg<\/span><\/td>\n<td><span style=\"color:#000000\">70x71x70mm<\/span><\/td>\n<\/tr>\n<tr align=\"left\">\n<td><span style=\"color:#ff0000\">HJ-901<\/span><\/td>\n<td><span style=\"color:#ff0000\">110V\/220V\/240V<\/span><\/td>\n<td><span style=\"color:#ff0000\">50Hz\/60Hz<\/span><\/td>\n<td><span style=\"color:#ff0000\">12W<\/span><\/td>\n<td><span style=\"color:#ff0000\">1,2m<\/span><\/td>\n<td><span style=\"color:#ff0000\">800L\/h<\/span><\/td>\n<td><span style=\"color:#ff0000\">0,5kg<\/span><\/td>\n<td><span style=\"color:#ff0000\">80x79x75mm<\/span><\/td>\n<\/tr>\n<tr align=\"left\">\n<td><span style=\"color:#000000\">HJ-1101<\/span><\/td>\n<td><span style=\"color:#000000\">110V\/220V\/240V<\/span><\/td>\n<td><span style=\"color:#000000\">50Hz\/60Hz<\/span><\/td>\n<td><span style=\"color:#000000\">18W<\/span><\/td>\n<td><span style=\"color:#000000\">1,5m<\/span><\/td>\n<td><span style=\"color:#000000\">1000L\/h<\/span><\/td>\n<td><span style=\"color:#000000\">0,8kg<\/span><\/td>\n<td><span style=\"color:#000000\">88x88x85mm<\/span><\/td>\n<\/tr>\n<tr>\n<td>HJ-1501<\/td>\n<td>110V\/220V\/240V<\/td>\n<td>50Hz\/60Hz<\/td>\n<td>35W <\/td>\n<td>2,4m<\/td>\n<td>1350L\/h<\/td>\n<td>1,4kg<\/td>\n<td>105x126x110mm<\/td>\n<\/tr>\n<tr>\n<td>HJ-3701<\/td>\n<td>110V\/220V\/240V<\/td>\n<td>50Hz\/60Hz<\/td>\n<td>100W <\/td>\n<td>4,0m<\/td>\n<td>2500L\/h<\/td>\n<td>2,7kg<\/td>\n<td>141x139x137mm<\/td>\n<\/tr>\n<tr>\n<td>HJ-901B<\/td>\n<td>110V\/220V\/240V<\/td>\n<td>50Hz\/60Hz<\/td>\n<td>15 W<\/td>\n<td>1,3m<\/td>\n<td>1000L\/h<\/td>\n<td>0,4kg<\/td>\n<td>96x73x108mm<\/td>\n<\/tr>\n<tr>\n<td>HJ-901C<\/td>\n<td>110V\/220V\/240V<\/td>\n<td>50Hz\/60Hz<\/td>\n<td>15W<\/td>\n<p>1,3m<\/td>\n<td>1000L\/h<\/td>\n<td>0,4kg<\/td>\n<td>96x73x108mm<\/td>\n<\/tr>\n<\/tbody>\n<\/table>\n<\/p>\n<div style=\"clear:both\"><\/div>\n","protected":false},"excerpt":{"rendered":"<p>Bomba submers\u00edvel multifuncional para aqu\u00e1rio marinho SUNSUN 50Hz\/60Hz HJ-901C<\/p>\n","protected":false},"featured_media":5523,"comment_status":"open","ping_status":"closed","template":"","meta":[],"product_brand":[],"product_cat":[1374],"product_tag":[],"class_list":{"0":"post-36757","1":"product","2":"type-product","3":"status-publish","4":"has-post-thumbnail","6":"product_cat-bombas-de-agua-e-cabecas-poderosas","8":"first","9":"instock","10":"shipping-taxable","11":"purchasable","12":"product-type-simple"},"_links":{"self":[{"href":"https:\/\/www.myaquastore.com\/pt-br\/wp-json\/wp\/v2\/product\/36757","targetHints":{"allow":["GET"]}}],"collection":[{"href":"https:\/\/www.myaquastore.com\/pt-br\/wp-json\/wp\/v2\/product"}],"about":[{"href":"https:\/\/www.myaquastore.com\/pt-br\/wp-json\/wp\/v2\/types\/product"}],"replies":[{"embeddable":true,"href":"https:\/\/www.myaquastore.com\/pt-br\/wp-json\/wp\/v2\/comments?post=36757"}],"wp:featuredmedia":[{"embeddable":true,"href":"https:\/\/www.myaquastore.com\/pt-br\/wp-json\/wp\/v2\/media\/5523"}],"wp:attachment":[{"href":"https:\/\/www.myaquastore.com\/pt-br\/wp-json\/wp\/v2\/media?parent=36757"}],"wp:term":[{"taxonomy":"product_brand","embeddable":true,"href":"https:\/\/www.myaquastore.com\/pt-br\/wp-json\/wp\/v2\/product_brand?post=36757"},{"taxonomy":"product_cat","embeddable":true,"href":"https:\/\/www.myaquastore.com\/pt-br\/wp-json\/wp\/v2\/product_cat?post=36757"},{"taxonomy":"product_tag","embeddable":true,"href":"https:\/\/www.myaquastore.com\/pt-br\/wp-json\/wp\/v2\/product_tag?post=36757"}],"curies":[{"name":"wp","href":"https:\/\/api.w.org\/{rel}","templated":true}]}}