{"id":36767,"date":"2016-09-25T23:28:30","date_gmt":"2016-09-25T23:28:30","guid":{"rendered":"https:\/\/www.myaquastore.com\/product\/sunsun-usa-amplamente-bomba-pequena-em-cascata-de-8w-600l-h-hj-741\/"},"modified":"2025-03-16T08:44:22","modified_gmt":"2025-03-16T08:44:22","slug":"sunsun-usa-amplamente-bomba-pequena-em-cascata-de-8w-600l-h-hj-741","status":"publish","type":"product","link":"https:\/\/www.myaquastore.com\/pt-br\/produto\/sunsun-usa-amplamente-bomba-pequena-em-cascata-de-8w-600l-h-hj-741\/","title":{"rendered":"SUNSUN usa amplamente bomba pequena em cascata de 8W 600L\/h HJ-741"},"content":{"rendered":"<div style=\"clear:both\"><\/div>\n<p style=\"text-align:left\" align=\"center\"><strong><span style=\"font-size:18pt;font-family:'Comic Sans MS';color:#ff9900\">Nossa promessa SUNSUN:<\/span><\/strong><\/p>\n<p style=\"text-align:left\"><span style=\"font-size:18pt;font-family:'Comic Sans MS';color:green\">1. Todos os produtos s\u00e3o produtos originais SUNSUN<\/span><\/p>\n<p style=\"text-align:left\"><span style=\"font-size:18pt;font-family:'Comic Sans MS';color:green\">2. Garantia: um ano<\/span><\/p>\n<p style=\"text-align:left\"><span style=\"font-size:18pt;font-family:'Comic Sans MS';color:green\">3. Embalagem SUNSUN<\/span><\/p>\n<p style=\"text-align:left\"><span style=\"font-size:18pt;font-family:'Comic Sans MS'\">&#8230;&#8230;&#8230;&#8230;&#8230;&#8230;&#8230;&#8230;&#8230;&#8230;&#8230;&#8230;&#8230;&#8230;&#8230;&#8230;&#8230;&#8230;&#8230;&#8230;&#8230;&#8230;&#8230;&#8230;&#8230;&#8230;.<\/span><\/p>\n<p style=\"text-align:left\" align=\"center\"><span style=\"font-size:24px;color:#ff9900;background-color:#ffffff\"><strong><em><span style=\"font-family:comic sans ms,sans-serif\">SUNSUN Use amplamente 8W 600L\/h bomba pequena cascata<\/span><\/em><\/strong><\/span> <\/p>\n<p style=\"text-align:left\">\n<p style=\"text-align:left\"><span style=\"color:#00ffff\"><em><span style=\"text-decoration:underline\"><span style=\"font-family:comic sans ms,sans-serif\"><strong><span style=\"font-size:18px;text-decoration:underline\">1. Descri\u00e7\u00e3o do produto<\/span><\/strong><\/span><\/span><\/em><\/span><\/p>\n<p><span style=\"font-family:comic sans ms,sans-serif\"> <\/span><\/p>\n<p><span style=\"font-size:14px;font-family:comic sans ms,sans-serif;color:#000000\"><span style=\"font-size:16px\">Esta bomba de \u00e1gua para tanque de aqu\u00e1rio<\/span><span style=\"font-size:16px\"><span style=\"float:none;text-align:left;background-color:#ffffff\">\u00e9 perfeita para tanques menores, pois \u00e9 facilmente escondida, feita de part\u00edculas ABS de alto padr\u00e3o, adequada para \u00e1gua doce e \u00e1gua salgada. <\/span>Tamb\u00e9m pode ser usado em arte, ar condicionado e muitas outras coisas.<\/span><\/span><\/p>\n<\/p>\n<p><span style=\"text-decoration:underline\"><em><span style=\"color:#00ffff;text-decoration:underline\"><span style=\"font-family:comic sans ms,sans-serif\"><strong><span>2. Detalhes da bomba pequena em cascata HJ-741<\/span><\/strong><\/span><\/span><\/em><\/span><\/p>\n<\/p>\n<table class=\"aliDataTable ke-zeroborder\" style=\"height:120px;width:604px\" cellpadding=\"0\" border=\"0\">\n<tbody>\n<tr align=\"left\">\n<td style=\"text-align:center;width:51.75pt\">\n<p><span style=\"font-size:12px\">MODELO<\/span><\/p>\n<\/td>\n<td style=\"text-align:center;width:94.5pt\">\n<p><span style=\"font-size:12px\">VOLTAGEM<\/span><\/p>\n<\/td>\n<td style=\"text-align:center;width:69pt\">\n<p><span style=\"font-size:12px\">FREQU\u00caNCIA<\/span><\/p>\n<\/td>\n<td style=\"text-align:center;width:49.5pt\">\n<p><span style=\"font-size:12px\">POWER<\/span><\/p>\n<\/td>\n<td style=\"text-align:center;width:45pt\">\n<p><span style=\"font-size:12px\">H-MAX<\/span><\/p>\n<\/td>\n<td style=\"text-align:center;width:60.75pt\">\n<p><span style=\"font-size:12px\">SA\u00cdDA<\/span><\/p>\n<\/td>\n<td style=\"text-align:center;width:48.75pt\">\n<p><span style=\"font-size:12px\">PESO<\/span><\/p>\n<\/td>\n<td style=\"text-align:center;width:80.25pt\">\n<p><span style=\"font-size:12px\">DIMENS\u00d5ES<\/span><\/p>\n<\/td>\n<\/tr>\n<tr align=\"left\">\n<td style=\"text-align:center\">\n<p><span style=\"font-size:12px\">HJ-541<\/span><\/p>\n<\/td>\n<td style=\"text-align:center\">\n<p><span style=\"font-size:12px\">110V\/220V\/240V<\/span><\/p>\n<\/td>\n<td style=\"text-align:center\">\n<p><span style=\"font-size:12px\">50Hz\/60Hz<\/span><\/p>\n<\/td>\n<td style=\"text-align:center\">\n<p><span style=\"font-size:12px\">5W<\/span><\/p>\n<\/td>\n<td style=\"text-align:center\">\n<p><span style=\"font-size:12px\">0,8m<\/span><\/p>\n<\/td>\n<td style=\"text-align:center\">\n<p><span style=\"font-size:12px\">400L\/h<\/span><\/p>\n<\/td>\n<td style=\"text-align:center\">\n<p><span style=\"font-size:12px\">0,2kg<\/span><\/p>\n<\/td>\n<td style=\"text-align:center\">\n<p><span style=\"font-size:12px\">60x56x58mm<\/span><\/p>\n<\/td>\n<\/tr>\n<tr align=\"left\">\n<td style=\"text-align:center\">\n<p><span style=\"font-size:12px\">HJ-741<\/span><\/p>\n<\/td>\n<td style=\"text-align:center\">\n<p><span style=\"font-size:12px\">110V\/220V\/240V<\/span><\/p>\n<\/td>\n<td style=\"text-align:center\">\n<p><span style=\"font-size:12px\">50Hz\/60Hz<\/span><\/p>\n<\/td>\n<td style=\"text-align:center\">\n<p><span style=\"font-size:12px\">8W<\/span><\/p>\n<\/td>\n<td style=\"text-align:center\">\n<p><span style=\"font-size:12px\">1,0m<\/span><\/p>\n<\/td>\n<td style=\"text-align:center\">\n<p><span style=\"font-size:12px\">600L\/h<\/span><\/p>\n<\/td>\n<td style=\"text-align:center\">\n<p><span style=\"font-size:12px\">0,35kg<\/span><\/p>\n<\/td>\n<td style=\"text-align:center\">\n<p><span style=\"font-size:12px\">76x66x68mm<\/span><\/p>\n<\/td>\n<\/tr>\n<tr align=\"left\">\n<td style=\"text-align:center\">\n<p><span style=\"font-size:12px\">HJ-941<\/span><\/p>\n<\/td>\n<td style=\"text-align:center\">\n<p><span style=\"font-size:12px\">110V\/220V\/240V<\/span><\/p>\n<\/td>\n<td style=\"text-align:center\">\n<p><span style=\"font-size:12px\">50Hz\/60Hz<\/span><\/p>\n<\/td>\n<td style=\"text-align:center\">\n<p><span style=\"font-size:12px\">16W<\/span><\/p>\n<\/td>\n<td style=\"text-align:center\">\n<p><span style=\"font-size:12px\">1,3m<\/span><\/p>\n<\/td>\n<td style=\"text-align:center\">\n<p><span style=\"font-size:12px\">800L\/h<\/span><\/p>\n<\/td>\n<td style=\"text-align:center\">\n<p><span style=\"font-size:12px\">0,45kg<\/span><\/p>\n<\/td>\n<td style=\"text-align:center\">\n<p><span style=\"font-size:12px\">82x73x75mm<\/span><\/p>\n<\/td>\n<\/tr>\n<tr align=\"left\">\n<td style=\"text-align:center\">\n<p><span style=\"font-size:12px\">HJ-1141<\/span><\/p>\n<\/td>\n<td style=\"text-align:center\">\n<p><span style=\"font-size:12px\">110V\/220V\/240V<\/span><\/p>\n<\/td>\n<td style=\"text-align:center\">\n<p><span style=\"font-size:12px\">50Hz\/60Hz<\/span><\/p>\n<\/td>\n<td style=\"text-align:center\">\n<p><span style=\"font-size:12px\">22W<\/span><\/p>\n<\/td>\n<td style=\"text-align:center\">\n<p><span style=\"font-size:12px\">1,6m<\/span><\/p>\n<\/td>\n<td style=\"text-align:center\">\n<p><span style=\"font-size:12px\">1000L\/h<\/span><\/p>\n<\/td>\n<td style=\"text-align:center\">\n<p><span style=\"font-size:12px\">0,55kg<\/span><\/p>\n<\/td>\n<td style=\"text-align:center\">\n<p><span style=\"font-size:12px\">92x82x85mm<\/span><\/p>\n<\/td>\n<\/tr>\n<tr align=\"left\">\n<td style=\"text-align:center\">\n<p><span style=\"font-size:12px\">HJ-1541<\/span><\/p>\n<\/td>\n<td style=\"text-align:center\">\n<p><span style=\"font-size:12px\">110V\/220V\/240V<\/span><\/p>\n<\/td>\n<td style=\"text-align:center\">\n<p><span style=\"font-size:12px\">50Hz\/60Hz<\/span><\/p>\n<\/td>\n<td style=\"text-align:center\">\n<p><span style=\"font-size:12px\">28W<\/span><\/p>\n<\/td>\n<td style=\"text-align:center\">\n<p><span style=\"font-size:12px\">2,0m<\/span><\/p>\n<\/td>\n<td style=\"text-align:center\">\n<p><span style=\"font-size:12px\">1400L\/h<\/span><\/p>\n<\/td>\n<td style=\"text-align:center\">\n<p><span style=\"font-size:12px\">0,75kg<\/span><\/p>\n<\/td>\n<td style=\"text-align:center\">\n<p><span style=\"font-size:12px\">102x98x100mm<\/span><\/p>\n<\/td>\n<\/tr>\n<tr align=\"left\">\n<td style=\"text-align:center\">\n<p><span style=\"font-size:12px\">HJ-1841<\/span><\/p>\n<\/td>\n<td style=\"text-align:center\">\n<p><span style=\"font-size:12px\">110V\/220V\/240V<\/span><\/p>\n<\/td>\n<td style=\"text-align:center\">\n<p><span style=\"font-size:12px\">50Hz\/60Hz<\/span><\/p>\n<\/td>\n<td style=\"text-align:center\">\n<p><span style=\"font-size:12px\">40W<\/span><\/p>\n<\/td>\n<td style=\"text-align:center\">\n<p><span style=\"font-size:12px\">2,5m<\/span><\/p>\n<\/td>\n<td style=\"text-align:center\">\n<p><span style=\"font-size:12px\">1800L\/h<\/span><\/p>\n<\/td>\n<td style=\"text-align:center\">\n<p><span style=\"font-size:12px\">1,0kg<\/span><\/p>\n<\/td>\n<td style=\"text-align:center\">\n<p><span style=\"font-size:12px\">100x106x108mm<\/span><\/p>\n<\/td>\n<\/tr>\n<\/tbody>\n<\/table>\n<\/p>\n<p><img decoding=\"async\" alt=\"SUNSUN usa amplamente bomba pequena em cascata de 8W 600L\/h\" src=\"http:\/\/localhost\/media\/import\/detail\/901062057_929.jpg\"> <\/p>\n<\/p>\n<p><em><span style=\"text-decoration:underline\"><span style=\"color:#00ffff;text-decoration:underline;background-color:#ffffff\"><strong><span style=\"font-size:18px;font-family:comic sans ms, sans-serif\">3. Outra Nossa bomba em cascata pequena SUNSUN para sua refer\u00eancia <\/span><\/strong><\/span><\/span><\/em> <\/p>\n<\/p>\n<p><img decoding=\"async\" alt=\"SUNSUN Use amplamente 8W 600L\/h Bomba em cascata pequena\" src=\"http:\/\/localhost\/media\/import\/detail\/535435763_128.jpg\"><img loading=\"lazy\" decoding=\"async\" alt=\"SUNSUN Use amplamente bomba pequena em cascata de 8W 600L\/h\" src=\"http:\/\/localhost\/media\/import\/detail\/695340747_898.jpg\" width=\"600\" height=\"600\"><\/p>\n<\/p>\n<div style=\"clear:both\"><\/div>\n","protected":false},"excerpt":{"rendered":"<p>SUNSUN usa amplamente bomba pequena em cascata de 8W 600L\/h HJ-741<\/p>\n","protected":false},"featured_media":5542,"comment_status":"open","ping_status":"closed","template":"","meta":[],"product_brand":[],"product_cat":[1374],"product_tag":[],"class_list":{"0":"post-36767","1":"product","2":"type-product","3":"status-publish","4":"has-post-thumbnail","6":"product_cat-bombas-de-agua-e-cabecas-poderosas","8":"first","9":"instock","10":"shipping-taxable","11":"purchasable","12":"product-type-simple"},"_links":{"self":[{"href":"https:\/\/www.myaquastore.com\/pt-br\/wp-json\/wp\/v2\/product\/36767","targetHints":{"allow":["GET"]}}],"collection":[{"href":"https:\/\/www.myaquastore.com\/pt-br\/wp-json\/wp\/v2\/product"}],"about":[{"href":"https:\/\/www.myaquastore.com\/pt-br\/wp-json\/wp\/v2\/types\/product"}],"replies":[{"embeddable":true,"href":"https:\/\/www.myaquastore.com\/pt-br\/wp-json\/wp\/v2\/comments?post=36767"}],"wp:featuredmedia":[{"embeddable":true,"href":"https:\/\/www.myaquastore.com\/pt-br\/wp-json\/wp\/v2\/media\/5542"}],"wp:attachment":[{"href":"https:\/\/www.myaquastore.com\/pt-br\/wp-json\/wp\/v2\/media?parent=36767"}],"wp:term":[{"taxonomy":"product_brand","embeddable":true,"href":"https:\/\/www.myaquastore.com\/pt-br\/wp-json\/wp\/v2\/product_brand?post=36767"},{"taxonomy":"product_cat","embeddable":true,"href":"https:\/\/www.myaquastore.com\/pt-br\/wp-json\/wp\/v2\/product_cat?post=36767"},{"taxonomy":"product_tag","embeddable":true,"href":"https:\/\/www.myaquastore.com\/pt-br\/wp-json\/wp\/v2\/product_tag?post=36767"}],"curies":[{"name":"wp","href":"https:\/\/api.w.org\/{rel}","templated":true}]}}