{"id":36772,"date":"2016-09-25T23:28:30","date_gmt":"2016-09-25T23:28:30","guid":{"rendered":"https:\/\/www.myaquastore.com\/product\/cabeca-de-potencia-para-aquario-serie-sunsun-hj-hj-721\/"},"modified":"2025-03-16T08:44:23","modified_gmt":"2025-03-16T08:44:23","slug":"cabeca-de-potencia-para-aquario-serie-sunsun-hj-hj-721","status":"publish","type":"product","link":"https:\/\/www.myaquastore.com\/pt-br\/produto\/cabeca-de-potencia-para-aquario-serie-sunsun-hj-hj-721\/","title":{"rendered":"Cabe\u00e7a de pot\u00eancia para aqu\u00e1rio s\u00e9rie SUNSUN HJ HJ-721"},"content":{"rendered":"<div style=\"clear:both\"><\/div>\n<p><span style=\"font-size:10.5pt;font-family:'Times New Roman'\"><span style=\"font-size:18px\"><strong>Bomba submers\u00edvel multifuncional com cabe\u00e7ote motorizado e filtro juntos.<\/strong><\/span><\/span><\/p>\n<p><span style=\"font-size:10.5pt;font-family:'Times New Romano'\">?? Motor totalmente submers\u00edvel e isento de \u00f3leo para evitar polui\u00e7\u00e3o nas condi\u00e7\u00f5es de vida.<\/span><\/p>\n<p><span style=\"font-size:10.5pt;font-family:'Times New Roman'\">?? Modelo de variedade para sua escolha<\/span><\/p>\n<p><span style=\"font-size:10.5pt;font-family:'Times New Roman'\">?? Ventosas para dire\u00e7\u00f5es vers\u00e1teis<\/span><\/p>\n<p><span style=\"font-size:10.5pt;font-family:'Times New Roman'\">?? F\u00e1cil de instalar &#8211; basta sugar a c\u00fapula para qualquer lugar da parede, conectar a energia e ela funciona<\/span><\/p>\n<p><span style=\"font-size:10.5pt;font-family:'Times New Roman'\">?? Consumo de energia extremamente baixo<\/span><\/p>\n<p><span style=\"font-size:10.5pt;font-family:'Times New Roman'\">?? Pot\u00eancia: 110V-120V \/ 60Hz 220V-240V\/50Hz com todos os plugues padr\u00e3o<\/span><\/p>\n<p><span style=\"font-size:10.5pt;font-family:'Times New Roman'\">?? Pacote individual mais seguran\u00e7a para envio de exporta\u00e7\u00e3o.<\/span><\/p>\n<\/p>\n<p><span style=\"font-size:10.5pt;font-family:'Times New Roman'\"><img decoding=\"async\" alt=\"SUNSUN HJ Series Aquarium Power Head HJ-721\" src=\"http:\/\/localhost\/media\/import\/detail\/519645690_313.jpg\"><\/span><\/p>\n<p><span style=\"font-size:10.5pt;font-family:'Times New Roman'\"><img decoding=\"async\" alt=\"SUNSUN HJ Series Aquarium Power Head HJ-721\" src=\"http:\/\/localhost\/media\/import\/detail\/519665110_509.jpg\"><img decoding=\"async\" alt=\"SUNSUN HJ Series Aquarium Power Head HJ-721\" src=\"http:\/\/localhost\/media\/import\/detail\/519665111_593.jpg\"><img decoding=\"async\" alt=\"SUNSUN HJ Series Aquarium Power Head HJ-721\" src=\"http:\/\/localhost\/media\/import\/detail\/519665113_966.jpg\"><\/span><\/p><\/p>\n","protected":false},"excerpt":{"rendered":"<p>Cabe\u00e7a de pot\u00eancia para aqu\u00e1rio s\u00e9rie SUNSUN HJ HJ-721<\/p>\n","protected":false},"featured_media":5552,"comment_status":"open","ping_status":"closed","template":"","meta":[],"product_brand":[],"product_cat":[1374],"product_tag":[],"class_list":{"0":"post-36772","1":"product","2":"type-product","3":"status-publish","4":"has-post-thumbnail","6":"product_cat-bombas-de-agua-e-cabecas-poderosas","8":"first","9":"instock","10":"shipping-taxable","11":"purchasable","12":"product-type-simple"},"_links":{"self":[{"href":"https:\/\/www.myaquastore.com\/pt-br\/wp-json\/wp\/v2\/product\/36772","targetHints":{"allow":["GET"]}}],"collection":[{"href":"https:\/\/www.myaquastore.com\/pt-br\/wp-json\/wp\/v2\/product"}],"about":[{"href":"https:\/\/www.myaquastore.com\/pt-br\/wp-json\/wp\/v2\/types\/product"}],"replies":[{"embeddable":true,"href":"https:\/\/www.myaquastore.com\/pt-br\/wp-json\/wp\/v2\/comments?post=36772"}],"wp:featuredmedia":[{"embeddable":true,"href":"https:\/\/www.myaquastore.com\/pt-br\/wp-json\/wp\/v2\/media\/5552"}],"wp:attachment":[{"href":"https:\/\/www.myaquastore.com\/pt-br\/wp-json\/wp\/v2\/media?parent=36772"}],"wp:term":[{"taxonomy":"product_brand","embeddable":true,"href":"https:\/\/www.myaquastore.com\/pt-br\/wp-json\/wp\/v2\/product_brand?post=36772"},{"taxonomy":"product_cat","embeddable":true,"href":"https:\/\/www.myaquastore.com\/pt-br\/wp-json\/wp\/v2\/product_cat?post=36772"},{"taxonomy":"product_tag","embeddable":true,"href":"https:\/\/www.myaquastore.com\/pt-br\/wp-json\/wp\/v2\/product_tag?post=36772"}],"curies":[{"name":"wp","href":"https:\/\/api.w.org\/{rel}","templated":true}]}}