{"id":36785,"date":"2016-09-25T23:28:31","date_gmt":"2016-09-25T23:28:31","guid":{"rendered":"https:\/\/www.myaquastore.com\/product\/sunsun-eco-mangueira-de-jardim-bomba-de-agua-grande-fluxo-super-silencioso-hj-1541\/"},"modified":"2025-03-16T08:44:26","modified_gmt":"2025-03-16T08:44:26","slug":"sunsun-eco-mangueira-de-jardim-bomba-de-agua-grande-fluxo-super-silencioso-hj-1541","status":"publish","type":"product","link":"https:\/\/www.myaquastore.com\/pt-br\/produto\/sunsun-eco-mangueira-de-jardim-bomba-de-agua-grande-fluxo-super-silencioso-hj-1541\/","title":{"rendered":"SUNSUN ECO mangueira de jardim bomba de \u00e1gua grande fluxo super silencioso HJ-1541"},"content":{"rendered":"<div style=\"clear:both\"><\/div>\n<div style=\"font-size:13px;font-family:Arial, Helvetica, sans-serif;color:#000000;width:726px\">\n<p style=\"text-align:left\" data-section-blank=\"AliPostDhMb-u0grk\"><span style=\"font-size:18pt\"><strong>SUNSUN ECO mangueira de jardim bomba de \u00e1gua grande fluxo super silencioso<\/strong><\/span><\/p>\n<\/div>\n<div id=\"ali-anchor-AliPostDhMb-u0grk\" style=\"text-align:left;padding-top:8px\" data-section-title=\"Descri\u00e7\u00e3o do produto\" data-section=\"AliPostDhMb-u0grk\">\n<div id=\"ali-title-AliPostDhMb-u0grk\" style=\"border-bottom:#ddd 1px solid;padding-bottom:8px;padding-top:8px;padding-left:0px;padding-right:0px\"><span style=\"font-weight:bold;color:#333;padding-bottom:8px;padding-top:8px;padding-left:10px;line-height:12px;padding-right:10px;background-color:#ddd\">Descri\u00e7\u00e3o do produto<\/span><\/div>\n<div style=\"padding-bottom:10px;padding-top:10px;padding-left:0px;padding-right:0px\">\n<div style=\"height:42px;width:750px\">\n<div style=\"height:42px;float:left;width:25px;background-color:#00ccff\"> <\/div>\n<div style=\"height:30px;float:right;color:#ffffff;padding-bottom:5px;padding-top:5px;padding-left:0px;padding-right:0px;width:720px;background-color:#0099ff\">\n<div style=\"font-size:24px;border-top:#ffffff 1px solid;height:30px;font-family:Arial;border-bottom:#ffffff 1px solid;font-weight:bold;font-style:italic;padding-left:10px;line-height:30px;width:720px\">Exibi\u00e7\u00e3o do produto<\/div>\n<\/div>\n<\/div>\n<\/div>\n<\/div>\n<p style=\"text-align:left\">\n<p style=\"text-align:left\"><span><img decoding=\"async\" alt=\"hj1541 (1).jpg\" src=\"http:\/\/localhost\/media\/import\/detail\/HTB1JOrdFVXXXXabaXXXq6xXFXXXL.jpg\"><\/span><img decoding=\"async\" alt=\"hj1541 (2).jpg\" src=\"http:\/\/localhost\/media\/import\/detail\/HTB1GHYjFVXXXXbaXFXXq6xXFXXXZ.jpg\"><\/p>\n<p style=\"text-align:left\"><img decoding=\"async\" alt=\"SUNSUN HJ-1541 28W 1400Lh Mini bomba submers\u00edvel multifuncional de circula\u00e7\u00e3o de \u00e1gua.jpg\" src=\"http:\/\/localhost\/media\/import\/detail\/HTB1dq_rFVXXXXb4XXXXq6xXFXXXM.jpg\"> <\/p>\n<p style=\"text-align:left\"> &#8212;&#8212;&#8212;&#8212;&#8212;&#8212;&#8212;&#8212;&#8212;&#8212;&#8212;&#8212;&#8212;&#8212;&#8212;&#8212;&#8212;&#8212;&#8212;&#8212;&#8212;&#8212;&#8212;&#8212;&#8212;&#8212;&#8212;&#8212;&#8212;&#8212;&#8212;&#8212;&#8212;&#8212;&#8212;&#8212;&#8212;&#8212;&#8212;&#8212;&#8212;&#8212;&#8212;&#8212;&#8212;&#8212;&#8212;&#8212;&#8212;&#8212;&#8212;&#8212;- <\/p>\n<p style=\"text-align:left\"> <img decoding=\"async\" alt=\"SUNSUN HJ-1541 28W 1400Lh el\u00e9trico mini bomba submers\u00edvel de circula\u00e7\u00e3o de \u00e1gua price.jpg\" src=\"http:\/\/localhost\/media\/import\/detail\/HTB1eC2pFVXXXXXjXpXXq6xXFXXX9.jpg\"><\/p>\n<p style=\"text-align:left\"><span style=\"font-family:arial,helvetica,sans-serif\"><strong><span style=\"font-size:16px\">PAR\u00c2METRO:<\/span><\/strong><\/span><\/p>\n<p style=\"text-align:left\">\n<table class=\"aliDataTable\" style=\"height:266px;float:left;width:805px\" border=\"1\">\n<tbody>\n<tr>\n<td><strong>Modelo<\/strong><\/td>\n<td><strong>Tens\u00e3o<\/strong><\/td>\n<td><strong>Frequ\u00eancia<\/strong><\/td>\n<td><strong>Pot\u00eancia<\/td>\n<td><strong>H-max<\/strong><\/td>\n<td><strong>Sa\u00edda<\/strong><\/td>\n<td><strong>Peso<\/strong><\/td>\n<td><strong>Dimens\u00f5es<\/strong><\/td>\n<tr>\n<td>HJ-541<\/td>\n<td>110V\/220V\/240V<\/td>\n<td>50Hz\/60Hz<\/td>\n<td>5W<\/p>\n<td>0,8m<\/td>\n<td>400L\/h<\/td>\n<td>0,2kg<\/td>\n<td>60*56*58mm<\/td>\n<\/tr>\n<tr>\n<td>HJ-741<\/td>\n<td>110V\/220V\/240V<\/td>\n<td>50Hz\/60Hz<\/td>\n<td>8W<\/td>\n<td>1 0,0m<\/td>\n<td>600L\/h<\/td>\n<td>0,35kg<\/td>\n<td>76*66*68mm<\/td>\n<\/tr>\n<tr>\n<td>HJ -941<\/td>\n<td>110V\/220V\/240V<\/td>\n<td>50Hz\/60Hz<\/td>\n<td>16W<\/td>\n<td>1,3m<\/td>\n<td>800L\/h<\/td>\n<td>0,45kg<\/td>\n<td>82*73*75mm<\/td>\n<\/tr>\n<tr>\n<td>HJ-114 1<\/td>\n<td>110V\/220V\/240V<\/td>\n<td>50Hz\/60Hz<\/td>\n<td>22W<\/td>\n<td>1,6m<\/td>\n<td>1000L\/h<\/td>\n<td>0,55kg<\/td>\n<td>92*82*85mm<\/td>\n<\/tr>\n<tr>\n<td>HJ-1541<\/ td><\/p>\n<td>110V\/220V\/240V<\/td>\n<td>50Hz\/60Hz<\/td>\n<td>28W<\/td>\n<td>2,0m<\/td>\n<p>1400L\/h<\/td>\n<td>0,75kg<\/td>\n<td>102*98*100mm<\/td>\n<\/tr>\n<tr>\n<td>HJ-1841<\/ td><\/p>\n<td>110V\/220V\/240V<\/td>\n<td>50Hz\/60Hz<\/td>\n<td>40W<\/td>\n<td>2,5m<\/td>\n<td>1800L\/h<\/td>\n<td>1,0kg<\/td>\n<td>100*106*108mm<\/td>\n<\/tr>\n<\/tbody>\n<\/table>\n<p style=\"text-align:left\"><img decoding=\"async\" alt=\"hj1541 (3).jpg\" src=\"http:\/\/localhost\/media\/import\/detail\/HTB1L2YrFVXXXXbJXXXXq6xXFXXXr.jpg\"><img decoding=\"async\" alt=\"hj1541 (6).jpg\" src=\"http:\/\/localhost\/media\/import\/detail\/HTB1myTjFVXXXXbgXFXXq6xXFXXXI.jpg\"><img decoding=\"async\" alt=\"hj1541 (7).jpg\" src=\"http:\/\/localhost\/media\/import\/detail\/HTB1o3_iFVXXXXcPXFXXq6xXFXXXS.jpg\"><img><strong><span style=\"background-color:#dddddd;color:#333333\"><\/span><\/strong> <\/div>\n","protected":false},"excerpt":{"rendered":"<p>SUNSUN ECO mangueira de jardim bomba de \u00e1gua grande fluxo super silencioso HJ-1541<\/p>\n","protected":false},"featured_media":5578,"comment_status":"open","ping_status":"closed","template":"","meta":[],"product_brand":[],"product_cat":[1374],"product_tag":[],"class_list":{"0":"post-36785","1":"product","2":"type-product","3":"status-publish","4":"has-post-thumbnail","6":"product_cat-bombas-de-agua-e-cabecas-poderosas","8":"first","9":"instock","10":"shipping-taxable","11":"purchasable","12":"product-type-simple"},"_links":{"self":[{"href":"https:\/\/www.myaquastore.com\/pt-br\/wp-json\/wp\/v2\/product\/36785","targetHints":{"allow":["GET"]}}],"collection":[{"href":"https:\/\/www.myaquastore.com\/pt-br\/wp-json\/wp\/v2\/product"}],"about":[{"href":"https:\/\/www.myaquastore.com\/pt-br\/wp-json\/wp\/v2\/types\/product"}],"replies":[{"embeddable":true,"href":"https:\/\/www.myaquastore.com\/pt-br\/wp-json\/wp\/v2\/comments?post=36785"}],"wp:featuredmedia":[{"embeddable":true,"href":"https:\/\/www.myaquastore.com\/pt-br\/wp-json\/wp\/v2\/media\/5578"}],"wp:attachment":[{"href":"https:\/\/www.myaquastore.com\/pt-br\/wp-json\/wp\/v2\/media?parent=36785"}],"wp:term":[{"taxonomy":"product_brand","embeddable":true,"href":"https:\/\/www.myaquastore.com\/pt-br\/wp-json\/wp\/v2\/product_brand?post=36785"},{"taxonomy":"product_cat","embeddable":true,"href":"https:\/\/www.myaquastore.com\/pt-br\/wp-json\/wp\/v2\/product_cat?post=36785"},{"taxonomy":"product_tag","embeddable":true,"href":"https:\/\/www.myaquastore.com\/pt-br\/wp-json\/wp\/v2\/product_tag?post=36785"}],"curies":[{"name":"wp","href":"https:\/\/api.w.org\/{rel}","templated":true}]}}