{"id":36803,"date":"2016-09-25T23:28:31","date_gmt":"2016-09-25T23:28:31","guid":{"rendered":"https:\/\/www.myaquastore.com\/product\/bomba-de-agua-koi-pond-jtp-18000r-de-decoracao-150w\/"},"modified":"2025-03-16T08:44:31","modified_gmt":"2025-03-16T08:44:31","slug":"bomba-de-agua-koi-pond-jtp-18000r-de-decoracao-150w","status":"publish","type":"product","link":"https:\/\/www.myaquastore.com\/pt-br\/produto\/bomba-de-agua-koi-pond-jtp-18000r-de-decoracao-150w\/","title":{"rendered":"Bomba de \u00e1gua Koi Pond JTP-18000R de decora\u00e7\u00e3o 150w"},"content":{"rendered":"<div style=\"clear:both\"><\/div>\n<p style=\"text-align:center\"><span style=\"font-size:24px;font-family:tahoma,arial,helvetica,sans-serif;color:#ff6600\"><em><strong><span style=\"color:#ff0000\"><span style=\"color:#000080\"><span style=\"color:#0000ff\">Bomba de \u00e1gua para lago Koi de decora\u00e7\u00e3o de 150w <\/span> <\/span><\/span><\/strong><\/em><\/span><\/p>\n<div id=\"ali-anchor-AliPostDhMb-s4jtq\" style=\"padding-top:8px\" data-section-title=\"Descri\u00e7\u00e3o do produto\" data-section=\"AliPostDhMb-s4jtq\">\n<div id=\"ali-title-AliPostDhMb-s4jtq\" style=\"border-bottom:#ddd 1px solid;padding-bottom:8px;padding-top:8px;padding-left:0px;padding-right:0px\"><span style=\"font-weight:bold;color:#333;padding-bottom:8px;padding-top:8px;padding-left:10px;line-height:12px;padding-right:10px;background-color:#ddd\">Descri\u00e7\u00e3o do produto<\/span><\/div>\n<div style=\"padding-bottom:10px;padding-top:10px;padding-left:0px;padding-right:0px\">\n<p style=\"text-align:center\">\n<\/div>\n<\/div>\n<p style=\"text-align:center\"><span style=\"font-size:14px;font-family:tahoma,arial,helvetica,sans-serif;color:#ff6600\"><em><strong>Especifica\u00e7\u00f5es<\/strong><\/em><\/span><\/p>\n<p style=\"text-align:center\"><span style=\"font-size:14px;font-family:tahoma,arial,helvetica,sans-serif;color:#ff6600\"><em><strong>1.Design novo e generoso, use a tecnologia de frequ\u00eancia vari\u00e1vel;pequena pot\u00eancia, grande fluxo, cabe\u00e7a alta, super bastante e pode ser usado no mar ou em terra.<\/strong><\/em><\/span><\/p>\n<p style=\"text-align:center\">\n<p style=\"text-align:center\"><span style=\"font-size:14px;font-family:tahoma,arial,helvetica,sans-serif;color:#ff6600\"><em><strong>2. Use eixo de cer\u00e2mica, resist\u00eancia ao desgaste, n\u00e3o ferrugem, longa vida \u00fatil, adequado para \u00e1gua doce e do mar, n\u00e3o cont\u00e9m elemento de cobre.<\/strong><\/em><\/span><\/p>\n<p style=\"text-align:center\">\n<p style=\"text-align:center\"><span style=\"font-size:14px;font-family:tahoma,arial,helvetica,sans-serif;color:#ff6600\"><em><strong>3. Este produto realiza demoli\u00e7\u00e3o de ferramenta gratuita, f\u00e1cil de limpar. para uma variedade de conex\u00f5es de di\u00e2metro de tubo.<\/strong><\/em><\/span><\/p>\n<p style=\"text-align:center\">\n<p style=\"text-align:center\"><span style=\"font-size:14px;font-family:tahoma,arial,helvetica,sans-serif;color:#ff6600\"><em><strong>5.A fun\u00e7\u00e3o de prote\u00e7\u00e3o do rotor bloqueado (corta imediatamente a energia ap\u00f3s a folha de \u00e1gua est\u00e1 bloqueada)<\/strong><\/em><\/span><\/p>\n<p style=\"text-align:center\">\n<p style=\"text-align:center\"><span style=\"color:#000080\"><em><span style=\"font-size:14px\"><strong>Tantos tipos aqui para voc\u00ea escolher o certo!<\/strong><\/span><\/em><\/span><\/p>\n<p style=\"text-align:center\">\n<table class=\"aliDataTable\" style=\"height:403px;margin-left:auto;width:652px;margin-right:auto\">\n<tbody>\n<tr align=\"left\">\n<td style=\"width:53.25pt\" valign=\"top\">\n<p><span style=\"font-size:10.5pt\">Modelo<\/span><\/p>\n<\/td>\n<td style=\"width:53.25pt\" valign=\"top\">\n<p><span style=\"font-size:10.5pt\">Tens\u00e3o<\/span><\/p>\n<\/td>\n<td style=\"width:53.25pt\" valign=\"top\">\n<p><span style=\"font-size:10.5pt\">Frequ\u00eancia<\/span><\/p>\n<\/td>\n<td style=\"width:53.25pt\" valign=\"top\">\n<p><span style=\"font-size:10.5pt\">Pot\u00eancia<\/span><\/p>\n<\/td>\n<td style=\"width:53.25pt\" valign=\"top\">\n<p><span style=\"font-size:10.5pt\">H-m\u00e1x<\/span><\/p>\n<\/td>\n<td style=\"width:53.25pt\" valign=\"top\">\n<p><span style=\"font-size:10.5pt\">Sa\u00edda<\/span><\/p>\n<\/td>\n<td style=\"width:53.3pt\" valign=\"top\">\n<p><span style=\"font-size:10.5pt\">Altura da entrada<\/span><\/p>\n<\/td>\n<td style=\"width:53.3pt\" valign=\"top\">\n<p><span style=\"font-size:10.5pt\">Dimens\u00f5es<\/span><\/p>\n<\/td>\n<\/tr>\n<tr align=\"left\">\n<td valign=\"top\">\n<p><span style=\"font-size:10.5pt\">JTP-4000R<\/span><\/p>\n<\/td>\n<td valign=\"top\">\n<p><span style=\"font-size:10.5pt\">110V\/220V\/240V<\/span><\/p>\n<\/td>\n<td valign=\"top\">\n<p><span style=\"font-size:9pt;font-family:'Verdana';background:#ffffff;color:#000000\">50Hz\/60Hz<\/span><\/p>\n<\/td>\n<td valign=\"top\">\n<p><span style=\"font-size:10.5pt\">25W<\/span><\/p>\n<\/td>\n<td valign=\"top\">\n<p><span style=\"font-size:10.5pt\">3,2m<\/span><\/p>\n<\/td>\n<td valign=\"top\">\n<p><span style=\"font-size:10.5pt\">4000L\/h<\/span><\/p>\n<\/td>\n<td valign=\"top\">\n<p><span style=\"font-size:10.5pt\">65mm<\/span><\/p>\n<\/td>\n<td valign=\"top\">\n<p><span style=\"font-size:10.5pt\">252*123*137mm<\/span><\/p>\n<\/td>\n<\/tr>\n<tr align=\"left\">\n<td valign=\"top\">\n<p><span style=\"font-size:10.5pt\">JTP-5000R<\/span><\/p>\n<\/td>\n<td valign=\"top\">\n<p><span style=\"font-size:10.5pt\">110V\/220V\/240V<\/span><\/p>\n<\/td>\n<td valign=\"top\">\n<p><span style=\"font-size:9pt;font-family:'Verdana';background:#ffffff;color:#000000\">50Hz\/60Hz<\/span><\/p>\n<\/td>\n<td valign=\"top\">\n<p><span style=\"font-size:10.5pt\">30W<\/span><\/p>\n<\/td>\n<td valign=\"top\">\n<p><span style=\"font-size:10.5pt\">3,6m<\/span><\/p>\n<\/td>\n<td valign=\"top\">\n<p><span style=\"font-size:10.5pt\">5000L\/h<\/span><\/p>\n<\/td>\n<td valign=\"top\">\n<p><span style=\"font-size:10.5pt\">65mm<\/span><\/p>\n<\/td>\n<td valign=\"top\">\n<p><span style=\"font-size:10.5pt\">252*123*137mm<\/span><\/p>\n<\/td>\n<\/tr>\n<tr align=\"left\">\n<td valign=\"top\">\n<p><span style=\"font-size:10.5pt\">JTP-6000R<\/span><\/p>\n<\/td>\n<td valign=\"top\">\n<p><span style=\"font-size:10.5pt\">110V\/220V\/240V<\/span><\/p>\n<\/td>\n<td valign=\"top\">\n<p><span style=\"font-size:9pt;font-family:'Verdana';background:#ffffff;color:#000000\">50Hz\/60Hz<\/span><\/p>\n<\/td>\n<td valign=\"top\">\n<p><span style=\"font-size:10.5pt\">40W<\/span><\/p>\n<\/td>\n<td valign=\"top\">\n<p><span style=\"font-size:10.5pt\">4,0m<\/span><\/p>\n<\/td>\n<td valign=\"top\">\n<p><span style=\"font-size:10.5pt\">6000L\/h<\/span><\/p>\n<\/td>\n<td valign=\"top\">\n<p><span style=\"font-size:10.5pt\">65mm<\/span><\/p>\n<\/td>\n<td valign=\"top\">\n<p><span style=\"font-size:10.5pt\">252*123*137mm<\/span><\/p>\n<\/td>\n<\/tr>\n<tr align=\"left\">\n<td valign=\"top\">\n<p><span style=\"font-size:10.5pt\">JTP-7000R<\/span><\/p>\n<\/td>\n<td valign=\"top\">\n<p><span style=\"font-size:10.5pt\">110V\/220V\/240V<\/span><\/p>\n<\/td>\n<td valign=\"top\">\n<p><span style=\"font-size:9pt;font-family:'Verdana';background:#ffffff;color:#000000\">50Hz\/60Hz<\/span><\/p>\n<\/td>\n<td valign=\"top\">\n<p><span style=\"font-size:10.5pt\">50W<\/span><\/p>\n<\/td>\n<td valign=\"top\">\n<p><span style=\"font-size:10.5pt\">4,4m<\/span><\/p>\n<\/td>\n<td valign=\"top\">\n<p><span style=\"font-size:10.5pt\">7000L\/h<\/span><\/p>\n<\/td>\n<td valign=\"top\">\n<p><span style=\"font-size:10.5pt\">65mm<\/span><\/p>\n<\/td>\n<td valign=\"top\">\n<p><span style=\"font-size:10.5pt\">252*123*137mm<\/span><\/p>\n<\/td>\n<\/tr>\n<tr align=\"left\">\n<td valign=\"top\">\n<p><span style=\"font-size:10.5pt\">JTP-8000R<\/span><\/p>\n<\/td>\n<td valign=\"top\">\n<p><span style=\"font-size:10.5pt\">110V\/220V\/240V<\/span><\/p>\n<\/td>\n<td valign=\"top\">\n<p><span style=\"font-size:9pt;font-family:'Verdana';background:#ffffff;color:#000000\">50Hz\/60Hz<\/span><\/p>\n<\/td>\n<td valign=\"top\">\n<p><span style=\"font-size:10.5pt\">60W<\/span><\/p>\n<\/td>\n<td valign=\"top\">\n<p><span style=\"font-size:10.5pt\">4,8m<\/span><\/p>\n<\/td>\n<td valign=\"top\">\n<p><span style=\"font-size:10.5pt\">8000L\/h<\/span><\/p>\n<\/td>\n<td valign=\"top\">\n<p><span style=\"font-size:10.5pt\">65mm<\/span><\/p>\n<\/td>\n<td valign=\"top\">\n<p><span style=\"font-size:10.5pt\">252*123*137mm<\/span><\/p>\n<\/td>\n<\/tr>\n<tr align=\"left\">\n<td valign=\"top\">\n<p><span style=\"font-size:10.5pt\">JTP-9000R<\/span><\/p>\n<\/td>\n<td valign=\"top\">\n<p><span style=\"font-size:10.5pt\">110V\/220V\/240V<\/span><\/p>\n<\/td>\n<td valign=\"top\">\n<p><span style=\"font-size:9pt;font-family:'Verdana';background:#ffffff;color:#000000\">50Hz\/60Hz<\/span><\/p>\n<\/td>\n<td valign=\"top\">\n<p><span style=\"font-size:10.5pt\">70W<\/span><\/p>\n<\/td>\n<td valign=\"top\">\n<p><span style=\"font-size:10.5pt\">5,2m<\/span><\/p>\n<\/td>\n<td valign=\"top\">\n<p><span style=\"font-size:10.5pt\">9000L\/h<\/span><\/p>\n<\/td>\n<td valign=\"top\">\n<p><span style=\"font-size:10.5pt\">65mm<\/span><\/p>\n<\/td>\n<td valign=\"top\">\n<p><span style=\"font-size:10.5pt\">252*123*137mm<\/span><\/p>\n<\/td>\n<\/tr>\n<tr align=\"left\">\n<td valign=\"top\">\n<p><span style=\"font-size:10.5pt\">JTP-10000R<\/span><\/p>\n<\/td>\n<td valign=\"top\">\n<p><span style=\"font-size:10.5pt\">110V\/220V\/240V<\/span><\/p>\n<\/td>\n<td valign=\"top\">\n<p><span style=\"font-size:9pt;font-family:'Verdana';background:#ffffff;color:#000000\">50Hz\/60Hz<\/span><\/p>\n<\/td>\n<td valign=\"top\">\n<p><span style=\"font-size:10.5pt\">85W<\/span><\/p>\n<\/td>\n<td valign=\"top\">\n<p><span style=\"font-size:10.5pt\">5,8m<\/span><\/p>\n<\/td>\n<td valign=\"top\">\n<p><span style=\"font-size:10.5pt\">10000L\/h<\/span><\/p>\n<\/td>\n<td valign=\"top\">\n<p><span style=\"font-size:10.5pt\">72mm<\/span><\/p>\n<\/td>\n<td valign=\"top\">\n<p><span style=\"font-size:10.5pt\">285*142*138mm<\/span><\/p>\n<\/td>\n<\/tr>\n<tr align=\"left\">\n<td valign=\"top\">\n<p><span style=\"font-size:10.5pt\">JTP-12000R<\/span><\/p>\n<\/td>\n<td valign=\"top\">\n<p><span style=\"font-size:10.5pt\">110V\/220V\/240V<\/span><\/p>\n<\/td>\n<td valign=\"top\">\n<p><span style=\"font-size:9pt;font-family:'Verdana';background:#ffffff;color:#000000\">50Hz\/60Hz<\/span><\/p>\n<\/td>\n<td valign=\"top\">\n<p><span style=\"font-size:10.5pt\">100W<\/span><\/p>\n<\/td>\n<td valign=\"top\">\n<p><span style=\"font-size:10.5pt\">6,2m<\/span><\/p>\n<\/td>\n<td valign=\"top\">\n<p><span style=\"font-size:10.5pt\">12000L\/h<\/span><\/p>\n<\/td>\n<td valign=\"top\">\n<p><span style=\"font-size:10.5pt\">72mm<\/span><\/p>\n<\/td>\n<td valign=\"top\">\n<p><span style=\"font-size:10.5pt\">285*142*138mm<\/span><\/p>\n<\/td>\n<\/tr>\n<tr align=\"left\">\n<td valign=\"top\">\n<p><span style=\"font-size:10.5pt\">JTP-15000R<\/span><\/p>\n<\/td>\n<td valign=\"top\">\n<p><span style=\"font-size:10.5pt\">110V\/220V\/240V<\/span><\/p>\n<\/td>\n<td valign=\"top\">\n<p><span style=\"font-size:9pt;font-family:'Verdana';background:#ffffff;color:#000000\">50Hz\/60Hz<\/span><\/p>\n<\/td>\n<td valign=\"top\">\n<p><span style=\"font-size:10.5pt\">120W<\/span><\/p>\n<\/td>\n<td valign=\"top\">\n<p><span style=\"font-size:10.5pt\">6,6m<\/span><\/p>\n<\/td>\n<td valign=\"top\">\n<p><span style=\"font-size:10.5pt\">15000L\/h<\/span><\/p>\n<\/td>\n<td valign=\"top\">\n<p><span style=\"font-size:10.5pt\">72mm<\/span><\/p>\n<\/td>\n<td valign=\"top\">\n<p><span style=\"font-size:10.5pt\">285*142*138mm<\/span><\/p>\n<\/td>\n<\/tr>\n<tr align=\"left\">\n<td valign=\"top\">\n<p><span style=\"font-size:10.5pt\">JTP-18000R<\/span><\/p>\n<\/td>\n<td valign=\"top\">\n<p><span style=\"font-size:10.5pt\">110V\/220V\/240V<\/span><\/p>\n<\/td>\n<td valign=\"top\">\n<p><span style=\"font-size:9pt;font-family:'Verdana';background:#ffffff;color:#000000\">50Hz\/60Hz<\/span><\/p>\n<\/td>\n<td valign=\"top\">\n<p><span style=\"font-size:10.5pt\">150W<\/span><\/p>\n<\/td>\n<td valign=\"top\">\n<p><span style=\"font-size:10.5pt\">7,0m<\/span><\/p>\n<\/td>\n<td valign=\"top\">\n<p><span style=\"font-size:10.5pt\">18000L\/h<\/span><\/p>\n<\/td>\n<td valign=\"top\">\n<p><span style=\"font-size:10.5pt\">72mm<\/span><\/p>\n<\/td>\n<td valign=\"top\">\n<p><span style=\"font-size:10.5pt\">285*142*138mm<\/span><\/p>\n<\/td>\n<\/tr>\n<\/tbody>\n<\/table>\n<p style=\"text-align:center\"><span style=\"font-size:14px\"><strong><em><span style=\"color:#000080\">JTP R<\/span><\/em><\/strong><span style=\"color:#000080\"><em><strong> tipos de bombas de \u00e1gua de frequ\u00eancia<\/strong><\/em><\/span><\/span><\/p>\n<p style=\"text-align:center\"><span style=\"font-size:14px\"><em><strong><span style=\"color:#3366ff\"><img loading=\"lazy\" decoding=\"async\" alt=\"150w Decora\u00e7\u00e3o Koi Pond Bomba de \u00e1gua\" src=\"http:\/\/localhost\/media\/import\/detail\/532270903_677.jpg\" width=\"611\" height=\"378\"><img loading=\"lazy\" decoding=\"async\" alt=\"150w Decora\u00e7\u00e3o Koi Pond Water Pump\" src=\"http:\/\/localhost\/media\/import\/detail\/532270904_450.jpg\" width=\"606\" height=\"346\"><img loading=\"lazy\" decoding=\"async\" alt=\"150w Decora\u00e7\u00e3o Koi Pond Water Pump\" src=\"http:\/\/localhost\/media\/import\/detail\/532270907_757.jpg\" width=\"605\" height=\"352\"><\/span><\/strong><\/em><\/span><\/p>\n<p style=\"text-align:center\">\n<p style=\"text-align:center\"><span style=\"font-size:14px\"><em><strong><span style=\"color:#000080\">Bombas de \u00e1gua de frequ\u00eancia da s\u00e9rie JTP<\/span><\/strong><\/em><\/span><\/p>\n<p style=\"text-align:center\">\n<p style=\"text-align:center\"><img loading=\"lazy\" decoding=\"async\" alt=\"150w Decora\u00e7\u00e3o Koi Pond Bomba de \u00e1gua\" src=\"http:\/\/localhost\/media\/import\/detail\/532306714_528.jpg\" width=\"606\" height=\"438\"><img loading=\"lazy\" decoding=\"async\" alt=\"Bomba de \u00e1gua para lago de Koi para decora\u00e7\u00e3o de 150w\" src=\"http:\/\/localhost\/media\/import\/detail\/532306715_563.jpg\" width=\"604\" height=\"355\"><img loading=\"lazy\" decoding=\"async\" alt=\"Bomba de \u00e1gua para lago de carpas para decora\u00e7\u00e3o de 150w\" src=\"http:\/\/localhost\/media\/import\/detail\/532306716_565.jpg\" width=\"610\" height=\"357\"><\/p>\n<p style=\"text-align:center\"><img loading=\"lazy\" decoding=\"async\" alt=\"150w Decora\u00e7\u00e3o Koi Pond Bomba de \u00e1gua\" src=\"http:\/\/localhost\/media\/import\/detail\/532343753_964.jpg\" width=\"625\" height=\"267\"><\/p>\n<p style=\"text-align:center\">\n<p style=\"text-align:center\"><span style=\"font-size:14px;color:#000080\"><em><strong>Aplica\u00e7\u00f5es pr\u00e1ticas: tantas fun\u00e7\u00f5es, primeiro voc\u00ea pode us\u00e1-lo na \u00e1gua ou em <\/strong><\/em><\/span><span style=\"font-size:14px;color:#000080\"><em><strong>terra.<\/strong><\/em><\/span><\/p>\n<p style=\"text-align:center\"><span style=\"font-size:14px;color:#000080\"><em><strong> em segundo lugar, em um lago de decora\u00e7\u00e3o de jardim ou em um lago com peixes koi, adicionando <\/strong><\/em><\/span><\/p>\n<p style=\"text-align:center\"><span style=\"font-size:14px;color:#000080\"><em><strong> mais especifica\u00e7\u00f5es ao seu lindo jardim!!!<\/strong><\/em><\/span><\/p>\n<p style=\"text-align:center\"><span style=\"font-size:14px;color:#000080\"><em><strong> <img loading=\"lazy\" decoding=\"async\" alt=\"150w Decora\u00e7\u00e3o Koi Pond Bomba de \u00e1gua\" src=\"http:\/\/localhost\/media\/import\/detail\/532151758_563.jpg\" width=\"591\" height=\"359\"> <\/strong><\/em><\/span><\/p>\n<p style=\"text-align:center\"><span style=\"font-size:14px;color:#000080\"><em><strong> <img decoding=\"async\" alt=\"150w Decora\u00e7\u00e3o Koi Pond Bomba de \u00e1gua\" src=\"http:\/\/localhost\/media\/import\/detail\/532151751_498.jpg\"><\/strong><\/em><\/span><\/p>\n<p style=\"text-align:center\">\n<div id=\"ali-anchor-AliPostDhMb-1rqvl\" style=\"padding-top:8px\" data-section-title=\"Informa\u00e7\u00f5es da empresa\" data-section=\"AliPostDhMb-1rqvl\"> <\/div>\n","protected":false},"excerpt":{"rendered":"<p>Bomba de \u00e1gua Koi Pond JTP-18000R de decora\u00e7\u00e3o 150w<\/p>\n","protected":false},"featured_media":5613,"comment_status":"open","ping_status":"closed","template":"","meta":[],"product_brand":[],"product_cat":[1374],"product_tag":[],"class_list":{"0":"post-36803","1":"product","2":"type-product","3":"status-publish","4":"has-post-thumbnail","6":"product_cat-bombas-de-agua-e-cabecas-poderosas","8":"first","9":"instock","10":"shipping-taxable","11":"purchasable","12":"product-type-simple"},"_links":{"self":[{"href":"https:\/\/www.myaquastore.com\/pt-br\/wp-json\/wp\/v2\/product\/36803","targetHints":{"allow":["GET"]}}],"collection":[{"href":"https:\/\/www.myaquastore.com\/pt-br\/wp-json\/wp\/v2\/product"}],"about":[{"href":"https:\/\/www.myaquastore.com\/pt-br\/wp-json\/wp\/v2\/types\/product"}],"replies":[{"embeddable":true,"href":"https:\/\/www.myaquastore.com\/pt-br\/wp-json\/wp\/v2\/comments?post=36803"}],"wp:featuredmedia":[{"embeddable":true,"href":"https:\/\/www.myaquastore.com\/pt-br\/wp-json\/wp\/v2\/media\/5613"}],"wp:attachment":[{"href":"https:\/\/www.myaquastore.com\/pt-br\/wp-json\/wp\/v2\/media?parent=36803"}],"wp:term":[{"taxonomy":"product_brand","embeddable":true,"href":"https:\/\/www.myaquastore.com\/pt-br\/wp-json\/wp\/v2\/product_brand?post=36803"},{"taxonomy":"product_cat","embeddable":true,"href":"https:\/\/www.myaquastore.com\/pt-br\/wp-json\/wp\/v2\/product_cat?post=36803"},{"taxonomy":"product_tag","embeddable":true,"href":"https:\/\/www.myaquastore.com\/pt-br\/wp-json\/wp\/v2\/product_tag?post=36803"}],"curies":[{"name":"wp","href":"https:\/\/api.w.org\/{rel}","templated":true}]}}