{"id":36809,"date":"2016-09-25T23:28:32","date_gmt":"2016-09-25T23:28:32","guid":{"rendered":"https:\/\/www.myaquastore.com\/product\/50w-7000l-h-sunsun-bomba-de-agua-do-jardim-lagoa-agua-fonte-bomba-submersivel-aquario-lagoa-bomba-jtp-7000\/"},"modified":"2025-03-16T08:44:32","modified_gmt":"2025-03-16T08:44:32","slug":"50w-7000l-h-sunsun-bomba-de-agua-do-jardim-lagoa-agua-fonte-bomba-submersivel-aquario-lagoa-bomba-jtp-7000","status":"publish","type":"product","link":"https:\/\/www.myaquastore.com\/pt-br\/produto\/50w-7000l-h-sunsun-bomba-de-agua-do-jardim-lagoa-agua-fonte-bomba-submersivel-aquario-lagoa-bomba-jtp-7000\/","title":{"rendered":"50w 7000l\/h sunsun bomba de \u00e1gua do jardim lagoa \u00e1gua &amp; fonte bomba submers\u00edvel aqu\u00e1rio lagoa bomba JTP-7000"},"content":{"rendered":"<div style=\"clear:both\"><\/div>\n<div id=\"ali-anchor-AliPostDhMb-medwx\" style=\"padding-top:8px\" data-section-title=\"start\" data-section=\"AliPostDhMb-medwx\">\n<div id=\"ali-title-AliPostDhMb-medwx\" style=\"border-bottom:#ddd 1px solid;padding-bottom:8px;padding-top:8px;padding-left:0px;padding-right:0px\"> <\/div>\n<p><span><\/span><\/p>\n<\/div>\n<p><em><strong><span style=\"font-size:24px\"><span style=\"background-color:#ffff00\">50w 7000L\/h SUNSUN Bomba de \u00e1gua para jardim Bomba de \u00e1gua para lagoa e bomba de fonte Bomba submers\u00edvel para lago de aqu\u00e1rio<\/span><\/span><\/strong><\/em><\/p>\n<\/p>\n<p><span style=\"color:#00ccff;background-color:#ffffff\"><strong><span style=\"font-size:24px\">1.<strong><span style=\"font-size:24px\">Caracter\u00edsticas sobre a bomba de lagoa de aqu\u00e1rio <\/span><\/strong><\/span><\/strong><\/span><\/p>\n<p><span style=\"font-size:18px\">Design de apar\u00eancia fluida, estrutura razo\u00e1vel e alta efici\u00eancia;<\/span><\/p>\n<p><span style=\"font-size:large\">Ele usa n\u00facleo de eixo resistente ao desgaste de alta resist\u00eancia, tem economia de energia altamente eficiente e longa vida \u00fatil;<\/span><\/p>\n<p><span style=\"font-size:large\">Voc\u00ea pode us\u00e1-lo como bombeamento e fonte.<\/span><\/p>\n<\/p>\n<p><span style=\"color:#00ccff;background-color:#ffffff\"><strong><span style=\"font-size:24px\">2.Descri\u00e7\u00e3o do produto<\/span><\/strong><span style=\"font-size:18px\"> <\/span><\/span><\/p>\n<p><span style=\"font-size:18px\">Esta bomba para lago de aqu\u00e1rio \u00e9 fornecida com uma vasta sele\u00e7\u00e3o de fontes alternativas e dar\u00e1 a qualquer lago aquele toque profissional. Esta bomba pode ser usada para bombear \u00e1gua diretamente para o seu sistema de filtragem ou, alternativamente, para um recurso de \u00e1gua, bem como para o sistema de fonte inclu\u00eddo, para que voc\u00ea possa usar a bomba para mover \u00e1gua para ambos ao mesmo tempo, se necess\u00e1rio. show<\/strong><\/span><\/p>\n<p><img loading=\"lazy\" decoding=\"async\" alt=\"50w 7000L\/h SUNSUN Bomba de \u00e1gua para jardim Bomba de \u00e1gua e fonte para lago Bomba submers\u00edvel para lago para aqu\u00e1rio\" src=\"http:\/\/localhost\/media\/import\/detail\/754947644_715.jpg\" width=\"600\" height=\"600\"><img loading=\"lazy\" decoding=\"async\" alt=\"50w 7000L \/ h SUNSUN Bomba de \u00e1gua para jardim Bomba de \u00e1gua e fonte para lago Bomba submers\u00edvel para aqu\u00e1rio\" src=\"http:\/\/localhost\/media\/import\/detail\/754947649_426.jpg\" width=\"600\" height=\"600\"><\/p>\n<p><img loading=\"lazy\" decoding=\"async\" alt=\"50w 7000L \/ h SUNSUN Bomba de \u00e1gua para jardim Bomba de \u00e1gua para lago e fonte Bomba submers\u00edvel para aqu\u00e1rio para lago\" src=\"http:\/\/localhost\/media\/import\/detail\/747985555_930.jpg\" width=\"600\" height=\"600\"><img decoding=\"async\" alt=\"50w 7000L\/h SUNSUN Bomba de \u00e1gua para jardim Lagoa de \u00e1gua e Bomba de fonte Bomba submers\u00edvel para lago de aqu\u00e1rio\" src=\"http:\/\/localhost\/media\/import\/detail\/561501565_957.jpg\"><\/p>\n<\/p>\n<p><span style=\"color:#00ccff;background-color:#ffffff\"><strong><span style=\"font-size:24px\">4.Outra bomba para lago de aqu\u00e1rio <\/span><\/strong><\/span><\/p>\n<\/p>\n<p> <img loading=\"lazy\" decoding=\"async\" alt=\"50w 7000L\/h SUNSUN Bomba de \u00e1gua para jardim Bomba de \u00e1gua para lagoa e fonte Bomba submers\u00edvel para aqu\u00e1rio\" src=\"http:\/\/localhost\/media\/import\/detail\/754997723_559.jpg\" width=\"600\" height=\"600\"><img decoding=\"async\" alt=\"50w 7000L \/ h SUNSUN Bomba de \u00e1gua para jardim Bomba de \u00e1gua e fonte para lago Bomba submers\u00edvel para lago para aqu\u00e1rio\" src=\"http:\/\/localhost\/media\/import\/detail\/755064972_483.jpg\"><img loading=\"lazy\" decoding=\"async\" alt=\"50w 7000L\/h SUNSUN Bomba de \u00e1gua para jardim Bomba de \u00e1gua para lago e fonte Bomba submers\u00edvel para aqu\u00e1rio\" src=\"http:\/\/localhost\/media\/import\/detail\/754980572_171.jpg\" width=\"600\" height=\"600\"><\/p>\n<\/p>\n<p><span style=\"color:#00ccff;background-color:#ffffff\"><strong><span style=\"font-size:24px\">5.Par\u00e2metro da bomba para lagoa de aqu\u00e1rio<\/span><\/strong><\/span><\/p>\n<p> <img loading=\"lazy\" decoding=\"async\" alt=\"50w 7000L\/h SUNSUN Bomba de \u00e1gua para jardim Bomba de \u00e1gua e fonte Bomba submers\u00edvel para lagoa de aqu\u00e1rio\" src=\"http:\/\/localhost\/media\/import\/detail\/750049600_258.jpg\" width=\"687\" height=\"295\"><\/p>\n<p style=\"background:white\">\n<div id=\"ali-anchor-AliPostDhMb-emwv3\" style=\"padding-top:8px\" data-section-title=\"Informa\u00e7\u00f5es da empresa\" data-section=\"AliPostDhMb-emwv3\"> <\/div>\n","protected":false},"excerpt":{"rendered":"<p>50w 7000l\/h sunsun bomba de \u00e1gua do jardim lagoa \u00e1gua &amp; fonte bomba submers\u00edvel aqu\u00e1rio lagoa bomba JTP-7000<\/p>\n","protected":false},"featured_media":5625,"comment_status":"open","ping_status":"closed","template":"","meta":[],"product_brand":[],"product_cat":[1374],"product_tag":[],"class_list":{"0":"post-36809","1":"product","2":"type-product","3":"status-publish","4":"has-post-thumbnail","6":"product_cat-bombas-de-agua-e-cabecas-poderosas","8":"first","9":"instock","10":"shipping-taxable","11":"purchasable","12":"product-type-simple"},"_links":{"self":[{"href":"https:\/\/www.myaquastore.com\/pt-br\/wp-json\/wp\/v2\/product\/36809","targetHints":{"allow":["GET"]}}],"collection":[{"href":"https:\/\/www.myaquastore.com\/pt-br\/wp-json\/wp\/v2\/product"}],"about":[{"href":"https:\/\/www.myaquastore.com\/pt-br\/wp-json\/wp\/v2\/types\/product"}],"replies":[{"embeddable":true,"href":"https:\/\/www.myaquastore.com\/pt-br\/wp-json\/wp\/v2\/comments?post=36809"}],"wp:featuredmedia":[{"embeddable":true,"href":"https:\/\/www.myaquastore.com\/pt-br\/wp-json\/wp\/v2\/media\/5625"}],"wp:attachment":[{"href":"https:\/\/www.myaquastore.com\/pt-br\/wp-json\/wp\/v2\/media?parent=36809"}],"wp:term":[{"taxonomy":"product_brand","embeddable":true,"href":"https:\/\/www.myaquastore.com\/pt-br\/wp-json\/wp\/v2\/product_brand?post=36809"},{"taxonomy":"product_cat","embeddable":true,"href":"https:\/\/www.myaquastore.com\/pt-br\/wp-json\/wp\/v2\/product_cat?post=36809"},{"taxonomy":"product_tag","embeddable":true,"href":"https:\/\/www.myaquastore.com\/pt-br\/wp-json\/wp\/v2\/product_tag?post=36809"}],"curies":[{"name":"wp","href":"https:\/\/api.w.org\/{rel}","templated":true}]}}