{"id":36824,"date":"2016-09-25T23:28:32","date_gmt":"2016-09-25T23:28:32","guid":{"rendered":"https:\/\/www.myaquastore.com\/product\/bomba-de-ar-silenciosa-com-fluxo-de-ar-ajustavel-para-aquario-4-saidas-13w-hp-1116\/"},"modified":"2025-03-16T08:44:36","modified_gmt":"2025-03-16T08:44:36","slug":"bomba-de-ar-silenciosa-com-fluxo-de-ar-ajustavel-para-aquario-4-saidas-13w-hp-1116","status":"publish","type":"product","link":"https:\/\/www.myaquastore.com\/pt-br\/produto\/bomba-de-ar-silenciosa-com-fluxo-de-ar-ajustavel-para-aquario-4-saidas-13w-hp-1116\/","title":{"rendered":"Bomba de ar silenciosa com fluxo de ar ajust\u00e1vel para aqu\u00e1rio 4 sa\u00eddas 13W HP-1116"},"content":{"rendered":"<div style=\"clear:both\"><\/div>\n<p><span style=\"font-size:18px\"><span style=\"font-size:16px\"><strong>Bomba de ar silenciosa com fluxo de ar ajust\u00e1vel para aqu\u00e1rio, 4 sa\u00eddas 13W HP-1116<\/strong><\/span><em><strong> <\/strong><\/em><\/span> <\/p>\n<\/p>\n<p><span style=\"font-size:12px\"><strong>Especifica\u00e7\u00f5es:<\/strong><\/span><\/p>\n<p><span style=\"font-size:12px\"><strong>1. Sistema de baixo ru\u00eddo;<\/strong><\/span><\/p>\n<p><span style=\"font-size:12px\"><strong>2. Ar comprimido puro;<\/strong><\/span><\/p>\n<p><span style=\"font-size:12px\"><strong>3. Alta efici\u00eancia e produ\u00e7\u00e3o extraordin\u00e1ria;<\/strong><\/span><\/p>\n<p><span style=\"font-size:12px\"><strong>4. Baixo consumo de energia, baixo custo;<\/strong><\/span><\/p>\n<p><span style=\"font-size:12px\"><strong>5. Opera\u00e7\u00e3o cont\u00ednua e longa vida \u00fatil.<\/strong><\/span><\/p>\n<\/p>\n<p><span style=\"font-size:14px\"><strong>Par\u00e2metros de bombas de ar silenciosas com fluxo de ar ajust\u00e1vel<\/strong><\/span><\/p>\n<table class=\"aliDataTable\" style=\"width:80%\" border=\"4\">\n<tbody>\n<tr>\n<td>Modelo<\/td>\n<td>Tens\u00e3o<\/td>\n<td>Pot\u00eancia<\/td>\n<td>Press\u00e3o<\/td>\n<td>Sa\u00edda<\/td>\n<td>Peso<\/td>\n<td>Dimens\u00f5es<\/td>\n<\/tr>\n<tr>\n<td>HP-100<\/td>\n<td>220V\/50Hz<\/td>\n<p>2,5W<\/td>\n<td>0,01MPa<\/td>\n<td>1,5L\/min<\/td>\n<td>0,2kg<\/td>\n<td>105*70*55mm<\/td>\n<\/tr>\n<tr>\n<td>HP-200<\/td>\n<td>220V\/50Hz<\/td>\n<td>2,5W<\/td>\n<td>0,01MPa<\/td>\n<td>1,8L\/min<\/td>\n<td>0,25kg<\/td>\n<td>135*70*55mm<\/td>\n<\/tr>\n<tr>\n<td>HP-400<\/td>\n<td>220V\/50Hz<\/td>\n<td>4W<\/td>\n<td>0,01MPa <\/td>\n<td>3,5L\/min<\/td>\n<td>0,37kg<\/td>\n<td>105*70*55mm<\/td>\n<\/tr>\n<tr>\n<td>HP-1116<\/td>\n<td>22 0V\/50Hz<\/td>\n<td>13W<\/td>\n<td>0,015MPa<\/td>\n<td>2*1,5L\/min<\/td>\n<td>1,2kg<\/td>\n<td>135*70*55m m<\/td>\n<\/tr>\n<tr>\n<td>HJD-330<\/td>\n<td>220VAC\/50Hz<\/td>\n<td>30W<\/td>\n<td>25KPa<\/td>\n<td>2m<sup>3 por hora<\/sup><\/td>\n<td>2,8kg<\/td>\n<td>202*186*211mm<\/td>\n<\/tr>\n<\/tbody>\n<\/table>\n<table class=\"aliDataTable\" style=\"width:80%\" border=\"4\">\n<tbody>\n<tr>\n<td>Modelo<\/td>\n<td>Tens\u00e3o<\/td>\n<td>Pot\u00eancia<\/td>\n<td>Press\u00e3o<\/td>\n<td>Sa\u00edda<\/td>\n<td>Peso<\/td>\n<td>Dimens\u00f5es<\/td>\n<\/tr>\n<tr>\n<td>YT-301<\/td>\n<td>220V\/50Hz<\/td>\n<td>2,5W<\/td>\n<td>0,012MPa<\/td>\n<td>1,5L\/min<\/td>\n<td> 0,27kg<\/td>\n<td>105*70*55mm<\/td>\n<\/tr>\n<tr>\n<td>YT-301C<\/td>\n<td>220V\/50Hz<\/td>\n<td>3W<\/td>\n<td>0,012MPa<\/td>\n<td>1,5L\/mi n<\/td>\n<td>0,29kg<\/td>\n<td>135*70*55mm<\/td>\n<\/tr>\n<tr>\n<td>YT-302<\/td>\n<td>220V\/50Hz<\/td>\n<td>2,5W<\/td>\n<td>0,015MPa<\/td>\n<td>2*1,5L\/min<\/td>\n<td>0,29kg<\/td>\n<td>105*70*55mm<\/td>\n<\/tr>\n<tr>\n<td>YT-302C<\/td>\n<td>220V\/50Hz<\/td>\n<td>3W<\/td>\n<td> 0,015 MPa<\/td>\n<td>2*1,5L\/min<\/td>\n<td>0,31kg<\/td>\n<td>135*70*55mm<\/td>\n<\/tr>\n<tr>\n<td>YT-304<\/td>\n<td>220V\/50Hz<\/td>\n<td> 8,5 W<\/td>\n<td>0,013MPa<\/td>\n<td>4*4,5L\/min<\/td>\n<td>0,93kg<\/td>\n<td>198*145*96mm<\/td>\n<\/tr>\n<tr>\n<td>YT-8000<\/td>\n<td>220 V\/50Hz<\/td>\n<td>8W<\/td>\n<td>0,015MPa<\/td>\n<td>4L\/min<\/td>\n<td>2,0kg<\/td>\n<td>230*153*75mm<\/td>\n<\/tr>\n<\/tbody>\n<\/table>\n<p><span style=\"font-size:14px\"><strong>Mostram bombas de ar para aqu\u00e1rios<\/strong><\/span><\/p>\n<p><span style=\"font-size:14px\"><strong><span style=\"background-color:#ffff00\"><img decoding=\"async\" alt=\"Bomba de ar silenciosa com fluxo de ar ajust\u00e1vel para aqu\u00e1rio 4 sa\u00eddas 13W HP-1116\" src=\"http:\/\/localhost\/media\/import\/detail\/541959191_637.jpg\"><\/span><\/strong><\/span><\/p>\n<p><span style=\"font-size:14px\"><strong><span style=\"background-color:#ffff00\"><img loading=\"lazy\" decoding=\"async\" alt=\"Aquarium Fluxo de ar ajust\u00e1vel Silencioso Bomba de ar 4 sa\u00eddas 13W HP-1116\" src=\"http:\/\/localhost\/media\/import\/detail\/541946161_090.jpg\" width=\"600\" height=\"600\"><img loading=\"lazy\" decoding=\"async\" alt=\"Bomba de ar silenciosa com fluxo de ar ajust\u00e1vel para aqu\u00e1rio 4 sa\u00eddas 13W HP-1116\" src=\"http:\/\/localhost\/media\/import\/detail\/541944960_441.jpg\" width=\"600\" height=\"600\"><img loading=\"lazy\" decoding=\"async\" alt=\"Bomba de ar silenciosa com fluxo de ar ajust\u00e1vel para aqu\u00e1rio, 4 sa\u00eddas 13W HP-1116\" src=\"http:\/\/localhost\/media\/import\/detail\/541930233_727.jpg\" width=\"600\" height=\"600\"><img loading=\"lazy\" decoding=\"async\" alt=\"Bomba de ar silenciosa com fluxo de ar ajust\u00e1vel para aqu\u00e1rio, 4 sa\u00eddas 13W HP-1116\" src=\"http:\/\/localhost\/media\/import\/detail\/541906909_441.jpg\" width=\"600\" height=\"600\"><img loading=\"lazy\" decoding=\"async\" alt=\"Bomba de ar silenciosa com fluxo de ar ajust\u00e1vel para aqu\u00e1rio, 4 sa\u00eddas 13W HP-1116\" src=\"http:\/\/localhost\/media\/import\/detail\/541906900_790.jpg\" width=\"600\" height=\"600\"><\/span><\/strong><\/span><\/p>\n<p><span style=\"font-size:14px\"><strong><span style=\"background-color:#ffff00\"><img loading=\"lazy\" decoding=\"async\" alt=\"Bomba de ar silenciosa com fluxo de ar ajust\u00e1vel para aqu\u00e1rio, 4 sa\u00eddas 13W HP-1116\" src=\"http:\/\/localhost\/media\/import\/detail\/541946156_687.jpg\" width=\"600\" height=\"600\"><\/span><\/strong><\/span><\/p>\n<\/p>\n<p><img loading=\"lazy\" decoding=\"async\" alt=\"Bomba de ar silenciosa com fluxo de ar ajust\u00e1vel para aqu\u00e1rio, 4 sa\u00eddas 13W HP-1116\" src=\"http:\/\/localhost\/media\/import\/detail\/524506364_446.jpg\" width=\"661\" height=\"212\"><\/p>\n<p><img loading=\"lazy\" decoding=\"async\" alt=\"Bomba de ar silenciosa com fluxo de ar ajust\u00e1vel para aqu\u00e1rio, 4 sa\u00eddas 13W HP-1116\" src=\"http:\/\/localhost\/media\/import\/detail\/524506365_575.jpg\" width=\"661\" height=\"344\"><\/p><\/p>\n","protected":false},"excerpt":{"rendered":"<p>Bomba de ar silenciosa com fluxo de ar ajust\u00e1vel para aqu\u00e1rio 4 sa\u00eddas 13W HP-1116<\/p>\n","protected":false},"featured_media":5655,"comment_status":"open","ping_status":"closed","template":"","meta":[],"product_brand":[],"product_cat":[1376],"product_tag":[],"class_list":{"0":"post-36824","1":"product","2":"type-product","3":"status-publish","4":"has-post-thumbnail","6":"product_cat-bombas-de-ar-e-suprimentos","8":"first","9":"instock","10":"shipping-taxable","11":"purchasable","12":"product-type-simple"},"_links":{"self":[{"href":"https:\/\/www.myaquastore.com\/pt-br\/wp-json\/wp\/v2\/product\/36824","targetHints":{"allow":["GET"]}}],"collection":[{"href":"https:\/\/www.myaquastore.com\/pt-br\/wp-json\/wp\/v2\/product"}],"about":[{"href":"https:\/\/www.myaquastore.com\/pt-br\/wp-json\/wp\/v2\/types\/product"}],"replies":[{"embeddable":true,"href":"https:\/\/www.myaquastore.com\/pt-br\/wp-json\/wp\/v2\/comments?post=36824"}],"wp:featuredmedia":[{"embeddable":true,"href":"https:\/\/www.myaquastore.com\/pt-br\/wp-json\/wp\/v2\/media\/5655"}],"wp:attachment":[{"href":"https:\/\/www.myaquastore.com\/pt-br\/wp-json\/wp\/v2\/media?parent=36824"}],"wp:term":[{"taxonomy":"product_brand","embeddable":true,"href":"https:\/\/www.myaquastore.com\/pt-br\/wp-json\/wp\/v2\/product_brand?post=36824"},{"taxonomy":"product_cat","embeddable":true,"href":"https:\/\/www.myaquastore.com\/pt-br\/wp-json\/wp\/v2\/product_cat?post=36824"},{"taxonomy":"product_tag","embeddable":true,"href":"https:\/\/www.myaquastore.com\/pt-br\/wp-json\/wp\/v2\/product_tag?post=36824"}],"curies":[{"name":"wp","href":"https:\/\/api.w.org\/{rel}","templated":true}]}}