{"id":36844,"date":"2016-09-25T23:28:34","date_gmt":"2016-09-25T23:28:34","guid":{"rendered":"https:\/\/www.myaquastore.com\/product\/25w-1200l-h-sunsun-tanque-cabeca-de-energia-do-aquario-bomba-de-agua-cabeca-de-energia-do-aquario-jp-1100g\/"},"modified":"2025-03-16T08:44:42","modified_gmt":"2025-03-16T08:44:42","slug":"25w-1200l-h-sunsun-tanque-cabeca-de-energia-do-aquario-bomba-de-agua-cabeca-de-energia-do-aquario-jp-1100g","status":"publish","type":"product","link":"https:\/\/www.myaquastore.com\/pt-br\/produto\/25w-1200l-h-sunsun-tanque-cabeca-de-energia-do-aquario-bomba-de-agua-cabeca-de-energia-do-aquario-jp-1100g\/","title":{"rendered":"25w 1200l\/h sunsun tanque cabe\u00e7a de energia do aqu\u00e1rio bomba de \u00e1gua cabe\u00e7a de energia do aqu\u00e1rio JP-1100G"},"content":{"rendered":"<div style=\"clear:both\"><\/div>\n<p><em><strong><span style=\"font-size:32px\">25w 1200L\/h SUNSUN Tanque cabe\u00e7a de pot\u00eancia para aqu\u00e1rio Bomba de \u00e1gua Cabe\u00e7a de pot\u00eancia para aqu\u00e1rio <\/span><\/strong><\/em><\/p>\n<\/p>\n<h3><span style=\"font-size:24px;color:#ff6600\">A cabe\u00e7a de pot\u00eancia do aqu\u00e1rio description<\/span><\/h3>\n<h3><span style=\"font-size:18px\">A cabe\u00e7a motorizada do aqu\u00e1rio foi projetada para empurrar \u00e1gua para um sistema de filtragem externo ou simplesmente mover a \u00e1gua em seu aqu\u00e1rio. O recurso de tubo de ar Venturi ir\u00e1 ajud\u00e1-lo a arejar seu tanque, puxando ar para dentro do tanque e criando bolhas para enriquecer a \u00e1gua. Adequado para tanques de aqu\u00e1rio de \u00e1gua doce ou salgada.<\/span><\/h3>\n<h3><span style=\"font-size:18px;color:#ff6600\"><span style=\"font-size:24px\">Fotos sobre a cabe\u00e7a el\u00e9trica do aqu\u00e1rio <\/span><\/span><\/h3>\n<h3><span style=\"font-size:18px;color:#ff6600\"><span style=\"font-size:24px\"><img loading=\"lazy\" decoding=\"async\" alt=\"25w 1200L\/h SUNSUN Tanque cabe\u00e7a de alimenta\u00e7\u00e3o para aqu\u00e1rio Bomba de \u00e1gua Cabe\u00e7a de alimenta\u00e7\u00e3o para aqu\u00e1rio\" src=\"http:\/\/localhost\/media\/import\/detail\/759028660_899.jpg\" width=\"600\" height=\"600\"><\/span><\/span><\/h3>\n<h3> <\/h3>\n<h3><strong><span style=\"font-size:18px;color:#ff6600\"><span style=\"font-size:24px\">Outras cabe\u00e7as de aqu\u00e1rio<\/span><\/span><\/strong><\/h3>\n<h3><strong><span style=\"font-size:18px;color:#ff6600\"><span style=\"font-size:24px\"><img decoding=\"async\" alt=\"25w 1200L\/h SUNSUN Tanque cabe\u00e7a de alimenta\u00e7\u00e3o para aqu\u00e1rio Bomba de \u00e1gua Cabe\u00e7a de alimenta\u00e7\u00e3o para aqu\u00e1rio\" src=\"http:\/\/localhost\/media\/import\/detail\/759396348_764.jpg\"><img loading=\"lazy\" decoding=\"async\" alt=\"25w 1200L\/h SUNSUN Cabe\u00e7a de alimenta\u00e7\u00e3o para aqu\u00e1rio Bomba de \u00e1gua Cabe\u00e7a de alimenta\u00e7\u00e3o para aqu\u00e1rio\" src=\"http:\/\/localhost\/media\/import\/detail\/758963103_596.jpg\" width=\"600\" height=\"600\"><img loading=\"lazy\" decoding=\"async\" alt=\"25w 1200L \/ h SUNSUN Tank aqu\u00e1rio power head Bomba de \u00e1gua Aquarium Power Head\" src=\"http:\/\/localhost\/media\/import\/detail\/748523631_737.jpg\" width=\"600\" height=\"600\"><\/span><\/span><\/strong><\/h3>\n<h3> <\/h3>\n<p><strong><span style=\"font-size:24px;color:#ff6600\">O par\u00e2metro da cabe\u00e7a de pot\u00eancia do aqu\u00e1rio<\/span><\/strong><\/p>\n<\/p>\n<p> <img loading=\"lazy\" decoding=\"async\" alt=\"25w 1200L\/h SUNSUN Cabe\u00e7a de pot\u00eancia do aqu\u00e1rio do tanque Bomba de \u00e1gua Cabe\u00e7a de pot\u00eancia do aqu\u00e1rio\" src=\"http:\/\/localhost\/media\/import\/detail\/707815559_205.jpg\" width=\"600\" height=\"600\"><\/p>\n<p><span style=\"color:#ff6600\"><strong><span style=\"font-size:24px\">Bom desempenho de baixo ru\u00eddo <\/span> <span style=\"font-size:24px\">alta rigidez diel\u00e9trica<\/span><\/strong><\/span><\/p>\n<p><img loading=\"lazy\" decoding=\"async\" alt=\"25w 1200L\/h SUNSUN Tanque cabe\u00e7a de alimenta\u00e7\u00e3o para aqu\u00e1rio Bomba de \u00e1gua Cabe\u00e7a de alimenta\u00e7\u00e3o para aqu\u00e1rio\" src=\"http:\/\/localhost\/media\/import\/detail\/691474836_805.jpg\" width=\"631\" height=\"179\"><\/p>\n<\/p>\n<p><span style=\"font-size:18px\"><br \/><\/span><\/p>\n<\/p>\n<div style=\"clear:both\"><\/div>\n","protected":false},"excerpt":{"rendered":"<p>25w 1200l\/h sunsun tanque cabe\u00e7a de energia do aqu\u00e1rio bomba de \u00e1gua cabe\u00e7a de energia do aqu\u00e1rio JP-1100G<\/p>\n","protected":false},"featured_media":5695,"comment_status":"open","ping_status":"closed","template":"","meta":[],"product_brand":[],"product_cat":[627],"product_tag":[],"class_list":{"0":"post-36844","1":"product","2":"type-product","3":"status-publish","4":"has-post-thumbnail","6":"product_cat-filtros-de-aquario","8":"first","9":"instock","10":"shipping-taxable","11":"purchasable","12":"product-type-simple"},"_links":{"self":[{"href":"https:\/\/www.myaquastore.com\/pt-br\/wp-json\/wp\/v2\/product\/36844","targetHints":{"allow":["GET"]}}],"collection":[{"href":"https:\/\/www.myaquastore.com\/pt-br\/wp-json\/wp\/v2\/product"}],"about":[{"href":"https:\/\/www.myaquastore.com\/pt-br\/wp-json\/wp\/v2\/types\/product"}],"replies":[{"embeddable":true,"href":"https:\/\/www.myaquastore.com\/pt-br\/wp-json\/wp\/v2\/comments?post=36844"}],"wp:featuredmedia":[{"embeddable":true,"href":"https:\/\/www.myaquastore.com\/pt-br\/wp-json\/wp\/v2\/media\/5695"}],"wp:attachment":[{"href":"https:\/\/www.myaquastore.com\/pt-br\/wp-json\/wp\/v2\/media?parent=36844"}],"wp:term":[{"taxonomy":"product_brand","embeddable":true,"href":"https:\/\/www.myaquastore.com\/pt-br\/wp-json\/wp\/v2\/product_brand?post=36844"},{"taxonomy":"product_cat","embeddable":true,"href":"https:\/\/www.myaquastore.com\/pt-br\/wp-json\/wp\/v2\/product_cat?post=36844"},{"taxonomy":"product_tag","embeddable":true,"href":"https:\/\/www.myaquastore.com\/pt-br\/wp-json\/wp\/v2\/product_tag?post=36844"}],"curies":[{"name":"wp","href":"https:\/\/api.w.org\/{rel}","templated":true}]}}