{"id":36855,"date":"2016-09-25T23:28:35","date_gmt":"2016-09-25T23:28:35","guid":{"rendered":"https:\/\/www.myaquastore.com\/product\/melhor-bomba-de-agua-do-mar-por-atacado-de-fabrica-para-peixes-de-agua-do-mar-marinho-ctp-8000\/"},"modified":"2025-03-16T08:44:45","modified_gmt":"2025-03-16T08:44:45","slug":"melhor-bomba-de-agua-do-mar-por-atacado-de-fabrica-para-peixes-de-agua-do-mar-marinho-ctp-8000","status":"publish","type":"product","link":"https:\/\/www.myaquastore.com\/pt-br\/produto\/melhor-bomba-de-agua-do-mar-por-atacado-de-fabrica-para-peixes-de-agua-do-mar-marinho-ctp-8000\/","title":{"rendered":"Melhor bomba de \u00e1gua do mar por atacado de f\u00e1brica para peixes de \u00e1gua do mar marinho CTP-8000"},"content":{"rendered":"<div style=\"clear:both\"><\/div>\n<div style=\"font-size:13px;font-family:Arial, Helvetica, sans-serif;color:#000000;width:726px\"> <\/div>\n<div id=\"ali-anchor-AliPostDhMb-9hvw8\" style=\"padding-top:8px\" data-section-title=\"signboard\" data-section=\"AliPostDhMb-9hvw8\">\n<div id=\"ali-title-AliPostDhMb-9hvw8\" style=\"border-bottom:#ddd 1px solid;padding-bottom:8px;padding-top:8px;padding-left:0px;padding-right:0px\"> <\/div>\n<p><span><\/span><\/p>\n<\/div>\n<p style=\"text-align:center\"><span style=\"font-size:24px;font-family:arial, helvetica, sans-serif\"><strong>A melhor bomba de \u00e1gua do mar ecol\u00f3gica no atacado de f\u00e1brica para peixes marinhos<\/strong><\/span><\/p>\n<div id=\"ali-anchor-AliPostDhMb-n1s4a\" style=\"padding-top:8px\" data-section-title=\"Descri\u00e7\u00e3o do produto\" data-section=\"AliPostDhMb-n1s4a\">\n<div id=\"ali-title-AliPostDhMb-n1s4a\" style=\"border-bottom:#ddd 1px solid;padding-bottom:8px;padding-top:8px;padding-left:0px;padding-right:0px\"><span style=\"font-weight:bold;color:#333;padding-bottom:8px;padding-top:8px;padding-left:10px;line-height:12px;padding-right:10px;background-color:#ddd\">Descri\u00e7\u00e3o do produto<\/span><\/div>\n<div style=\"padding-bottom:10px;padding-top:10px;padding-left:0px;padding-right:0px\">\n<p> <strong>Bombas de \u00e1gua do mar CTP Caracter\u00edsticas:<\/strong><\/p>\n<\/div>\n<\/div>\n<p><span style=\"font-size:18px;font-family:Calibri,zapf dingbats\"><span style=\"font-size:16px;color:#000000\"><strong>1) <\/strong><span style=\"font-size:16px;font-family:Calibri,zapf dingbats;color:#000000;line-height:21px\">Motor ass\u00edncrono padr\u00e3o de alto desempenho com novo design e<strong> a economia de energia desta bomba de \u00e1gua do mar \u00e9 de at\u00e9 60%<\/strong> do que antes.<\/span> <br \/><strong>2) <\/strong>Usando <span style=\"font-size:16px;font-family:Calibri,zapf dingbats;color:#000000;line-height:21px\">Eixo cer\u00e2mico de alta resist\u00eancia e desgaste,<\/span> e adequado para \u00e1gua do mar marinho e \u00e1gua doce; <span style=\"font-size:16px;font-family:Calibri,zapf dingbats;color:#000000;line-height:21px\"><em><strong>longa vida \u00fatil<\/strong><\/em><strong><em>.<\/em><\/strong><\/span><br \/><\/span><\/span><\/p>\n<p><span style=\"font-size:16px;font-family:Calibri,zapf dingbats;color:#000000\"><span style=\"line-height:21px\"><strong>3)<\/strong> Aplica-se a <strong><em>jardim<\/em><\/strong>, <em><strong>lagoas, rockey, bourn, tanques de peixes de aqu\u00e1rio<\/strong>,<\/em> <em><strong>tanques de frutos do mar<\/strong> e<strong> em qualquer lugar <\/strong><\/em><strong>com reciclagem de \u00e1gua<\/strong><\/span><span style=\"line-height:21px\"> correspond\u00eancia de equipamentos.<\/span><\/span><\/p>\n<p><span style=\"font-size:16px;font-family:Calibri,zapf dingbats;color:#000000;line-height:21px\"><strong>4) <\/strong><em><strong>suc\u00e7\u00e3o de baixo n\u00edvel<\/strong> <\/em>e<em><strong> baixo ru\u00eddo<\/strong><\/em> . O fluxo de \u00e1gua pode ser ajustado!<\/span><\/p>\n<p><span style=\"font-size:16px;font-family:Calibri,zapf dingbats;color:#000000;line-height:21px\"><strong>5) <\/strong>O design grande da cesta do filtro torna<em><strong> a manuten\u00e7\u00e3o muito mais longa<\/strong><\/em> .<\/span><\/p>\n<p><span style=\"font-size:16px;font-family:Calibri,zapf dingbats;color:#000000;line-height:21px\"><strong>6) <\/strong>Selo duplo de resina e anel de borracha tornam<em><strong> mais seguro para uso<\/strong><\/em> .<\/span><\/p>\n<p><strong><span style=\"font-size:16px;font-family:Calibri,zapf dingbats;color:#000000;line-height:21px\">7)<span style=\"background-color:#339966\"> Garantia gratuita de 12 meses!<\/span><br \/><\/span><\/strong><\/p>\n<p style=\"text-align:left\">\n<p style=\"text-align:left\"><span style=\"font-family:Calibri,zapf dingbats\"><span style=\"font-size:14pt;font-family:Calibri,zapf dingbats\"><strong>Os par\u00e2metros e detalhes das bombas de \u00e1gua do mar CTP mostram:<\/strong><\/span> <\/span><\/p>\n<p style=\"text-align:left\"><span style=\"font-size:18px;font-family:Calibri,zapf dingbats\"><strong><span style=\"color:#993300\"><img decoding=\"async\" alt=\"CTP_01.jpg\" src=\"http:\/\/localhost\/media\/import\/detail\/HTB1pYJHFVXXXXarXFXXq6xXFXXXH.jpg\"><img decoding=\"async\" alt=\"CTP_02.jpg\" src=\"http:\/\/localhost\/media\/import\/detail\/HTB1kyXGFVXXXXcDXpXXq6xXFXXX0.jpg\"><img decoding=\"async\" alt=\"CTP_03.jpg\" src=\"http:\/\/localhost\/media\/import\/detail\/HTB1YYlFFVXXXXb9XVXXq6xXFXXXL.jpg\"><img decoding=\"async\" alt=\"CTP_04.jpg\" src=\"http:\/\/localhost\/media\/import\/detail\/HTB1C8XJFVXXXXaBXpXXq6xXFXXXf.jpg\"><img decoding=\"async\" alt=\"CTP_05.jpg\" src=\"http:\/\/localhost\/media\/import\/detail\/HTB1eopBFVXXXXbBXVXXq6xXFXXXw.jpg\"><a href=\"http:\/\/gzweierma.en.alibaba.com\/productgrouplist-215139685-2\/UV_C_Clarifying.html?isGallery=Y\" target=\"_blank\"><img decoding=\"async\" alt=\"CTP_06.jpg\" src=\"http:\/\/localhost\/media\/import\/detail\/HTB1BC0GFVXXXXXXXVXXq6xXFXXXu.jpg\"><\/a><\/span><\/strong><\/span><\/p>\n<p><span style=\"font-family:Calibri,zapf dingbats\"><\/span> <\/p>\n<table class=\"ke-zeroborder\" cellpadding=\"0\" border=\"0\">\n<tbody>\n<tr>\n<td><a href=\"http:\/\/preview.alibaba.com\/product\/1940320417-215139431\/SUNSUN_Newly_ECO_Low_Power_Super_Quiet_Pond_Fountain_Submersible_Water_Pump_CTF_3800.html\" target=\"_blank\"><\/a><\/td>\n<td><span style=\"font-family:Calibri,zapf dingbats\"><a href=\"http:\/\/preview.alibaba.com\/product\/60073570801-215139431\/SUNSUN_JTP_4000_16000_garden_hose_water_pump.html\" target=\"_blank\"><\/a><\/span><\/td>\n<td><span style=\"font-family:Calibri,zapf dingbats\"><a href=\"http:\/\/preview.alibaba.com\/product\/60041935615-215139431\/SUNSUN_CTP_5000_ECO_30w_5000L_h_water_pump_home_use.html\" target=\"_blank\"><\/a><\/span><\/td>\n<td><span style=\"font-family:Calibri,zapf dingbats\"><a href=\"http:\/\/preview.alibaba.com\/product\/60011545865-215139431\/SUNSUN_HJ_series_Plastic_Circulation_Mini_Auto_Water_Pump.html\" target=\"_blank\"><\/a><\/span><\/td>\n<\/tr>\n<\/tbody>\n<\/table>\n<div id=\"ali-anchor-AliPostDhMb-akkwi\" style=\"padding-top:8px\" data-section-title=\"Informa\u00e7\u00f5es da empresa\" data-section=\"AliPostDhMb-akkwi\">\n<div id=\"ali-title-AliPostDhMb-akkwi\" style=\"border-bottom:#ddd 1px solid;padding-bottom:8px;padding-top:8px;padding-left:0px;padding-right:0px\"><span style=\"font-weight:bold;color:#333;padding-bottom:8px;padding-top:8px;padding-left:10px;line-height:12px;padding-right:10px;background-color:#ddd\"><\/span> <\/div>\n<div style=\"border-bottom:#ddd 1px s\u00f3lido;padding-bottom:8px;padding-top:8px;padding-left:0px;padding-right:0px\"><span style=\"font-weight:bold;color:#333;padding-bottom:8px;padding-top:8px;padding-left:10px;line-height:12px;padding-right:10px;background-color:#ddd\"><\/span> <\/div>\n<\/div>\n<div style=\"clear:both\"><\/div>\n","protected":false},"excerpt":{"rendered":"<p>Melhor bomba de \u00e1gua do mar por atacado de f\u00e1brica para peixes de \u00e1gua do mar marinho CTP-8000<\/p>\n","protected":false},"featured_media":5717,"comment_status":"open","ping_status":"closed","template":"","meta":[],"product_brand":[],"product_cat":[1374],"product_tag":[],"class_list":{"0":"post-36855","1":"product","2":"type-product","3":"status-publish","4":"has-post-thumbnail","6":"product_cat-bombas-de-agua-e-cabecas-poderosas","8":"first","9":"instock","10":"shipping-taxable","11":"purchasable","12":"product-type-simple"},"_links":{"self":[{"href":"https:\/\/www.myaquastore.com\/pt-br\/wp-json\/wp\/v2\/product\/36855","targetHints":{"allow":["GET"]}}],"collection":[{"href":"https:\/\/www.myaquastore.com\/pt-br\/wp-json\/wp\/v2\/product"}],"about":[{"href":"https:\/\/www.myaquastore.com\/pt-br\/wp-json\/wp\/v2\/types\/product"}],"replies":[{"embeddable":true,"href":"https:\/\/www.myaquastore.com\/pt-br\/wp-json\/wp\/v2\/comments?post=36855"}],"wp:featuredmedia":[{"embeddable":true,"href":"https:\/\/www.myaquastore.com\/pt-br\/wp-json\/wp\/v2\/media\/5717"}],"wp:attachment":[{"href":"https:\/\/www.myaquastore.com\/pt-br\/wp-json\/wp\/v2\/media?parent=36855"}],"wp:term":[{"taxonomy":"product_brand","embeddable":true,"href":"https:\/\/www.myaquastore.com\/pt-br\/wp-json\/wp\/v2\/product_brand?post=36855"},{"taxonomy":"product_cat","embeddable":true,"href":"https:\/\/www.myaquastore.com\/pt-br\/wp-json\/wp\/v2\/product_cat?post=36855"},{"taxonomy":"product_tag","embeddable":true,"href":"https:\/\/www.myaquastore.com\/pt-br\/wp-json\/wp\/v2\/product_tag?post=36855"}],"curies":[{"name":"wp","href":"https:\/\/api.w.org\/{rel}","templated":true}]}}