{"id":36866,"date":"2016-09-25T23:28:35","date_gmt":"2016-09-25T23:28:35","guid":{"rendered":"https:\/\/www.myaquastore.com\/product\/bomba-de-filtragem-uv-sunsun-para-aquario-submersivel-2700l-h-us-713gallon-h-cup-3000\/"},"modified":"2025-03-16T08:44:47","modified_gmt":"2025-03-16T08:44:47","slug":"bomba-de-filtragem-uv-sunsun-para-aquario-submersivel-2700l-h-us-713gallon-h-cup-3000","status":"publish","type":"product","link":"https:\/\/www.myaquastore.com\/pt-br\/produto\/bomba-de-filtragem-uv-sunsun-para-aquario-submersivel-2700l-h-us-713gallon-h-cup-3000\/","title":{"rendered":"Bomba de filtragem UV SUNSUN para aqu\u00e1rio submers\u00edvel 2700L\/h US 713Gallon\/h CUP-3000"},"content":{"rendered":"<div style=\"clear:both\"><\/div>\n<p><span style=\"font-size:24px\"><strong>SUNSUN UV Filtration Pump Aquarium Submers\u00edvel 2700L\/h US 713Gallon\/h<\/strong> <\/span><\/p>\n<div id=\"ali-anchor-AliPostDhMb-h13yk\" style=\"padding-top:8px\" data-section=\"AliPostDhMb-h13yk\" data-section-title=\"Descri\u00e7\u00e3o do produto\">\n<div id=\"ali-title-AliPostDhMb-h13yk\" style=\"border-bottom:#ddd 1px solid;padding-bottom:8px;padding-top:8px;padding-left:0px;padding-right:0px\"><span style=\"font-weight:bold;color:#333;padding-bottom:8px;padding-top:8px;padding-left:10px;line-height:12px;padding-right:10px;background-color:#ddd\">Descri\u00e7\u00e3o do produto<\/span><\/div>\n<div style=\"padding-bottom:10px;padding-top:10px;padding-left:0px;padding-right:0px\">\n<\/div>\n<\/div>\n<p><span style=\"font-size:24px\">45W CUP-3000 <\/span><\/p>\n<\/p>\n<p><span style=\"font-size:18px\"><span style=\"font-size:14px\">Recursos:<\/span><\/span><\/p>\n<p><span style=\"font-size:18px\"><span style=\"font-size:14px\">1. faz com que a luz UV e a bomba de \u00e1gua <em><strong>bem conectadas, f\u00e1ceis de montar<\/strong><\/em>.<\/span><\/span><\/p>\n<p><span style=\"font-size:18px\"><span style=\"font-size:14px\">2. ele usa <em><strong>bomba de \u00e1gua com baixo ru\u00eddo e economia de energia<\/strong> <\/em>e <em><strong>luz UV submers\u00edvel<\/strong><\/em>.<\/span><\/span><\/p>\n<p><span style=\"font-size:18px\"><span style=\"font-size:14px\">3. este produto \u00e9 principalmente <em><strong>adequado para circula\u00e7\u00e3o de \u00e1gua de tanques aruan\u00e3s de filtra\u00e7\u00e3o inferior<\/strong><\/em>.<\/span><\/span><\/p>\n<p><span style=\"font-size:18px\"><span style=\"font-size:14px\">4. para<em><strong>n\u00e3o impactar a sa\u00edda da bomba<\/strong><\/em>, a luz UV ser\u00e1 colocada na entrada.<\/span><\/span><\/p>\n<p><span style=\"font-size:18px\"><span style=\"font-size:14px\">5. ajustador projetado especialmente, que pode ajustar facilmente a sa\u00edda da luz UV, para garantir o <em><strong>bom resultado da clarifica\u00e7\u00e3o UV.<\/strong><\/em><\/span><\/span><\/p>\n<p><span style=\"font-size:14px;background-color:#ffff00\"><strong>Par\u00e2metros das bombas de filtragem do fundo do tanque<\/strong><\/span><\/p>\n<table class=\"aliDataTable\" style=\"width:80%\" border=\"5\">\n<tbody>\n<tr>\n<td>Modelo<\/td>\n<td>Tens\u00e3o<\/td>\n<td>Frequ\u00eancia<\/td>\n<td>Pot\u00eancia(W)<\/td>\n<td>Pot\u00eancia UV(W)<\/td>\n<td>H-m\u00e1x<\/td>\n<td>Sa\u00edda<\/td>\n<td>Adaptador de mangueira<\/td>\n<td>Cabo Comprimento<\/td>\n<td>Tamanho<\/td>\n<td>N.W.(KG)<\/td>\n<\/tr>\n<tr>\n<td>CUP-2000<\/td>\n<td>110V\/220V\/240V<\/td>\n<td>50Hz\/60Hz<\/td>\n<td>35W<\/td>\n<td>9W<\/td>\n<td>2,0m<\/td>\n<td>2300L\/h<\/td>\n<td>3\/4~1<\/td>\n<td>2*1,0m<\/td>\n<td>280*180*119mm<\/td>\n<td>2. 2<\/td>\n<\/tr>\n<tr>\n<td>CUP-3000<\/td>\n<td>110V\/220V\/240V<\/td>\n<td>50Hz\/60Hz<\/td>\n<td>45W<\/td>\n<td>9W<\/td>\n<td>2,5m<\/td>\n<td>2700L\/h<\/td>\n<td>3\/4~1<\/td>\n<td>2* 1,0m<\/td>\n<td>280*180*119mm<\/td>\n<td>2,2<\/td>\n<\/tr>\n<tr>\n<td>CUP-4000<\/td>\n<td> 110V\/220V\/240V<\/td>\n<td>50Hz\/60Hz<\/td>\n<td>55W<\/td>\n<td>9W<\/td>\n<td>2,8m<\/td>\n<td>3800L\/h<\/td>\n<td>3\/4~1<\/td>\n<td>2*1,0m<\/td>\n<td>280*180*119mm<\/td>\n<td>3. 0<\/td>\n<\/tr>\n<tr>\n<td>CUP-5000<\/td>\n<td>110V\/220V\/240V<\/td>\n<td>50Hz\/60Hz<\/td>\n<td>70W<\/td>\n<td>9W<\/td>\n<td>3,5m<\/td>\n<td>4600L\/h<\/td>\n<td>3\/4~1<\/td>\n<td>2* 1,0m<\/td>\n<td>280*180*119mm<\/td>\n<td>3,0<\/td>\n<\/tr>\n<tr>\n<td>CUP-6000<\/td>\n<td> 110V\/220V\/240V<\/td>\n<td>50Hz\/60Hz<\/td>\n<td>95W<\/td>\n<td>9W<\/td>\n<td>4,0m<\/td>\n<td>5800L\/h<\/td>\n<td>3\/4~1<\/td>\n<td>2*1,0m<\/td>\n<td>280*180*119mm<\/td>\n<td>3 .0<\/td>\n<\/tr>\n<tr>\n<td>CUP-8000<\/td>\n<td>110V\/220V\/240V<\/td>\n<td>50Hz\/60Hz<\/td>\n<td>140W<\/td>\n<td>9W<\/td>\n<td>5,0m<\/td>\n<td>6500L\/h<\/td>\n<td>3\/4~1<\/td>\n<td>2*1,0m<\/td>\n<td>280*180*119mm<\/td>\n<td>3,2<\/td>\n<\/tr>\n<\/tbody>\n<\/table>\n<p><span style=\"font-size:14px;background-color:#ffff00\"><strong> Bomba de filtragem de tanque com show de luz UV<\/strong><\/span><\/p>\n<p><span style=\"font-size:14px;background-color:#ffff00\"><strong><img loading=\"lazy\" decoding=\"async\" alt=\"SUNSUN UV Filtration Pump Aquarium Submersible 2700L\/h US 713Gallon\/h 45W CUP-3000\" src=\"http:\/\/localhost\/media\/import\/detail\/541372965_519.jpg\" width=\"600\" height=\"600\"><img loading=\"lazy\" decoding=\"async\" alt=\"SUNSUN UV Filtration Pump Aquarium Submers\u00edvel 2700L\/h US 713Gallon\/h 45W CUP-3000\" src=\"http:\/\/localhost\/media\/import\/detail\/541372968_912.jpg\" width=\"600\" height=\"600\"><\/strong><\/span><\/p>\n<p><span style=\"font-size:14px;background-color:#ffff00\"><strong><img loading=\"lazy\" decoding=\"async\" alt=\"SUNSUN Bomba de filtragem UV Aqu\u00e1rio submers\u00edvel 2700L\/h US 713Gallon\/h 45W CUP-3000\" src=\"http:\/\/localhost\/media\/import\/detail\/541398196_425.jpg\" width=\"600\" height=\"498\"><\/strong><\/span><\/p>\n<\/p>\n<p><span style=\"font-size:14px;color:#ff0000\"><strong>Excelentes fun\u00e7\u00f5es:bomba+filtra\u00e7\u00e3o+esteriliza\u00e7\u00e3o(combina\u00e7\u00e3o perfeita com tanques aruan\u00e3s)<\/strong><\/span><\/p>\n<p><span style=\"font-size:14px;color:#ff0000\"><strong><img decoding=\"async\" alt=\"SUNSUN UV Filtration Pump Aquarium Submersible 2700L\/h US 713Gallon\/h 45W CUP-3000\" src=\"http:\/\/localhost\/media\/import\/detail\/541400949_990.jpg\"><\/strong><\/span><\/p>\n<p><span style=\"font-size:14px;color:#ff0000\"><strong>Bombas de filtragem de lago ou tanque semelhantes com l\u00e2mpadas UV s\u00e9rie CUP<\/strong><\/span><\/p>\n<p><span style=\"font-size:14px;color:#ff0000\"><strong><img loading=\"lazy\" decoding=\"async\" alt=\"SUNSUN UV Filtration Pump Aquarium Submers\u00edvel 2700L \/ h US 713Gallon \/ h 45W CUP-3000\" src=\"http:\/\/localhost\/media\/import\/detail\/541402627_111.jpg\" width=\"586\" height=\"666\"><img decoding=\"async\" alt=\"SUNSUN UV Filtration Pump Aquarium Submersible 2700L\/h US 713Gallon\/h 45W CUP-3000\" src=\"http:\/\/localhost\/media\/import\/detail\/541402632_740.jpg\"><img loading=\"lazy\" decoding=\"async\" alt=\"SUNSUN UV Filtration Pump Aquarium Submersible 2700L\/h US 713 gal\u00f5es\/h 45 W CUP-3000\" src=\"http:\/\/localhost\/media\/import\/detail\/541402639_052.jpg\" width=\"654\" height=\"596\"><\/strong><\/span><\/p>\n<div id=\"ali-anchor-AliPostDhMb-bb5rq\" style=\"padding-top:8px\" data-section=\"AliPostDhMb-bb5rq\" data-section-title=\"Informa\u00e7\u00f5es da empresa\"> <\/div>\n","protected":false},"excerpt":{"rendered":"<p>Bomba de filtragem UV SUNSUN para aqu\u00e1rio submers\u00edvel 2700L\/h US 713Gallon\/h CUP-3000<\/p>\n","protected":false},"featured_media":5739,"comment_status":"open","ping_status":"closed","template":"","meta":[],"product_brand":[],"product_cat":[1374],"product_tag":[],"class_list":{"0":"post-36866","1":"product","2":"type-product","3":"status-publish","4":"has-post-thumbnail","6":"product_cat-bombas-de-agua-e-cabecas-poderosas","8":"first","9":"instock","10":"shipping-taxable","11":"purchasable","12":"product-type-simple"},"_links":{"self":[{"href":"https:\/\/www.myaquastore.com\/pt-br\/wp-json\/wp\/v2\/product\/36866","targetHints":{"allow":["GET"]}}],"collection":[{"href":"https:\/\/www.myaquastore.com\/pt-br\/wp-json\/wp\/v2\/product"}],"about":[{"href":"https:\/\/www.myaquastore.com\/pt-br\/wp-json\/wp\/v2\/types\/product"}],"replies":[{"embeddable":true,"href":"https:\/\/www.myaquastore.com\/pt-br\/wp-json\/wp\/v2\/comments?post=36866"}],"wp:featuredmedia":[{"embeddable":true,"href":"https:\/\/www.myaquastore.com\/pt-br\/wp-json\/wp\/v2\/media\/5739"}],"wp:attachment":[{"href":"https:\/\/www.myaquastore.com\/pt-br\/wp-json\/wp\/v2\/media?parent=36866"}],"wp:term":[{"taxonomy":"product_brand","embeddable":true,"href":"https:\/\/www.myaquastore.com\/pt-br\/wp-json\/wp\/v2\/product_brand?post=36866"},{"taxonomy":"product_cat","embeddable":true,"href":"https:\/\/www.myaquastore.com\/pt-br\/wp-json\/wp\/v2\/product_cat?post=36866"},{"taxonomy":"product_tag","embeddable":true,"href":"https:\/\/www.myaquastore.com\/pt-br\/wp-json\/wp\/v2\/product_tag?post=36866"}],"curies":[{"name":"wp","href":"https:\/\/api.w.org\/{rel}","templated":true}]}}