{"id":36883,"date":"2016-09-25T23:28:36","date_gmt":"2016-09-25T23:28:36","guid":{"rendered":"https:\/\/www.myaquastore.com\/product\/filtro-de-bomba-submersivel-para-lago-de-agua-de-jardim-sunsun-cmb-5500\/"},"modified":"2025-03-16T08:44:52","modified_gmt":"2025-03-16T08:44:52","slug":"filtro-de-bomba-submersivel-para-lago-de-agua-de-jardim-sunsun-cmb-5500","status":"publish","type":"product","link":"https:\/\/www.myaquastore.com\/pt-br\/produto\/filtro-de-bomba-submersivel-para-lago-de-agua-de-jardim-sunsun-cmb-5500\/","title":{"rendered":"Filtro de bomba submers\u00edvel para lago de \u00e1gua de jardim SUNSUN CMB-5500"},"content":{"rendered":"<div style=\"clear:both\"><\/div>\n<p> <span style=\"font-size:24px\"><strong>Filtro de bomba submers\u00edvel para lagoa de \u00e1gua de jardim SUNSUN <\/strong><\/span><\/p>\n<p><strong><\/strong> <\/p>\n<div id=\"ali-anchor-AliPostDhMb-5sjsr\" style=\"padding-top:8px\" data-section=\"AliPostDhMb-5sjsr\" data-section-title=\"Descri\u00e7\u00e3o do produto\">\n<div id=\"ali-title-AliPostDhMb-5sjsr\" style=\"border-bottom:#ddd 1px solid;padding-bottom:8px;padding-top:8px;padding-left:0px;padding-right:0px\"><span style=\"font-weight:bold;color:#333;padding-bottom:8px;padding-top:8px;padding-left:10px;line-height:12px;padding-right:10px;background-color:#ddd\">Descri\u00e7\u00e3o do produto<\/span><\/div>\n<div style=\"padding-bottom:10px;padding-top:10px;padding-left:0px;padding-right:0px\">\n<\/div>\n<\/div>\n<p><span style=\"font-size:14px;color:#000000;background-color:#ffffff\">especifica\u00e7\u00f5es:<\/span><\/p>\n<p><span>1. aplicam-se a<em><strong>lagos<\/strong>, <strong>tanques de aqu\u00e1rio<\/strong> <\/em>e <em><strong>tanques de frutos do mar<\/strong><\/em> com equipamentos de reciclagem de \u00e1gua correspondentes.<\/span><\/p>\n<p><span style=\"font-size:14px;color:#000000;background-color:#ffffff\">2. o design grande da cesta do filtro torna a manuten\u00e7\u00e3o <em><strong>muito mais longa<\/strong><\/em>.<\/span><\/p>\n<p><span style=\"font-size:14px;color:#000000;background-color:#ffffff\">3. impulsor ac\u00eantrico direcional patenteado, <em><strong>economiza energia<\/strong><\/em> at\u00e9 30% do que antes.<\/span><\/p>\n<p><span style=\"font-size:14px;color:#000000;background-color:#ffffff\">4. a veda\u00e7\u00e3o dupla de resina e anel de borracha tornam-no<em><strong> mais seguro<\/strong><\/em> para uso.<\/span><\/p>\n<p><span style=\"font-size:14px;color:#000000;background-color:#ffffff\">5. <em><strong>sem elemento cobre<\/strong><\/em>. cultivar organismos de \u00e1gua salgada com seguran\u00e7a.<\/span><\/p>\n<p><span style=\"font-size:14px;color:#000000;background-color:#ffffff\">6. o design do ajustador duplo pode transformar a vaz\u00e3o da fonte ou outro display de \u00e1gua<em><strong>t\u00e3o f\u00e1cil<\/strong><\/em>.<\/span><\/p>\n<p><span style=\"font-size:14px;color:#000000;background-color:#ffffff\">7. Eixo cer\u00e2mico de <em><strong>alta resist\u00eancia<\/strong><\/em> e desgaste, <em><strong>longa vida \u00fatil<\/strong><\/em>.<\/span><\/p>\n<p><span style=\"font-size:14px\"> <\/span><\/p>\n<\/p>\n<p><span style=\"font-size:16px;color:#000000;background-color:#ffffff\"><img decoding=\"async\" alt=\"Filtro de bomba de lagoa de \u00e1gua para jardim submers\u00edvel SUNSUN\" src=\"http:\/\/localhost\/media\/import\/detail\/513534730_055.jpg\"><\/span><\/p>\n<p><span style=\"font-size:16px;color:#000000;background-color:#ffffff\"><img loading=\"lazy\" decoding=\"async\" alt=\"Filtro de bomba submers\u00edvel para lago de \u00e1gua de jardim SUNSUN\" src=\"http:\/\/localhost\/media\/import\/detail\/513495496_390.jpg\" width=\"706\" height=\"210\"><\/span><\/p>\n<\/p>\n<p><span style=\"font-size:16px;color:#000000;background-color:#ffffff\"><img decoding=\"async\" alt=\"SUNSUN Submersible Garden Water Pond Pump Filter\" src=\"http:\/\/localhost\/media\/import\/detail\/513536967_059.jpg\"><img decoding=\"async\" alt=\"SUNSUN Submersible Garden Water Filtro de bomba de lagoa\" src=\"http:\/\/localhost\/media\/import\/detail\/513536968_438.jpg\"><\/span><\/p>\n<\/p>\n<div style=\"clear:both\"><\/div>\n","protected":false},"excerpt":{"rendered":"<p>Filtro de bomba submers\u00edvel para lago de \u00e1gua de jardim SUNSUN CMB-5500<\/p>\n","protected":false},"featured_media":5773,"comment_status":"open","ping_status":"closed","template":"","meta":[],"product_brand":[],"product_cat":[1374],"product_tag":[],"class_list":{"0":"post-36883","1":"product","2":"type-product","3":"status-publish","4":"has-post-thumbnail","6":"product_cat-bombas-de-agua-e-cabecas-poderosas","8":"first","9":"instock","10":"shipping-taxable","11":"purchasable","12":"product-type-simple"},"_links":{"self":[{"href":"https:\/\/www.myaquastore.com\/pt-br\/wp-json\/wp\/v2\/product\/36883","targetHints":{"allow":["GET"]}}],"collection":[{"href":"https:\/\/www.myaquastore.com\/pt-br\/wp-json\/wp\/v2\/product"}],"about":[{"href":"https:\/\/www.myaquastore.com\/pt-br\/wp-json\/wp\/v2\/types\/product"}],"replies":[{"embeddable":true,"href":"https:\/\/www.myaquastore.com\/pt-br\/wp-json\/wp\/v2\/comments?post=36883"}],"wp:featuredmedia":[{"embeddable":true,"href":"https:\/\/www.myaquastore.com\/pt-br\/wp-json\/wp\/v2\/media\/5773"}],"wp:attachment":[{"href":"https:\/\/www.myaquastore.com\/pt-br\/wp-json\/wp\/v2\/media?parent=36883"}],"wp:term":[{"taxonomy":"product_brand","embeddable":true,"href":"https:\/\/www.myaquastore.com\/pt-br\/wp-json\/wp\/v2\/product_brand?post=36883"},{"taxonomy":"product_cat","embeddable":true,"href":"https:\/\/www.myaquastore.com\/pt-br\/wp-json\/wp\/v2\/product_cat?post=36883"},{"taxonomy":"product_tag","embeddable":true,"href":"https:\/\/www.myaquastore.com\/pt-br\/wp-json\/wp\/v2\/product_tag?post=36883"}],"curies":[{"name":"wp","href":"https:\/\/api.w.org\/{rel}","templated":true}]}}