{"id":36894,"date":"2016-09-25T23:28:36","date_gmt":"2016-09-25T23:28:36","guid":{"rendered":"https:\/\/www.myaquastore.com\/product\/bomba-de-agua-submersivel-de-economia-de-energia-sunsun-15000l-h-jep-15000\/"},"modified":"2025-03-16T08:44:55","modified_gmt":"2025-03-16T08:44:55","slug":"bomba-de-agua-submersivel-de-economia-de-energia-sunsun-15000l-h-jep-15000","status":"publish","type":"product","link":"https:\/\/www.myaquastore.com\/pt-br\/produto\/bomba-de-agua-submersivel-de-economia-de-energia-sunsun-15000l-h-jep-15000\/","title":{"rendered":"Bomba de \u00e1gua submers\u00edvel de economia de energia SUNSUN 15000L\/h JEP-15000"},"content":{"rendered":"<div style=\"clear:both\"><\/div>\n<p style=\"text-align:left\"><span style=\"font-size:24px\"><strong><span style=\"background-color:#ffff00\">Bomba de \u00e1gua submers\u00edvel SUNSUN com economia de energia de 15.000L\/h na China<\/span><\/strong><\/span><\/p>\n<p style=\"text-align:left\"><strong><\/strong> <\/p>\n<p style=\"text-align:left\"><strong><span style=\"font-size:18px;color:#ff9900\">1. <\/span><\/strong><strong><span style=\"font-size:18px;color:#ff9900\">Descri\u00e7\u00e3o do produto<\/span><\/strong><\/p>\n<p style=\"text-align:left\"><span style=\"font-size:18px\"> <span style=\"font-size:14px;font-family:comic sans ms, sans-serif\"> <\/span><\/span><\/p>\n<p style=\"text-align:left\"><span style=\"font-size:14px;font-family:comic sans ms,sans-serif\">1. Tamanho de sa\u00edda m\u00faltipla para v\u00e1rios tubos. Design de apar\u00eancia, estrutura razo\u00e1vel e alta efici\u00eancia. \u00e0 prova d&#8217;\u00e1gua.<\/span><\/span><\/p>\n<p><span style=\"font-size:14px\"><span style=\"font-family:comic sans ms,sans-serif\">5.Design especial do motor, eixo cer\u00e2mico \u00e0 prova de desgaste, longa vida \u00fatil e adequado <\/span><span style=\"font-family:comic sans ms,sans-serif\">para terra anf\u00edbio.<\/span><\/span><\/p>\n<p><span style=\"font-size:14px\"><span style=\"font-family:comic sans ms,sans-serif\">6.Ele usa n\u00facleo de eixo resistente ao desgaste de alta resist\u00eancia, tem energia altamente eficiente <\/span><span style=\"font-family:comic sans ms,sans-serif\">economia e longo servi\u00e7o vida.<\/span><\/span><\/p>\n<p style=\"text-align:left\"><span style=\"font-size:14px;font-family:comic sans ms,sans-serif;background:#ffffff;color:#000000\"> <\/span><strong><\/strong> <\/p>\n<p><strong><span style=\"font-size:18px;font-family:comic sans ms, sans-serif;color:#ff9900;background-color:#ffffff\"><span style=\"font-family:arial, helvetica, sans-serif\">2. Detalhes da bomba de \u00e1gua submers\u00edvel JEP-15000<\/span> <\/span><\/strong> <\/p>\n<\/p>\n<p> <img loading=\"lazy\" decoding=\"async\" alt=\"SUNSUN Energy Saving 15000L\/h Bomba de \u00e1gua submers\u00edvel na China\" src=\"http:\/\/localhost\/media\/import\/detail\/716740527_054.jpg\" width=\"594\" height=\"200\"><\/p>\n<\/p>\n<p><img decoding=\"async\" alt=\"SUNSUN Energy Saving 15000L\/h Bomba de \u00e1gua submers\u00edvel na China\" src=\"http:\/\/localhost\/media\/import\/detail\/883432929_870.jpg\"><\/p>\n<\/p>\n<p><span style=\"font-family:arial, helvetica, sans-serif;color:#ff9900;background-color:#ffffff\"><strong><span style=\"font-size:18px\">3. Plugues<\/span><\/strong><\/span><\/p>\n<\/p>\n<p> <img loading=\"lazy\" decoding=\"async\" alt=\"SUNSUN Energy Saving 15000L\/h Submersible Water Pump in China\" src=\"http:\/\/localhost\/media\/import\/detail\/701358586_388.jpg\" width=\"594\" height=\"363\"><\/p>\n<\/p>\n<p style=\"text-align:center\">\n<p><span style=\"font-size:18px;color:#ff9900\"><span style=\"font-family:arial, helvetica, sans-serif\"><strong><\/strong><\/span><\/span><\/p>\n","protected":false},"excerpt":{"rendered":"<p>Bomba de \u00e1gua submers\u00edvel de economia de energia SUNSUN 15000L\/h JEP-15000<\/p>\n","protected":false},"featured_media":5795,"comment_status":"open","ping_status":"closed","template":"","meta":[],"product_brand":[],"product_cat":[1374],"product_tag":[],"class_list":{"0":"post-36894","1":"product","2":"type-product","3":"status-publish","4":"has-post-thumbnail","6":"product_cat-bombas-de-agua-e-cabecas-poderosas","8":"first","9":"instock","10":"shipping-taxable","11":"purchasable","12":"product-type-simple"},"_links":{"self":[{"href":"https:\/\/www.myaquastore.com\/pt-br\/wp-json\/wp\/v2\/product\/36894","targetHints":{"allow":["GET"]}}],"collection":[{"href":"https:\/\/www.myaquastore.com\/pt-br\/wp-json\/wp\/v2\/product"}],"about":[{"href":"https:\/\/www.myaquastore.com\/pt-br\/wp-json\/wp\/v2\/types\/product"}],"replies":[{"embeddable":true,"href":"https:\/\/www.myaquastore.com\/pt-br\/wp-json\/wp\/v2\/comments?post=36894"}],"wp:featuredmedia":[{"embeddable":true,"href":"https:\/\/www.myaquastore.com\/pt-br\/wp-json\/wp\/v2\/media\/5795"}],"wp:attachment":[{"href":"https:\/\/www.myaquastore.com\/pt-br\/wp-json\/wp\/v2\/media?parent=36894"}],"wp:term":[{"taxonomy":"product_brand","embeddable":true,"href":"https:\/\/www.myaquastore.com\/pt-br\/wp-json\/wp\/v2\/product_brand?post=36894"},{"taxonomy":"product_cat","embeddable":true,"href":"https:\/\/www.myaquastore.com\/pt-br\/wp-json\/wp\/v2\/product_cat?post=36894"},{"taxonomy":"product_tag","embeddable":true,"href":"https:\/\/www.myaquastore.com\/pt-br\/wp-json\/wp\/v2\/product_tag?post=36894"}],"curies":[{"name":"wp","href":"https:\/\/api.w.org\/{rel}","templated":true}]}}