{"id":36905,"date":"2016-09-25T23:28:36","date_gmt":"2016-09-25T23:28:36","guid":{"rendered":"https:\/\/www.myaquastore.com\/product\/bomba-de-fonte-para-tanque-de-peixes-sunsun-8000l-h-90w-para-lagoa-cegs-jep-8000f\/"},"modified":"2025-03-16T08:44:58","modified_gmt":"2025-03-16T08:44:58","slug":"bomba-de-fonte-para-tanque-de-peixes-sunsun-8000l-h-90w-para-lagoa-cegs-jep-8000f","status":"publish","type":"product","link":"https:\/\/www.myaquastore.com\/pt-br\/produto\/bomba-de-fonte-para-tanque-de-peixes-sunsun-8000l-h-90w-para-lagoa-cegs-jep-8000f\/","title":{"rendered":"Bomba de fonte para tanque de peixes SUNSUN 8000L\/h 90W para lagoa (CE,GS) JEP-8000F"},"content":{"rendered":"<div style=\"clear:both\"><\/div>\n<p style=\"text-align:left\"><span style=\"font-family:arial,helvetica,sans-serif;background-color:#993366\"><strong><span style=\"font-size:24px;color:#000000\">1.Recursos:<\/span><\/strong> <\/span><\/p>\n<p><span>1. Usado para lagoa e tanque.<\/span><\/p>\n<p><span style=\"font-size:18px;font-family:arial,helvetica,sans-serif;color:#000000\">2. Motor ass\u00edncrono padr\u00e3o de alto desempenho com novo design, baixo ru\u00eddo,<\/span><\/p>\n<p><span style=\"font-size:18px;font-family:arial,helvetica,sans-serif;color:#000000\"> economia de energia e \u00e0 prova d&#8217;\u00e1gua.<\/span><\/p>\n<\/p>\n<p><span>3. Design especial para o rotor, eixo cer\u00e2mico \u00e0 prova d&#8217;\u00e1gua, longa vida \u00fatil e adequado para anf\u00edbios terrestres.<\/span><\/p>\n<p><span>4. Conector de descarga m\u00faltipla para v\u00e1rios tubos.<\/span><\/p>\n<p><span style=\"font-size:18px;font-family:arial,helvetica,sans-serif;color:#000000\">5. Pode controlar o fluxo.<\/span><\/p>\n<\/p>\n<p><span style=\"font-size:18px;font-family:arial,helvetica,sans-serif;color:#000000\">6. Fontes personalizadas com v\u00e1rios designs. Forne\u00e7a oxig\u00eanio \u00e0s lagoas<\/span><\/p>\n<p><span style=\"font-size:18px;font-family:arial,helvetica,sans-serif;color:#000000\"> da maneira mais moderna.<\/span><\/p>\n<p><span>7. Foram equipados com o regulador que pode ser puxado para frente e para tr\u00e1s.<\/span><\/p>\n<p><span style=\"font-size:18px;font-family:arial,helvetica,sans-serif;color:#000000\"> F\u00e1cil para voc\u00ea ajustar a altura.<\/span><\/p>\n<\/p>\n<p style=\"text-align:left\"> <img decoding=\"async\" alt=\"SUNSUN 8000L\/h Bomba fonte de tanque de peixes de 90 W para lagoa (CE, GS)\" src=\"http:\/\/localhost\/media\/import\/detail\/714642924_138.jpg\"><\/p>\n<p style=\"text-align:left\">\n<p style=\"text-align:left\">\n<p style=\"text-align:left\"><span style=\"font-family:arial,helvetica,sans-serif;background-color:#993366\"><strong><span style=\"font-size:24px\">2.Os par\u00e2metros:<\/span><\/strong> <\/span><\/p>\n<p style=\"text-align:left\"><span style=\"font-size:18px;font-family:arial,helvetica,sans-serif\"><span style=\"color:#0000ff\">Modelo:<\/span> JEP-8000F<\/span><\/p>\n<p style=\"text-align:left\">\n<p style=\"text-align:left\">\n<p style=\"text-align:left\"><span style=\"font-size:18px;font-family:arial,helvetica,sans-serif\"><span style=\"color:#0000ff\">Tens\u00e3o:<\/span> 110V\/220V\/240V<\/span><\/p>\n<p style=\"text-align:left\">\n<p style=\"text-align:left\">\n<p style=\"text-align:left\"><span style=\"font-size:18px;font-family:arial,helvetica,sans-serif\"><span style=\"color:#0000ff\">Frequ\u00eancia:<\/span> 50Hz\/60Hz<\/span><\/p>\n<p style=\"text-align:left\">\n<p style=\"text-align:left\">\n<p style=\"text-align:left\"><span style=\"font-size:18px;font-family:arial,helvetica,sans-serif\"><span style=\"color:#0000ff\">Pot\u00eancia:<\/span> 90W<\/span><\/p>\n<p style=\"text-align:left\">\n<p style=\"text-align:left\">\n<p style=\"text-align:left\"><span style=\"font-size:18px;font-family:arial,helvetica,sans-serif\"><span style=\"color:#0000ff\">H-Max:<\/span> 3,6 m<\/span><\/p>\n<p style=\"text-align:left\">\n<p style=\"text-align:left\">\n<p style=\"text-align:left\"><span style=\"font-size:18px;font-family:arial,helvetica,sans-serif\"><span style=\"color:#0000ff\">Sa\u00edda:<\/span> 8000L\/h<\/span><\/p>\n<p style=\"text-align:left\">\n<p style=\"text-align:left\">\n<p style=\"text-align:left\"><span style=\"font-size:18px;font-family:arial,helvetica,sans-serif\"><span style=\"color:#0000ff\">Peso:<\/span> 3,0kg<\/span><\/p>\n<p style=\"text-align:left\">\n<p style=\"text-align:left\">\n<p style=\"text-align:left\"><span style=\"font-size:18px;font-family:arial,helvetica,sans-serif\"><span style=\"color:#0000ff\">Dimens\u00f5es<\/span><strong><span style=\"color:#0000ff\">:<\/span><\/strong> 265*115*130mm<\/span><\/p>\n<p style=\"text-align:left\">\n<p style=\"text-align:left\">\n<p style=\"text-align:left\"><span style=\"background-color:#993366\"><strong><span style=\"font-size:24px;font-family:verdana,geneva\">3.Outros modelos:<\/span><\/strong> <\/span><\/p>\n<p style=\"text-align:left\">\n<p style=\"text-align:left\"> <img loading=\"lazy\" decoding=\"async\" alt=\"SUNSUN 8000L\/h 90W Bomba fonte de tanque de peixes para lagoa (CE,GS)\" src=\"http:\/\/localhost\/media\/import\/detail\/714644065_900.jpg\" width=\"600\" height=\"600\"><\/p>\n<p style=\"text-align:left\">\n<p style=\"text-align:left\">\n<p style=\"text-align:left\">\n<table class=\"aliDataTable\" style=\"height:135px;width:631px\">\n<tbody>\n<tr align=\"left\">\n<td style=\"width:53.6pt\" valign=\"top\">\n<p><span style=\"font-size:14px;font-family:arial,helvetica,sans-serif\">Modelo<\/span><\/p>\n<\/td>\n<td style=\"width:73.85pt\" valign=\"top\">\n<p><span style=\"font-size:14px;font-family:arial,helvetica,sans-serif\">Tens\u00e3o<\/span><\/p>\n<\/td>\n<td style=\"width:51.9pt\" valign=\"top\">\n<p><span style=\"font-size:14px;font-family:arial,helvetica,sans-serif\">Frequ\u00eancia<\/span><\/p>\n<\/td>\n<td style=\"width:45.1pt\" valign=\"top\">\n<p><span style=\"font-size:14px;font-family:arial,helvetica,sans-serif\">Poder<\/span><\/p>\n<\/td>\n<td style=\"width:45.1pt\" valign=\"top\">\n<p><span style=\"font-size:14px;font-family:arial,helvetica,sans-serif\">H-max<\/span><\/p>\n<\/td>\n<td style=\"width:45.1pt\" valign=\"top\">\n<p><span style=\"font-size:14px;font-family:arial,helvetica,sans-serif\">Sa\u00edda<\/span><\/p>\n<\/td>\n<td style=\"width:45.1pt\" valign=\"top\">\n<p><span style=\"font-size:14px;font-family:arial,helvetica,sans-serif\"> Peso<\/span><\/p>\n<\/td>\n<td style=\"width:72.35pt\" valign=\"top\">\n<p><span style=\"font-size:14px;font-family:arial,helvetica,sans-serif\">Dimens\u00f5es<\/span><\/p>\n<\/td>\n<\/tr>\n<tr align=\"left\">\n<td valign=\"top\">\n<p><span style=\"font-size:14px;font-family:arial,helvetica,sans-serif\">JEP-5000F<\/span><\/p>\n<\/td>\n<td valign=\"top\">\n<p><span style=\"font-size:14px;font-family:arial,helvetica,sans-serif\">110V\/220V\/240V<\/span><\/p>\n<\/td>\n<td valign=\"top\">\n<p><span style=\"font-size:14px;font-family:arial,helvetica,sans-serif;background:#ffffff\">50Hz\/60Hz<\/span><\/p>\n<\/td>\n<td valign=\"top\">\n<p><span style=\"font-size:14px;font-family:arial,helvetica,sans-serif\">60W<\/span><\/p>\n<\/td>\n<td valign=\"top\">\n<p><span style=\"font-size:14px;font-family:arial,helvetica,sans-serif\">3,0m<\/span><\/p>\n<\/td>\n<td valign=\"top\">\n<p><span style=\"font-size:14px;font-family:arial,helvetica,sans-serif\">5000L\/h<\/span><\/p>\n<\/td>\n<td valign=\"top\">\n<p><span style=\"font-size:14px;font-family:arial,helvetica,sans-serif\"> 3,0kg<\/span><\/p>\n<\/td>\n<td valign=\"top\">\n<p><span style=\"font-size:14px;font-family:arial,helvetica,sans-serif\">265*115*130mm<\/span><\/p>\n<\/td>\n<\/tr>\n<tr align=\"left\">\n<td valign=\"top\">\n<p><strong><span style=\"font-size:14px;font-family:arial,helvetica,sans-serif;color:#0000ff\">JEP-8000F<\/span><\/strong><\/p>\n<\/td>\n<td valign=\"top\">\n<p><strong><span style=\"font-size:14px;font-family:arial,helvetica,sans-serif;color:#0000ff\">110V\/220V\/240V<\/span><\/strong><\/p>\n<\/td>\n<td valign=\"top\">\n<p><strong><span style=\"font-size:14px;font-family:arial,helvetica,sans-serif;background:#ffffff;color:#0000ff\">50Hz\/60Hz<\/span><\/strong><\/p>\n<\/td>\n<td valign=\"top\">\n<p><strong><span style=\"font-size:14px;font-family:arial,helvetica,sans-serif;color:#0000ff\">90W<\/span><\/strong><\/p>\n<\/td>\n<td valign=\"top\">\n<p><strong><span style=\"font-size:14px;font-family:arial,helvetica,sans-serif;color:#0000ff\">3,6m<\/span><\/strong><\/p>\n<\/td>\n<td valign=\"top\">\n<p><strong><span style=\"font-size:14px;font-family:arial,helvetica,sans-serif;color:#0000ff\">8000L\/h<\/span><\/strong><\/p>\n<\/td>\n<td valign=\"top\">\n<p><strong><span style=\"font-size:14px;font-family:arial,helvetica,sans-serif;color:#0000ff\"> 3,0kg<\/span><\/strong><\/p>\n<\/td>\n<td valign=\"top\">\n<p><strong><span style=\"font-size:14px;font-family:arial,helvetica,sans-serif;color:#0000ff\">265*115*130mm<\/span><\/strong><\/p>\n<\/td>\n<\/tr>\n<tr align=\"left\">\n<td valign=\"top\">\n<p><span style=\"font-size:14px;font-family:arial,helvetica,sans-serif\">JEP-9000F<\/span><\/p>\n<\/td>\n<td valign=\"top\">\n<p><span style=\"font-size:14px;font-family:arial,helvetica,sans-serif\">110V\/220V\/240V<\/span><\/p>\n<\/td>\n<td valign=\"top\">\n<p><span style=\"font-size:14px;font-family:arial,helvetica,sans-serif;background:#ffffff;color:#000000\">50Hz\/60Hz<\/span><\/p>\n<\/td>\n<td valign=\"top\">\n<p><span style=\"font-size:14px;font-family:arial,helvetica,sans-serif\">125W<\/span><\/p>\n<\/td>\n<td valign=\"top\">\n<p><span style=\"font-size:14px;font-family:arial,helvetica,sans-serif\">4,5m<\/span><\/p>\n<\/td>\n<td valign=\"top\">\n<p><span style=\"font-size:14px;font-family:arial,helvetica,sans-serif\">9000L\/h<\/span><\/p>\n<\/td>\n<td valign=\"top\">\n<p><span style=\"font-size:14px;font-family:arial,helvetica,sans-serif\"> 3,5kg<\/span><\/p>\n<\/td>\n<td valign=\"top\">\n<p><span style=\"font-size:14px;font-family:arial,helvetica,sans-serif\">270*123*140mm<\/span><\/p>\n<\/td>\n<\/tr>\n<tr align=\"left\">\n<td valign=\"top\">\n<p><span style=\"font-size:14px;font-family:arial,helvetica,sans-serif\">JEP-10000F<\/span><\/p>\n<\/td>\n<td valign=\"top\">\n<p><span style=\"font-size:14px;font-family:arial,helvetica,sans-serif\">110V\/220V\/240V<\/span><\/p>\n<\/td>\n<td valign=\"top\">\n<p><span style=\"font-size:14px;font-family:arial,helvetica,sans-serif;background:#ffffff;color:#000000\">50Hz\/60Hz<\/span><\/p>\n<\/td>\n<td valign=\"top\">\n<p><span style=\"font-size:14px;font-family:arial,helvetica,sans-serif\">155W<\/span><\/p>\n<\/td>\n<td valign=\"top\">\n<p><span style=\"font-size:14px;font-family:arial,helvetica,sans-serif\">4,75m<\/span><\/p>\n<\/td>\n<td valign=\"top\">\n<p><span style=\"font-size:14px;font-family:arial,helvetica,sans-serif\">10000L\/h<\/span><\/p>\n<\/td>\n<td valign=\"top\">\n<p><span style=\"font-size:14px;font-family:arial,helvetica,sans-serif\"> 3,5 kg. style=&#8221;font-family:arial,helvetica,sans-serif;background-color:#993366;&#8221;&gt;<strong><span style=\"font-size:24px\">4.O uso:<\/span><\/strong><\/span><\/p>\n<p style=\"text-align:left\">\n<p style=\"text-align:left\">\n<p style=\"text-align:left\"> <img decoding=\"async\" alt=\"SUNSUN 8000L\/h 90W Bomba de fonte para tanque de peixes para lagoa (CE,GS)\" src=\"http:\/\/localhost\/media\/import\/detail\/714610209_929.jpg\"><\/p>\n<p style=\"text-align:left\">\n<p style=\"text-align:left\"><span style=\"font-size:16px;font-family:verdana,geneva\"><img loading=\"lazy\" decoding=\"async\" alt=\"SUNSUN 8000L\/h 90W Bomba de fonte para tanque de peixes para lagoa (CE,GS)\" src=\"http:\/\/localhost\/media\/import\/detail\/695298849_200.jpg\" width=\"593\" height=\"310\"><\/span><\/p>\n<p style=\"text-align:left\">\n<p style=\"text-align:left\">\n<p style=\"text-align:left\"><span style=\"font-family:arial,helvetica,sans-serif;background-color:#993366\"><strong><span style=\"font-size:24px\">5.<strong><span style=\"font-size:x-large\">V\u00e1rios estilos de fontes<\/span><\/strong>:<\/span><\/strong><strong><\/strong> <\/span><\/p>\n<p style=\"text-align:left\">\n<p style=\"text-align:left\"> <img loading=\"lazy\" decoding=\"async\" alt=\"SUNSUN 8000L\/h 90W Fish Tank Fountain Bomba para lagoa (CE, GS)\" src=\"http:\/\/localhost\/media\/import\/detail\/714638313_760.jpg\" width=\"600\" height=\"600\"><\/p>\n<p style=\"text-align:left\"> <img loading=\"lazy\" decoding=\"async\" alt=\"SUNSUN 8000L\/h 90W Bomba de fonte para tanque de peixes para Pond(CE,GS)\" src=\"http:\/\/localhost\/media\/import\/detail\/714640311_502.jpg\" width=\"600\" height=\"600\"><\/p>\n<p style=\"text-align:left\"><strong><\/strong> <\/p><\/p>\n","protected":false},"excerpt":{"rendered":"<p>Bomba de fonte para tanque de peixes SUNSUN 8000L\/h 90W para lagoa (CE,GS) JEP-8000F<\/p>\n","protected":false},"featured_media":5817,"comment_status":"open","ping_status":"closed","template":"","meta":[],"product_brand":[],"product_cat":[1374],"product_tag":[],"class_list":{"0":"post-36905","1":"product","2":"type-product","3":"status-publish","4":"has-post-thumbnail","6":"product_cat-bombas-de-agua-e-cabecas-poderosas","8":"first","9":"instock","10":"shipping-taxable","11":"purchasable","12":"product-type-simple"},"_links":{"self":[{"href":"https:\/\/www.myaquastore.com\/pt-br\/wp-json\/wp\/v2\/product\/36905","targetHints":{"allow":["GET"]}}],"collection":[{"href":"https:\/\/www.myaquastore.com\/pt-br\/wp-json\/wp\/v2\/product"}],"about":[{"href":"https:\/\/www.myaquastore.com\/pt-br\/wp-json\/wp\/v2\/types\/product"}],"replies":[{"embeddable":true,"href":"https:\/\/www.myaquastore.com\/pt-br\/wp-json\/wp\/v2\/comments?post=36905"}],"wp:featuredmedia":[{"embeddable":true,"href":"https:\/\/www.myaquastore.com\/pt-br\/wp-json\/wp\/v2\/media\/5817"}],"wp:attachment":[{"href":"https:\/\/www.myaquastore.com\/pt-br\/wp-json\/wp\/v2\/media?parent=36905"}],"wp:term":[{"taxonomy":"product_brand","embeddable":true,"href":"https:\/\/www.myaquastore.com\/pt-br\/wp-json\/wp\/v2\/product_brand?post=36905"},{"taxonomy":"product_cat","embeddable":true,"href":"https:\/\/www.myaquastore.com\/pt-br\/wp-json\/wp\/v2\/product_cat?post=36905"},{"taxonomy":"product_tag","embeddable":true,"href":"https:\/\/www.myaquastore.com\/pt-br\/wp-json\/wp\/v2\/product_tag?post=36905"}],"curies":[{"name":"wp","href":"https:\/\/api.w.org\/{rel}","templated":true}]}}