{"id":36914,"date":"2016-09-25T23:28:37","date_gmt":"2016-09-25T23:28:37","guid":{"rendered":"https:\/\/www.myaquastore.com\/product\/bomba-de-lagoa-sunsun-com-economia-de-energia-50-eco-cqb-7500\/"},"modified":"2025-03-16T08:45:01","modified_gmt":"2025-03-16T08:45:01","slug":"bomba-de-lagoa-sunsun-com-economia-de-energia-50-eco-cqb-7500","status":"publish","type":"product","link":"https:\/\/www.myaquastore.com\/pt-br\/produto\/bomba-de-lagoa-sunsun-com-economia-de-energia-50-eco-cqb-7500\/","title":{"rendered":"Bomba de lagoa SUNSUN com economia de energia 50% ECO CQB-7500"},"content":{"rendered":"<div style=\"clear:both\"><\/div>\n<p style=\"text-align:center\"><span style=\"font-size:24px\"><strong>Bomba para lago SUNSUN com economia de energia 50% ECO CQB-7500<\/strong> <\/span><\/p>\n<p style=\"text-align:center\">\n<p><span style=\"font-size:18px;font-family:book antiqua,palatino\"><strong><span style=\"color:#0000ff;text-decoration:underline\">Descri\u00e7\u00e3o do item:<\/span><\/strong><\/span><\/p>\n<p> <span style=\"font-family:tahoma,arial,helvetica,sans-serif\"> <span style=\"font-size:14px;font-family:trebuchet ms,geneva\">Esta bomba de lagoa aplicam-se a lagoas, rockey, bourn, tanques de aqu\u00e1rio e tanques de frutos do mar com equipamentos de reciclagem de \u00e1gua correspondentes. <\/span><\/span><\/p>\n<\/p>\n<p><span style=\"font-size:18px;font-family:book antiqua,palatino\"><strong><span style=\"color:#0000ff;text-decoration:underline\">Recursos da bomba de lago:<\/span><\/strong><\/span><\/p>\n<ul>\n<li><span style=\"font-size:18px;font-family:trebuchet ms,geneva\"><span style=\"color:#000000\"><span style=\"font-size:14px\"><span style=\"font-size:14px\"><span style=\"font-family:Arial\">Suc\u00e7\u00e3o de baixa alavanca e baixa ru\u00eddo<\/span><\/span><\/span><\/span><\/span><\/li>\n<li><span style=\"font-size:18px;font-family:trebuchet ms,geneva\"><span style=\"color:#000000\"><span style=\"font-size:14px\"><span style=\"font-size:14px\"><span style=\"font-family:Arial\">Alto desempenho motor ass\u00edncrono padr\u00e3o com novo design e economia de energia de at\u00e9 50% do que antes. style=&#8221;font-size:14px;&#8221;&gt;<span style=\"font-family:Arial\">o design da cesta de filtro grande torna a manuten\u00e7\u00e3o muito mais longa.<\/span><\/span><\/span><\/span><\/span><\/li>\n<li><span style=\"font-size:18px;font-family:trebuchet ms,geneva\"><span style=\"color:#000000\"><span style=\"font-size:14px\"><span style=\"font-size:14px\"><span style=\"font-family:Arial\">Selo duplo de resina e anel de borracha tornam-no mais seguro para uso.<\/span><\/span><\/span><\/span><\/span><\/li>\n<li><span style=\"font-size:18px;font-family:trebuchet ms,geneva\"><span style=\"color:#000000\"><span style=\"font-size:14px\"><span style=\"font-size:14px\"><span style=\"font-family:Arial\">Eixo cer\u00e2mico de alta resist\u00eancia e desgaste, longa vida \u00fatil.<\/span><\/span><\/span><\/span><\/span><\/li>\n<li><span style=\"font-size:18px;font-family:trebuchet ms,geneva\"><span style=\"font-size:18px;font-family:trebuchet ms,geneva\"><span style=\"color:#000000\"><span style=\"font-size:14px\"><span style=\"font-size:14px\"><span style=\"font-family:Arial\">A h\u00e9lice Sprial permite o tamanho das part\u00edculas de sujeira, desde que 6 mm.<\/span><\/span><\/span><\/span><\/span><\/span><\/li>\n<\/ul>\n<p><span style=\"font-size:18px;font-family:book antiqua,palatina\"><strong><span style=\"color:#0000ff;text-decoration:underline\">CQB-7500 data da bomba de lago:<\/span><\/strong><\/span><\/p>\n<\/p>\n<\/p>\n<table class=\"aliDataTable ke-zeroborder\" style=\"height:305px;width:600px\" cellpadding=\"0\" border=\"0\">\n<tbody>\n<tr>\n<td>Nome do produto:<\/td>\n<td> Bomba para lago SUNSUN com economia de energia 50% ECO CQB-7500<\/td>\n<\/tr>\n<tr>\n<td> Inclui:<\/td>\n<td> bomba para lago<\/td>\n<\/tr>\n<tr>\n<td> <\/td>\n<td> Adaptador de mangueira<\/td>\n<\/tr>\n<tr>\n<td> <\/td>\n<td> conex\u00e3o<\/td>\n<\/tr>\n<tr>\n<td> <\/td>\n<td> algumas outras pe\u00e7as<\/td>\n<\/tr>\n<tr>\n<td> Fun\u00e7\u00e3o:<\/td>\n<td> Operar dia e noite com v\u00e1lvula de \u00e1gua<\/td>\n<\/tr>\n<tr>\n<td> <\/td>\n<td> Temporizador 1H\/2H\/4H<\/td>\n<\/tr>\n<tr>\n<td> Caracter\u00edstica:<\/td>\n<td> Levantamento de \u00e1gua Max: 3,3 m<\/td>\n<\/tr>\n<tr>\n<td> <\/td>\n<td> Fluxo de \u00e1gua m\u00e1ximo: 7500L\/H <span style=\"background-color:#ffff00\">(2000gal\/hora)<\/span><\/td>\n<\/tr>\n<tr>\n<td> Caixa de exporta\u00e7\u00e3o:<\/td>\n<td> 6PCS\/CTN<\/td>\n<\/tr>\n<tr>\n<td> N.W;G.W\/ Caixa:<\/td>\n<td> 16KG,17KG<\/td>\n<\/tr>\n<tr>\n<td>Dimens\u00f5es da bomba<\/td>\n<td> 220*115*140mm<\/td>\n<\/tr>\n<tr>\n<td> MOQ:<\/td>\n<td> 60PCS<\/td>\n<\/tr>\n<\/tbody>\n<\/table>\n<\/p>\n<p><span style=\"font-size:18px;font-family:book antiqua,palatino\"><strong><span style=\"color:#0000ff;text-decoration:underline\">CQB-7500 Imagens:<\/span><\/strong><\/span><\/p>\n<p><img decoding=\"async\" alt=\"SUNSUN economia de energia 50% bomba de lago ECO CQB-7500\" src=\"http:\/\/localhost\/media\/import\/detail\/829463577_498.jpg\"><\/p>\n<p><span style=\"font-size:18px;font-family:book antiqua,palatino\"><span style=\"color:#000000\"><span style=\"font-size:14px;font-family:trebuchet ms,geneva\"><span style=\"font-size:14px;font-family:trebuchet ms,geneva\"><span style=\"font-family:Arial\"><img loading=\"lazy\" decoding=\"async\" alt=\"SUNSUN economia de energia 50% bomba de lago ECO CQB-7500\" src=\"http:\/\/localhost\/media\/import\/detail\/529319103_523.jpg\" width=\"602\" height=\"207\"><img loading=\"lazy\" decoding=\"async\" alt=\"SUNSUN economia de energia 50% ECO bomba para lago CQB-7500\" src=\"http:\/\/localhost\/media\/import\/detail\/529319102_018.jpg\" width=\"602\" height=\"527\"><\/span><\/span><\/span><\/span><\/span><\/p>\n<\/p>\n<div style=\"clear:both\"><\/div>\n","protected":false},"excerpt":{"rendered":"<p>Bomba de lagoa SUNSUN com economia de energia 50% ECO CQB-7500<\/p>\n","protected":false},"featured_media":5835,"comment_status":"open","ping_status":"closed","template":"","meta":[],"product_brand":[],"product_cat":[1374],"product_tag":[],"class_list":{"0":"post-36914","1":"product","2":"type-product","3":"status-publish","4":"has-post-thumbnail","6":"product_cat-bombas-de-agua-e-cabecas-poderosas","8":"first","9":"instock","10":"shipping-taxable","11":"purchasable","12":"product-type-simple"},"_links":{"self":[{"href":"https:\/\/www.myaquastore.com\/pt-br\/wp-json\/wp\/v2\/product\/36914","targetHints":{"allow":["GET"]}}],"collection":[{"href":"https:\/\/www.myaquastore.com\/pt-br\/wp-json\/wp\/v2\/product"}],"about":[{"href":"https:\/\/www.myaquastore.com\/pt-br\/wp-json\/wp\/v2\/types\/product"}],"replies":[{"embeddable":true,"href":"https:\/\/www.myaquastore.com\/pt-br\/wp-json\/wp\/v2\/comments?post=36914"}],"wp:featuredmedia":[{"embeddable":true,"href":"https:\/\/www.myaquastore.com\/pt-br\/wp-json\/wp\/v2\/media\/5835"}],"wp:attachment":[{"href":"https:\/\/www.myaquastore.com\/pt-br\/wp-json\/wp\/v2\/media?parent=36914"}],"wp:term":[{"taxonomy":"product_brand","embeddable":true,"href":"https:\/\/www.myaquastore.com\/pt-br\/wp-json\/wp\/v2\/product_brand?post=36914"},{"taxonomy":"product_cat","embeddable":true,"href":"https:\/\/www.myaquastore.com\/pt-br\/wp-json\/wp\/v2\/product_cat?post=36914"},{"taxonomy":"product_tag","embeddable":true,"href":"https:\/\/www.myaquastore.com\/pt-br\/wp-json\/wp\/v2\/product_tag?post=36914"}],"curies":[{"name":"wp","href":"https:\/\/api.w.org\/{rel}","templated":true}]}}