{"id":36915,"date":"2016-09-25T23:28:37","date_gmt":"2016-09-25T23:28:37","guid":{"rendered":"https:\/\/www.myaquastore.com\/product\/sunsun-ce-bomba-de-peixes-de-aquario-gs-com-copo-de-alta-qualidade-129\/"},"modified":"2025-03-16T08:45:01","modified_gmt":"2025-03-16T08:45:01","slug":"sunsun-ce-bomba-de-peixes-de-aquario-gs-com-copo-de-alta-qualidade-129","status":"publish","type":"product","link":"https:\/\/www.myaquastore.com\/pt-br\/produto\/sunsun-ce-bomba-de-peixes-de-aquario-gs-com-copo-de-alta-qualidade-129\/","title":{"rendered":"SUNSUN CE, Bomba de peixes de aqu\u00e1rio GS com COPO de alta qualidade-129"},"content":{"rendered":"<div style=\"clear:both\"><\/div>\n<div style=\"font-size:13px;font-family:Arial, Helvetica, sans-serif;color:#000000;width:726px\">\n<table class=\"ke-zeroborder\" style=\"width:750px\" cellpadding=\"0\" border=\"0\">\n<tbody>\n<tr>\n<td><a href=\"http:\/\/preview.alibaba.com\/product\/663378958-215139670\/Koi_Pond_Fish_Tank_Aquarium_UV_Serilizer_CUV_111A.html\" target=\"_blank\"><\/a><\/td>\n<td><a href=\"http:\/\/preview.alibaba.com\/product\/1554227447-215139670\/SUNSUN_Pond_Underground_Filter_1000L_h_with_9W_UV_clarifier_CUP_129.html\" target=\"_blank\"><\/a><\/td>\n<td> <\/td>\n<td><a href=\"http:\/\/preview.alibaba.com\/product\/60052250289-215139670\/SUNSUN_CUV_236_36w_aquarium_water_designer_uv_filter.html\" target=\"_blank\"><\/a><\/td>\n<\/tr>\n<\/tbody>\n<\/table>\n<p style=\"text-align:left\"><span style=\"font-size:16px;color:#000000\"><strong>CARACTER\u00cdSTICAS:<\/strong><\/span><\/p>\n<p style=\"text-align:left\"><span style=\"font-size:18pt\"><strong>SUNSUN CE,GS bomba de peixes de aqu\u00e1rio com alta qualidade<\/strong><\/span><\/p>\n<p style=\"text-align:left\"><span style=\"font-size:18px;color:#000000\"><span style=\"font-size:24px\"><span style=\"font-size:14px\">1.Este produto rolou filtro fonte esteriliza\u00e7\u00e3o bombeamento de oxig\u00eanioe muitas<\/span><span style=\"font-size:14px\"> outras fun\u00e7\u00f5es em um, volume de gabinete de configura\u00e7\u00e3o compacto.<\/span><br \/><span style=\"font-size:14px\">2.Este produto adequado para lagoas, equipamentos para aqu\u00e1rios m\u00e9dios e grandes.<\/span><br \/><span style=\"font-size:14px\">3.Tanto o mar quanto a \u00e1gua doce de uso duplo.<\/span><\/span><\/span><\/p>\n<p style=\"text-align:left\">\n<p style=\"text-align:left\"><span style=\"font-size:16px\"><strong><span style=\"color:#000000\">PAR\u00c2METROS:<\/span><\/strong><\/span><\/p>\n<table class=\"aliDataTable\" style=\"height:201px;width:776px\" border=\"1\">\n<tbody>\n<tr>\n<td style=\"text-align:center\">MODELO<\/td>\n<td style=\"text-align:center\">TENS\u00c3O<\/td>\n<td style=\"text-align:center\">FREQU\u00caNCIA<\/td>\n<td style=\"text-align:center\">POT\u00caNCIA<\/td>\n<td style=\"text-align:center\">BOMBA DE \u00c1GUA<\/td>\n<td style=\"text-align:center\">POT\u00caNCIA UV-C<\/td>\n<td style=\"text-align:center\">CAPACIDADE<\/td>\n<td style=\"text-align:center\">FLUXO<\/td>\n<td style=\"text-align:center\">H-MAX<\/td>\n<td style=\"text-align:center\">PESO<\/td>\n<td style=\"text-align:center\">L*W*H<\/td>\n<\/tr>\n<tr>\n<td style=\"text-align:center\">CUP-129<\/td>\n<td style=\"text-align:center\">110V\/220V\/240V<\/td>\n<td style=\"text-align:center\">50Hz\/60Hz<\/td>\n<td style=\"text-align:center\">24w<\/td>\n<td style=\"text-align:center\">12w<\/td>\n<td style=\"text-align:center\">9w<\/td>\n<td style=\"text-align:center\">6000L<\/td>\n<td style=\"text-align:center\">1000L\/h<\/td>\n<td style=\"text-align:center\">1,4m<\/td>\n<td style=\"text-align:center\">2,0kg<\/td>\n<td style=\"text-align:center\">330*100*105<\/td>\n<\/tr>\n<tr>\n<td style=\"text-align:center\">CUP-139<\/td>\n<td style=\"text-align:center\">110V\/220V\/240V<\/td>\n<td style=\"text-align:center\">50Hz\/60Hz<\/td>\n<td style=\"text-align:center\">28w<\/td>\n<td style=\"text-align:center\">12w<\/td>\n<td style=\"text-align:center\">13w<\/td>\n<td style=\"text-align:center\">9000L<\/td>\n<td style=\"text-align:center\">1000L\/h<\/td>\n<td style=\"text-align:center\">1,4m<\/td>\n<td style=\"text-align:center\">2,2kg<\/td>\n<td style=\"text-align:center\">350*100*105<\/td>\n<\/tr>\n<tr>\n<td style=\"text-align:center\">CUP-609<\/td>\n<td style=\"text-align:center\">110V\/220V\/240V<\/td>\n<td style=\"text-align:center\">50Hz\/60Hz<\/td>\n<td style=\"text-align:center\">18w<\/td>\n<td style=\"text-align:center\">6w<\/td>\n<td style=\"text-align:center\">9w<\/td>\n<td style=\"text-align:center\">6000L<\/td>\n<td style=\"text-align:center\">2000L\/h<\/td>\n<td style=\"text-align:center\">\/<\/td>\n<td style=\"text-align:center\">1,8kg<\/td>\n<td style=\"text-align:center\">317*110*105<\/td>\n<\/tr>\n<tr>\n<td style=\"text-align:center\">CUP-619<\/td>\n<td style=\"text-align:center\">110V\/220V\/240V<\/td>\n<td style=\"text-align:center\">50Hz\/60Hz<\/td>\n<td style=\"text-align:center\">22w<\/td>\n<td style=\"text-align:center\">6w<\/td>\n<td style=\"text-align:center\">13w<\/td>\n<td style=\"text-align:center\">9000L<\/td>\n<td style=\"text-align:center\">2000L\/h<\/td>\n<td style=\"text-align:center\">\/<\/td>\n<td style=\"text-align:center\">1,8kg<\/td>\n<td style=\"text-align:center\">337*100*105<\/td>\n<\/tr>\n<tr>\n<td style=\"text-align:center\">CUP-359<\/td>\n<td style=\"text-align:center\">110V\/220V\/240V<\/td>\n<td style=\"text-align:center\">50Hz\/60Hz<\/td>\n<td style=\"text-align:center\">45w<\/td>\n<td style=\"text-align:center\">32w<\/td>\n<td style=\"text-align:center\">9w<\/td>\n<td style=\"text-align:center\">12000L<\/td>\n<td style=\"text-align:center\">2000L\/h<\/td>\n<td style=\"text-align:center\">2m<\/td>\n<td style=\"text-align:center\">2,5kg<\/td>\n<td style=\"text-align:center\">360*118*110<\/td>\n<\/tr>\n<\/tbody>\n<\/table>\n<p style=\"text-align:left\">\n<p style=\"text-align:left\">\n<p style=\"text-align:center\"><span style=\"font-size:18px;color:#000000\"><strong><span style=\"font-size:24px\"><img decoding=\"async\" alt=\"cup-129-(1)_01.jpg\" src=\"http:\/\/localhost\/media\/import\/detail\/HTB1vPw1FVXXXXcMXXXXq6xXFXXXJ.jpg\"><img decoding=\"async\" alt=\"cup-129-(1)_02.jpg\" src=\"http:\/\/localhost\/media\/import\/detail\/HTB15zU6FVXXXXXcXXXXq6xXFXXXr.jpg\"><img decoding=\"async\" alt=\"cup-129-(1)_03.jpg\" src=\"http:\/\/localhost\/media\/import\/detail\/HTB14y.YFVXXXXasXFXXq6xXFXXXs.jpg\"><img decoding=\"async\" alt=\"cup-129-(1)_04.jpg\" src=\"http:\/\/localhost\/media\/import\/detail\/HTB1ay.YFVXXXXcuXpXXq6xXFXXXF.jpg\"><img decoding=\"async\" alt=\"cup-129-(1)_05.jpg\" src=\"http:\/\/localhost\/media\/import\/detail\/HTB1PUA4FVXXXXbAXXXXq6xXFXXXt.jpg\"><img decoding=\"async\" alt=\"cup-129-(1)_06.jpg\" src=\"http:\/\/localhost\/media\/import\/detail\/HTB1QfZWFVXXXXbVXFXXq6xXFXXX3.jpg\"><img decoding=\"async\" alt=\"cup-129-(1)_07.jpg\" src=\"http:\/\/localhost\/media\/import\/detail\/HTB1RLsYFVXXXXX5XFXXq6xXFXXX8.jpg\"><img decoding=\"async\" alt=\"cup-129-(1)_08.jpg\" src=\"http:\/\/localhost\/media\/import\/detail\/HTB1jgkUFVXXXXboXFXXq6xXFXXXE.jpg\"><\/span><\/strong><\/span><\/p>\n<p style=\"text-align:center\">\n<\/div>\n<div id=\"ali-anchor-AliPostDhMb-dcp1u\" style=\"padding-top:8px\" data-section=\"AliPostDhMb-dcp1u\" data-section-title=\"Informa\u00e7\u00f5es da empresa\">\n<div id=\"ali-title-AliPostDhMb-dcp1u\" style=\"border-bottom:#ddd 1px solid;padding-bottom:8px;padding-top:8px;padding-left:0px;padding-right:0px\"><span style=\"font-weight:bold;color:#333;padding-bottom:8px;padding-top:8px;padding-left:10px;line-height:12px;padding-right:10px;background-color:#ddd\">Informa\u00e7\u00f5es da empresa<\/span><\/div>\n<div style=\"padding-bottom:10px;padding-top:10px;padding-left:0px;padding-right:0px\">\n<div style=\"height:42px;width:750px\">\n<div style=\"height:42px;float:left;width:25px;background-color:#00ccff\"> <\/div>\n<div style=\"height:30px;float:right;color:#ffffff;padding-bottom:5px;padding-top:5px;padding-left:0px;padding-right:0px;width:720px;background-color:#0099ff\">\n<div style=\"font-size:24px;border-top:#ffffff 1px s\u00f3lido\">Sobre n\u00f3s<\/div>\n<\/div>\n<\/div>\n<p><em><span style=\"font-size:18px\"><strong> sunsun<\/strong><\/span><\/em><span style=\"font-size:16px\"> foco na fabrica\u00e7\u00e3o de produtos e equipamentos aqu\u00e1ticos h\u00e1 mais de 30 anos.<\/span><span style=\"font-size:16px\"> Tornamo-nos o l\u00edder e o maior fabricante de produtos aqu\u00e1ticos e lagoa na China.<\/span><span style=\"font-size:16px\"> Somos famosos nas seguintes ind\u00fastrias: instala\u00e7\u00f5es de aqu\u00e1rio, m\u00e1quinas de aquicultura, equipamentos industriais etc.Aqui, esperamos estabelecer uma parceria mutuamente ben\u00e9fica com voc\u00ea para um amanh\u00e3 brilhante.<\/span><em><span style=\"font-size:16px\"><img decoding=\"async\" alt=\".jpg\" src=\"http:\/\/localhost\/media\/import\/detail\/HTB1qX1VFVXXXXX2XpXXq6xXFXXXo.jpg\"><\/span><\/em><\/p>\n<\/div>\n<\/div>\n<p data-section-blank=\"AliPostDhMb-vj8aa\">\n<div id=\"ali-anchor-AliPostDhMb-vj8aa\" style=\"padding-top:8px\" data-section=\"AliPostDhMb-vj8aa\" data-section-title=\"Certificado\">\n<div id=\"ali-title-AliPostDhMb-vj8aa\" style=\"border-bottom:#ddd 1px solid;padding-bottom:8px;padding-top:8px;padding-left:0px;padding-right:0px\"><span style=\"font-weight:bold;color:#333;padding-bottom:8px;padding-top:8px;padding-left:10px;line-height:12px;padding-right:10px;background-color:#ddd\">Certificado<\/span><\/div>\n<div style=\"padding-bottom:10px;padding-top:10px;padding-left:0px;padding-right:0px\">\n<div style=\"height:42px;width:750px\">\n<div style=\"height:42px;float:left;width:25px;background-color:#00ccff\"> <\/div>\n<div style=\"height:30px;float:right;color:#ffffff;padding-bottom:5px;padding-top:5px;padding-left:0px;padding-right:0px;width:720px;background-color:#0099ff\">\n<div style=\"font-size:24px;border-top:#ffffff 1px s\u00f3lido\">Certificados<\/div>\n<\/div>\n<\/div>\n<p><img decoding=\"async\" alt=\".jpg\" src=\"http:\/\/localhost\/media\/import\/detail\/HTB1quAcFVXXXXaqXFXXq6xXFXXXT.jpg\"><\/p>\n<\/div>\n<\/div>\n<p data-section-blank=\"AliPostDhMb-jko5m\">\n<div id=\"ali-anchor-AliPostDhMb-jko5m\" style=\"padding-top:8px\" data-section=\"AliPostDhMb-jko5m\" data-section-title=\"Pagamento e envio\">\n<div id=\"ali-title-AliPostDhMb-jko5m\" style=\"border-bottom:#ddd 1px solid;padding-bottom:8px;padding-top:8px;padding-left:0px;padding-right:0px\"><span style=\"font-weight:bold;color:#333;padding-bottom:8px;padding-top:8px;padding-left:10px;line-height:12px;padding-right:10px;background-color:#ddd\">Pagamento e Envio<\/span><\/div>\n<div style=\"padding-bottom:10px;padding-top:10px;padding-left:0px;padding-right:0px\">\n<div style=\"height:42px;width:750px\">\n<div style=\"height:42px;float:left;width:25px;background-color:#00ccff\"> <\/div>\n<div style=\"height:30px;float:right;color:#ffffff;padding-bottom:5px;padding-top:5px;padding-left:0px;padding-right:0px;width:720px;background-color:#0099ff\">\n<div style=\"font-size:24px;border-top:#ffffff 1px s\u00f3lido\">Pagamento e envio<\/div>\n<\/div>\n<\/div>\n<p><img decoding=\"async\" alt=\"pagamento e envio.jpg\" src=\"http:\/\/localhost\/media\/import\/detail\/HTB1J3r_FVXXXXa7XVXXq6xXFXXXl.jpg\"><\/p>\n<\/div>\n<\/div>\n<p data-section-blank=\"AliPostDhMb-am1mc\">\n<div id=\"ali-anchor-AliPostDhMb-am1mc\" style=\"padding-top:8px\" data-section=\"AliPostDhMb-am1mc\" data-section-title=\"N\u00f3s prometemos\">\n<div id=\"ali-title-AliPostDhMb-am1mc\" style=\"border-bottom:#ddd 1px solid;padding-bottom:8px;padding-top:8px;padding-left:0px;padding-right:0px\"><span style=\"font-weight:bold;color:#333;padding-bottom:8px;padding-top:8px;padding-left:10px;line-height:12px;padding-right:10px;background-color:#ddd\">Prometemos<\/span><\/div>\n<div style=\"padding-bottom:10px;padding-top:10px;padding-left:0px;padding-right:0px\">\n<div style=\"height:42px;width:750px\">\n<div style=\"height:42px;float:left;width:25px;background-color:#00ccff\"> <\/div>\n<div style=\"height:30px;float:right;color:#ffffff;padding-bottom:5px;padding-top:5px;padding-left:0px;padding-right:0px;width:720px;background-color:#0099ff\">\n<div style=\"font-size:24px;border-top:#ffffff 1px s\u00f3lido\">Prometemos<\/div>\n<\/div>\n<\/div>\n<p><span style=\"font-size:16px\"><span style=\"background-color:#ffffff\"><em><strong>1)<\/strong><\/em> <\/span> Estamos muito felizes que o cliente nos deu alguma sugest\u00e3o de pre\u00e7o e produtos.<\/span><br \/><span style=\"font-size:16px\"><em><span style=\"color:#000000;background-color:#ffffff\"><strong>2)<\/strong><\/span> <\/em> Qualquer d\u00favida, por favor nos avise na primeira por E-mail ou Telefone. Podemos lidar com eles para voc\u00ea a tempo.<\/span><br \/><span style=\"font-size:16px\"><em><span style=\"background-color:#ffffff\"><strong>3)<\/strong><\/span><\/em> Enviaremos muitos novos estilos todas as semanas para nossos clientes antigos.<\/span><br \/><span style=\"font-size:16px\"><span style=\"background-color:#ffffff\"><em><strong>4)<\/strong><\/em><\/span> Ofere\u00e7a aos nossos clientes os pre\u00e7os mais baixos. Simplifique os processos de compra e pagamento.<\/span><br \/><span style=\"font-size:16px\"><span style=\"background-color:#ffffff\"><em><strong>5)<\/strong> <\/em><\/span> Entregue mercadorias aos nossos clientes em todo o mundo com velocidade e precis\u00e3o.<\/span><br \/><span style=\"font-size:16px\"><span style=\"background-color:#ffffff\"><em><strong>6) <\/strong><\/em><\/span> Garantir a excelente qualidade de nossos produtos.<\/span><br \/><span style=\"font-size:16px\"><span style=\"background-color:#ffffff\"><em><strong>7) <\/strong><\/em><\/span> 12 meses de garantia GRATUITA.<\/span><br \/><span style=\"font-size:16px\"><span style=\"background-color:#ffffff\"><em><strong>8)<\/strong> <\/em><\/span><span style=\"color:#ffffff\"><em><span style=\"background-color:#ff0000\"> Aceitar OEM <em><span style=\"line-height:24px;background-color:#ff0000\"><em><span style=\"line-height:24px\"><em><span style=\"line-height:24px\"><em><span style=\"line-height:24px\"><em><span style=\"line-height:24px\"><em><span style=\"line-height:24px\"><strong><span style=\"line-height:21px\"><strong><span style=\"font-size:10.5pt;line-height:21px\"><strong><em><span style=\"color:fuchsia;line-height:24px\"><strong><span style=\"color:#800080;line-height:21px\"><em><span style=\"font-size:24pt;line-height:48px\"><em><span style=\"font-size:24pt;line-height:48px\"><strong><span style=\"color:#ff6600;line-height:36px\"><em><span style=\"line-height:24px\"><em><span style=\"line-height:24px\"><em><span style=\"line-height:24px\"><strong><span style=\"font-size:10.5pt;font-family:'Times New Roman';line-height:21px\"><strong><strong><span style=\"font-size:10.5pt;line-height:21px\"><strong><em><span style=\"line-height:24px\"><a title=\"Clique em mais produtos\" href=\"http:\/\/gzweierma.en.alibaba.com\/productgrouplist-215139685\/UV_Sterilizer.html\"><img decoding=\"async\" alt=\"SUNSUN CE,GS bomba de peixes de aqu\u00e1rio com alta qualidade\" src=\"http:\/\/localhost\/media\/import\/detail\/HTB1LuVjIFXXXXcmXVXXq6xXFXXX0.jpg\"><\/a><\/span><\/em><\/strong><\/span><\/strong><\/strong><\/span><\/strong><\/span><\/em><\/span><\/em><\/span><\/em><\/span><\/strong><\/span><\/em><\/span><\/em><\/span><\/strong> <\/span><\/em><\/strong><\/span><\/strong><\/span><\/strong><\/span><\/em><\/span><\/em><\/span><\/em><\/span><\/em><\/span><\/em><\/span><\/em><br \/><\/span><\/em><\/span><\/span><\/p>\n<\/div>\n<\/div>\n<div style=\"clear:both\"><\/div>\n","protected":false},"excerpt":{"rendered":"<p>SUNSUN CE, Bomba de peixes de aqu\u00e1rio GS com COPO de alta qualidade-129<\/p>\n","protected":false},"featured_media":5837,"comment_status":"open","ping_status":"closed","template":"","meta":[],"product_brand":[],"product_cat":[1374],"product_tag":[],"class_list":{"0":"post-36915","1":"product","2":"type-product","3":"status-publish","4":"has-post-thumbnail","6":"product_cat-bombas-de-agua-e-cabecas-poderosas","8":"first","9":"instock","10":"shipping-taxable","11":"purchasable","12":"product-type-simple"},"_links":{"self":[{"href":"https:\/\/www.myaquastore.com\/pt-br\/wp-json\/wp\/v2\/product\/36915","targetHints":{"allow":["GET"]}}],"collection":[{"href":"https:\/\/www.myaquastore.com\/pt-br\/wp-json\/wp\/v2\/product"}],"about":[{"href":"https:\/\/www.myaquastore.com\/pt-br\/wp-json\/wp\/v2\/types\/product"}],"replies":[{"embeddable":true,"href":"https:\/\/www.myaquastore.com\/pt-br\/wp-json\/wp\/v2\/comments?post=36915"}],"wp:featuredmedia":[{"embeddable":true,"href":"https:\/\/www.myaquastore.com\/pt-br\/wp-json\/wp\/v2\/media\/5837"}],"wp:attachment":[{"href":"https:\/\/www.myaquastore.com\/pt-br\/wp-json\/wp\/v2\/media?parent=36915"}],"wp:term":[{"taxonomy":"product_brand","embeddable":true,"href":"https:\/\/www.myaquastore.com\/pt-br\/wp-json\/wp\/v2\/product_brand?post=36915"},{"taxonomy":"product_cat","embeddable":true,"href":"https:\/\/www.myaquastore.com\/pt-br\/wp-json\/wp\/v2\/product_cat?post=36915"},{"taxonomy":"product_tag","embeddable":true,"href":"https:\/\/www.myaquastore.com\/pt-br\/wp-json\/wp\/v2\/product_tag?post=36915"}],"curies":[{"name":"wp","href":"https:\/\/api.w.org\/{rel}","templated":true}]}}